{"id":99363,"date":"2026-03-20T10:23:46","date_gmt":"2026-03-20T10:23:46","guid":{"rendered":"https:\/\/soydeaqui.ddns.net\/pachuca\/index.php\/producto\/kit-de-accesorios-para-la-canaleta-tmk0812-el-paquete-incluye-13-piezas-en-total-son-2-esquineros-exteriores-3-esquineros-interiores-3-secciones-l-3-piezas-de-union-1-seccion-t-y-1-tapa-fina\/"},"modified":"2026-03-20T10:23:48","modified_gmt":"2026-03-20T10:23:48","slug":"kit-de-accesorios-para-la-canaleta-tmk0812-el-paquete-incluye-13-piezas-en-total-son-2-esquineros-exteriores-3-esquineros-interiores-3-secciones-l-3-piezas-de-union-1-seccion-t-y-1-tapa-fina","status":"publish","type":"product","link":"https:\/\/soydeaqui.ddns.net\/pachuca\/index.php\/producto\/kit-de-accesorios-para-la-canaleta-tmk0812-el-paquete-incluye-13-piezas-en-total-son-2-esquineros-exteriores-3-esquineros-interiores-3-secciones-l-3-piezas-de-union-1-seccion-t-y-1-tapa-fina\/","title":{"rendered":"Kit de Accesorios Para la Canaleta TMK0812, El Paquete Incluye 13 Piezas en Total, Son 2 Esquineros Exteriores, 3 Esquineros Interiores, 3 Secciones &#8220;L&#8221;, 3 Piezas de Uni\u00f3n, 1 Secci\u00f3n &#8220;T&#8221; y 1 Tapa Final."},"content":{"rendered":"<div style='width: 100%; max-width: 1200px; margin: 0 auto; font-family: sans-serif; line-height: 1.6; color: inherit; background-color: transparent;'>\n<div style='display: flex; flex-wrap: wrap; gap: 30px; margin-bottom: 30px;'>\n<div style='flex: 1 1 300px; min-width: 280px;'> <img style='width: 100%; height: auto; border: 1px solid rgba(150&comma;150&comma;150&comma;0.3); border-radius: 8px;' src='https:\/\/ftp3.syscom.mx\/usuarios\/fotos\/TEK100M\/221839-thorsmanarriba.jpg' alt=''> <\/div>\n<\/p><\/div>\n<div style='display: flex; flex-wrap: wrap; gap: 30px; margin-bottom: 30px;'>\n<div style='flex: 1 1 300px; min-width: 280px;'>\n<h3 style='font-size: 22px; border-bottom: 2px solid currentColor; padding-bottom: 5px; margin-top: 0; color: inherit; opacity: 0.8;'>Descripci\u00f3n General<\/h3>\n<p style='font-size: 15px; color: inherit; text-align: justify;'>Descubra la excelencia en canalizaci\u00f3n con la l\u00ednea TMK 0812 de THORSMEX&comma; una soluci\u00f3n integral dise\u00f1ada para brindar seguridad&comma; funcionalidad y est\u00e9tica en instalaciones el\u00e9ctricas y de cableado estructurado. Su dise\u00f1o sofisticado y resistente garantiza un acabado profesional&comma; facilitando la instalaci\u00f3n con una gama completa de accesorios. Ideal para entornos residenciales&comma; comerciales e industriales.<\/p>\n<\/p><\/div>\n<\/p><\/div>\n<div style='display: flex; flex-wrap: wrap; gap: 30px; margin-bottom: 30px;'>\n<div style='flex: 1 1 300px; min-width: 280px;'>\n<h3 style='font-size: 22px; border-bottom: 2px solid currentColor; padding-bottom: 5px; margin-top: 0; color: inherit; opacity: 0.8;'>Caracter\u00edsticas Principales<\/h3>\n<ul style='padding-left: 20px; font-size: 15px; color: inherit;'>\n<li style='margin-bottom: 5px;'><strong>Versatilidad:<\/strong> Perfecta para instalaciones el\u00e9ctricas y de cableado estructurado en interiores.<\/li>\n<li style='margin-bottom: 5px;'><strong>Alta Rigidez Diel\u00e9ctrica:<\/strong> Proporciona una excelente resistencia al paso de corriente el\u00e9ctrica.<\/li>\n<li style='margin-bottom: 5px;'><strong>Resistencia Superior:<\/strong> Soporta humedad&comma; atm\u00f3sferas corrosivas y rayos UV.<\/li>\n<li style='margin-bottom: 5px;'><strong>Material de Calidad:<\/strong> Fabricada en PVC r\u00edgido de alto impacto&comma; libre de plomo y autoextinguible.<\/li>\n<li style='margin-bottom: 5px;'><strong>Certificaciones Internacionales:<\/strong> Cumple con normas ASTM D-635-98&comma; ASTM D-638-98 y UL 94&comma; asegurando m\u00e1xima seguridad.<\/li>\n<\/ul><\/div>\n<\/p><\/div>\n<div style='display: flex; flex-wrap: wrap; gap: 30px; margin-bottom: 30px;'>\n<div style='flex: 1 1 300px; min-width: 280px;'>\n<h3 style='font-size: 22px; border-bottom: 2px solid currentColor; padding-bottom: 5px; margin-top: 0; color: inherit; opacity: 0.8;'>Accesorios Exclusivos<\/h3>\n<ul style='padding-left: 20px; font-size: 15px; color: inherit;'>\n<li style='margin-bottom: 5px;'><strong>Esquinero Interior y Exterior:<\/strong> Para una instalaci\u00f3n precisa en esquinas.<\/li>\n<li style='margin-bottom: 5px;'><strong>Secci\u00f3n L y Secci\u00f3n T:<\/strong> Facilitan derivaciones y ramificaciones del cableado.<\/li>\n<li style='margin-bottom: 5px;'><strong>Pieza de Uni\u00f3n:<\/strong> Conexi\u00f3n segura y est\u00e9tica entre tramos.<\/li>\n<li style='margin-bottom: 5px;'><strong>Tapa Final:<\/strong> Remate elegante para un acabado impecable.<\/li>\n<\/ul><\/div>\n<\/p><\/div>\n<div style='display: flex; flex-wrap: wrap; gap: 30px; margin-bottom: 30px;'>\n<div style='flex: 1 1 300px; min-width: 280px;'>\n<h3 style='font-size: 22px; border-bottom: 2px solid currentColor; padding-bottom: 5px; margin-top: 0; color: inherit; opacity: 0.8;'>Facilidad de Instalaci\u00f3n<\/h3>\n<ul style='padding-left: 20px; font-size: 15px; color: inherit;'>\n<li style='margin-bottom: 5px;'><strong>Sistema de Ensamblaje a Presi\u00f3n:<\/strong> Permite una colocaci\u00f3n r\u00e1pida y sin herramientas especializadas.<\/li>\n<li style='margin-bottom: 5px;'><strong>Accesorios que Reducen Tiempo:<\/strong> Minimiza la necesidad de cortes y ajustes durante la instalaci\u00f3n.<\/li>\n<li style='margin-bottom: 5px;'><strong>Opci\u00f3n con Cinta Autoadherible:<\/strong> Mayor practicidad y rapidez en montajes.<\/li>\n<\/ul><\/div>\n<\/p><\/div>\n<div style='display: flex; flex-wrap: wrap; gap: 30px; margin-bottom: 30px;'>\n<div style='flex: 1 1 300px; min-width: 280px;'>\n<p style='font-size: 15px; color: inherit; text-align: justify;'>La l\u00ednea TMK 0812 redefine los est\u00e1ndares de canalizaci\u00f3n&comma; ofreciendo una soluci\u00f3n confiable y est\u00e9tica para proyectos de cualquier escala. Eleve sus instalaciones con la calidad y elegancia que solo THORSMEX puede ofrecer.<\/p>\n<\/p><\/div>\n<\/p><\/div>\n<div style='display: flex; flex-wrap: wrap; gap: 30px; margin-bottom: 30px;'>\n<div style='flex: 1 1 300px; min-width: 280px;'>\n<div style='position: relative; padding-bottom: 56.25%; height: 0; overflow: hidden; margin-bottom: 30px;'>   <\/div>\n<\/p><\/div>\n<\/p><\/div>\n<div style='display: flex; flex-wrap: wrap; gap: 30px; margin-bottom: 30px;'>\n<div style='flex: 1 1 300px; min-width: 280px;'> <img style='width: 100%; height: auto; border: 1px solid rgba(150&comma;150&comma;150&comma;0.3); border-radius: 8px;' src='https:\/\/ftp3.syscom.mx\/usuarios\/fotos\/TEK100M\/221839-thorsmanabajo.png' alt=''> <\/div>\n<\/p><\/div>\n<\/p><\/div>\n","protected":false},"excerpt":{"rendered":"<p>Kit de Accesorios Para la Canaleta TMK0812, El Paquete Incluye 13 Piezas en Total, Son 2 Esquineros Exteriores, 3 Esquineros Interiores, 3 Secciones &#8220;L&#8221;, 3 Piezas de Uni\u00f3n, 1 Secci\u00f3n &#8220;T&#8221; y 1 Tapa Final.<\/p>\n","protected":false},"featured_media":99362,"comment_status":"open","ping_status":"closed","template":"","meta":[],"product_brand":[],"product_cat":[581],"product_tag":[582,572,583],"class_list":{"0":"post-99363","1":"product","2":"type-product","3":"status-publish","4":"has-post-thumbnail","6":"product_cat-canaletas","7":"product_tag-canaletas","8":"product_tag-canalizacion","9":"product_tag-thorsman","11":"first","12":"outofstock","13":"sale","14":"shipping-taxable","15":"purchasable","16":"product-type-simple"},"_links":{"self":[{"href":"https:\/\/soydeaqui.ddns.net\/pachuca\/index.php\/wp-json\/wp\/v2\/product\/99363","targetHints":{"allow":["GET"]}}],"collection":[{"href":"https:\/\/soydeaqui.ddns.net\/pachuca\/index.php\/wp-json\/wp\/v2\/product"}],"about":[{"href":"https:\/\/soydeaqui.ddns.net\/pachuca\/index.php\/wp-json\/wp\/v2\/types\/product"}],"replies":[{"embeddable":true,"href":"https:\/\/soydeaqui.ddns.net\/pachuca\/index.php\/wp-json\/wp\/v2\/comments?post=99363"}],"wp:featuredmedia":[{"embeddable":true,"href":"https:\/\/soydeaqui.ddns.net\/pachuca\/index.php\/wp-json\/wp\/v2\/media\/99362"}],"wp:attachment":[{"href":"https:\/\/soydeaqui.ddns.net\/pachuca\/index.php\/wp-json\/wp\/v2\/media?parent=99363"}],"wp:term":[{"taxonomy":"product_brand","embeddable":true,"href":"https:\/\/soydeaqui.ddns.net\/pachuca\/index.php\/wp-json\/wp\/v2\/product_brand?post=99363"},{"taxonomy":"product_cat","embeddable":true,"href":"https:\/\/soydeaqui.ddns.net\/pachuca\/index.php\/wp-json\/wp\/v2\/product_cat?post=99363"},{"taxonomy":"product_tag","embeddable":true,"href":"https:\/\/soydeaqui.ddns.net\/pachuca\/index.php\/wp-json\/wp\/v2\/product_tag?post=99363"}],"curies":[{"name":"wp","href":"https:\/\/api.w.org\/{rel}","templated":true}]}}