{"id":99354,"date":"2026-03-20T10:23:21","date_gmt":"2026-03-20T10:23:21","guid":{"rendered":"https:\/\/soydeaqui.ddns.net\/pachuca\/index.php\/producto\/camara-ip-tipo-bala-antivandalica-5-megapixel-lente-fijo-3mm-ir-25-a-30m-wdr-120db-ip66-ik10-h-265-wisestream-inteligencia-artificial-deteccion-de-personas-y-vehiculos\/"},"modified":"2026-03-20T10:23:34","modified_gmt":"2026-03-20T10:23:34","slug":"camara-ip-tipo-bala-antivandalica-5-megapixel-lente-fijo-3mm-ir-25-a-30m-wdr-120db-ip66-ik10-h-265-wisestream-inteligencia-artificial-deteccion-de-personas-y-vehiculos","status":"publish","type":"product","link":"https:\/\/soydeaqui.ddns.net\/pachuca\/index.php\/producto\/camara-ip-tipo-bala-antivandalica-5-megapixel-lente-fijo-3mm-ir-25-a-30m-wdr-120db-ip66-ik10-h-265-wisestream-inteligencia-artificial-deteccion-de-personas-y-vehiculos\/","title":{"rendered":"C\u00e1mara IP Tipo bala Antivand\u00e1lica 5 Megap\u00edxel \/ Lente fijo 3mm \/ IR 25 a 30M \/ WDR 120db \/ IP66 \/ IK10 \/ H.265 &#038; WiseStream \/ Inteligencia Artificial Deteccion de Personas y vehiculos"},"content":{"rendered":"<div style='width: 100%; max-width: 1200px; margin: 0 auto; font-family: sans-serif; line-height: 1.6; color: inherit; background-color: transparent;'> <!-- Video 1 --> <\/p>\n<div style='display: flex; flex-wrap: wrap; gap: 30px; margin-bottom: 30px;'>\n<div style='flex: 1 1 560px; min-width: 300px;'>\n<div style='position: relative; padding-bottom: 56.25%; height: 0; overflow: hidden; margin-bottom: 30px;'>   <\/div>\n<\/p><\/div>\n<div style='flex: 1 1 560px; min-width: 300px;'>\n<h2 style='font-size: 22px; border-bottom: 2px solid currentColor; padding-bottom: 5px; margin-top: 0; color: inherit; opacity: 0.8;'> <span style='font-family: Arial&comma;Helvetica&comma;sans-serif; color: inherit;'>H.265 + <span style='color: #f37934;'>WiseStream<\/span><\/span> <\/h2>\n<p style='font-size: 14px; color: inherit;'> <span style='font-family: Arial&comma; Helvetica&comma; sans-serif; color: inherit;'>Mediante WiseStream&comma; la tecnolog\u00eda de compresi\u00f3n de v\u00eddeo de Hanwha Techwin&comma; la serie Wisenet X reduce el almacenamiento de datos <strong><span style='color: #f37934;'>hasta un 75%<\/span><\/strong> en comparaci\u00f3n con la actual tecnolog\u00eda H.264&comma; cuando se combina con la compresi\u00f3n H.265. Los costes del sistema se reducen enormemente sin comprometer la calidad de las im\u00e1genes.<\/span> <\/p>\n<\/p><\/div>\n<\/p><\/div>\n<p> <!-- Video 2 y secci\u00f3n de lente --> <\/p>\n<div style='display: flex; flex-wrap: wrap; gap: 30px; margin-bottom: 30px;'>\n<div style='flex: 1 1 560px; min-width: 300px;'>\n<h2 style='font-size: 22px; border-bottom: 2px solid currentColor; padding-bottom: 5px; margin-top: 0; color: inherit; opacity: 0.8;'> <span style='font-family: Arial&comma;Helvetica&comma;sans-serif; color: inherit;'>Lente Varifocal para mejor visualizaci\u00f3n a mayor distancia (ver modelos compatibles).<\/span> <\/h2>\n<p style='font-size: 14px; color: inherit;'> <span style='font-family: Arial&comma; Helvetica&comma; sans-serif; color: inherit;'>La serie Q de Wisenet&comma; le ofrece <span style='font-family: Arial&comma; Helvetica&comma; sans-serif; color: inherit;'><span style='font-family: Arial&comma;Helvetica&comma;sans-serif;'><span style='color: #f37934;'><strong>lentes varifocales <\/strong><\/span><\/span> <\/span>de <span style='font-family: Arial&comma;Helvetica&comma;sans-serif;'><span style='color: #f37934;'><strong>3.2 &#8211; 10 mm<\/strong><\/span><span style='color: #f37934;'><strong> <\/strong><\/span><\/span>para tener un mayor alcance de visualizaci\u00f3n cuando se requiere distinguir objetos a distancia.<\/span> <\/p>\n<p style='font-size: 14px; color: inherit;'> <span style='font-family: Arial&comma; Helvetica&comma; sans-serif; color: inherit;'>El alcance del lente se puede apreciar en el video.<\/span> <\/p>\n<\/p><\/div>\n<div style='flex: 1 1 560px; min-width: 300px;'>\n<div style='position: relative; padding-bottom: 56.25%; height: 0; overflow: hidden; margin-bottom: 30px;'>   <\/div>\n<\/p><\/div>\n<\/p><\/div>\n<p> <!-- Secci\u00f3n de im\u00e1genes de detecci\u00f3n --> <\/p>\n<div style='display: flex; flex-wrap: wrap; gap: 30px; margin-bottom: 30px;'>\n<div style='flex: 1 1 300px; min-width: 280px; text-align: center;'>\n<h3 style='font-size: 18px; color: #f37934; font-weight: bold; margin-bottom: 15px; color: inherit;'> <strong>Detecci\u00f3n de Movimiento<\/strong> <\/h3>\n<p> <img style='width: 100%; height: auto; border: 1px solid rgba(150&comma;150&comma;150&comma;0.3); border-radius: 8px;' src='https:\/\/ftp3.syscom.mx\/usuarios\/fotos\/QNO6010R\/88479-detecci\u00f3n_de_movimiento.jpg' alt='Detecci\u00f3n de Movimiento'> <\/div>\n<div style='flex: 1 1 300px; min-width: 280px; text-align: center;'>\n<h3 style='font-size: 18px; color: #f37934; font-weight: bold; margin-bottom: 15px; color: inherit;'> <strong>Detecci\u00f3n de Sabotaje<\/strong> <\/h3>\n<p> <img style='width: 100%; height: auto; border: 1px solid rgba(150&comma;150&comma;150&comma;0.3); border-radius: 8px;' src='https:\/\/ftp3.syscom.mx\/usuarios\/fotos\/LNV6010R\/157854-sabotaje.jpg' alt='Detecci\u00f3n de Sabotaje'> <\/div>\n<div style='flex: 1 1 300px; min-width: 280px; text-align: center;'>\n<h3 style='font-size: 18px; color: #f37934; font-weight: bold; margin-bottom: 15px; color: inherit;'> <strong>Detecci\u00f3n de Desenfoque<\/strong> <\/h3>\n<p> <img style='width: 100%; height: auto; border: 1px solid rgba(150&comma;150&comma;150&comma;0.3); border-radius: 8px;' src='https:\/\/ftp3.syscom.mx\/usuarios\/fotos\/LNO6070R\/157853-imagen-desenfocada_1286-72.jpg' alt='Detecci\u00f3n de Desenfoque'> <\/div>\n<\/p><\/div>\n<p> <!-- Secci\u00f3n de im\u00e1genes adicionales --> <\/p>\n<div style='display: flex; flex-wrap: wrap; gap: 30px; margin-bottom: 30px;'>\n<div style='flex: 1 1 300px; min-width: 280px; text-align: center;'>\n<h3 style='font-size: 18px; color: #f37934; font-weight: bold; margin-bottom: 15px; color: inherit;'> <strong>Detecci\u00f3n de Direcci\u00f3n<\/strong> <\/h3>\n<p> <img style='width: 100%; height: auto; border: 1px solid rgba(150&comma;150&comma;150&comma;0.3); border-radius: 8px;' src='https:\/\/ftp3.syscom.mx\/usuarios\/fotos\/QND6012R\/171514-direccion.png' alt='Detecci\u00f3n de Direcci\u00f3n'> <\/div>\n<div style='flex: 1 1 300px; min-width: 280px; text-align: center;'>\n<h3 style='font-size: 18px; color: #f37934; font-weight: bold; margin-bottom: 15px; color: inherit;'> <strong>L\u00ednea Virtual<\/strong> <\/h3>\n<p> <img style='width: 100%; height: auto; border: 1px solid rgba(150&comma;150&comma;150&comma;0.3); border-radius: 8px;' src='https:\/\/ftp3.syscom.mx\/usuarios\/fotos\/QND6012R\/171514-linea_virtual.png' alt='L\u00ednea Virtual'> <\/div>\n<div style='flex: 1 1 300px; min-width: 280px; text-align: center;'>\n<h3 style='font-size: 18px; color: #f37934; font-weight: bold; margin-bottom: 15px; color: inherit;'> <strong>Entrada \/ Salida<\/strong> <\/h3>\n<p> <img style='width: 100%; height: auto; border: 1px solid rgba(150&comma;150&comma;150&comma;0.3); border-radius: 8px;' src='https:\/\/ftp3.syscom.mx\/usuarios\/fotos\/QND6012R\/171514-entrada_salida.png' alt='Entrada \/ Salida'> <\/div>\n<\/p><\/div>\n<p> <!-- Secci\u00f3n de especificaciones en cards --> <\/p>\n<div style='display: flex; flex-wrap: wrap; gap: 20px; margin-bottom: 30px;'>\n<div style='flex: 1 1 350px; border: 1px solid rgba(150&comma; 150&comma; 150&comma; 0.4); border-radius: 8px; overflow: hidden; display: flex; flex-direction: column;'>\n<div style='padding: 15px; border-bottom: 1px solid rgba(150&comma; 150&comma; 150&comma; 0.2); font-weight: bold; font-size: 18px; color: inherit;'>Caracter\u00edsticas principales:<\/div>\n<div style='padding: 15px; color: inherit;'>\n<ul style='padding-left: 20px; margin: 0; font-size: 14px; list-style-type: disc; color: inherit;'>\n<li style='margin-bottom: 5px;'><span style='color: inherit;'>Sensor de imagen: 1\/2.8 CMOS Scan Progresivo.<\/span><\/li>\n<li style='margin-bottom: 5px;'><span style='color: inherit;'>Iluminaci\u00f3n m\u00ednima: Color: 0.05Lux&comma; B\/N: 0Lux con IR encendido.<\/span><\/li>\n<li style='margin-bottom: 5px;'><span style='color: inherit;'>D\u00eda \/ Noche real con filtro ICR.<\/span><\/li>\n<li style='margin-bottom: 5px;'><span style='color: inherit;'>Lente Fijo 3mm.<\/span><\/li>\n<li style='margin-bottom: 5px;'><span style='color: inherit;'>\u00c1ngulo de visi\u00f3n horizontal: 100\u00b0<\/span><\/li>\n<li style='margin-bottom: 5px;'><span style='color: inherit;'>\u00c1ngulo de visi\u00f3n diagonal: 129\u00b0<\/span><\/li>\n<li style='margin-bottom: 5px;'><span style='color: inherit;'>Distancia de IR: 30 m IR inteligente.<\/span><\/li>\n<li style='margin-bottom: 5px;'><span style='color: inherit;'>Funciones: WDR real (120dB).<\/span><\/li>\n<\/ul><\/div>\n<\/p><\/div>\n<div style='flex: 1 1 350px; border: 1px solid rgba(150&comma; 150&comma; 150&comma; 0.4); border-radius: 8px; overflow: hidden; display: flex; flex-direction: column;'>\n<div style='padding: 15px; border-bottom: 1px solid rgba(150&comma; 150&comma; 150&comma; 0.2); font-weight: bold; font-size: 18px; color: inherit;'>Compresi\u00f3n de v\u00eddeo y resoluci\u00f3n m\u00e1xima:<\/div>\n<div style='padding: 15px; color: inherit;'>\n<ul style='padding-left: 20px; margin: 0; font-size: 14px; list-style-type: disc; color: inherit;'>\n<li style='margin-bottom: 5px;'><span style='color: inherit;'>Resoluci\u00f3n m\u00e1xima: 5 Megap\u00edxel (2592 x 1944)<\/span><\/li>\n<li style='margin-bottom: 5px;'><span style='color: inherit;'>Compresi\u00f3n: H.265&comma; H.264&comma; MJPEG&comma; Wisestream III.<\/span><\/li>\n<\/ul><\/div>\n<div style='padding: 15px; border-top: 1px solid rgba(150&comma; 150&comma; 150&comma; 0.2); border-bottom: 1px solid rgba(150&comma; 150&comma; 150&comma; 0.2); font-weight: bold; font-size: 18px; color: inherit;'>Funciones de red y almacenamiento:<\/div>\n<div style='padding: 15px; color: inherit;'>\n<ul style='padding-left: 20px; margin: 0; font-size: 14px; list-style-type: disc; color: inherit;'>\n<li style='margin-bottom: 5px;'><span style='color: inherit;'>Almacenamiento: Soporta microSD de hasta 256GB (no incluida).<\/span><\/li>\n<li style='margin-bottom: 5px;'><span style='color: inherit;'>ONVIF: Profile S\/G\/T\/M&comma; SUNAPI (HTTP API).<\/span><\/li>\n<\/ul><\/div>\n<div style='padding: 15px; border-bottom: 1px solid rgba(150&comma; 150&comma; 150&comma; 0.2); font-weight: bold; font-size: 18px; color: inherit;'>Anal\u00edticos basados en IA<\/div>\n<div style='padding: 15px; color: inherit;'>\n<ul style='padding-left: 20px; margin: 0; font-size: 14px; list-style-type: disc; color: inherit;'>\n<li style='margin-bottom: 5px;'><span style='color: inherit;'>Clasificaci\u00f3n de objetos (Persona \/ Veh\u00edculo).<\/span><\/li>\n<li style='margin-bottom: 5px;'><span style='color: inherit;'>Atributos persona y veh\u00edculo.<\/span><\/li>\n<li style='margin-bottom: 5px;'><span style='color: inherit;'>Detecci\u00f3n de movimiento<\/span><\/li>\n<li style='margin-bottom: 5px;'><span style='color: inherit;'>L\u00ednea virtual ( Cruce \/ direcci\u00f3n).<\/span><\/li>\n<li style='margin-bottom: 5px;'><span style='color: inherit;'>\u00c1rea virtual (merodeo&comma; intrusi\u00f3n&comma; Entrada\/Salida).<\/span><\/li>\n<\/ul><\/div>\n<\/p><\/div>\n<div style='flex: 1 1 350px; border: 1px solid rgba(150&comma; 150&comma; 150&comma; 0.4); border-radius: 8px; overflow: hidden; display: flex; flex-direction: column;'>\n<div style='padding: 15px; border-bottom: 1px solid rgba(150&comma; 150&comma; 150&comma; 0.2); font-weight: bold; font-size: 18px; color: inherit;'>Caracter\u00edsticas f\u00edsicas y el\u00e9ctricas:<\/div>\n<div style='padding: 15px; color: inherit;'>\n<ul style='padding-left: 20px; margin: 0; font-size: 14px; list-style-type: disc; color: inherit;'>\n<li style='margin-bottom: 5px;'><span style='color: inherit;'>Memoria RAM: 2GB.<\/span><\/li>\n<li style='margin-bottom: 5px;'><span style='color: inherit;'>Memoria Flash: 1GB.<\/span><\/li>\n<li style='margin-bottom: 5px;'><span style='color: inherit;'>Temperatura de operaci\u00f3n: -30 a 55 \u00b0C&comma; humedad menor a 90%.<\/span><\/li>\n<li style='margin-bottom: 5px;'><span style='color: inherit;'>Alimentaci\u00f3n: PoE (802.3af) \/ 8.1 W.<\/span><\/li>\n<li style='margin-bottom: 5px;'><span style='color: inherit;'>Tipo de uso: Interior \/ Exterior \/ IP66 \/ IK10<\/span><\/li>\n<li style='margin-bottom: 5px;'><span style='color: inherit;'>Dimensiones: \u00d893.4 x 245.8 mm.<\/span><\/li>\n<li style='margin-bottom: 5px;'><span style='color: inherit;'>Peso: 890.0 g.<\/span><\/li>\n<\/ul><\/div>\n<div style='padding: 15px; border-top: 1px solid rgba(150&comma; 150&comma; 150&comma; 0.2); font-weight: bold; font-size: 18px; color: inherit;'>Montajes opcionales:<\/div>\n<div style='padding: 15px; color: inherit;'>\n<ul style='padding-left: 20px; margin: 0; font-size: 14px; list-style-type: disc; color: inherit;'>\n<li style='margin-bottom: 5px;'><a href='https:\/\/www.syscom.mx\/principal\/searchcont?route=SBO-140BW-Hanwha-Techwin-Wisenet-224901&#038;autodetect=SBO-140BW' style='color: inherit;'>Caja de conexiones: SBO-140BW<\/a><\/li>\n<li style='margin-bottom: 5px;'><a href='https:\/\/www.syscom.mx\/principal\/searchcont?route=SBD-140PMW-Hanwha-Techwin-Wisenet-230488&#038;autodetect=SBD-140PMW' style='color: inherit;'>Montaje de Poste: SBD-140PMW<\/a><\/li>\n<\/ul><\/div>\n<div style='padding: 15px; border-top: 1px solid rgba(150&comma; 150&comma; 150&comma; 0.2); font-weight: bold; font-size: 18px; color: inherit;'>Documentaci\u00f3n:<\/div>\n<div style='padding: 15px; color: inherit;'>\n<ul style='padding-left: 20px; margin: 0; font-size: 14px; list-style-type: disc; color: inherit;'>\n<li style='margin-bottom: 5px;'><a href='http:\/\/soporte.syscom.mx\/es\/articles\/2629283-hanwha-lista-de-tips-tecnicos' style='color: inherit;'>Gu\u00eda de tips t\u00e9cnicos<\/a><\/li>\n<\/ul><\/div>\n<\/p><\/div>\n<\/p><\/div>\n<p> <!-- Notas finales --> <\/p>\n<div style='margin-top: 30px; padding: 15px; border-left: 5px solid #f37934; background-color: rgba(243&comma; 121&comma; 52&comma; 0.05);'>\n<p style='margin: 0; font-size: 14px; color: inherit;'> <strong>Nota:<\/strong> En condiciones de alta humedad agregar la tira absorbente que se incluye como accesorio en el equipo. Para referencia <a href='http:\/\/soporte.syscom.mx\/es\/articles\/3864506-hanwha-uso-de-secante-en-camaras-wisenet-para-evitar-humedad-en-instalaciones-en-exterior' style='color: inherit;' target='_blank' rel='noopener'>ingrese Aqu\u00ed<\/a> <\/p>\n<\/p><\/div>\n<\/p><\/div>\n","protected":false},"excerpt":{"rendered":"<p>C\u00e1mara IP Tipo bala Antivand\u00e1lica 5 Megap\u00edxel \/ Lente fijo 3mm \/ IR 25 a 30M \/ WDR 120db \/ IP66 \/ IK10 \/ H.265 &#038; WiseStream \/ Inteligencia Artificial Deteccion de Personas y vehiculos<\/p>\n","protected":false},"featured_media":99353,"comment_status":"open","ping_status":"closed","template":"","meta":[],"product_brand":[],"product_cat":[2056],"product_tag":[122,2057,1055],"class_list":{"0":"post-99354","1":"product","2":"type-product","3":"status-publish","4":"has-post-thumbnail","6":"product_cat-domo-eyeball-turret","7":"product_tag-camaras-ip-y-nvrs","8":"product_tag-domo-eyeball-turret","9":"product_tag-hanwha-vision","11":"first","12":"outofstock","13":"sale","14":"shipping-taxable","15":"purchasable","16":"product-type-simple"},"_links":{"self":[{"href":"https:\/\/soydeaqui.ddns.net\/pachuca\/index.php\/wp-json\/wp\/v2\/product\/99354","targetHints":{"allow":["GET"]}}],"collection":[{"href":"https:\/\/soydeaqui.ddns.net\/pachuca\/index.php\/wp-json\/wp\/v2\/product"}],"about":[{"href":"https:\/\/soydeaqui.ddns.net\/pachuca\/index.php\/wp-json\/wp\/v2\/types\/product"}],"replies":[{"embeddable":true,"href":"https:\/\/soydeaqui.ddns.net\/pachuca\/index.php\/wp-json\/wp\/v2\/comments?post=99354"}],"wp:featuredmedia":[{"embeddable":true,"href":"https:\/\/soydeaqui.ddns.net\/pachuca\/index.php\/wp-json\/wp\/v2\/media\/99353"}],"wp:attachment":[{"href":"https:\/\/soydeaqui.ddns.net\/pachuca\/index.php\/wp-json\/wp\/v2\/media?parent=99354"}],"wp:term":[{"taxonomy":"product_brand","embeddable":true,"href":"https:\/\/soydeaqui.ddns.net\/pachuca\/index.php\/wp-json\/wp\/v2\/product_brand?post=99354"},{"taxonomy":"product_cat","embeddable":true,"href":"https:\/\/soydeaqui.ddns.net\/pachuca\/index.php\/wp-json\/wp\/v2\/product_cat?post=99354"},{"taxonomy":"product_tag","embeddable":true,"href":"https:\/\/soydeaqui.ddns.net\/pachuca\/index.php\/wp-json\/wp\/v2\/product_tag?post=99354"}],"curies":[{"name":"wp","href":"https:\/\/api.w.org\/{rel}","templated":true}]}}