{"id":99346,"date":"2026-03-20T10:22:59","date_gmt":"2026-03-20T10:22:59","guid":{"rendered":"https:\/\/soydeaqui.ddns.net\/pachuca\/index.php\/producto\/ai-port-dispositivo-de-inteligencia-artificial-que-mejora-cualquier-camara-unifi-o-de-terceros-con-capacidades-de-deteccion-clasificacion-y-reconocimiento-facial-y-de-matriculas\/"},"modified":"2026-03-20T10:23:17","modified_gmt":"2026-03-20T10:23:17","slug":"ai-port-dispositivo-de-inteligencia-artificial-que-mejora-cualquier-camara-unifi-o-de-terceros-con-capacidades-de-deteccion-clasificacion-y-reconocimiento-facial-y-de-matriculas","status":"publish","type":"product","link":"https:\/\/soydeaqui.ddns.net\/pachuca\/index.php\/producto\/ai-port-dispositivo-de-inteligencia-artificial-que-mejora-cualquier-camara-unifi-o-de-terceros-con-capacidades-de-deteccion-clasificacion-y-reconocimiento-facial-y-de-matriculas\/","title":{"rendered":"AI Port Dispositivo de Inteligencia Artificial que Mejora Cualquier C\u00e1mara UniFi o de Terceros con Capacidades de Detecci\u00f3n, Clasificaci\u00f3n y Reconocimiento Facial y de Matriculas"},"content":{"rendered":"<div style='width: 100%; max-width: 1200px; margin: 0 auto; font-family: sans-serif; line-height: 1.6; color: inherit; background-color: transparent;'> <!-- T\u00edtulo del producto (oculto ya que ya est\u00e1 en otra parte de la p\u00e1gina) --> <\/p>\n<div style='display: none;'>\n<h1 style='font-size: 24px; color: inherit; opacity: 0.65; margin-bottom: 8px;'>UniFi AI Port<\/h1>\n<h2 style='font-size: 18px; color: inherit; opacity: 0.65; margin-bottom: 20px;'>UP-AI-PORT<\/h2>\n<\/p><\/div>\n<p> <!-- Descripci\u00f3n principal --> <\/p>\n<div style='margin-bottom: 30px;'>\n<p style='font-size: 14px; color: inherit; opacity: 0.65; margin: 0;'> Dispositivo de inteligencia artificial que mejora cualquier c\u00e1mara UniFi o de terceros con capacidades de detecci\u00f3n&comma; clasificaci\u00f3n y reconocimiento de inteligencia artificial. <\/p>\n<\/p><\/div>\n<p> <!-- Secci\u00f3n de caracter\u00edsticas con iconos --> <\/p>\n<div style='display: flex; flex-direction: column; margin-top: 20px; padding-top: 20px; border-top: 1px solid rgba(150&comma;150&comma;150&comma;0.3);'>\n<div style='flex: 1 1 auto;'>\n<div style='display: flex; flex-wrap: wrap; gap: 15px;'>\n<div style='flex: 1 1 100%; min-width: 280px; display: flex; align-items: flex-start; margin-bottom: 12px;'> <img style='width: 20px; height: 20px; flex-shrink: 0; border: 1px solid rgba(150&comma;150&comma;150&comma;0.3); border-radius: 4px;' src='https:\/\/assets.ecomm.ui.com\/static\/key-features\/camera.svg' alt=''> <span style='margin-left: 10px; font-size: 14px; color: inherit; opacity: 0.65;'> Compatible con <a style='color: #006fff; text-decoration: none;' href='https:\/\/help.ui.com\/hc\/en-us\/articles\/26301104828439-Third-Party-Cameras-in-UniFi-Protect'>C\u00e1maras ONVIF de terceros<\/a> <\/span> <\/div>\n<div style='flex: 1 1 100%; min-width: 280px; display: flex; align-items: flex-start; margin-bottom: 12px;'> <img style='width: 20px; height: 20px; flex-shrink: 0; border: 1px solid rgba(150&comma;150&comma;150&comma;0.3); border-radius: 4px;' src='https:\/\/assets.ecomm.ui.com\/static\/key-features\/frame.svg' alt=''> <span style='margin-left: 10px; font-size: 14px; color: inherit; opacity: 0.65;'> AI Avanzada: Reconocimiento facial y de placas <\/span> <\/div>\n<div style='flex: 1 1 100%; min-width: 280px; display: flex; align-items: flex-start; margin-bottom: 12px;'> <img style='width: 20px; height: 20px; flex-shrink: 0; border: 1px solid rgba(150&comma;150&comma;150&comma;0.3); border-radius: 4px;' src='https:\/\/assets.ecomm.ui.com\/static\/key-features\/poe_plus_plus.svg' alt=''> <span style='margin-left: 10px; font-size: 14px; color: inherit; opacity: 0.65;'> (1) puerto de entrada: con POE++ (802.3bt) alimenta c\u00e1maras PoE+ (802.3at) \/ con PoE+ (802.3at) alimenta c\u00e1maras 802.3af (PoE). NO INCLUYE inyector PoE. <\/span> <\/div>\n<div style='flex: 1 1 100%; min-width: 280px; display: flex; align-items: flex-start; margin-bottom: 12px;'> <img style='width: 20px; height: 20px; flex-shrink: 0; border: 1px solid rgba(150&comma;150&comma;150&comma;0.3); border-radius: 4px;' src='https:\/\/assets.ecomm.ui.com\/static\/key-features\/poe_plus.svg' alt=''> <span style='margin-left: 10px; font-size: 14px; color: inherit; opacity: 0.65;'> (1) puerto de salida para alimentar c\u00e1maras PoE+\/PoE <\/span> <\/div>\n<div style='flex: 1 1 100%; min-width: 280px; display: flex; align-items: flex-start; margin-bottom: 12px;'> <img style='width: 20px; height: 20px; flex-shrink: 0; border: 1px solid rgba(150&comma;150&comma;150&comma;0.3); border-radius: 4px;' src='https:\/\/assets.ecomm.ui.com\/static\/key-features\/pair.svg' alt=''> <span style='margin-left: 10px; font-size: 14px; color: inherit; opacity: 0.65;'> Se conecta directamente a una c\u00e1mara o se vincula con una c\u00e1mara en red <\/span> <\/div>\n<\/p><\/div>\n<\/p><\/div>\n<\/p><\/div>\n<p> <!-- Im\u00e1genes --> <\/p>\n<div style='display: flex; flex-wrap: wrap; gap: 20px; margin: 30px 0;'>\n<div style='flex: 1 1 100%; min-width: 300px;'> <img style='width: 100%; height: auto; border: 1px solid rgba(150&comma;150&comma;150&comma;0.3); border-radius: 8px;' src='https:\/\/images.svc.ui.com\/?u=https%3A%2F%2Fcdn.ecomm.ui.com%2Fproducts%2F9afe790c-d29f-487e-ba2a-cc7dc9f705d6%2F25f8d15d-8e2b-42c2-816b-7beedb1c03df.png&#038;q=75&#038;w=3840' alt=''> <\/div>\n<div style='flex: 1 1 100%; min-width: 300px;'> <img style='width: 100%; height: auto; border: 1px solid rgba(150&comma;150&comma;150&comma;0.3); border-radius: 8px;' src='https:\/\/images.svc.ui.com\/?u=https%3A%2F%2Fcdn.ecomm.ui.com%2Fproducts%2F9afe790c-d29f-487e-ba2a-cc7dc9f705d6%2F024178ff-7f06-4aa2-a8aa-1567222dfad6.png&#038;q=75&#038;w=1000' alt=''> <\/div>\n<div style='flex: 1 1 100%; min-width: 300px;'> <img style='width: 100%; height: auto; border: 1px solid rgba(150&comma;150&comma;150&comma;0.3); border-radius: 8px;' src='https:\/\/images.svc.ui.com\/?u=https%3A%2F%2Fcdn.ecomm.ui.com%2Fproducts%2F9afe790c-d29f-487e-ba2a-cc7dc9f705d6%2Feca1fdf9-f713-4b3f-9efa-a0ce56b25e64.png&#038;q=75&#038;w=3840' alt=''> <\/div>\n<div style='flex: 1 1 100%; min-width: 300px;'> <img style='width: 100%; height: auto; border: 1px solid rgba(150&comma;150&comma;150&comma;0.3); border-radius: 8px;' src='https:\/\/images.svc.ui.com\/?u=https%3A%2F%2Fcdn.ecomm.ui.com%2Fproducts%2F9afe790c-d29f-487e-ba2a-cc7dc9f705d6%2Fcdb074e0-4a31-4bbf-9d6a-44bb9d3139b1.png&#038;q=75&#038;w=3840' alt=''> <\/div>\n<\/p><\/div>\n<p> <!-- Especificaciones --> <\/p>\n<div style='margin: 30px 0;'>\n<h3 style='font-size: 22px; border-bottom: 2px solid currentColor; padding-bottom: 5px; margin-top: 0; color: inherit; opacity: 0.8;'>Especificaciones<\/h3>\n<h4 style='font-size: 18px; margin-top: 25px; margin-bottom: 15px; color: inherit; opacity: 0.8; border-left: 4px solid currentColor; padding-left: 10px;'>Hardware<\/h4>\n<div style='display: flex; flex-wrap: wrap; gap: 20px;'>\n<div style='flex: 1 1 48%; min-width: 280px;'>\n<ul style='padding-left: 20px; font-size: 14px; color: inherit; list-style: none; margin: 0;'>\n<li style='margin-bottom: 8px; padding: 8px 12px; border-bottom: 1px solid rgba(150&comma;150&comma;150&comma;0.15);'><strong>Dimensiones:<\/strong><br \/>Sin soporte: 150 x 64 x 38&comma;4 mm (5&comma;9 x 2&comma;5 x 1&comma;5&#8242;)<br \/>Con soporte: 152&comma;7 x 69 x 47&comma;8 mm (6 x 2&comma;7 x 1&comma;9&#8242;)<\/li>\n<li style='margin-bottom: 8px; padding: 8px 12px; border-bottom: 1px solid rgba(150&comma;150&comma;150&comma;0.15);'><strong>Peso:<\/strong><br \/>Sin soporte: 258&comma;3 g (9&comma;1 oz)<br \/>Con soporte: 294 g (10&comma;4 oz)<\/li>\n<li style='margin-bottom: 8px; padding: 8px 12px; border-bottom: 1px solid rgba(150&comma;150&comma;150&comma;0.15);'><strong>Material de cerramiento:<\/strong> Policarbonato<\/li>\n<li style='margin-bottom: 8px; padding: 8px 12px; border-bottom: 1px solid rgba(150&comma;150&comma;150&comma;0.15);'><strong>Material de montaje:<\/strong> Policarbonato<\/li>\n<li style='margin-bottom: 8px; padding: 8px 12px; border-bottom: 1px solid rgba(150&comma;150&comma;150&comma;0.15);'><strong>Di\u00e1metro del montaje del poste:<\/strong> >45 mm (1&comma;8&#8242;) de di\u00e1metro exterior de la tuber\u00eda<\/li>\n<li style='margin-bottom: 8px; padding: 8px 12px; border-bottom: 1px solid rgba(150&comma;150&comma;150&comma;0.15);'><strong>Interfaz de red:<\/strong> (1) Puerto RJ45 GbE<\/li>\n<li style='margin-bottom: 8px; padding: 8px 12px; border-bottom: 1px solid rgba(150&comma;150&comma;150&comma;0.15);'><strong>Resoluci\u00f3n m\u00e1xima de la c\u00e1mara:<\/strong><br \/>Ancho: 3840 p\u00edxeles<br \/>Alto: 2160 p\u00edxeles<\/li>\n<li style='margin-bottom: 8px; padding: 8px 12px; border-bottom: 1px solid rgba(150&comma;150&comma;150&comma;0.15);'><strong>M\u00e9todo de potencia:<\/strong><br \/>PoE<br \/>Se requiere entrada PoE+ para salida PoE (12&comma;95 W)<br \/>Se requiere entrada PoE++ para salida PoE+ (25&comma;5 W)<\/li>\n<li style='margin-bottom: 8px; padding: 8px 12px; border-bottom: 1px solid rgba(150&comma;150&comma;150&comma;0.15);'><strong>LED:<\/strong> Azul\/blanco<\/li>\n<li style='margin-bottom: 8px; padding: 8px 12px; border-bottom: 1px solid rgba(150&comma;150&comma;150&comma;0.15);'><strong>Bot\u00f3n:<\/strong> Restablecimiento de f\u00e1brica<\/li>\n<li style='margin-bottom: 8px; padding: 8px 12px; border-bottom: 1px solid rgba(150&comma;150&comma;150&comma;0.15);'><strong>Temperatura ambiente de funcionamiento:<\/strong> -20 a 40\u00b0 C (-4 a 104\u00b0 F)<\/li>\n<li style='margin-bottom: 8px; padding: 8px 12px; border-bottom: 1px solid rgba(150&comma;150&comma;150&comma;0.15);'><strong>Humedad ambiente de funcionamiento:<\/strong> 20 a 90% sin condensaci\u00f3n<\/li>\n<li style='margin-bottom: 8px; padding: 8px 12px; border-bottom: 1px solid rgba(150&comma;150&comma;150&comma;0.15);'><strong>Certificaciones:<\/strong> FCC&comma; IC&comma; CE<\/li>\n<li style='margin-bottom: 8px; padding: 8px 12px; border-bottom: 1px solid rgba(150&comma;150&comma;150&comma;0.15);'><strong>Cumple con la NDAA:<\/strong> S\u00ed<\/li>\n<li style='margin-bottom: 8px; padding: 8px 12px; border-bottom: 1px solid rgba(150&comma;150&comma;150&comma;0.15);'><strong>Aplicaci\u00f3n web:<\/strong> UniFi Protect: versi\u00f3n 5.1 y posteriores<\/li>\n<li style='margin-bottom: 8px; padding: 8px 12px; border-bottom: 1px solid rgba(150&comma;150&comma;150&comma;0.15);'><strong>Aplicaci\u00f3n m\u00f3vil:<\/strong> UniFi Protect iOS\u2122 y Android\u2122<\/li>\n<\/ul><\/div>\n<\/p><\/div>\n<\/p><\/div>\n<p> <!-- Contenido del paquete --> <\/p>\n<div style='margin: 30px 0;'>\n<h3 style='font-size: 22px; border-bottom: 2px solid currentColor; padding-bottom: 5px; margin-top: 0; color: inherit; opacity: 0.8;'>Contenido del Paquete<\/h3>\n<div style='margin-top: 20px;'> <img style='width: 100%; height: auto; border: 1px solid rgba(150&comma;150&comma;150&comma;0.3); border-radius: 8px;' src='https:\/\/images.svc.ui.com\/?u=https%3A%2F%2Fcdn.ecomm.ui.com%2Fproducts%2F9afe790c-d29f-487e-ba2a-cc7dc9f705d6%2Fd24cf2d4-3f0b-4dcb-9870-73c8344dc12d.png&#038;q=75&#038;w=1000' alt='Contenido del paquete'> <\/div>\n<\/p><\/div>\n<\/p><\/div>\n","protected":false},"excerpt":{"rendered":"<p>AI Port Dispositivo de Inteligencia Artificial que Mejora Cualquier C\u00e1mara UniFi o de Terceros con Capacidades de Detecci\u00f3n, Clasificaci\u00f3n y Reconocimiento Facial y de Matriculas<\/p>\n","protected":false},"featured_media":99345,"comment_status":"open","ping_status":"closed","template":"","meta":[],"product_brand":[],"product_cat":[438],"product_tag":[439,122,166],"class_list":{"0":"post-99346","1":"product","2":"type-product","3":"status-publish","4":"has-post-thumbnail","6":"product_cat-bala","7":"product_tag-bala","8":"product_tag-camaras-ip-y-nvrs","9":"product_tag-ubiquiti","11":"first","12":"instock","13":"sale","14":"shipping-taxable","15":"purchasable","16":"product-type-simple"},"_links":{"self":[{"href":"https:\/\/soydeaqui.ddns.net\/pachuca\/index.php\/wp-json\/wp\/v2\/product\/99346","targetHints":{"allow":["GET"]}}],"collection":[{"href":"https:\/\/soydeaqui.ddns.net\/pachuca\/index.php\/wp-json\/wp\/v2\/product"}],"about":[{"href":"https:\/\/soydeaqui.ddns.net\/pachuca\/index.php\/wp-json\/wp\/v2\/types\/product"}],"replies":[{"embeddable":true,"href":"https:\/\/soydeaqui.ddns.net\/pachuca\/index.php\/wp-json\/wp\/v2\/comments?post=99346"}],"wp:featuredmedia":[{"embeddable":true,"href":"https:\/\/soydeaqui.ddns.net\/pachuca\/index.php\/wp-json\/wp\/v2\/media\/99345"}],"wp:attachment":[{"href":"https:\/\/soydeaqui.ddns.net\/pachuca\/index.php\/wp-json\/wp\/v2\/media?parent=99346"}],"wp:term":[{"taxonomy":"product_brand","embeddable":true,"href":"https:\/\/soydeaqui.ddns.net\/pachuca\/index.php\/wp-json\/wp\/v2\/product_brand?post=99346"},{"taxonomy":"product_cat","embeddable":true,"href":"https:\/\/soydeaqui.ddns.net\/pachuca\/index.php\/wp-json\/wp\/v2\/product_cat?post=99346"},{"taxonomy":"product_tag","embeddable":true,"href":"https:\/\/soydeaqui.ddns.net\/pachuca\/index.php\/wp-json\/wp\/v2\/product_tag?post=99346"}],"curies":[{"name":"wp","href":"https:\/\/api.w.org\/{rel}","templated":true}]}}