{"id":99295,"date":"2026-03-20T10:20:36","date_gmt":"2026-03-20T10:20:36","guid":{"rendered":"https:\/\/soydeaqui.ddns.net\/pachuca\/index.php\/producto\/unifi-cast-pro-para-unifi-connect-senalizacion-digital-convierta-cualquier-pantalla-hdmi-en-una-terminal-audiovisual-controlada-centralizadamente-por-red-1-puerto-gbe-poe-in-48-vcc-0-35a-o-usb-c\/"},"modified":"2026-03-20T10:20:52","modified_gmt":"2026-03-20T10:20:52","slug":"unifi-cast-pro-para-unifi-connect-senalizacion-digital-convierta-cualquier-pantalla-hdmi-en-una-terminal-audiovisual-controlada-centralizadamente-por-red-1-puerto-gbe-poe-in-48-vcc-0-35a-o-usb-c","status":"publish","type":"product","link":"https:\/\/soydeaqui.ddns.net\/pachuca\/index.php\/producto\/unifi-cast-pro-para-unifi-connect-senalizacion-digital-convierta-cualquier-pantalla-hdmi-en-una-terminal-audiovisual-controlada-centralizadamente-por-red-1-puerto-gbe-poe-in-48-vcc-0-35a-o-usb-c\/","title":{"rendered":"UniFi Cast Pro para UniFi Connect, se\u00f1alizaci\u00f3n digital, convierta cualquier pantalla HDMI en una terminal audiovisual controlada centralizadamente por red, (1) puerto GbE POE IN 48 Vcc, 0.35A o USB-C 5 Vcc, 3A \/ (1) puerto HDMI de salida"},"content":{"rendered":"<div style='width: 100%; max-width: 1200px; margin: 0 auto; font-family: sans-serif; line-height: 1.6; color: inherit; background-color: transparent;'>\n<div style='display: flex; flex-wrap: wrap; gap: 30px; margin-bottom: 30px;'>\n<div style='flex: 1 1 300px; min-width: 280px;'>\n<h3 style='font-size: 22px; border-bottom: 2px solid currentColor; padding-bottom: 5px; margin-top: 0; color: inherit; opacity: 0.8;'>UniFi Display Cast Pro<\/h3>\n<ul style='padding-left: 20px; font-size: 15px; color: inherit;'>\n<li style='margin-bottom: 5px;'>UC-Cast-Pro<\/li>\n<\/ul><\/div>\n<\/p><\/div>\n<div style='display: flex; flex-wrap: wrap; gap: 20px; margin-bottom: 30px;'>\n<div style='flex: 1 1 250px; border: 1px solid rgba(150&comma; 150&comma; 150&comma; 0.4); border-radius: 8px; overflow: hidden; display: flex; flex-direction: column;'>\n<div style='padding: 15px; border-bottom: 1px solid rgba(150&comma; 150&comma; 150&comma; 0.2); font-weight: bold; font-size: 18px; color: inherit;'>Descripci\u00f3n<\/div>\n<div style='padding: 15px; color: inherit;'>\n<p style='margin: 0 0 15px; font-size: 14px;'>Reproductor de se\u00f1alizaci\u00f3n digital administrado para pantallas HDMI con reproducci\u00f3n de contenido multimedia&comma; modo web y compatibilidad con perif\u00e9ricos USB-C.<\/p>\n<\/p><\/div>\n<\/p><\/div>\n<div style='flex: 1 1 250px; border: 1px solid rgba(150&comma; 150&comma; 150&comma; 0.4); border-radius: 8px; overflow: hidden; display: flex; flex-direction: column;'>\n<div style='padding: 15px; border-bottom: 1px solid rgba(150&comma; 150&comma; 150&comma; 0.2); font-weight: bold; font-size: 18px; color: inherit;'>Caracter\u00edsticas clave<\/div>\n<div style='padding: 15px; color: inherit;'>\n<ul style='padding-left: 20px; margin: 0; font-size: 14px; list-style-type: disc;'>\n<li style='margin-bottom: 5px; display: flex; align-items: center; gap: 8px;'><img src='https:\/\/assets.ecomm.ui.com\/static\/key-features\/playback.svg' style='width: 20px; height: 20px; border: none;' alt='Icono'> Presenta contenido multimedia con una resoluci\u00f3n de hasta 4K&comma; sitios web y videos de YouTube en cualquier pantalla compatible con HDMI<\/li>\n<li style='margin-bottom: 5px; display: flex; align-items: center; gap: 8px;'><img src='https:\/\/assets.ecomm.ui.com\/static\/key-features\/apps.svg' style='width: 20px; height: 20px; border: none;' alt='Icono'> Cree listas de reproducci\u00f3n multimedia y dise\u00f1os din\u00e1micos de se\u00f1alizaci\u00f3n digital con UniFi Connect<\/li>\n<li style='margin-bottom: 5px; display: flex; align-items: center; gap: 8px;'><img src='https:\/\/assets.ecomm.ui.com\/static\/key-features\/hdmi.svg' style='width: 20px; height: 20px; border: none;' alt='Icono'> Encender y apagar autom\u00e1ticamente la pantalla con HDMI CEC<\/li>\n<li style='margin-bottom: 5px; display: flex; align-items: center; gap: 8px;'><img src='https:\/\/assets.ecomm.ui.com\/static\/key-features\/usb_c.svg' style='width: 20px; height: 20px; border: none;' alt='Icono'> Control de teclado y rat\u00f3n a trav\u00e9s de USB-C<\/li>\n<li style='margin-bottom: 5px; display: flex; align-items: center; gap: 8px;'><img src='https:\/\/assets.ecomm.ui.com\/static\/key-features\/poe.svg' style='width: 20px; height: 20px; border: none;' alt='Icono'> Alimentaci\u00f3n por adaptador PoE o USB-C<\/li>\n<li style='margin-bottom: 5px; display: flex; align-items: center; gap: 8px;'><img src='https:\/\/assets.ecomm.ui.com\/static\/key-features\/pair.svg' style='width: 20px; height: 20px; border: none;' alt='Icono'> Conectado con UniFi WiFi Auto-Link o Ethernet<\/li>\n<\/ul><\/div>\n<\/p><\/div>\n<div style='flex: 1 1 250px; border: 1px solid rgba(150&comma; 150&comma; 150&comma; 0.4); border-radius: 8px; overflow: hidden; display: flex; flex-direction: column;'>\n<div style='padding: 15px; border-bottom: 1px solid rgba(150&comma; 150&comma; 150&comma; 0.2); font-weight: bold; font-size: 18px; color: inherit;'>Requisitos<\/div>\n<div style='padding: 15px; color: inherit;'>\n<ul style='padding-left: 20px; margin: 0; font-size: 14px; list-style-type: disc;'>\n<li style='margin-bottom: 5px;'>Requiere una consola UniFi con la aplicaci\u00f3n UniFi Connect<\/li>\n<\/ul><\/div>\n<\/p><\/div>\n<\/p><\/div>\n<hr style='border: 0; border-top: 1px solid rgba(150&comma; 150&comma; 150&comma; 0.3); margin: 30px 0;'>\n<div style='display: flex; flex-wrap: wrap; gap: 20px; margin-bottom: 30px;'>\n<div style='flex: 1 1 250px; border: 1px solid rgba(150&comma; 150&comma; 150&comma; 0.4); border-radius: 8px; overflow: hidden; display: flex; flex-direction: column;'>\n<div style='padding: 15px; border-bottom: 1px solid rgba(150&comma; 150&comma; 150&comma; 0.2); font-weight: bold; font-size: 18px; color: inherit;'>Especificaciones t\u00e9cnicas<\/div>\n<div style='padding: 15px; color: inherit;'>\n<ul style='padding-left: 20px; margin: 0; font-size: 14px; list-style-type: disc;'>\n<li style='margin-bottom: 5px;'><strong>Dimensiones:<\/strong> Sin soporte: 123 x 52 x 31 mm (3&comma;5 x 2&comma;1 x 1&comma;2&#8242;)<br \/>Con soporte: 125&comma;1 x 56&comma;3 x 40&comma;8 mm (3&comma;6 x 2&comma;1 x 1&comma;4&#8242;)<\/li>\n<li style='margin-bottom: 5px;'><strong>Peso:<\/strong> Sin soporte: 240 g (5&comma;8 oz)<br \/>Con soporte: 260 g (9&comma;2 oz)<\/li>\n<li style='margin-bottom: 5px;'><strong>Di\u00e1metro del montaje del poste:<\/strong> 1\u20142&#8242; en el di\u00e1metro exterior de la tuber\u00eda (25\u201450 mm)<\/li>\n<li style='margin-bottom: 5px;'><strong>Procesador:<\/strong> CPU de ocho n\u00facleos que incluye (2) ARM\u00ae Cortex\u00ae-A78 y (6) ARM\u00ae Cortex\u00ae-A55<br \/>GPU Mali-G57 integrada<\/li>\n<li style='margin-bottom: 5px;'><strong>Memoria:<\/strong> Almacenamiento: 32 GB<br \/>RAM: 8 GB<\/li>\n<li style='margin-bottom: 5px;'><strong>M\u00e9todo de potencia:<\/strong> USB-C 5 V CC&comma; 3 A<br \/>PoE 48 V CC&comma; 0&comma;35 A<\/li>\n<li style='margin-bottom: 5px;'><strong>Entrada\/salida:<\/strong> (1) Puerto GbE RJ45 (Entrada de alimentaci\u00f3n)<br \/>(2) Puerto USB Tipo-C (Entrada de alimentaci\u00f3n)<\/li>\n<li style='margin-bottom: 5px;'><strong>Est\u00e1ndares WiFi:<\/strong> 802.11 a\/b\/g\/n\/ac\/ax<\/li>\n<li style='margin-bottom: 5px;'><strong>Conectividad:<\/strong> Wi-Fi 2.4G&comma; ancho de banda 20\/40 MHz<br \/>Wi-Fi 5G&comma; ancho de banda 20\/40\/80 MHz<\/li>\n<li style='margin-bottom: 5px;'><strong>LED:<\/strong> Blanco\/azul <a href='https:\/\/help.ui.com\/hc\/en-us\/articles\/204910134-Understanding-Device-LED-Status-Indicators' style='color: inherit; text-decoration: underline;'>M\u00e1s informaci\u00f3n<\/a><\/li>\n<li style='margin-bottom: 5px;'><strong>Bot\u00f3n:<\/strong> (1) Restablecimiento de f\u00e1brica<\/li>\n<li style='margin-bottom: 5px;'><strong>Temperatura ambiente de funcionamiento:<\/strong> 0 a 40\u00b0 C (32 a 104\u00b0 F)<\/li>\n<li style='margin-bottom: 5px;'><strong>Humedad ambiente de funcionamiento:<\/strong> 20 a 90% sin condensaci\u00f3n<\/li>\n<li style='margin-bottom: 5px;'><strong>Certificaciones:<\/strong> CERTIFICADO CE&comma; FCC&comma; IC&comma; Wi-Fi<\/li>\n<li style='margin-bottom: 5px;'><strong>Aplicaci\u00f3n de gesti\u00f3n:<\/strong> UniFi Connect: Versi\u00f3n 3.14.6 y posteriores<br \/>UniFi Connect iOS\u2122 y Android\u2122: Versi\u00f3n 2.18.1 y posteriores<\/li>\n<\/ul><\/div>\n<\/p><\/div>\n<div style='flex: 1 1 250px; border: 1px solid rgba(150&comma; 150&comma; 150&comma; 0.4); border-radius: 8px; overflow: hidden; display: flex; flex-direction: column;'>\n<div style='padding: 15px; border-bottom: 1px solid rgba(150&comma; 150&comma; 150&comma; 0.2); font-weight: bold; font-size: 18px; color: inherit;'>Contenido del paquete<\/div>\n<div style='padding: 15px; color: inherit;'>\n<ul style='padding-left: 20px; margin: 0; font-size: 14px; list-style-type: disc;'>\n<li style='margin-bottom: 5px;'>UniFi Display Cast Pro<\/li>\n<li style='margin-bottom: 5px;'>Soporte de montaje<\/li>\n<li style='margin-bottom: 5px;'>Gu\u00eda de instalaci\u00f3n<\/li>\n<\/ul><\/div>\n<\/p><\/div>\n<\/p><\/div>\n<hr style='border: 0; border-top: 1px solid rgba(150&comma; 150&comma; 150&comma; 0.3); margin: 30px 0;'>\n<div style='display: flex; flex-wrap: wrap; gap: 30px; margin-bottom: 30px;'>\n<div style='flex: 1 1 300px; min-width: 280px;'>\n<h3 style='font-size: 22px; border-bottom: 2px solid currentColor; padding-bottom: 5px; margin-top: 0; color: inherit; opacity: 0.8;'>Notas importantes<\/h3>\n<ul style='padding-left: 20px; font-size: 15px; color: inherit;'>\n<li style='margin-bottom: 5px;'>El adaptador de corriente USB-C y el cable HDMI no est\u00e1n incluidos<\/li>\n<li style='margin-bottom: 5px;'>No es compatible con la transmisi\u00f3n de la c\u00e1mara Protect<\/li>\n<li style='margin-bottom: 5px;'>Use <a href='https:\/\/store.ui.com\/us\/en\/products\/ufp-viewport' style='color: inherit; text-decoration: underline;'>Protect Viewport<\/a> para ver las transmisiones de la c\u00e1mara Protect en una pantalla HDMI<\/li>\n<\/ul><\/div>\n<\/p><\/div>\n<hr style='border: 0; border-top: 1px solid rgba(150&comma; 150&comma; 150&comma; 0.3); margin: 30px 0;'>\n<div style='display: flex; flex-wrap: wrap; gap: 30px; margin-bottom: 30px;'>\n<div style='flex: 1 1 300px; min-width: 280px;'>\n<h3 style='font-size: 22px; border-bottom: 2px solid currentColor; padding-bottom: 5px; margin-top: 0; color: inherit; opacity: 0.8;'>Recursos multimedia<\/h3>\n<div style='margin-top: 15px;'>\n<div style='position: relative; padding-bottom: 56.25%; height: 0; overflow: hidden; margin-bottom: 30px;'>   <\/div>\n<\/p><\/div>\n<div style='margin-top: 15px;'> <img style='width: 100%; height: auto; border: 1px solid rgba(150&comma;150&comma;150&comma;0.3); border-radius: 8px;' src='https:\/\/images.svc.ui.com\/?u=https%3A%2F%2Fcdn.ecomm.ui.com%2Fproducts%2F3d38fb7c-e578-47cd-a3c7-a64a74b6af4d%2F40f01608-bb88-4945-9569-e8edcd665c7b.png&#038;q=75&#038;w=2048' alt='Vista frontal del dispositivo'> <\/div>\n<div style='margin-top: 15px;'> <img style='width: 100%; height: auto; border: 1px solid rgba(150&comma;150&comma;150&comma;0.3); border-radius: 8px;' src='https:\/\/images.svc.ui.com\/?u=https%3A%2F%2Fcdn.ecomm.ui.com%2Fproducts%2F3d38fb7c-e578-47cd-a3c7-a64a74b6af4d%2F4e301d18-8386-4a84-a271-b8707439da7a.png&#038;q=75&#038;w=3840' alt='Vista lateral del dispositivo'> <\/div>\n<div style='margin-top: 15px;'> <img style='width: 100%; height: auto; border: 1px solid rgba(150&comma;150&comma;150&comma;0.3); border-radius: 8px;' src='https:\/\/images.svc.ui.com\/?u=https%3A%2F%2Fcdn.ecomm.ui.com%2Fproducts%2F3d38fb7c-e578-47cd-a3c7-a64a74b6af4d%2F08f85e68-29b5-452f-8bb9-48e608c436de.png&#038;q=75&#038;w=1920' alt='Contenido del paquete'> <\/div>\n<\/p><\/div>\n<\/p><\/div>\n<\/p><\/div>\n","protected":false},"excerpt":{"rendered":"<p>UniFi Cast Pro para UniFi Connect, se\u00f1alizaci\u00f3n digital, convierta cualquier pantalla HDMI en una terminal audiovisual controlada centralizadamente por red, (1) puerto GbE POE IN 48 Vcc, 0.35A o USB-C 5 Vcc, 3A \/ (1) puerto HDMI de salida<\/p>\n","protected":false},"featured_media":99294,"comment_status":"open","ping_status":"closed","template":"","meta":[],"product_brand":[],"product_cat":[2073,2074,2077,2075,2072,2076],"product_tag":[417,2079,2080,2083,2081,2078,166,2082],"class_list":{"0":"post-99295","1":"product","2":"type-product","3":"status-publish","4":"has-post-thumbnail","6":"product_cat-convertidores","7":"product_cat-divisores","8":"product_cat-dvi","9":"product_cat-hdmi","10":"product_cat-kits-extensores","11":"product_cat-vga","12":"product_tag-accesorios-generales","13":"product_tag-convertidores","14":"product_tag-divisores","15":"product_tag-dvi","16":"product_tag-hdmi","17":"product_tag-kits-extensores","18":"product_tag-ubiquiti","19":"product_tag-vga","21":"first","22":"instock","23":"sale","24":"shipping-taxable","25":"purchasable","26":"product-type-simple"},"_links":{"self":[{"href":"https:\/\/soydeaqui.ddns.net\/pachuca\/index.php\/wp-json\/wp\/v2\/product\/99295","targetHints":{"allow":["GET"]}}],"collection":[{"href":"https:\/\/soydeaqui.ddns.net\/pachuca\/index.php\/wp-json\/wp\/v2\/product"}],"about":[{"href":"https:\/\/soydeaqui.ddns.net\/pachuca\/index.php\/wp-json\/wp\/v2\/types\/product"}],"replies":[{"embeddable":true,"href":"https:\/\/soydeaqui.ddns.net\/pachuca\/index.php\/wp-json\/wp\/v2\/comments?post=99295"}],"wp:featuredmedia":[{"embeddable":true,"href":"https:\/\/soydeaqui.ddns.net\/pachuca\/index.php\/wp-json\/wp\/v2\/media\/99294"}],"wp:attachment":[{"href":"https:\/\/soydeaqui.ddns.net\/pachuca\/index.php\/wp-json\/wp\/v2\/media?parent=99295"}],"wp:term":[{"taxonomy":"product_brand","embeddable":true,"href":"https:\/\/soydeaqui.ddns.net\/pachuca\/index.php\/wp-json\/wp\/v2\/product_brand?post=99295"},{"taxonomy":"product_cat","embeddable":true,"href":"https:\/\/soydeaqui.ddns.net\/pachuca\/index.php\/wp-json\/wp\/v2\/product_cat?post=99295"},{"taxonomy":"product_tag","embeddable":true,"href":"https:\/\/soydeaqui.ddns.net\/pachuca\/index.php\/wp-json\/wp\/v2\/product_tag?post=99295"}],"curies":[{"name":"wp","href":"https:\/\/api.w.org\/{rel}","templated":true}]}}