{"id":99283,"date":"2026-03-20T10:20:07","date_gmt":"2026-03-20T10:20:07","guid":{"rendered":"https:\/\/soydeaqui.ddns.net\/pachuca\/index.php\/producto\/auricular-sip-akuvox-s560-panel-frontal-plastico-compatible-con-poe-montaje-en-pared-o-escritorio-boton-de-apertura-de-puerta-compatible-con-frentes-de-calle-akuvox-teclas-de-acceso-rapido\/"},"modified":"2026-03-20T10:20:13","modified_gmt":"2026-03-20T10:20:13","slug":"auricular-sip-akuvox-s560-panel-frontal-plastico-compatible-con-poe-montaje-en-pared-o-escritorio-boton-de-apertura-de-puerta-compatible-con-frentes-de-calle-akuvox-teclas-de-acceso-rapido","status":"publish","type":"product","link":"https:\/\/soydeaqui.ddns.net\/pachuca\/index.php\/producto\/auricular-sip-akuvox-s560-panel-frontal-plastico-compatible-con-poe-montaje-en-pared-o-escritorio-boton-de-apertura-de-puerta-compatible-con-frentes-de-calle-akuvox-teclas-de-acceso-rapido\/","title":{"rendered":"Auricular SIP Akuvox S560 \/ Panel Frontal Pl\u00e1stico \/ Compatible con PoE \/ Montaje en Pared o Escritorio \/ Bot\u00f3n de Apertura de Puerta \/ Compatible con Frentes de Calle Akuvox \/ Teclas de Acceso R\u00e1pido"},"content":{"rendered":"<div style='width: 100%; max-width: 1200px; margin: 0 auto; font-family: sans-serif; line-height: 1.6; color: inherit; background-color: transparent;'> <!-- Banner --> <\/p>\n<div style='background: linear-gradient(55deg&comma; #CCD0FA 0%&comma; #0212AA 100%); border-bottom: 6px solid #0212AA; border-left: 6px solid #CCD0FA; border-right: 6px solid #0212AA; padding: 20px; margin-bottom: 30px;'> <img style='width: 100%; max-width: 450px; height: auto; border: 1px solid rgba(150&comma;150&comma;150&comma;0.3); border-radius: 8px; margin-bottom: 8px; margin-left: auto; margin-right: auto; display: block;' src='https:\/\/shop.domo-supply.com\/img\/m\/126.jpg' alt='Banner Akuvox'> <\/p>\n<h2 style='color: darkslategray; font-size: 22px; margin-top: 20px; text-align: center;'> <span style='font-family: Franklin Gothic;'>Monitor ANDROID \/ Soporta APP Android \/ Pantalla Touch Screen LCD 7&#8242; \/ WiFi \/ Punto WIFI \/ Bluetooth \/ PoE \/ SIP \/ 8 Entradas de Alarma \/ 1 Salida de Rel\u00e9 \/ Comunicaci\u00f3n con App de Familiares \/ Administraci\u00f3n 100 % en la Nube<\/span> <\/h2>\n<\/p><\/div>\n<p> <!-- Secci\u00f3n acorde\u00f3n --> <\/p>\n<div style='display: flex; flex-direction: column; gap: 20px;'> <!-- Gesti\u00f3n 100% en la nube --> <\/p>\n<div style='border: 1px solid rgba(150&comma;150&comma;150&comma;0.3); border-radius: 8px; overflow: hidden;'>\n<div style='background-color: #282739; color: white; padding: 15px; font-weight: bold;'> Gesti\u00f3n 100% en la nube <\/div>\n<div style='padding: 15px; display: flex; flex-wrap: wrap; gap: 20px;'>\n<div style='flex: 1 1 300px;'>\n<h3 style='font-size: 18px; margin-top: 0; color: inherit;'>Gesti\u00f3n 100% en la nube<\/h3>\n<p style='font-size: 14px; color: inherit;'>Akuvox Cloud es una plataforma en la nube que permite la gesti\u00f3n y configuraci\u00f3n de los equipos Akuvox para sistemas de videportero y control de acceso facilitando la instalaci\u00f3n y administraci\u00f3n.<\/p>\n<p style='font-size: 14px; color: inherit;'>La APP Smart Plus para Android y iOS permite la comunicaci\u00f3n de los usuarios con sus visitas&comma; gesti\u00f3n de pases temporales para visitantes&comma; control de acceso de las puertas&comma; gesti\u00f3n de sus propias credenciales de acceso&comma; transmisi\u00f3n en vivo de video entre muchas funciones m\u00e1s.<\/p>\n<\/p><\/div>\n<div style='flex: 1 1 300px;'> <img style='width: 100%; height: auto; border: 1px solid rgba(150&comma;150&comma;150&comma;0.3); border-radius: 8px;' src='https:\/\/ftp3.syscom.mx\/usuarios\/hsanchez\/Akuvox\/APP%20y%20CLOUD.png' alt='APP y CLOUD'> <\/div>\n<\/p><\/div>\n<\/p><\/div>\n<p> <!-- \u00bfQu\u00e9 es Akuvox? --> <\/p>\n<div style='border: 1px solid rgba(150&comma;150&comma;150&comma;0.3); border-radius: 8px; overflow: hidden;'>\n<div style='background-color: #282739; color: white; padding: 15px; font-weight: bold;'> \u00bfQu\u00e9 es Akuvox? <\/div>\n<div style='padding: 15px; display: flex; flex-wrap: wrap; gap: 20px;'>\n<div style='flex: 1 1 300px;'>\n<h3 style='font-size: 18px; margin-top: 0; color: inherit;'>Pionero de Smart Intercom<\/h3>\n<p style='font-size: 14px; color: inherit;'>Akuvox es una marca l\u00edder mundial de productos y soluciones Smart Intercom&comma; ofreciendo el poder de las tecnolog\u00edas para mejorar la vida de las personas con una mejor comunicaci\u00f3n&comma; mayor seguridad y mayor comodidad.<\/p>\n<p style='font-size: 14px; color: inherit;'>Al abarcar la inteligencia artificial&comma; SIP&comma; Android&comma; la nube&comma; la seguridad y otras tecnolog\u00edas avanzadas&comma; impulsamos continuamente cambios innovadores en la industria y ofrecemos de manera creativa una cartera inigualable de productos y soluciones de intercomunicaci\u00f3n inteligente.<\/p>\n<\/p><\/div>\n<div style='flex: 1 1 300px;'> <img style='width: 100%; height: auto; border: 1px solid rgba(150&comma;150&comma;150&comma;0.3); border-radius: 8px;' src='https:\/\/ftp3.syscom.mx\/usuarios\/hsanchez\/Akuvox\/Akuvox%20logo%20%28blue%29-20180329.png' alt='Logo Akuvox'> <\/div>\n<\/p><\/div>\n<\/p><\/div>\n<p> <!-- Escensario de aplicaci\u00f3n --> <\/p>\n<div style='border: 1px solid rgba(150&comma;150&comma;150&comma;0.3); border-radius: 8px; overflow: hidden;'>\n<div style='background-color: #282739; color: white; padding: 15px; font-weight: bold;'> Escensario de aplicaci\u00f3n: <\/div>\n<div style='padding: 15px; display: flex; flex-wrap: wrap; gap: 20px;'>\n<div style='flex: 1 1 300px;'>\n<h3 style='font-size: 18px; margin-top: 0; color: inherit;'>Uso multiapartamento&comma; residencial o corporativo<\/h3>\n<ul style='padding-left: 20px; font-size: 14px; color: inherit; list-style-type: disc;'>\n<li style='margin-bottom: 5px;'>Videoportero para oficinas con los sistemas IP PBX en sitio o alojados<\/li>\n<li style='margin-bottom: 5px;'>Configuraci\u00f3n y gesti\u00f3n de entrada remota a trav\u00e9s de Internet<\/li>\n<li style='margin-bottom: 5px;'>Intercomunicador para apartamentos o pisos con control de acceso<\/li>\n<li>Informaci\u00f3n comercial o una experiencia de bienvenida para los invitados.<\/li>\n<\/ul><\/div>\n<div style='flex: 1 1 300px;'> <img style='width: 100%; height: auto; border: 1px solid rgba(150&comma;150&comma;150&comma;0.3); border-radius: 8px;' src='https:\/\/ftp3.syscom.mx\/usuarios\/hsanchez\/Akuvox\/aplicacion.jpg' alt='Aplicaci\u00f3n'> <\/div>\n<\/p><\/div>\n<\/p><\/div>\n<p> <!-- Caracter\u00edsticas f\u00edsicas y el\u00e9ctricas de S560 --> <\/p>\n<div style='border: 1px solid rgba(150&comma;150&comma;150&comma;0.3); border-radius: 8px; overflow: hidden;'>\n<div style='background-color: #282739; color: white; padding: 15px; font-weight: bold;'> Caracter\u00edsticas f\u00edsicas y el\u00e9ctricas de S560 <\/div>\n<div style='padding: 15px;'>\n<ul style='padding-left: 20px; font-size: 14px; color: inherit; list-style-type: disc;'>\n<li style='margin-bottom: 5px;'><strong>F\u00edsica y alimentaci\u00f3n<\/strong><\/li>\n<li style='margin-bottom: 5px;'>Panel frontal: Pl\u00e1stico<\/li>\n<li style='margin-bottom: 5px;'>Micr\u00f3fono: Un micr\u00f3fono&comma; -36 dB<\/li>\n<li style='margin-bottom: 5px;'>Altavoz: Altavoz del tono de llamada&comma; 8 \u03a9 \/ 1 W<\/li>\n<li style='margin-bottom: 5px;'>Altavoz del auricular&comma; 32 \u03a9 \/ 0&comma;02 W<\/li>\n<li style='margin-bottom: 5px;'>Puertos Ethernet: 1 RJ45&comma; 10\/100 Mbps adaptativo<\/li>\n<li style='margin-bottom: 5px;'>802.3af Alimentaci\u00f3n por Ethernet (PoE) \u2022 Conector de 12 V CC (si no se utiliza PoE)<\/li>\n<li style='margin-bottom: 5px;'>Instalaci\u00f3n: Montaje en pared y sobremesa<\/li>\n<li style='margin-bottom: 5px;'>Dimensiones: 216&comma;2 x 63&comma;1 x 53 mm<\/li>\n<li style='margin-bottom: 5px;'>Humedad de funcionamiento: 10-90 %<\/li>\n<li style='margin-bottom: 5px;'>Temperatura de funcionamiento: -10 \u00b0C-+45 \u00b0C<\/li>\n<li style='margin-bottom: 5px;'>Temperatura de almacenamiento: -20 \u00b0C-+70 \u00b0C<\/li>\n<\/ul><\/div>\n<\/p><\/div>\n<p> <!-- \u00bfPor qu\u00e9 elegir Akuvox? --> <\/p>\n<div style='border: 1px solid rgba(150&comma;150&comma;150&comma;0.3); border-radius: 8px; overflow: hidden;'>\n<div style='background-color: #282739; color: white; padding: 15px; font-weight: bold;'> \u00bfPor qu\u00e9 elegir Akuvox? <\/div>\n<div style='padding: 15px; display: flex; flex-wrap: wrap; gap: 20px;'>\n<div style='flex: 1 1 300px;'>\n<h3 style='font-size: 18px; margin-top: 0; color: inherit;'>Akuvox<\/h3>\n<p style='font-size: 14px; color: inherit;'>Akuvox es la soluci\u00f3n ideal para su fraccionamiento&comma; edificio de apartamentos o edificios corporativos&comma; gracias a su gesti\u00f3n 100% en la nube ofrece una f\u00e1cil instalaci\u00f3n y administraci\u00f3n desde cualquier parte del mundo. Nunca ha sido tan f\u00e1cil y seguro gestionar el acceso a los residentes&comma; empleados o visitantes gracias a que es un dispositivo muy amigable junto con la App Smart Plus para iOS o Android.<\/p>\n<p style='font-size: 14px; color: inherit;'>Brindar la mejor soluci\u00f3n es posible con Akuvox gracias a su tecnolog\u00eda innovadora&comma; lleva al siguiente nivel tus instalaciones&comma; aumenta la plusval\u00eda y disminuye los costos de operaci\u00f3n gracias a Akuvox.<\/p>\n<\/p><\/div>\n<div style='flex: 1 1 300px;'> <img style='width: 100%; height: auto; border: 1px solid rgba(150&comma;150&comma;150&comma;0.3); border-radius: 8px;' src='https:\/\/ftp3.syscom.mx\/usuarios\/hsanchez\/Akuvox\/edificio.jpg' alt='Edificio'> <\/div>\n<\/p><\/div>\n<\/p><\/div>\n<\/p><\/div>\n<p> <!-- Im\u00e1genes del producto --> <\/p>\n<div style='display: flex; flex-wrap: wrap; gap: 20px; margin-top: 30px;'>\n<div style='flex: 1 1 300px;'> <img style='width: 100%; height: auto; border: 1px solid rgba(150&comma;150&comma;150&comma;0.3); border-radius: 8px;' src='https:\/\/ftp3.syscom.mx\/usuarios\/hsanchez\/Akuvox\/S560\/01.jpg' alt='Producto 1'> <\/div>\n<div style='flex: 1 1 300px;'> <img style='width: 100%; height: auto; border: 1px solid rgba(150&comma;150&comma;150&comma;0.3); border-radius: 8px;' src='https:\/\/ftp3.syscom.mx\/usuarios\/hsanchez\/Akuvox\/S560\/02.jpg' alt='Producto 2'> <\/div>\n<div style='flex: 1 1 300px;'> <img style='width: 100%; height: auto; border: 1px solid rgba(150&comma;150&comma;150&comma;0.3); border-radius: 8px;' src='https:\/\/ftp3.syscom.mx\/usuarios\/hsanchez\/Akuvox\/S560\/03.jpg' alt='Producto 3'> <\/div>\n<div style='flex: 1 1 300px;'> <img style='width: 100%; height: auto; border: 1px solid rgba(150&comma;150&comma;150&comma;0.3); border-radius: 8px;' src='https:\/\/ftp3.syscom.mx\/usuarios\/hsanchez\/Akuvox\/S560\/04.jpg' alt='Producto 4'> <\/div>\n<div style='flex: 1 1 300px;'> <img style='width: 100%; height: auto; border: 1px solid rgba(150&comma;150&comma;150&comma;0.3); border-radius: 8px;' src='https:\/\/ftp3.syscom.mx\/usuarios\/hsanchez\/Akuvox\/S560\/05.jpg' alt='Producto 5'> <\/div>\n<div style='flex: 1 1 300px;'> <img style='width: 100%; height: auto; border: 1px solid rgba(150&comma;150&comma;150&comma;0.3); border-radius: 8px;' src='https:\/\/ftp3.syscom.mx\/usuarios\/hsanchez\/Akuvox\/S560\/06.jpg' alt='Producto 6'> <\/div>\n<\/p><\/div>\n<p> <!-- Caracter\u00edsticas principales --> <\/p>\n<div style='margin-top: 30px;'>\n<div style='background-color: #282739; color: white; padding: 15px; font-weight: bold;'> Caracter\u00edsticas principales del Monitor S560 <\/div>\n<ul style='padding-left: 20px; font-size: 14px; color: inherit; list-style-type: disc; border: 1px solid rgba(150&comma;150&comma;150&comma;0.3); border-top: none; border-radius: 0 0 8px 8px;'>\n<li style='margin-bottom: 5px; padding: 10px; border-bottom: 1px solid rgba(150&comma;150&comma;150&comma;0.2);'>Intercomunicador basado en SIP<\/li>\n<li style='margin-bottom: 5px; padding: 10px; border-bottom: 1px solid rgba(150&comma;150&comma;150&comma;0.2);'>Ideal como extensi\u00f3n para sistemas de videoportero Akuvox<\/li>\n<li style='margin-bottom: 5px; padding: 10px; border-bottom: 1px solid rgba(150&comma;150&comma;150&comma;0.2);'>Dise\u00f1o compacto y minimalista; se puede montar en pared o usar sobre escritorio<\/li>\n<li style='margin-bottom: 5px; padding: 10px; border-bottom: 1px solid rgba(150&comma;150&comma;150&comma;0.2);'>Ethernet 10\/100 Mbps (RJ45)&comma; compatible con PoE IEEE 802.3af o alimentaci\u00f3n mediante adaptador DC 12 V \/ 600 mA<\/li>\n<li style='margin-bottom: 5px; padding: 10px; border-bottom: 1px solid rgba(150&comma;150&comma;150&comma;0.2);'>Compatible con Akuvox Cloud y la app Smart Plus para configuraci\u00f3n remota&comma; notificaciones push y llamadas entre dispositivos<\/li>\n<li style='margin-bottom: 5px; padding: 10px; border-bottom: 1px solid rgba(150&comma;150&comma;150&comma;0.2);'>Hasta 2 cuentas SIP&comma; marcaci\u00f3n r\u00e1pida (speed dial) y teclas programables (DSS keys)<\/li>\n<li style='margin-bottom: 5px; padding: 10px; border-bottom: 1px solid rgba(150&comma;150&comma;150&comma;0.2);'>Bot\u00f3n de apertura de puerta<\/li>\n<\/ul><\/div>\n<p> <!-- Informaci\u00f3n adicional --> <\/p>\n<div style='margin-top: 30px;'>\n<div style='background-color: #282739; color: white; padding: 15px; font-weight: bold;'> \u00bfTe interesa obtener m\u00e1s informaci\u00f3n? <\/div>\n<ul style='padding-left: 20px; font-size: 14px; color: inherit; list-style-type: disc; border: 1px solid rgba(150&comma;150&comma;150&comma;0.3); border-top: none; border-radius: 0 0 8px 8px;'>\n<li style='margin-bottom: 5px; padding: 10px; border-bottom: 1px solid rgba(150&comma;150&comma;150&comma;0.2);'>Para consultar una gu\u00eda de configuraciones <a href='https:\/\/soporte.syscom.mx\/es\/articles\/8202185-guia-akuvox-solucion-para-fraccionamientos-y-edificios-de-apartamentos' style='color: #e74c3c; text-decoration: underline;'>click aqu\u00ed<\/a><\/li>\n<\/ul><\/div>\n<p> <!-- Requisitos de instalaci\u00f3n --> <\/p>\n<div style='margin-top: 30px;'>\n<div style='background-color: #282739; color: white; padding: 15px; font-weight: bold;'> \u00bfQu\u00e9 necesito para instalar dispositivos Akuvox? <\/div>\n<ul style='padding-left: 20px; font-size: 14px; color: inherit; list-style-type: disc; border: 1px solid rgba(150&comma;150&comma;150&comma;0.3); border-top: none; border-radius: 0 0 8px 8px;'>\n<li style='margin-bottom: 5px; padding: 10px; border-bottom: 1px solid rgba(150&comma;150&comma;150&comma;0.2);'> <strong>Cuenta de instalador en Akuvox Cloud<\/strong> para configuraci\u00f3n y administraci\u00f3n de los equipos y licencias. <a href='https:\/\/soporte.syscom.mx\/es\/articles\/6957756-crear-cuenta-de-instalador-akuvox-cloud' style='color: #e74c3c; text-decoration: underline;'>Click aqu\u00ed para obtener una cuenta.<\/a> <\/li>\n<li style='margin-bottom: 5px; padding: 10px; border-bottom: 1px solid rgba(150&comma;150&comma;150&comma;0.2);'> <strong>Acceso a la red IP:<\/strong> Los equipos Akuvox funcionan en redes IP&comma; por lo que necesitar\u00e1s una red con acceso a internet y suficiente capacidad para manejar el tr\u00e1fico de datos. <\/li>\n<li style='margin-bottom: 5px; padding: 10px;'> <strong>Fuente de alimentaci\u00f3n:<\/strong> Verifica el tipo de alimentaci\u00f3n que requiere el dispositivo. Muchos equipos Akuvox se alimentan a trav\u00e9s de Power over Ethernet (PoE). <\/li>\n<\/ul><\/div>\n<p> <!-- Advertencia --> <\/p>\n<div style='margin-top: 30px; text-align: center;'>\n<h3 style='color: #e74c3c; font-size: 16px; margin: 0;'> El uso del auricular S560 no omite la compra de la licencia para Smart Plus. <\/h3>\n<\/p><\/div>\n<\/p><\/div>\n","protected":false},"excerpt":{"rendered":"<p>Auricular SIP Akuvox S560 \/ Panel Frontal Pl\u00e1stico \/ Compatible con PoE \/ Montaje en Pared o Escritorio \/ Bot\u00f3n de Apertura de Puerta \/ Compatible con Frentes de Calle Akuvox \/ Teclas de Acceso R\u00e1pido<\/p>\n","protected":false},"featured_media":99282,"comment_status":"open","ping_status":"closed","template":"","meta":[],"product_brand":[],"product_cat":[916],"product_tag":[786,908,557],"class_list":{"0":"post-99283","1":"product","2":"type-product","3":"status-publish","4":"has-post-thumbnail","6":"product_cat-interfones-videoporteros-e-interfonos","7":"product_tag-akuvox","8":"product_tag-interfones","9":"product_tag-videoporteros-e-interfonos","11":"first","12":"instock","13":"sale","14":"shipping-taxable","15":"purchasable","16":"product-type-simple"},"_links":{"self":[{"href":"https:\/\/soydeaqui.ddns.net\/pachuca\/index.php\/wp-json\/wp\/v2\/product\/99283","targetHints":{"allow":["GET"]}}],"collection":[{"href":"https:\/\/soydeaqui.ddns.net\/pachuca\/index.php\/wp-json\/wp\/v2\/product"}],"about":[{"href":"https:\/\/soydeaqui.ddns.net\/pachuca\/index.php\/wp-json\/wp\/v2\/types\/product"}],"replies":[{"embeddable":true,"href":"https:\/\/soydeaqui.ddns.net\/pachuca\/index.php\/wp-json\/wp\/v2\/comments?post=99283"}],"wp:featuredmedia":[{"embeddable":true,"href":"https:\/\/soydeaqui.ddns.net\/pachuca\/index.php\/wp-json\/wp\/v2\/media\/99282"}],"wp:attachment":[{"href":"https:\/\/soydeaqui.ddns.net\/pachuca\/index.php\/wp-json\/wp\/v2\/media?parent=99283"}],"wp:term":[{"taxonomy":"product_brand","embeddable":true,"href":"https:\/\/soydeaqui.ddns.net\/pachuca\/index.php\/wp-json\/wp\/v2\/product_brand?post=99283"},{"taxonomy":"product_cat","embeddable":true,"href":"https:\/\/soydeaqui.ddns.net\/pachuca\/index.php\/wp-json\/wp\/v2\/product_cat?post=99283"},{"taxonomy":"product_tag","embeddable":true,"href":"https:\/\/soydeaqui.ddns.net\/pachuca\/index.php\/wp-json\/wp\/v2\/product_tag?post=99283"}],"curies":[{"name":"wp","href":"https:\/\/api.w.org\/{rel}","templated":true}]}}