{"id":99246,"date":"2026-03-20T10:18:20","date_gmt":"2026-03-20T10:18:20","guid":{"rendered":"https:\/\/soydeaqui.ddns.net\/pachuca\/index.php\/producto\/fuente-de-poder-de-12-vcc-1-amp-regulado-con-cable-de-3-metros-uso-en-interior-multiples-usos\/"},"modified":"2026-03-20T10:18:30","modified_gmt":"2026-03-20T10:18:30","slug":"fuente-de-poder-de-12-vcc-1-amp-regulado-con-cable-de-3-metros-uso-en-interior-multiples-usos","status":"publish","type":"product","link":"https:\/\/soydeaqui.ddns.net\/pachuca\/index.php\/producto\/fuente-de-poder-de-12-vcc-1-amp-regulado-con-cable-de-3-metros-uso-en-interior-multiples-usos\/","title":{"rendered":"Fuente de Poder de 12 Vcc @ 1 Amp Regulado \/ Con Cable de 3 Metros \/ Uso en Interior \/ M\u00faltiples Usos"},"content":{"rendered":"<div style='width: 100%; max-width: 1200px; margin: 0 auto; font-family: sans-serif; line-height: 1.6; color: inherit; background-color: transparent;'>\n<div style='display: flex; flex-direction: column; align-items: center; text-align: center; margin-bottom: 30px;'>\n<h1 style='font-size: 28px; margin: 0; color: inherit;'>PL12V\/3<\/h1>\n<h3 style='font-size: 20px; margin: 5px 0; color: inherit;'>Adaptador de pared de 12 Vcc regulado @ 1A<\/h3>\n<h3 style='font-size: 18px; margin: 10px 0; color: inherit;'><strong>Con cable de 3 metros de longitud.<\/strong><\/h3>\n<\/p><\/div>\n<div style='margin-bottom: 30px;'>\n<p style='text-align: center; font-size: 15px; color: inherit; opacity: 0.9;'> <strong>EPCOM POWER LINE marca lider en adaptadores con alta eficiencia en alimentaci\u00f3n para equipos de seguridad electr\u00f3nica por sus ventajas de aprobaciones&comma; certificaciones&comma; protecci\u00f3n contra sobretensiones&comma; y circuitos de protecci\u00f3n contra anti-interferencia&#8230;<\/strong> <\/p>\n<\/p><\/div>\n<div style='display: flex; flex-wrap: wrap; gap: 30px; margin-bottom: 30px;'>\n<div style='flex: 1 1 300px; min-width: 280px;'>\n<div style='border: 1px solid rgba(150&comma; 150&comma; 150&comma; 0.4); border-radius: 8px; overflow: hidden; display: flex; flex-direction: column; height: 100%;'>\n<div style='padding: 15px; border-bottom: 1px solid rgba(150&comma; 150&comma; 150&comma; 0.2); font-weight: bold; font-size: 18px; background-color: rgba(150&comma; 150&comma; 150&comma; 0.1); color: inherit;'>Caracter\u00edsticas<\/div>\n<div style='padding: 15px; color: inherit;'>\n<ul style='padding-left: 20px; margin: 0; font-size: 14px; list-style-type: disc;'>\n<li style='margin-bottom: 5px;'><strong>Salida constante y rectificada en 12 Vcc<\/strong><\/li>\n<li style='margin-bottom: 5px;'><strong>Salida de corriente en 1 A&comma; es ideal para c\u00e1maras de CCTV&comma; routers y dispositivos electr\u00f3nicos<\/strong><\/li>\n<li style='margin-bottom: 5px;'><strong>F\u00e1cil conexi\u00f3n y uso<\/strong><\/li>\n<li style='margin-bottom: 5px;'><strong>Voltaje de entrada:<\/strong> 100-240 Vca<\/li>\n<li style='margin-bottom: 5px;'><strong>Voltaje de salida:<\/strong> 12 Vcc +\/- 5%<\/li>\n<li style='margin-bottom: 5px;'><strong>Corriente de salida:<\/strong> 1 Amper<\/li>\n<li style='margin-bottom: 5px;'><strong>Longitud de 3 metros de cable para mayor flexibilidad en la instalaci\u00f3n<\/strong><\/li>\n<li style='margin-bottom: 5px;'><strong>Temperatura de operaci\u00f3n:<\/strong> 0\u00b0C a 40\u00b0C<\/li>\n<li style='margin-bottom: 5px;'><strong>Dimensiones ( L x W x H ):<\/strong> 43 x 27.3 x 57.6 mm<\/li>\n<li style='margin-bottom: 5px;'><strong>Con cable de 3 metros de longitud<\/strong><\/li>\n<\/ul><\/div>\n<\/p><\/div>\n<\/p><\/div>\n<div style='flex: 1 1 300px; min-width: 280px;'>\n<div style='border: 1px solid rgba(150&comma; 150&comma; 150&comma; 0.4); border-radius: 8px; overflow: hidden; display: flex; flex-direction: column; height: 100%;'>\n<div style='padding: 15px; border-bottom: 1px solid rgba(150&comma; 150&comma; 150&comma; 0.2); font-weight: bold; font-size: 18px; background-color: rgba(150&comma; 150&comma; 150&comma; 0.1); color: inherit;'>Modelos Relacionados<\/div>\n<div style='padding: 15px; color: inherit;'>\n<ul style='padding-left: 20px; margin: 0; font-size: 14px; list-style-type: disc;'>\n<li style='margin-bottom: 5px;'>P5DC1A &#8230;&#8230;&#8230;&#8230;&#8230;5 Vcc @ 1 A<\/li>\n<li style='margin-bottom: 5px;'>P5DC2A&#8230;&#8230;&#8230;&#8230;&#8230;.5 Vcc @ 2 A<\/li>\n<li style='margin-bottom: 5px;'>P6DC1A&#8230;&#8230;&#8230;&#8230;&#8230;6 Vcc @ 1 A<\/li>\n<li style='margin-bottom: 5px;'>P9DC1A&#8230;&#8230;&#8230;&#8230;&#8230;9 Vcc @ 1 A<\/li>\n<li style='margin-bottom: 5px;'>P9DC3A&#8230;&#8230;&#8230;&#8230;&#8230;9 Vcc @ 3 A<\/li>\n<li style='margin-bottom: 5px;'>PLDC500&#8230;&#8230;&#8230;&#8230;.12 Vcc @ 0.5 A<\/li>\n<\/ul><\/div>\n<\/p><\/div>\n<\/p><\/div>\n<div style='flex: 1 1 300px; min-width: 280px;'>\n<div style='border: 1px solid rgba(150&comma; 150&comma; 150&comma; 0.4); border-radius: 8px; overflow: hidden; display: flex; flex-direction: column; height: 100%;'>\n<div style='padding: 15px; border-bottom: 1px solid rgba(150&comma; 150&comma; 150&comma; 0.2); font-weight: bold; font-size: 18px; background-color: rgba(150&comma; 150&comma; 150&comma; 0.1); color: inherit;'>Modelos Relacionados<\/div>\n<div style='padding: 15px; color: inherit;'>\n<ul style='padding-left: 20px; margin: 0; font-size: 14px; list-style-type: disc;'>\n<li style='margin-bottom: 5px;'>PLDC100&#8230;&#8230;&#8230;&#8230;&#8230;.12 Vcc @ 1 A<\/li>\n<li style='margin-bottom: 5px;'>PSD1202D&#8230;&#8230;&#8230;&#8230;..12 Vcc @ 2 A<\/li>\n<li style='margin-bottom: 5px;'>PL12DC2AW&#8230;&#8230;&#8230;.12 Vcc @ 2 A Intemperie<\/li>\n<li style='margin-bottom: 5px;'>P12DC3A&#8230;&#8230;&#8230;&#8230;&#8230;.12 Vcc @ 3 A<\/li>\n<li style='margin-bottom: 5px;'>P24DC3A&#8230;&#8230;&#8230;&#8230;&#8230;.24 Vcc @ 1 A<\/li>\n<li style='margin-bottom: 5px;'>PL36V2A&#8230;&#8230;&#8230;&#8230;&#8230;.36 Vcc @ 1 A<\/li>\n<li style='margin-bottom: 5px;'>PLDC4830A&#8230;&#8230;&#8230;..48 Vcc @ 1 A<\/li>\n<li style='margin-bottom: 5px;'>PL53V3A&#8230;&#8230;&#8230;&#8230;&#8230;.53 Vcc @ 1 A<\/li>\n<\/ul><\/div>\n<\/p><\/div>\n<\/p><\/div>\n<\/p><\/div>\n<\/p><\/div>\n","protected":false},"excerpt":{"rendered":"<p>Fuente de Poder de 12 Vcc @ 1 Amp Regulado \/ Con Cable de 3 Metros \/ Uso en Interior \/ M\u00faltiples Usos<\/p>\n","protected":false},"featured_media":99245,"comment_status":"open","ping_status":"closed","template":"","meta":[],"product_brand":[],"product_cat":[1325],"product_tag":[1326,142,454],"class_list":{"0":"post-99246","1":"product","2":"type-product","3":"status-publish","4":"has-post-thumbnail","6":"product_cat-adaptadores-de-pared","7":"product_tag-adaptadores-de-pared","8":"product_tag-energia","9":"product_tag-epcom-powerline","11":"first","12":"instock","13":"sale","14":"shipping-taxable","15":"purchasable","16":"product-type-simple"},"_links":{"self":[{"href":"https:\/\/soydeaqui.ddns.net\/pachuca\/index.php\/wp-json\/wp\/v2\/product\/99246","targetHints":{"allow":["GET"]}}],"collection":[{"href":"https:\/\/soydeaqui.ddns.net\/pachuca\/index.php\/wp-json\/wp\/v2\/product"}],"about":[{"href":"https:\/\/soydeaqui.ddns.net\/pachuca\/index.php\/wp-json\/wp\/v2\/types\/product"}],"replies":[{"embeddable":true,"href":"https:\/\/soydeaqui.ddns.net\/pachuca\/index.php\/wp-json\/wp\/v2\/comments?post=99246"}],"wp:featuredmedia":[{"embeddable":true,"href":"https:\/\/soydeaqui.ddns.net\/pachuca\/index.php\/wp-json\/wp\/v2\/media\/99245"}],"wp:attachment":[{"href":"https:\/\/soydeaqui.ddns.net\/pachuca\/index.php\/wp-json\/wp\/v2\/media?parent=99246"}],"wp:term":[{"taxonomy":"product_brand","embeddable":true,"href":"https:\/\/soydeaqui.ddns.net\/pachuca\/index.php\/wp-json\/wp\/v2\/product_brand?post=99246"},{"taxonomy":"product_cat","embeddable":true,"href":"https:\/\/soydeaqui.ddns.net\/pachuca\/index.php\/wp-json\/wp\/v2\/product_cat?post=99246"},{"taxonomy":"product_tag","embeddable":true,"href":"https:\/\/soydeaqui.ddns.net\/pachuca\/index.php\/wp-json\/wp\/v2\/product_tag?post=99246"}],"curies":[{"name":"wp","href":"https:\/\/api.w.org\/{rel}","templated":true}]}}