{"id":99241,"date":"2026-03-20T10:18:06","date_gmt":"2026-03-20T10:18:06","guid":{"rendered":"https:\/\/soydeaqui.ddns.net\/pachuca\/index.php\/producto\/switch-gigabit-poe-administrable-16-puertos-1000-mbps-poe-4-puertos-poe-90-w-2-puertos-1000-mbps-de-uplink-2-puertos-sfp-configuracion-nube-hik-partnerpro-modo-extendido-hasta-300-me\/"},"modified":"2026-03-20T10:18:08","modified_gmt":"2026-03-20T10:18:08","slug":"switch-gigabit-poe-administrable-16-puertos-1000-mbps-poe-4-puertos-poe-90-w-2-puertos-1000-mbps-de-uplink-2-puertos-sfp-configuracion-nube-hik-partnerpro-modo-extendido-hasta-300-me","status":"publish","type":"product","link":"https:\/\/soydeaqui.ddns.net\/pachuca\/index.php\/producto\/switch-gigabit-poe-administrable-16-puertos-1000-mbps-poe-4-puertos-poe-90-w-2-puertos-1000-mbps-de-uplink-2-puertos-sfp-configuracion-nube-hik-partnerpro-modo-extendido-hasta-300-me\/","title":{"rendered":"Switch Gigabit PoE+ \/ Administrable \/ 16 Puertos 1000 Mbps PoE+ (4 Puertos PoE++ 90 W) \/ 2 Puertos 1000 Mbps de Uplink \/ 2 Puertos SFP \/ Configuraci\u00f3n Nube Hik-PartnerPro \/ Modo Extendido hasta 300 Metros \/ 230 W"},"content":{"rendered":"<div style='width: 100%; max-width: 1200px; margin: 0 auto; font-family: sans-serif; line-height: 1.6; color: inherit; background-color: transparent;'> <!-- Logo Hikvision --> <\/p>\n<div style='text-align: center; margin-bottom: 30px;'> <img style='width: 45%; height: auto; border: 1px solid rgba(150&comma;150&comma;150&comma;0.3); border-radius: 8px;' src='https:\/\/ftp3.syscom.mx\/usuarios\/jsosa\/HIKVISION\/imagenes\/logo\/hikvision%20see%20far.png' alt='Logo Hikvision'> <\/div>\n<p> <!-- Video principal --> <\/p>\n<div style='position: relative; padding-bottom: 56.25%; height: 0; overflow: hidden; margin-bottom: 30px;'>   <\/div>\n<p> <!-- Videos adicionales --> <\/p>\n<div style='display: flex; flex-wrap: wrap; gap: 20px; margin-bottom: 30px;'>\n<div style='flex: 1 1 300px; min-width: 280px;'>\n<h3 style='font-size: 18px; text-align: center; margin-top: 0; color: inherit; opacity: 0.8;'>\u00bfQu\u00e9 es Hik-Partner Pro?<\/h3>\n<div style='position: relative; padding-bottom: 56.25%; height: 0; overflow: hidden;'>   <\/div>\n<\/p><\/div>\n<div style='flex: 1 1 300px; min-width: 280px;'>\n<h3 style='font-size: 18px; text-align: center; margin-top: 0; color: inherit; opacity: 0.8;'>Activa tus Equipos en 3 Pasos<\/h3>\n<div style='position: relative; padding-bottom: 56.25%; height: 0; overflow: hidden;'>   <\/div>\n<\/p><\/div>\n<div style='flex: 1 1 300px; min-width: 280px;'>\n<h3 style='font-size: 18px; text-align: center; margin-top: 0; color: inherit; opacity: 0.8;'>\u00a1Vincula tus dispositivos!<\/h3>\n<div style='position: relative; padding-bottom: 56.25%; height: 0; overflow: hidden;'>   <\/div>\n<\/p><\/div>\n<\/p><\/div>\n<p> <!-- T\u00edtulo de especificaciones --> <\/p>\n<h2 style='font-size: 24px; text-align: center; color: #232a6f; margin-bottom: 30px; border-bottom: 2px solid currentColor; padding-bottom: 10px; color: inherit; opacity: 0.8;'>Especif\u00edcaciones<\/h2>\n<p> <!-- Caracter\u00edsticas principales y f\u00edsicas --> <\/p>\n<div style='display: flex; flex-wrap: wrap; gap: 30px; margin-bottom: 30px;'>\n<div style='flex: 1 1 400px; min-width: 280px;'>\n<div style='border: 1px solid rgba(150&comma; 150&comma; 150&comma; 0.4); border-radius: 8px; overflow: hidden; display: flex; flex-direction: column;'>\n<div style='padding: 15px; border-bottom: 1px solid rgba(150&comma; 150&comma; 150&comma; 0.2); font-weight: bold; font-size: 16px; background-color: #df001e; color: #ffffff;'>Caracter\u00edsticas Principales:<\/div>\n<div style='padding: 15px; color: inherit;'>\n<ul style='padding-left: 20px; margin: 0; font-size: 14px; list-style-type: disc;'>\n<li style='margin-bottom: 5px;'>Switch de 16 puertos 10 \/ 100 \/ 1000 Mbps PoE<\/li>\n<li style='margin-bottom: 5px;'>2 Puertos UPLINK 10 \/ 100 \/ 1000 Mbps<\/li>\n<li style='margin-bottom: 5px;'>2 Puertos SFP<\/li>\n<li style='margin-bottom: 5px;'>Monitoreo y control de datos en puertos importantes<\/li>\n<li style='margin-bottom: 5px;'>Modo Extendido HASTA 300 Metros<\/li>\n<li style='margin-bottom: 5px;'>Optimizaci\u00f3n de buffer para garantizar la transmisi\u00f3n de video<\/li>\n<li style='margin-bottom: 5px;'><strong>Gesti\u00f3n WEB desde la IP (192.168.1.64)<\/strong><\/li>\n<li style='margin-bottom: 5px;'>Administraci\u00f3n desde HikPartner Pro<\/li>\n<li style='margin-bottom: 5px;'><strong>Tasa de reenv\u00edo de paquetes 29.76 MPPS<\/strong><\/li>\n<\/ul><\/div>\n<\/p><\/div>\n<\/p><\/div>\n<div style='flex: 1 1 400px; min-width: 280px;'>\n<div style='border: 1px solid rgba(150&comma; 150&comma; 150&comma; 0.4); border-radius: 8px; overflow: hidden; display: flex; flex-direction: column;'>\n<div style='padding: 15px; border-bottom: 1px solid rgba(150&comma; 150&comma; 150&comma; 0.2); font-weight: bold; font-size: 16px; background-color: #df001e; color: #ffffff;'>Caracter\u00edsticas F\u00edsicas y El\u00e9ctricas:<\/div>\n<div style='padding: 15px; color: inherit;'>\n<ul style='padding-left: 20px; margin: 0; font-size: 14px; list-style-type: disc;'>\n<li style='margin-bottom: 5px;'>Capacidad m\u00e1xima de Watts: 230 W<\/li>\n<li style='margin-bottom: 5px;'>Administraci\u00f3n m\u00e1xima de Watts por puerto: 30 W<\/li>\n<li style='margin-bottom: 5px;'>16 puertos PoE 802.3af\/at<\/li>\n<li style='margin-bottom: 5px;'>Alimentaci\u00f3n: 100-240 VCA&comma; 4 A (Incluye fuente de alimentaci\u00f3n)<\/li>\n<li style='margin-bottom: 5px;'>Dimensiones: 440 mm \u00d7 44 mm \u00d7 220.8 mm<\/li>\n<li style='margin-bottom: 5px;'>Peso: 3.31 Kg<\/li>\n<\/ul><\/div>\n<\/p><\/div>\n<\/p><\/div>\n<\/p><\/div>\n<p> <!-- Caracter\u00edsticas avanzadas --> <\/p>\n<div style='display: flex; flex-wrap: wrap; gap: 30px; margin-bottom: 30px;'>\n<div style='flex: 1 1 100%;'>\n<div style='border: 1px solid rgba(150&comma; 150&comma; 150&comma; 0.4); border-radius: 8px; overflow: hidden; display: flex; flex-direction: column;'>\n<div style='padding: 15px; border-bottom: 1px solid rgba(150&comma; 150&comma; 150&comma; 0.2); font-weight: bold; font-size: 16px; background-color: #df001e; color: #ffffff;'>Caracter\u00edsticas Avanzadas:<\/div>\n<div style='padding: 15px; color: inherit;'>\n<ul style='padding-left: 20px; margin: 0; font-size: 14px; list-style-type: disc;'>\n<li style='margin-bottom: 5px;'><strong>Aislado de puertos<\/strong><\/li>\n<li style='margin-bottom: 5px;'><strong>PoE Watchdog<\/strong><\/li>\n<li style='margin-bottom: 5px;'><strong>Link Aggregation<\/strong><\/li>\n<li style='margin-bottom: 5px;'><strong>Prevenci\u00f3n de loop<\/strong><\/li>\n<li style='margin-bottom: 5px;'><strong>VLAN&#8217;s<\/strong><\/li>\n<\/ul><\/div>\n<\/p><\/div>\n<\/p><\/div>\n<\/p><\/div>\n<p> <!-- Consideraciones --> <\/p>\n<div style='display: flex; flex-wrap: wrap; gap: 30px; margin-bottom: 30px;'>\n<div style='flex: 1 1 100%;'>\n<div style='border: 1px solid rgba(150&comma; 150&comma; 150&comma; 0.4); border-radius: 8px; overflow: hidden; display: flex; flex-direction: column;'>\n<div style='padding: 15px; border-bottom: 1px solid rgba(150&comma; 150&comma; 150&comma; 0.2); font-weight: bold; font-size: 16px; background-color: #df001e; color: #ffffff;'>Consideraciones:<\/div>\n<div style='padding: 15px; color: inherit;'>\n<ul style='padding-left: 20px; margin: 0; font-size: 14px; list-style-type: disc;'>\n<li style='margin-bottom: 5px;'>Las distancias del modo extendido pueden variar seg\u00fan las condiciones de instalaci\u00f3n y los dispositivos utilizados&comma; es necesario usar cable UTP CAT 6 100% COBRE<\/li>\n<li style='margin-bottom: 5px;'>El modo extendido y el extensor PoE solo soportan equipos que trabajen con el est\u00e1ndar PoE (IEEE 802.3af\/at)<\/li>\n<li style='margin-bottom: 5px;'>El switch suministra PoE estandarizado (PoE Activo) no puede alimentar equipos que manejen PoE Pasivo<\/li>\n<li style='margin-bottom: 5px;'>El Switch cuenta con un <strong>bot\u00f3n<\/strong> para regresar a valores de f\u00e1brica (es necesario dejar presionado por 10 seg)<\/li>\n<li style='margin-bottom: 5px; color: #e74c3c;'><strong>NO montable en rack<\/strong><\/li>\n<\/ul><\/div>\n<\/p><\/div>\n<\/p><\/div>\n<\/p><\/div>\n<p> <!-- Imagen de distancias modo extendido --> <\/p>\n<div style='margin: 30px 0; text-align: center;'>\n<h3 style='font-size: 18px; border-bottom: 2px solid currentColor; padding-bottom: 5px; margin-top: 0; margin-bottom: 15px; color: inherit; opacity: 0.8;'>Distancias Modo Extendido<\/h3>\n<p> <img style='width: 100%; height: auto; border: 1px solid rgba(150&comma;150&comma;150&comma;0.3); border-radius: 8px; max-width: 1200px;' src='https:\/\/ftp3.syscom.mx\/usuarios\/jsosa\/HIKVISION\/redes\/poeextended.PNG' alt='Distancias Modo Extendido'> <\/div>\n<p> <!-- Funcionamiento PoE Extended --> <\/p>\n<div style='margin: 30px 0; text-align: center;'>\n<h3 style='font-size: 18px; border-bottom: 2px solid currentColor; padding-bottom: 5px; margin-top: 0; margin-bottom: 15px; color: inherit; opacity: 0.8;'>Funcionamiento PoE Extended<\/h3>\n<p style='font-size: 14px; margin-bottom: 15px;'>Los Switches PoE de Hikvision permiten al momento de utilizar un extensor PoE Hikvision modelo <a href='https:\/\/www.syscom.mx\/producto\/DS-3E0103DP-E-R-HIKVISION-230170.html' style='color: inherit; text-decoration: underline;'>DS-3E0103DP-E\/R<\/a> o <a href='https:\/\/www.syscom.mx\/producto\/DS-3E0503DP-E-R-HIKVISION-230171.html' style='color: inherit; text-decoration: underline;'>DS-3E0503DP-E\/R<\/a> alcanzar distancias de hasta <strong style='color: inherit;'>200 metros<\/strong><\/p>\n<p> <img style='width: 100%; height: auto; border: 1px solid rgba(150&comma;150&comma;150&comma;0.3); border-radius: 8px; max-width: 983px;' src='https:\/\/ftp3.syscom.mx\/usuarios\/alexh\/Hikvision\/imagen\/Distancias.PNG' alt='Funcionamiento PoE Extended'> <\/div>\n<\/p><\/div>\n","protected":false},"excerpt":{"rendered":"<p>Switch Gigabit PoE+ \/ Administrable \/ 16 Puertos 1000 Mbps PoE+ (4 Puertos PoE++ 90 W) \/ 2 Puertos 1000 Mbps de Uplink \/ 2 Puertos SFP \/ Configuraci\u00f3n Nube Hik-PartnerPro \/ Modo Extendido hasta 300 Metros \/ 230 W<\/p>\n","protected":false},"featured_media":99240,"comment_status":"open","ping_status":"closed","template":"","meta":[],"product_brand":[],"product_cat":[1986],"product_tag":[54,664,1987],"class_list":{"0":"post-99241","1":"product","2":"type-product","3":"status-publish","4":"has-post-thumbnail","6":"product_cat-switches-poe","7":"product_tag-hikvision","8":"product_tag-networking","9":"product_tag-switches-poe","11":"first","12":"instock","13":"sale","14":"shipping-taxable","15":"purchasable","16":"product-type-simple"},"_links":{"self":[{"href":"https:\/\/soydeaqui.ddns.net\/pachuca\/index.php\/wp-json\/wp\/v2\/product\/99241","targetHints":{"allow":["GET"]}}],"collection":[{"href":"https:\/\/soydeaqui.ddns.net\/pachuca\/index.php\/wp-json\/wp\/v2\/product"}],"about":[{"href":"https:\/\/soydeaqui.ddns.net\/pachuca\/index.php\/wp-json\/wp\/v2\/types\/product"}],"replies":[{"embeddable":true,"href":"https:\/\/soydeaqui.ddns.net\/pachuca\/index.php\/wp-json\/wp\/v2\/comments?post=99241"}],"wp:featuredmedia":[{"embeddable":true,"href":"https:\/\/soydeaqui.ddns.net\/pachuca\/index.php\/wp-json\/wp\/v2\/media\/99240"}],"wp:attachment":[{"href":"https:\/\/soydeaqui.ddns.net\/pachuca\/index.php\/wp-json\/wp\/v2\/media?parent=99241"}],"wp:term":[{"taxonomy":"product_brand","embeddable":true,"href":"https:\/\/soydeaqui.ddns.net\/pachuca\/index.php\/wp-json\/wp\/v2\/product_brand?post=99241"},{"taxonomy":"product_cat","embeddable":true,"href":"https:\/\/soydeaqui.ddns.net\/pachuca\/index.php\/wp-json\/wp\/v2\/product_cat?post=99241"},{"taxonomy":"product_tag","embeddable":true,"href":"https:\/\/soydeaqui.ddns.net\/pachuca\/index.php\/wp-json\/wp\/v2\/product_tag?post=99241"}],"curies":[{"name":"wp","href":"https:\/\/api.w.org\/{rel}","templated":true}]}}