{"id":99237,"date":"2026-03-20T10:17:58","date_gmt":"2026-03-20T10:17:58","guid":{"rendered":"https:\/\/soydeaqui.ddns.net\/pachuca\/index.php\/producto\/camara-ip-dsm-para-monitoreo-de-conduccion-resolucion-720p-hd-6-detecciones-de-conduccion-inteligente-audio-bidireccional-conector-rj45\/"},"modified":"2026-03-20T10:18:00","modified_gmt":"2026-03-20T10:18:00","slug":"camara-ip-dsm-para-monitoreo-de-conduccion-resolucion-720p-hd-6-detecciones-de-conduccion-inteligente-audio-bidireccional-conector-rj45","status":"publish","type":"product","link":"https:\/\/soydeaqui.ddns.net\/pachuca\/index.php\/producto\/camara-ip-dsm-para-monitoreo-de-conduccion-resolucion-720p-hd-6-detecciones-de-conduccion-inteligente-audio-bidireccional-conector-rj45\/","title":{"rendered":"C\u00e1mara IP DSM para Monitoreo de Conducci\u00f3n \/ Resoluci\u00f3n 720p HD \/ 6 Detecciones de Conducci\u00f3n Inteligente \/ Audio Bidireccional \/ Conector RJ45"},"content":{"rendered":"<div style='width: 100%; max-width: 1200px; margin: 0 auto; font-family: sans-serif; line-height: 1.6; color: inherit; background-color: transparent;'>\n<p style='text-align: center;'><img style='width: 100%; max-width: 400px; height: auto; border: 1px solid rgba(150&comma;150&comma;150&comma;0.3); border-radius: 8px;' src='http:\/\/ftp3.syscom.mx\/usuarios\/jdelafuente\/HIKVISION\/hikvision%20logo%20complete.png' alt='Logo Hikvision'><\/p>\n<div style='margin-bottom: 30px;'>\n<p style='font-size: 18px; color: inherit; opacity: 0.9; text-align: justify;'>C\u00e1mara IP DSM para detecci\u00f3n de comportamiento de conductor: Detecci\u00f3n de avisos de distracci\u00f3n&comma; conducci\u00f3n con fatiga (cierre de ojos)&comma; detecci\u00f3n de gafas de sol con infrarrojos&comma; detecci\u00f3n de manipulaci\u00f3n&comma; detecci\u00f3n de cintur\u00f3n de seguridad desabrochado&comma; conducci\u00f3n con fatiga (bostezo)&comma; detecci\u00f3n de excepciones del conductor&comma; detecci\u00f3n de manipulaci\u00f3n<\/p>\n<\/p><\/div>\n<div style='display: flex; flex-wrap: wrap; gap: 30px; margin-bottom: 30px;'>\n<div style='flex: 1 1 300px; min-width: 280px;'>\n<h3 style='font-size: 22px; border-bottom: 2px solid currentColor; padding-bottom: 5px; margin-top: 0; color: inherit; opacity: 0.8;'>Caracter\u00edsticas principales<\/h3>\n<ul style='padding-left: 20px; font-size: 15px; color: inherit;'>\n<li style='margin-bottom: 5px;'><span style='font-family: sans-serif;'>C\u00e1mara IP m\u00f3vil 720P.<\/span><\/li>\n<li style='margin-bottom: 5px;'><span style='font-family: sans-serif;'>Lente 6 mm.<\/span><\/li>\n<li style='margin-bottom: 5px;'><span style='font-family: sans-serif;'>Conector RJ45 (por el mismo cable de video inyecta la alimentaci\u00f3n) Compatible solo con mNVR Hikvision.<\/span><\/li>\n<li style='margin-bottom: 5px;'><span style='font-family: sans-serif;'>Alimentaci\u00f3n: 9 Vcc a 36 Vcc (la alimentaci\u00f3n la suministra el NVR).<\/span><\/li>\n<li style='margin-bottom: 5px;'><span style='font-family: sans-serif;'>10 mts IR (visi\u00f3n nocturna).<\/span><\/li>\n<li style='margin-bottom: 5px;'><span style='font-family: sans-serif;'>Cable incluido 50cm.<\/span><\/li>\n<li style='margin-bottom: 5px;'><span style='font-family: sans-serif;'>Dimensiones: 91.5 * 91.5 * 107.9 mm.<\/span><\/li>\n<li style='margin-bottom: 5px;'><span style='font-family: sans-serif;'>Peso: 405 grs.<\/span><\/li>\n<li style='margin-bottom: 5px;'><span style='font-family: sans-serif;'>Garant\u00eda: 5 a\u00f1os.<\/span><\/li>\n<\/ul><\/div>\n<div style='flex: 1 1 300px; min-width: 280px;'>\n<h3 style='font-size: 22px; border-bottom: 2px solid currentColor; padding-bottom: 5px; margin-top: 0; color: inherit; opacity: 0.8;'>Compatibilidad<\/h3>\n<ul style='padding-left: 20px; font-size: 15px; color: inherit;'>\n<li style='margin-bottom: 5px;'><span style='font-family: sans-serif;'>Compatible con NVR`s m\u00f3viles:<\/span><\/li>\n<li style='margin-bottom: 5px;'><a href='https:\/\/www.syscom.pro\/products\/230650' style='color: inherit; text-decoration: underline;'>AE-MN5043(RJ45)<\/a><\/li>\n<\/ul><\/div>\n<\/p><\/div>\n<hr style='border: 0; border-top: 1px solid rgba(150&comma; 150&comma; 150&comma; 0.3); margin: 30px 0;'>\n<div style='margin-bottom: 30px;'> <img style='width: 100%; height: auto; border: 1px solid rgba(150&comma;150&comma;150&comma;0.3); border-radius: 8px;' src='https:\/\/ftp3.syscom.mx\/usuarios\/jsosa\/HIKVISION\/imagenes\/banners\/solution%20complete.png' alt='Banner soluci\u00f3n completa'> <\/div>\n<\/p><\/div>\n","protected":false},"excerpt":{"rendered":"<p>C\u00e1mara IP DSM para Monitoreo de Conducci\u00f3n \/ Resoluci\u00f3n 720p HD \/ 6 Detecciones de Conducci\u00f3n Inteligente \/ Audio Bidireccional \/ Conector RJ45<\/p>\n","protected":false},"featured_media":99236,"comment_status":"open","ping_status":"closed","template":"","meta":[],"product_brand":[],"product_cat":[1224],"product_tag":[122,54,1225],"class_list":{"0":"post-99237","1":"product","2":"type-product","3":"status-publish","4":"has-post-thumbnail","6":"product_cat-ptz","7":"product_tag-camaras-ip-y-nvrs","8":"product_tag-hikvision","9":"product_tag-ptz","11":"first","12":"outofstock","13":"sale","14":"shipping-taxable","15":"purchasable","16":"product-type-simple"},"_links":{"self":[{"href":"https:\/\/soydeaqui.ddns.net\/pachuca\/index.php\/wp-json\/wp\/v2\/product\/99237","targetHints":{"allow":["GET"]}}],"collection":[{"href":"https:\/\/soydeaqui.ddns.net\/pachuca\/index.php\/wp-json\/wp\/v2\/product"}],"about":[{"href":"https:\/\/soydeaqui.ddns.net\/pachuca\/index.php\/wp-json\/wp\/v2\/types\/product"}],"replies":[{"embeddable":true,"href":"https:\/\/soydeaqui.ddns.net\/pachuca\/index.php\/wp-json\/wp\/v2\/comments?post=99237"}],"wp:featuredmedia":[{"embeddable":true,"href":"https:\/\/soydeaqui.ddns.net\/pachuca\/index.php\/wp-json\/wp\/v2\/media\/99236"}],"wp:attachment":[{"href":"https:\/\/soydeaqui.ddns.net\/pachuca\/index.php\/wp-json\/wp\/v2\/media?parent=99237"}],"wp:term":[{"taxonomy":"product_brand","embeddable":true,"href":"https:\/\/soydeaqui.ddns.net\/pachuca\/index.php\/wp-json\/wp\/v2\/product_brand?post=99237"},{"taxonomy":"product_cat","embeddable":true,"href":"https:\/\/soydeaqui.ddns.net\/pachuca\/index.php\/wp-json\/wp\/v2\/product_cat?post=99237"},{"taxonomy":"product_tag","embeddable":true,"href":"https:\/\/soydeaqui.ddns.net\/pachuca\/index.php\/wp-json\/wp\/v2\/product_tag?post=99237"}],"curies":[{"name":"wp","href":"https:\/\/api.w.org\/{rel}","templated":true}]}}