{"id":99231,"date":"2026-03-20T10:17:39","date_gmt":"2026-03-20T10:17:39","guid":{"rendered":"https:\/\/soydeaqui.ddns.net\/pachuca\/index.php\/producto\/switch-industrial-con-ups-administrable-gigabit-3-puertos-gigabit-poe-30-w-1-puertos-gigabit-poe-90-w-2-puertos-sfp-120-w-total-48-a-57-vcd-ideal-para-proyectos-300-metros-de-di\/"},"modified":"2026-03-20T10:17:41","modified_gmt":"2026-03-20T10:17:41","slug":"switch-industrial-con-ups-administrable-gigabit-3-puertos-gigabit-poe-30-w-1-puertos-gigabit-poe-90-w-2-puertos-sfp-120-w-total-48-a-57-vcd-ideal-para-proyectos-300-metros-de-di","status":"publish","type":"product","link":"https:\/\/soydeaqui.ddns.net\/pachuca\/index.php\/producto\/switch-industrial-con-ups-administrable-gigabit-3-puertos-gigabit-poe-30-w-1-puertos-gigabit-poe-90-w-2-puertos-sfp-120-w-total-48-a-57-vcd-ideal-para-proyectos-300-metros-de-di\/","title":{"rendered":"Switch Industrial con UPS \/ Administrable Gigabit \/ 3 Puertos Gigabit PoE+ (30 W) + 1 Puertos Gigabit PoE++ (90 W) \/ 2 Puertos SFP \/ 120 W Total \/ 48 a 57 VCD \/ Ideal para Proyectos \/ 300 Metros de Distancia"},"content":{"rendered":"<div style='width: 100%; max-width: 1200px; margin: 0 auto; font-family: sans-serif; line-height: 1.6; color: inherit; background-color: transparent;'> <!-- Logo Hikvision --> <\/p>\n<p style='text-align: center; margin: 20px 0;'><img style='width: 45%; height: auto; border: 1px solid rgba(150&comma;150&comma;150&comma;0.3); border-radius: 8px;' src='https:\/\/ftp3.syscom.mx\/usuarios\/jsosa\/HIKVISION\/imagenes\/logo\/hikvision%20see%20far.png' alt='Logo Hikvision'><\/p>\n<p> <!-- Video principal --> <\/p>\n<div style='position: relative; padding-bottom: 56.25%; height: 0; overflow: hidden; margin: 30px 0;'>   <\/div>\n<p> <!-- Secci\u00f3n de videos explicativos --> <\/p>\n<div style='display: flex; flex-wrap: wrap; gap: 20px; margin: 30px 0;'>\n<div style='flex: 1 1 300px; min-width: 280px;'>\n<h4 style='font-size: 18px; border-bottom: 2px solid currentColor; padding-bottom: 5px; margin-top: 0; color: inherit; opacity: 0.8;'>\u00bfQu\u00e9 es Hik-Partner Pro?<\/h4>\n<div style='position: relative; padding-bottom: 56.25%; height: 0; overflow: hidden;'>   <\/div>\n<\/p><\/div>\n<div style='flex: 1 1 300px; min-width: 280px;'>\n<h4 style='font-size: 18px; border-bottom: 2px solid currentColor; padding-bottom: 5px; margin-top: 0; color: inherit; opacity: 0.8;'>Activa tus Equipos en 3 Pasos<\/h4>\n<div style='position: relative; padding-bottom: 56.25%; height: 0; overflow: hidden;'>   <\/div>\n<\/p><\/div>\n<div style='flex: 1 1 300px; min-width: 280px;'>\n<h4 style='font-size: 18px; border-bottom: 2px solid currentColor; padding-bottom: 5px; margin-top: 0; color: inherit; opacity: 0.8;'>\u00a1Vincula tus dispositivos!<\/h4>\n<div style='position: relative; padding-bottom: 56.25%; height: 0; overflow: hidden;'>   <\/div>\n<\/p><\/div>\n<\/p><\/div>\n<p> <!-- T\u00edtulo de especificaciones --> <\/p>\n<div style='text-align: center; margin: 40px 0;'>\n<h1 style='font-size: 28px; color: #232a6f; margin: 0;'>Especif\u00edcaciones<\/h1>\n<\/p><\/div>\n<p> <!-- Caracter\u00edsticas principales y f\u00edsicas --> <\/p>\n<div style='display: flex; flex-wrap: wrap; gap: 30px; margin: 30px 0;'>\n<div style='flex: 1 1 400px; min-width: 280px;'>\n<div style='border: 1px solid rgba(150&comma;150&comma;150&comma;0.4); border-radius: 8px; overflow: hidden;'>\n<div style='padding: 15px; background: #df001e; border-bottom: 1px solid rgba(168&comma;0&comma;0&comma;0.5); font-weight: bold; font-size: 16px; color: #ffffff;'>Caracter\u00edsticas Principales:<\/div>\n<div style='padding: 15px; color: inherit;'>\n<ul style='padding-left: 20px; margin: 0; font-size: 14px; list-style-type: disc;'>\n<li style='margin-bottom: 5px;'>1 puerto PoE 802.3af\/at\/bt (puerto 1) RJ45 de 10\/100\/1000 Mbps<\/li>\n<li style='margin-bottom: 5px;'>3 puertos PoE 802.3af\/at (puerto 2&comma;3&comma;4) RJ45 de 10\/100\/1000 Mbps<\/li>\n<li style='margin-bottom: 5px;'>El puerto 3&comma;4 soporta PoE pasivo 24v o 54v (configurable desde DIP Switch)<\/li>\n<li style='margin-bottom: 5px;'>2 puertos SFP de 10\/100\/1000 Mbps para Uplink<\/li>\n<li style='margin-bottom: 5px;'>El puerto &#8216;1&#8217; soporta hasta 90 W y los puertos &#8216;1-4&#8217; soportan PoE extended (300 mts)<\/li>\n<li style='margin-bottom: 5px;'>Modo de trabajo: Standart mode (default)&comma; Extended mode&comma; Isolation mode&comma; PoE watchdog mode<\/li>\n<li style='margin-bottom: 5px;'>PoE Watchdog para detectar inactividad y reiniciar autom\u00e1ticamente las c\u00e1maras que no responden<\/li>\n<li style='margin-bottom: 5px;'>Soporta Port Isolation para separar virtualmente cada uno de los puertos para prevenir fuga de datos<\/li>\n<li style='margin-bottom: 5px;'>Presupuesto PoE: DC 54 V input: 120 W DC 12 V~24 V input: 60 W<\/li>\n<li style='margin-bottom: 5px;'>Monitorea el estado de salud y el consumo de energia del equipo y bateria restante<\/li>\n<\/ul><\/div>\n<\/p><\/div>\n<\/p><\/div>\n<div style='flex: 1 1 400px; min-width: 280px;'>\n<div style='border: 1px solid rgba(150&comma;150&comma;150&comma;0.4); border-radius: 8px; overflow: hidden;'>\n<div style='padding: 15px; background: #df001e; border-bottom: 1px solid rgba(168&comma;0&comma;0&comma;0.5); font-weight: bold; font-size: 16px; color: #ffffff;'>Caracter\u00edsticas F\u00edsicas y El\u00e9ctricas:<\/div>\n<div style='padding: 15px; color: inherit;'>\n<ul style='padding-left: 20px; margin: 0; font-size: 14px; list-style-type: disc;'>\n<li style='margin-bottom: 5px;'>Presupuesto de energ\u00eda PoE 120 W<\/li>\n<li style='margin-bottom: 5px;'>Capacidad de conmutaci\u00f3n 14 Gbps<\/li>\n<li style='margin-bottom: 5px;'>Tasa de reenv\u00edo de paquetes 10.42 Mpps<\/li>\n<li style='margin-bottom: 5px;'>M\u00e1ximo consumo de energ\u00eda 300 W<\/li>\n<li style='margin-bottom: 5px;'>Dimensiones (An x Al x Pr) 158.00 mm \u00d7 44.00 mm \u00d7 130.00 mm<\/li>\n<li style='margin-bottom: 5px;'>Temperatura de funcionamiento: -40 \u00b0C a 75 \u00b0C<\/li>\n<li style='margin-bottom: 5px;'>Temperatura de almacenamiento: -40 \u00b0C a 85 \u00b0C<\/li>\n<li style='margin-bottom: 5px;'>Fuente De Alimentaci\u00f3n (No incluida) 12 V DC&comma; 10 A o 24 V DC&comma; 5 A; 54 V 2.22 A<\/li>\n<\/ul><\/div>\n<\/p><\/div>\n<\/p><\/div>\n<\/p><\/div>\n<p> <!-- Caracter\u00edsticas avanzadas --> <\/p>\n<div style='margin: 30px 0;'>\n<div style='border: 1px solid rgba(150&comma;150&comma;150&comma;0.4); border-radius: 8px; overflow: hidden;'>\n<div style='padding: 15px; background: #df001e; border-bottom: 1px solid rgba(168&comma;0&comma;0&comma;0.5); font-weight: bold; font-size: 16px; color: #ffffff;'>Caracter\u00edsticas Avanzadas<\/div>\n<div style='padding: 15px; color: inherit;'>\n<ul style='padding-left: 20px; margin: 0; font-size: 14px; list-style-type: disc;'>\n<li style='margin-bottom: 5px;'>Aislado de puertos<\/li>\n<li style='margin-bottom: 5px;'>PoE Watchdog<\/li>\n<li style='margin-bottom: 5px;'>Link Aggregation<\/li>\n<li style='margin-bottom: 5px;'>Prevenci\u00f3n de loop<\/li>\n<li style='margin-bottom: 5px;'>VLAN&#8217;S<\/li>\n<\/ul><\/div>\n<\/p><\/div>\n<\/p><\/div>\n<p> <!-- Consideraciones --> <\/p>\n<div style='margin: 30px 0;'>\n<div style='border: 1px solid rgba(150&comma;150&comma;150&comma;0.4); border-radius: 8px; overflow: hidden;'>\n<div style='padding: 15px; background: #df001e; border-bottom: 1px solid rgba(168&comma;0&comma;0&comma;0.5); font-weight: bold; font-size: 16px; color: #ffffff;'>Consideraciones<\/div>\n<div style='padding: 15px; color: inherit;'>\n<ul style='padding-left: 20px; margin: 0; font-size: 14px; list-style-type: disc;'>\n<li style='margin-bottom: 5px;'><strong>Nota:<\/strong> NO INCLUYE BATERIA<\/li>\n<li style='margin-bottom: 5px;'>El switch puede operar de 2 maneras:\n<ul style='padding-left: 20px; margin-top: 5px; margin-bottom: 5px;'>\n<li style='margin-bottom: 5px;'>Alimentar el equipo por medio de una fuente de poder (Modelos recomendados: <a href='https:\/\/www.syscom.mx\/products\/176136' style='color: inherit; text-decoration: underline;'>NDR-120-48<\/a>&comma; <a href='https:\/\/www.syscom.mx\/products\/168706' style='color: inherit; text-decoration: underline;'>NDR24048<\/a>&comma; <a href='https:\/\/www.syscom.mx\/products\/176138' style='color: inherit; text-decoration: underline;'>NDR-480-48<\/a> <\/li>\n<li style='margin-bottom: 5px;'>Se puede alimentar por medio de un panel solar y utilizar una bater\u00eda de respaldo para utilizar el switch en modo UPS se alimenta de 12 VCD (bater\u00eda no incluida)<\/li>\n<\/ul>\n<\/li>\n<li style='margin-bottom: 5px;'>Seg\u00fan las condiciones de instalaci\u00f3n y los dispositivos utilizados&comma; es necesario usar cable UTP CAT 6 100% COBRE<\/li>\n<li style='margin-bottom: 5px;'>El modo extendido y el extensor PoE solo soportan equipos que trabajen con el est\u00e1ndar PoE (IEEE 802.3af\/at)<\/li>\n<li style='margin-bottom: 5px; color: #e74c3c; font-weight: bolder;'>NO montable en rack<\/li>\n<\/ul><\/div>\n<\/p><\/div>\n<\/p><\/div>\n<p> <!-- Im\u00e1genes adicionales --> <\/p>\n<div style='display: flex; flex-wrap: wrap; gap: 30px; margin: 30px 0; justify-content: center;'>\n<div style='flex: 1 1 300px; min-width: 280px;'> <img style='width: 100%; height: auto; border: 1px solid rgba(150&comma;150&comma;150&comma;0.3); border-radius: 8px;' src='http:\/\/ftp3.syscom.mx\/usuarios\/roberto.espino\/Transmision\/switch\/solar.PNG' alt='Switch solar'> <\/div>\n<div style='flex: 1 1 300px; min-width: 280px;'>\n<h4 style='font-size: 18px; text-align: center; margin-bottom: 15px; color: inherit; opacity: 0.8;'>Distancias Modo Extendido<\/h4>\n<p> <img style='width: 100%; height: auto; border: 1px solid rgba(150&comma;150&comma;150&comma;0.3); border-radius: 8px;' src='https:\/\/ftp3.syscom.mx\/usuarios\/jsosa\/HIKVISION\/redes\/poeextended.PNG' alt='Distancias Modo Extendido'> <\/div>\n<\/p><\/div>\n<p> <!-- Funcionamiento PoE Extended --> <\/p>\n<div style='margin: 30px 0; text-align: center;'>\n<h4 style='font-size: 18px; border-bottom: 2px solid currentColor; padding-bottom: 5px; margin: 0 auto 0 0; display: inline-block; color: inherit; opacity: 0.8;'>Funcionamiento PoE Extended<\/h4>\n<p style='margin-top: 15px; font-size: 14px; color: inherit;'>Los Switches PoE de Hikvision permiten al momento de utilizar un extensor PoE Hikvision modelo <a href='https:\/\/www.syscom.mx\/producto\/DS-3E0103DP-E-R-HIKVISION-230170.html' style='color: inherit; text-decoration: underline;'>DS-3E0103DP-E\/R<\/a> o <a href='https:\/\/www.syscom.mx\/producto\/DS-3E0503DP-E-R-HIKVISION-230171.html' style='color: inherit; text-decoration: underline;'>DS-3E0503DP-E\/R<\/a> alcanzar distancias de hasta <strong style='color: inherit;'>200 metros<\/strong> <\/p>\n<p> <img style='width: 100%; max-width: 800px; height: auto; border: 1px solid rgba(150&comma;150&comma;150&comma;0.3); border-radius: 8px; margin-top: 15px;' src='https:\/\/ftp3.syscom.mx\/usuarios\/alexh\/Hikvision\/imagen\/Distancias.PNG' alt='Funcionamiento PoE Extended'> <\/div>\n<\/p><\/div>\n","protected":false},"excerpt":{"rendered":"<p>Switch Industrial con UPS \/ Administrable Gigabit \/ 3 Puertos Gigabit PoE+ (30 W) + 1 Puertos Gigabit PoE++ (90 W) \/ 2 Puertos SFP \/ 120 W Total \/ 48 a 57 VCD \/ Ideal para Proyectos \/ 300 Metros de Distancia<\/p>\n","protected":false},"featured_media":99230,"comment_status":"open","ping_status":"closed","template":"","meta":[],"product_brand":[],"product_cat":[1986],"product_tag":[54,664,1987],"class_list":{"0":"post-99231","1":"product","2":"type-product","3":"status-publish","4":"has-post-thumbnail","6":"product_cat-switches-poe","7":"product_tag-hikvision","8":"product_tag-networking","9":"product_tag-switches-poe","11":"first","12":"instock","13":"sale","14":"shipping-taxable","15":"purchasable","16":"product-type-simple"},"_links":{"self":[{"href":"https:\/\/soydeaqui.ddns.net\/pachuca\/index.php\/wp-json\/wp\/v2\/product\/99231","targetHints":{"allow":["GET"]}}],"collection":[{"href":"https:\/\/soydeaqui.ddns.net\/pachuca\/index.php\/wp-json\/wp\/v2\/product"}],"about":[{"href":"https:\/\/soydeaqui.ddns.net\/pachuca\/index.php\/wp-json\/wp\/v2\/types\/product"}],"replies":[{"embeddable":true,"href":"https:\/\/soydeaqui.ddns.net\/pachuca\/index.php\/wp-json\/wp\/v2\/comments?post=99231"}],"wp:featuredmedia":[{"embeddable":true,"href":"https:\/\/soydeaqui.ddns.net\/pachuca\/index.php\/wp-json\/wp\/v2\/media\/99230"}],"wp:attachment":[{"href":"https:\/\/soydeaqui.ddns.net\/pachuca\/index.php\/wp-json\/wp\/v2\/media?parent=99231"}],"wp:term":[{"taxonomy":"product_brand","embeddable":true,"href":"https:\/\/soydeaqui.ddns.net\/pachuca\/index.php\/wp-json\/wp\/v2\/product_brand?post=99231"},{"taxonomy":"product_cat","embeddable":true,"href":"https:\/\/soydeaqui.ddns.net\/pachuca\/index.php\/wp-json\/wp\/v2\/product_cat?post=99231"},{"taxonomy":"product_tag","embeddable":true,"href":"https:\/\/soydeaqui.ddns.net\/pachuca\/index.php\/wp-json\/wp\/v2\/product_tag?post=99231"}],"curies":[{"name":"wp","href":"https:\/\/api.w.org\/{rel}","templated":true}]}}