{"id":99216,"date":"2026-03-20T10:17:04","date_gmt":"2026-03-20T10:17:04","guid":{"rendered":"https:\/\/soydeaqui.ddns.net\/pachuca\/index.php\/producto\/camara-movil-ip-2-megapixel-lente-2-mm-3-mts-ir-interior-wdr-120-db-conector-m12-conteo-de-personas\/"},"modified":"2026-03-20T10:17:06","modified_gmt":"2026-03-20T10:17:06","slug":"camara-movil-ip-2-megapixel-lente-2-mm-3-mts-ir-interior-wdr-120-db-conector-m12-conteo-de-personas","status":"publish","type":"product","link":"https:\/\/soydeaqui.ddns.net\/pachuca\/index.php\/producto\/camara-movil-ip-2-megapixel-lente-2-mm-3-mts-ir-interior-wdr-120-db-conector-m12-conteo-de-personas\/","title":{"rendered":"C\u00e1mara M\u00f3vil IP 2 Megapixel \/ Lente 2 mm \/ 3 mts IR \/ Interior \/ WDR 120 dB \/ Conector M12 \/ Conteo de Personas"},"content":{"rendered":"<div style='width: 100%; max-width: 1200px; margin: 0 auto; font-family: sans-serif; line-height: 1.6; color: inherit; background-color: transparent;'>\n<p style='text-align: center; margin: 0 0 20px 0;'><img style='width: 100%; max-width: 400px; height: auto; border: 1px solid rgba(150&comma;150&comma;150&comma;0.3); border-radius: 8px;' src='https:\/\/ftp3.syscom.mx\/usuarios\/jsosa\/HIKVISION\/imagenes\/logo\/hikvision%20see%20far.png' alt='Logo Hikvision'><\/p>\n<div style='display: flex; flex-wrap: wrap; gap: 30px; margin-bottom: 30px;'>\n<div style='flex: 1 1 300px; min-width: 280px;'>\n<h3 style='font-size: 22px; border-bottom: 2px solid currentColor; padding-bottom: 5px; margin-top: 0; color: inherit; opacity: 0.8;'>Caracter\u00edsticas principales<\/h3>\n<ul style='padding-left: 20px; font-size: 15px; color: inherit;'>\n<li style='margin-bottom: 5px;'>Resoluci\u00f3n m\u00e1xima: 2 Megapixel (1920*1080)<\/li>\n<li style='margin-bottom: 5px;'>Soporta ONVIF (PROFILE S&comma; PROFILE G) \/ ISAPI<\/li>\n<li style='margin-bottom: 5px;'>Compresi\u00f3n: H.265+ \/ H.265 \/ H.264+ \/ H.264<\/li>\n<li style='margin-bottom: 5px;'>Lente 2 mm (\u00e1ngulo de visi\u00f3n 108\u00b0)<\/li>\n<li style='margin-bottom: 5px;'>Distancia de IR (visi\u00f3n nocturna): 3 metros<\/li>\n<li style='margin-bottom: 5px;'>WDR Real 120dB \/ BLC \/ 3D DNR<\/li>\n<\/ul><\/div>\n<div style='flex: 1 1 300px; min-width: 280px;'>\n<h3 style='font-size: 22px; border-bottom: 2px solid currentColor; padding-bottom: 5px; margin-top: 0; color: inherit; opacity: 0.8;'>Caracter\u00edsticas F\u00edsicas y El\u00e9ctricas<\/h3>\n<ul style='padding-left: 20px; font-size: 15px; color: inherit;'>\n<li style='margin-bottom: 5px;'>Soporta memoria microSD&comma; m\u00e1ximo 256GB (no incluida)<\/li>\n<li style='margin-bottom: 5px;'>Interior<\/li>\n<li style='margin-bottom: 5px;'>Conector M12<\/li>\n<li style='margin-bottom: 5px;'>Temperatura de operaci\u00f3n: -30\u00b0C a 75\u00b0C<\/li>\n<li style='margin-bottom: 5px;'>Alimentaci\u00f3n: 9-36 V&#038; PoE (802.3af&comma; 36 V to 57 V)<\/li>\n<li style='margin-bottom: 5px;'>Dimensiones: 78.8 mm \u00d7 81.6 mm x 63.8 mm<\/li>\n<li style='margin-bottom: 5px;'>Peso: 330 gramos<\/li>\n<\/ul>\n<h4 style='font-size: 18px; margin-top: 20px; margin-bottom: 10px; color: inherit; opacity: 0.8;'>Compatible con DVR`s m\u00f3viles<\/h4>\n<ul style='padding-left: 20px; font-size: 15px; color: inherit;'>\n<li style='margin-bottom: 5px;'><a style='color: inherit; text-decoration: none;' href='https:\/\/www.syscom.mx\/producto\/hikvision-ae-mn5043(m12)-227407.html' target='_blank' rel='noopener'>AE-MN5043(M12)<\/a><\/li>\n<li style='margin-bottom: 5px;'>AE-MN7083(1T)(M12)<\/li>\n<li style='margin-bottom: 5px;'>AE-MN5043(1T)(M12)<\/li>\n<\/ul><\/div>\n<\/p><\/div>\n<hr style='border: 0; border-top: 1px solid rgba(150&comma; 150&comma; 150&comma; 0.3); margin: 30px 0;'>\n<p style='margin: 30px 0 0 0;'><img style='width: 100%; height: auto; border: 1px solid rgba(150&comma;150&comma;150&comma;0.3); border-radius: 8px;' src='https:\/\/ftp3.syscom.mx\/usuarios\/jsosa\/HIKVISION\/imagenes\/banners\/solution%20complete.png' alt='Soluci\u00f3n completa Hikvision'><\/p>\n<\/p><\/div>\n","protected":false},"excerpt":{"rendered":"<p>C\u00e1mara M\u00f3vil IP 2 Megapixel \/ Lente 2 mm \/ 3 mts IR \/ Interior \/ WDR 120 dB \/ Conector M12 \/ Conteo de Personas<\/p>\n","protected":false},"featured_media":99215,"comment_status":"open","ping_status":"closed","template":"","meta":[],"product_brand":[],"product_cat":[2272,1406],"product_tag":[2273,1409,54,1345],"class_list":{"0":"post-99216","1":"product","2":"type-product","3":"status-publish","4":"has-post-thumbnail","6":"product_cat-camaras-moviles","7":"product_cat-videograbadoras-moviles-videovigilancia","8":"product_tag-camaras-moviles","9":"product_tag-dash-cams-y-body-cams","10":"product_tag-hikvision","11":"product_tag-videograbadoras-moviles","13":"first","14":"outofstock","15":"sale","16":"shipping-taxable","17":"purchasable","18":"product-type-simple"},"_links":{"self":[{"href":"https:\/\/soydeaqui.ddns.net\/pachuca\/index.php\/wp-json\/wp\/v2\/product\/99216","targetHints":{"allow":["GET"]}}],"collection":[{"href":"https:\/\/soydeaqui.ddns.net\/pachuca\/index.php\/wp-json\/wp\/v2\/product"}],"about":[{"href":"https:\/\/soydeaqui.ddns.net\/pachuca\/index.php\/wp-json\/wp\/v2\/types\/product"}],"replies":[{"embeddable":true,"href":"https:\/\/soydeaqui.ddns.net\/pachuca\/index.php\/wp-json\/wp\/v2\/comments?post=99216"}],"wp:featuredmedia":[{"embeddable":true,"href":"https:\/\/soydeaqui.ddns.net\/pachuca\/index.php\/wp-json\/wp\/v2\/media\/99215"}],"wp:attachment":[{"href":"https:\/\/soydeaqui.ddns.net\/pachuca\/index.php\/wp-json\/wp\/v2\/media?parent=99216"}],"wp:term":[{"taxonomy":"product_brand","embeddable":true,"href":"https:\/\/soydeaqui.ddns.net\/pachuca\/index.php\/wp-json\/wp\/v2\/product_brand?post=99216"},{"taxonomy":"product_cat","embeddable":true,"href":"https:\/\/soydeaqui.ddns.net\/pachuca\/index.php\/wp-json\/wp\/v2\/product_cat?post=99216"},{"taxonomy":"product_tag","embeddable":true,"href":"https:\/\/soydeaqui.ddns.net\/pachuca\/index.php\/wp-json\/wp\/v2\/product_tag?post=99216"}],"curies":[{"name":"wp","href":"https:\/\/api.w.org\/{rel}","templated":true}]}}