{"id":99174,"date":"2026-03-20T10:15:11","date_gmt":"2026-03-20T10:15:11","guid":{"rendered":"https:\/\/soydeaqui.ddns.net\/pachuca\/index.php\/producto\/hikcentral-lite-licencia-anade-1-canal-adicional-de-reconocimiento-de-placas-hikcentral-l-vss-1ch-anpr\/"},"modified":"2026-03-20T10:15:13","modified_gmt":"2026-03-20T10:15:13","slug":"hikcentral-lite-licencia-anade-1-canal-adicional-de-reconocimiento-de-placas-hikcentral-l-vss-1ch-anpr","status":"publish","type":"product","link":"https:\/\/soydeaqui.ddns.net\/pachuca\/index.php\/producto\/hikcentral-lite-licencia-anade-1-canal-adicional-de-reconocimiento-de-placas-hikcentral-l-vss-1ch-anpr\/","title":{"rendered":"HikCentral Lite \/ Licencia A\u00f1ade 1 Canal Adicional de Reconocimiento de Placas (HikCentral-L-VSS-1Ch\/ANPR)"},"content":{"rendered":"<div style='width: 100%; max-width: 1200px; margin: 0 auto; font-family: sans-serif; line-height: 1.6; color: inherit; background-color: transparent;'>\n<p style='text-align: center; margin: 20px 0;'><img style='width: 100%; max-width: 400px; height: auto; border: 1px solid rgba(150&comma;150&comma;150&comma;0.3); border-radius: 8px;' src='https:\/\/ftp3.syscom.mx\/usuarios\/jsosa\/HIKVISION\/imagenes\/logo\/hikvision%20see%20far.png' alt='Logo Hikvision'><\/p>\n<div style='display: flex; flex-wrap: wrap; gap: 30px; margin-bottom: 30px;'>\n<div style='flex: 1 1 300px; min-width: 280px;'>\n<h3 style='font-size: 22px; border-bottom: 2px solid currentColor; padding-bottom: 5px; margin-top: 0; color: inherit; opacity: 0.8;'>Caracter\u00edsticas Principales<\/h3>\n<ul style='padding-left: 20px; font-size: 15px; color: inherit;'>\n<li style='margin-bottom: 5px;'>Esta licencia a\u00f1ade un canal de Reconocimiento de Placas al sistema de HikCentral Lite.<\/li>\n<li style='margin-bottom: 5px;'>Necesita una camara con la funci\u00f3n de ANPR&comma; el software NO hace el analitico.<\/li>\n<li style='margin-bottom: 5px;'>NO requiere licencia Base.<\/li>\n<li style='margin-bottom: 5px;'>Hikcentral Lite soporta maximo hasta 8 camaras de ANPR.<\/li>\n<li style='margin-bottom: 5px;'>Licencia Vitalicia (Permanente).<\/li>\n<\/ul><\/div>\n<div style='flex: 1 1 300px; min-width: 280px;'>\n<h3 style='font-size: 22px; border-bottom: 2px solid currentColor; padding-bottom: 5px; margin-top: 0; color: inherit; opacity: 0.8;'>Consideraciones<\/h3>\n<ul style='padding-left: 20px; font-size: 15px; color: inherit;'>\n<li style='margin-bottom: 5px;'>Al comprar cualquier licencia de HikCentral Lite&comma; usted recibir\u00e1 un archivo PDF en donde obtendr\u00e1 un codigo para poder activar \/ a\u00f1adir la licencia a la plataforma.<\/li>\n<li style='margin-bottom: 5px;'>Todas las licencias de HikCentral Lite&comma; tiene un tiempo estimado de entrega de 8 a 10 dias habiles despues de generar la orden de compra.<\/li>\n<li style='margin-bottom: 5px;'>No hay devoluciones o reembolsos de la licencia adquirida. Tampoco aplica cancelaci\u00f3n si ya se dio un anticipo para poder procesar la compra.<\/li>\n<\/ul><\/div>\n<\/p><\/div>\n<hr style='border: 0; border-top: 1px solid rgba(150&comma; 150&comma; 150&comma; 0.3); margin: 30px 0;'>\n<div style='margin: 30px 0;'> <img style='width: 100%; height: auto; border: 1px solid rgba(150&comma;150&comma;150&comma;0.3); border-radius: 8px;' src='https:\/\/ftp3.syscom.mx\/usuarios\/yalvarado\/hikvision\/HCL\/3-10-2025%201-34-27%20PM.jpg' alt='HikCentral Lite interfaz'> <\/div>\n<hr style='border: 0; border-top: 1px solid rgba(150&comma; 150&comma; 150&comma; 0.3); margin: 30px 0;'>\n<div style='margin-bottom: 30px;'>\n<h2 style='text-align: center; font-size: 24px; margin-bottom: 20px; color: inherit;'>\u00bfQue es HikCentral Lite?<\/h2>\n<p style='text-align: justify; font-size: 15px; color: inherit;'>HikCentral Lite es una soluci\u00f3n de gesti\u00f3n de seguridad dise\u00f1ada para facilitar la administraci\u00f3n de control de acceso y videovigilancia en empresas peque\u00f1as y medianas. Compatible con hasta 128 canales y 32 puertas&comma; el software ofrece una interfaz gr\u00e1fica intuitiva&comma; soporte multiusuario con roles y compatibilidad con est\u00e1ndares como ONVIF y Dahua. Es ideal para entornos que requieren una supervisi\u00f3n centralizada&comma; incluyendo funcionalidades avanzadas como reconocimiento facial&comma; ANPR y conteo de personas.<\/p>\n<\/p><\/div>\n<div style='margin: 30px 0;'> <img style='width: 100%; height: auto; border: 1px solid rgba(150&comma;150&comma;150&comma;0.3); border-radius: 8px;' src='https:\/\/ftp3.syscom.mx\/usuarios\/yalvarado\/hikvision\/HCL\/3-10-2025%202-07-07%20PM.jpg' alt='Interfaz HikCentral Lite'> <\/div>\n<div style='margin: 30px 0;'> <img style='width: 100%; height: auto; border: 1px solid rgba(150&comma;150&comma;150&comma;0.3); border-radius: 8px;' src='https:\/\/ftp3.syscom.mx\/usuarios\/yalvarado\/hikvision\/HCL\/3-10-2025%203-45-55%20PM.jpg' alt='Caracter\u00edsticas HikCentral Lite'> <\/div>\n<\/p><\/div>\n","protected":false},"excerpt":{"rendered":"<p>HikCentral Lite \/ Licencia A\u00f1ade 1 Canal Adicional de Reconocimiento de Placas (HikCentral-L-VSS-1Ch\/ANPR)<\/p>\n","protected":false},"featured_media":99173,"comment_status":"open","ping_status":"closed","template":"","meta":[],"product_brand":[],"product_cat":[2262],"product_tag":[54,2263],"class_list":{"0":"post-99174","1":"product","2":"type-product","3":"status-publish","4":"has-post-thumbnail","6":"product_cat-hikvision-software-vms-y-analiticas","7":"product_tag-hikvision","8":"product_tag-software-vms-y-analiticas","10":"first","11":"outofstock","12":"sale","13":"shipping-taxable","14":"purchasable","15":"product-type-simple"},"_links":{"self":[{"href":"https:\/\/soydeaqui.ddns.net\/pachuca\/index.php\/wp-json\/wp\/v2\/product\/99174","targetHints":{"allow":["GET"]}}],"collection":[{"href":"https:\/\/soydeaqui.ddns.net\/pachuca\/index.php\/wp-json\/wp\/v2\/product"}],"about":[{"href":"https:\/\/soydeaqui.ddns.net\/pachuca\/index.php\/wp-json\/wp\/v2\/types\/product"}],"replies":[{"embeddable":true,"href":"https:\/\/soydeaqui.ddns.net\/pachuca\/index.php\/wp-json\/wp\/v2\/comments?post=99174"}],"wp:featuredmedia":[{"embeddable":true,"href":"https:\/\/soydeaqui.ddns.net\/pachuca\/index.php\/wp-json\/wp\/v2\/media\/99173"}],"wp:attachment":[{"href":"https:\/\/soydeaqui.ddns.net\/pachuca\/index.php\/wp-json\/wp\/v2\/media?parent=99174"}],"wp:term":[{"taxonomy":"product_brand","embeddable":true,"href":"https:\/\/soydeaqui.ddns.net\/pachuca\/index.php\/wp-json\/wp\/v2\/product_brand?post=99174"},{"taxonomy":"product_cat","embeddable":true,"href":"https:\/\/soydeaqui.ddns.net\/pachuca\/index.php\/wp-json\/wp\/v2\/product_cat?post=99174"},{"taxonomy":"product_tag","embeddable":true,"href":"https:\/\/soydeaqui.ddns.net\/pachuca\/index.php\/wp-json\/wp\/v2\/product_tag?post=99174"}],"curies":[{"name":"wp","href":"https:\/\/api.w.org\/{rel}","templated":true}]}}