{"id":99149,"date":"2026-03-20T10:14:00","date_gmt":"2026-03-20T10:14:00","guid":{"rendered":"https:\/\/soydeaqui.ddns.net\/pachuca\/index.php\/producto\/dvr-16-canales-turbohd-16-canales-ip-8-megapixel-4k-audio-bidireccional-acusense-audio-bidireccional-1-bahia-de-disco-duro-salida-de-video-en-full-hd-h-265\/"},"modified":"2026-03-20T10:14:09","modified_gmt":"2026-03-20T10:14:09","slug":"dvr-16-canales-turbohd-16-canales-ip-8-megapixel-4k-audio-bidireccional-acusense-audio-bidireccional-1-bahia-de-disco-duro-salida-de-video-en-full-hd-h-265","status":"publish","type":"product","link":"https:\/\/soydeaqui.ddns.net\/pachuca\/index.php\/producto\/dvr-16-canales-turbohd-16-canales-ip-8-megapixel-4k-audio-bidireccional-acusense-audio-bidireccional-1-bahia-de-disco-duro-salida-de-video-en-full-hd-h-265\/","title":{"rendered":"DVR 16 Canales TURBOHD + 16 Canales IP \/ 8 Megapixel (4K) \/ Audio Bidireccional \/ ACUSENSE \/ Audio Bidireccional \/ 1 Bah\u00eda de Disco Duro \/ Salida de Video en Full HD \/ H.265+"},"content":{"rendered":"<div style='width: 100%; max-width: 1200px; margin: 0 auto; font-family: sans-serif; line-height: 1.6; color: inherit; background-color: transparent;'> <!-- Im\u00e1genes del producto --> <\/p>\n<div style='display: flex; flex-wrap: wrap; gap: 30px; margin-bottom: 30px;'>\n<div style='flex: 1 1 300px; min-width: 280px;'> <img style='width: 100%; height: auto; border: 1px solid rgba(150&comma;150&comma;150&comma;0.3); border-radius: 8px;' src='https:\/\/ftp3.syscom.mx\/usuarios\/fotos\/IDS7208HQHIM1\/S(C)\/192927-untitled.png' alt=''> <\/div>\n<div style='flex: 1 1 300px; min-width: 280px;'> <img style='width: 100%; height: auto; border: 1px solid rgba(150&comma;150&comma;150&comma;0.3); border-radius: 8px;' src='https:\/\/ftp3.syscom.mx\/usuarios\/fotos\/IDS7208HQHIM1\/S(C)\/192927-untitled_(2).png' alt=''> <\/div>\n<\/p><\/div>\n<p> <!-- Caracter\u00edsticas Principales --> <\/p>\n<div style='display: flex; flex-wrap: wrap; gap: 20px; margin-bottom: 30px;'>\n<div style='flex: 1 1 250px; border: 1px solid rgba(150&comma; 150&comma; 150&comma; 0.4); border-radius: 8px; overflow: hidden; display: flex; flex-direction: column;'>\n<div style='padding: 15px; border-bottom: 1px solid rgba(150&comma; 150&comma; 150&comma; 0.2); font-weight: bold; font-size: 18px; color: inherit; background-color: #df001e;'>Caracter\u00edsticas Principales:<\/div>\n<div style='padding: 15px; color: inherit;'>\n<ul style='padding-left: 20px; margin: 0; font-size: 14px; list-style-type: disc;'>\n<li style='margin-bottom: 5px;'>Soporta audio por coaxitron en todos los canales (UTP o coaxial)<\/li>\n<li style='margin-bottom: 5px;'>Soporta ACUSENSE<\/li>\n<li style='margin-bottom: 5px;'>Soporta 16 canales TURBOHD + 16 canales IP = 32 canales en total<\/li>\n<li style='margin-bottom: 5px;'>DVR pentah\u00edbrido: HD-TVI \/ HD-CVI \/ Analogico \/ IP \/ AHD<\/li>\n<li style='margin-bottom: 5px;'>Acceso remoto: PC (WINDOWS \/ MAC)&comma; Smart Phone (iPhone&comma; iPad&comma; Android)<\/li>\n<li style='margin-bottom: 5px;'>Compatibilidad con navegador Internet Explorer o Chrome<\/li>\n<li style='margin-bottom: 5px;'>Software cliente multi sitio de hasta 64 canales (iVMS-4200)<\/li>\n<li style='margin-bottom: 5px;'>Compatible con Hik-Connect P2P<\/li>\n<li style='margin-bottom: 5px;'>Soporta servicio DDNS Hik-Connect Domain \/ DynDNS<\/li>\n<li style='margin-bottom: 5px;'>1 entrada y 1 salida de audio (bocina y microfono externo)<\/li>\n<li style='margin-bottom: 5px;'>Soporta 1 HDD de hasta 10 TB (no incluido)<\/li>\n<li style='margin-bottom: 5px;'>Interfaz serial: RS-485 (HIKVISION C&comma; COAXITRON&comma; PELCO D&comma; PELCO P&comma; etc)<\/li>\n<li style='margin-bottom: 5px;'>Compresi\u00f3n: H.265+ \/ H.265 \/ H.264<\/li>\n<li style='margin-bottom: 5px; font-weight: bold;'>Salida de video sumultaneo en HDMI y VGA<\/li>\n<\/ul><\/div>\n<\/p><\/div>\n<p> <!-- Caracter\u00edsticas F\u00edsicas y El\u00e9ctricas --> <\/p>\n<div style='flex: 1 1 250px; border: 1px solid rgba(150&comma; 150&comma; 150&comma; 0.4); border-radius: 8px; overflow: hidden; display: flex; flex-direction: column;'>\n<div style='padding: 15px; border-bottom: 1px solid rgba(150&comma; 150&comma; 150&comma; 0.2); font-weight: bold; font-size: 18px; color: inherit; background-color: #df001e;'>Caracter\u00edsticas F\u00edsicas y El\u00e9ctricas<\/div>\n<div style='padding: 15px; color: inherit;'>\n<ul style='padding-left: 20px; margin: 0; font-size: 14px; list-style-type: disc;'>\n<li style='margin-bottom: 5px;'>Alimentaci\u00f3n: 12 Vcc (fuente incluida)<\/li>\n<li style='margin-bottom: 5px;'>Consumo sin HDD: 18 watts<\/li>\n<li style='margin-bottom: 5px;'>Temperatura de operaci\u00f3n: -10 \u00baC hasta 55 \u00baC<\/li>\n<li style='margin-bottom: 5px;'>Dimensiones: 315 x 242 x 45 mm (W \u00d7 D \u00d7 H)<\/li>\n<li style='margin-bottom: 5px;'>Peso: 1.78 Kg sin HDD<\/li>\n<li style='margin-bottom: 5px;'>No compatible con control remoto<\/li>\n<li style='margin-bottom: 5px;'>Entrada de alarma: N\/A<\/li>\n<li style='margin-bottom: 5px;'>Salida de alarma: N\/A<\/li>\n<\/ul><\/div>\n<\/p><\/div>\n<p> <!-- Resoluciones --> <\/p>\n<div style='flex: 1 1 250px; border: 1px solid rgba(150&comma; 150&comma; 150&comma; 0.4); border-radius: 8px; overflow: hidden; display: flex; flex-direction: column;'>\n<div style='padding: 15px; border-bottom: 1px solid rgba(150&comma; 150&comma; 150&comma; 0.2); font-weight: bold; font-size: 18px; color: inherit; background-color: #df001e;'>Resolucion<\/div>\n<div style='padding: 15px; color: inherit;'>\n<ul style='padding-left: 20px; margin: 0; font-size: 14px; list-style-type: disc;'>\n<li style='margin-bottom: 5px;'>TVI (TURBOHD): 4K (8 MP) \/ 3K \/ 5 MP \/ 4 MP \/ 2 MP<\/li>\n<li style='margin-bottom: 5px;'>CVI: 8 MP \/ 5 MP \/ 4 MP \/ 2 MP<\/li>\n<li style='margin-bottom: 5px;'>AHD: 5 MP \/ 4 MP \/ 2 MP<\/li>\n<li style='margin-bottom: 5px;'>CVBS (anal\u00f3gico): 1200 TVL<\/li>\n<li style='margin-bottom: 5px;'>IP: 4K (8 MP)\/ 5 MP\/ 6 MP\/ 4 MP \/ 2 MP<\/li>\n<\/ul><\/div>\n<\/p><\/div>\n<p> <!-- Caracter\u00edsticas Destacadas --> <\/p>\n<div style='flex: 1 1 250px; border: 1px solid rgba(150&comma; 150&comma; 150&comma; 0.4); border-radius: 8px; overflow: hidden; display: flex; flex-direction: column;'>\n<div style='padding: 15px; border-bottom: 1px solid rgba(150&comma; 150&comma; 150&comma; 0.2); font-weight: bold; font-size: 18px; color: inherit; background-color: #df001e;'>Caracter\u00edsticas Destacadas<\/div>\n<div style='padding: 15px; color: inherit;'>\n<ul style='padding-left: 20px; margin: 0; font-size: 14px; list-style-type: disc;'>\n<li style='margin-bottom: 5px;'>Soporta 8 canales con tecnologia ACUSENSE&comma; permite filtrar por analitica de cruce de linea o intrusion de area humanos o vehiculos para activar un evento o grabaci\u00f3n&comma; esto nos permite descartar falsas alarmas (grabaciones) cuando exista un movimiento de hojas o movimiento de algun animal&comma; vuelve mas eficiente la grabaci\u00f3n cuando realmente si sea necesario.<\/li>\n<li style='margin-bottom: 5px;'>Soporta en todos los canales con tecnolog\u00eda ACUSENSE Lite&comma; permite filtrar por detecci\u00f3n de movimiento humanos o vehiculos para activar un evento o grabaci\u00f3n&comma; esto nos permite descartar falsas alarmas (grabaciones) cuando exista un movimiento de hojas o movimiento de algun animal&comma; vuelve mas eficiente la grabaci\u00f3n cuando realmente si sea necesario.<\/li>\n<li style='margin-bottom: 5px;'>No es posible usar ACUSENSE y ACUSENSE Lite al mismo tiempo&comma; se tiene que definir el modo de uso.<\/li>\n<li style='margin-bottom: 5px;'>Soporta apagar canales TURBOHD y poder conventir el DVR en un equipo NVR completo&comma; por cada canal TURBOHD que se apague se puede generar un canal IP adicional. Podemos tener hasta 16 canales IP en total.<\/li>\n<\/ul><\/div>\n<\/p><\/div>\n<\/p><\/div>\n<p> <!-- Imagen final --> <\/p>\n<div style='margin-bottom: 30px;'> <img style='width: 100%; height: auto; border: 1px solid rgba(150&comma;150&comma;150&comma;0.3); border-radius: 8px;' src='https:\/\/ftp3.syscom.mx\/usuarios\/jsosa\/HIKVISION\/imagenes\/banners\/solution%20complete.png' alt=''> <\/div>\n<\/p><\/div>\n","protected":false},"excerpt":{"rendered":"<p>DVR 16 Canales TURBOHD + 16 Canales IP \/ 8 Megapixel (4K) \/ Audio Bidireccional \/ ACUSENSE \/ Audio Bidireccional \/ 1 Bah\u00eda de Disco Duro \/ Salida de Video en Full HD \/ H.265+<\/p>\n","protected":false},"featured_media":99148,"comment_status":"open","ping_status":"closed","template":"","meta":[],"product_brand":[],"product_cat":[2254],"product_tag":[2255,54,2256],"class_list":{"0":"post-99149","1":"product","2":"type-product","3":"status-publish","4":"has-post-thumbnail","6":"product_cat-videograbadoras-analogicas-turbohd-tvi-ahd-cvi","7":"product_tag-camaras-y-dvrs-hd-turbohd-ahd-hd-tvi","8":"product_tag-hikvision","9":"product_tag-videograbadoras-analogicas-turbohd-tvi-ahd-cvi","11":"first","12":"instock","13":"sale","14":"shipping-taxable","15":"purchasable","16":"product-type-simple"},"_links":{"self":[{"href":"https:\/\/soydeaqui.ddns.net\/pachuca\/index.php\/wp-json\/wp\/v2\/product\/99149","targetHints":{"allow":["GET"]}}],"collection":[{"href":"https:\/\/soydeaqui.ddns.net\/pachuca\/index.php\/wp-json\/wp\/v2\/product"}],"about":[{"href":"https:\/\/soydeaqui.ddns.net\/pachuca\/index.php\/wp-json\/wp\/v2\/types\/product"}],"replies":[{"embeddable":true,"href":"https:\/\/soydeaqui.ddns.net\/pachuca\/index.php\/wp-json\/wp\/v2\/comments?post=99149"}],"wp:featuredmedia":[{"embeddable":true,"href":"https:\/\/soydeaqui.ddns.net\/pachuca\/index.php\/wp-json\/wp\/v2\/media\/99148"}],"wp:attachment":[{"href":"https:\/\/soydeaqui.ddns.net\/pachuca\/index.php\/wp-json\/wp\/v2\/media?parent=99149"}],"wp:term":[{"taxonomy":"product_brand","embeddable":true,"href":"https:\/\/soydeaqui.ddns.net\/pachuca\/index.php\/wp-json\/wp\/v2\/product_brand?post=99149"},{"taxonomy":"product_cat","embeddable":true,"href":"https:\/\/soydeaqui.ddns.net\/pachuca\/index.php\/wp-json\/wp\/v2\/product_cat?post=99149"},{"taxonomy":"product_tag","embeddable":true,"href":"https:\/\/soydeaqui.ddns.net\/pachuca\/index.php\/wp-json\/wp\/v2\/product_tag?post=99149"}],"curies":[{"name":"wp","href":"https:\/\/api.w.org\/{rel}","templated":true}]}}