{"id":99132,"date":"2026-03-20T10:13:14","date_gmt":"2026-03-20T10:13:14","guid":{"rendered":"https:\/\/soydeaqui.ddns.net\/pachuca\/index.php\/producto\/torquimetro-de-trueno-una-escala-3-8-5-75ft-lb\/"},"modified":"2026-03-20T10:13:17","modified_gmt":"2026-03-20T10:13:17","slug":"torquimetro-de-trueno-una-escala-3-8-5-75ft-lb","status":"publish","type":"product","link":"https:\/\/soydeaqui.ddns.net\/pachuca\/index.php\/producto\/torquimetro-de-trueno-una-escala-3-8-5-75ft-lb\/","title":{"rendered":"Torqu\u00edmetro de trueno una escala 3\/8&#8243; 5-75ft-lb"},"content":{"rendered":"<div style='width: 100%; max-width: 1200px; margin: 0 auto; font-family: sans-serif; line-height: 1.6; color: inherit;'> <!-- Secci\u00f3n de descripci\u00f3n --> <\/p>\n<div style='margin-bottom: 30px;'>\n<h3 style='font-size: 22px; border-bottom: 2px solid currentColor; padding-bottom: 5px; margin-top: 0; color: inherit; opacity: 0.8;'>Descripci\u00f3n<\/h3>\n<ul style='padding-left: 20px; font-size: 15px; color: inherit;'>\n<li style='margin-bottom: 5px;'>Pr\u00e1ctico dispositivo para la medici\u00f3n del torque mediante una car\u00e1tula&comma; la cual permite al usuario una r\u00e1pida y precisa identificaci\u00f3n del torque aplicado<\/li>\n<li style='margin-bottom: 5px;'>La car\u00e1tula giratoria permite elegir entre las escalas internas o externas de la misma dependiendo del sentido en el que se vaya a aplicar el torque o el tipo de rosca del sujetador<\/li>\n<li style='margin-bottom: 5px;'>La escala externa se utiliza para roscas derechas y la escala interna para roscas izquierdas<\/li>\n<li style='margin-bottom: 5px;'>Todas las partes met\u00e1licas est\u00e1n hechas de acero templado&comma; las partes externas tienen un recubrimiento de n\u00edquel y cromo<\/li>\n<\/ul><\/div>\n<p> <!-- Secci\u00f3n de especificaciones --> <\/p>\n<div style='display: flex; flex-wrap: wrap; gap: 20px; margin-bottom: 30px;'>\n<div style='flex: 1 1 250px; border: 1px solid rgba(150&comma; 150&comma; 150&comma; 0.4); border-radius: 8px; overflow: hidden; display: flex; flex-direction: column;'>\n<div style='padding: 15px; border-bottom: 1px solid rgba(150&comma; 150&comma; 150&comma; 0.2); font-weight: bold; font-size: 18px; color: inherit;'>Especificaciones<\/div>\n<div style='padding: 15px; color: inherit;'>\n<ul style='padding-left: 20px; margin: 0; font-size: 14px; list-style-type: disc;'>\n<li style='margin-bottom: 5px; display: flex; justify-content: space-between;'><strong>Longitud total:<\/strong> <span>11&#8242;<\/span><\/li>\n<li style='margin-bottom: 5px; display: flex; justify-content: space-between;'><strong>Tipo de cabeza:<\/strong> <span>N\/a<\/span><\/li>\n<li style='margin-bottom: 5px; display: flex; justify-content: space-between;'><strong>Cuadro:<\/strong> <span>3\/8&#8242;<\/span><\/li>\n<li style='margin-bottom: 5px; display: flex; justify-content: space-between;'><strong>Material de cuerpo:<\/strong> <span>Aluminio<\/span><\/li>\n<li style='margin-bottom: 5px; display: flex; justify-content: space-between;'><strong>Rango torque nm:<\/strong> <span>N\/a<\/span><\/li>\n<\/ul><\/div>\n<\/p><\/div>\n<\/p><\/div>\n<p> <!-- Separador --> <\/p>\n<hr style='border: 0; border-top: 1px solid rgba(150&comma; 150&comma; 150&comma; 0.3); margin: 30px 0;'> <\/div>\n","protected":false},"excerpt":{"rendered":"<p>Torqu\u00edmetro de trueno una escala 3\/8&#8243; 5-75ft-lb<\/p>\n","protected":false},"featured_media":99131,"comment_status":"open","ping_status":"closed","template":"","meta":[],"product_brand":[],"product_cat":[920],"product_tag":[247,246,554],"class_list":{"0":"post-99132","1":"product","2":"type-product","3":"status-publish","4":"has-post-thumbnail","6":"product_cat-herramientas-de-instalacion-torres-y-mastiles-redes-e-it","7":"product_tag-herramientas-de-instalacion","8":"product_tag-torres-y-mastiles","9":"product_tag-urrea","11":"first","12":"outofstock","13":"sale","14":"shipping-taxable","15":"purchasable","16":"product-type-simple"},"_links":{"self":[{"href":"https:\/\/soydeaqui.ddns.net\/pachuca\/index.php\/wp-json\/wp\/v2\/product\/99132","targetHints":{"allow":["GET"]}}],"collection":[{"href":"https:\/\/soydeaqui.ddns.net\/pachuca\/index.php\/wp-json\/wp\/v2\/product"}],"about":[{"href":"https:\/\/soydeaqui.ddns.net\/pachuca\/index.php\/wp-json\/wp\/v2\/types\/product"}],"replies":[{"embeddable":true,"href":"https:\/\/soydeaqui.ddns.net\/pachuca\/index.php\/wp-json\/wp\/v2\/comments?post=99132"}],"wp:featuredmedia":[{"embeddable":true,"href":"https:\/\/soydeaqui.ddns.net\/pachuca\/index.php\/wp-json\/wp\/v2\/media\/99131"}],"wp:attachment":[{"href":"https:\/\/soydeaqui.ddns.net\/pachuca\/index.php\/wp-json\/wp\/v2\/media?parent=99132"}],"wp:term":[{"taxonomy":"product_brand","embeddable":true,"href":"https:\/\/soydeaqui.ddns.net\/pachuca\/index.php\/wp-json\/wp\/v2\/product_brand?post=99132"},{"taxonomy":"product_cat","embeddable":true,"href":"https:\/\/soydeaqui.ddns.net\/pachuca\/index.php\/wp-json\/wp\/v2\/product_cat?post=99132"},{"taxonomy":"product_tag","embeddable":true,"href":"https:\/\/soydeaqui.ddns.net\/pachuca\/index.php\/wp-json\/wp\/v2\/product_tag?post=99132"}],"curies":[{"name":"wp","href":"https:\/\/api.w.org\/{rel}","templated":true}]}}