{"id":99124,"date":"2026-03-20T10:12:49","date_gmt":"2026-03-20T10:12:49","guid":{"rendered":"https:\/\/soydeaqui.ddns.net\/pachuca\/index.php\/producto\/body-camera-portatil-grabacion-a-2k-4-megapixel-fotos-de-hasta-40-megapixel-ip67-h-265-64-gb-de-almacenamiento-microfono-integrado-gps\/"},"modified":"2026-03-20T10:13:08","modified_gmt":"2026-03-20T10:13:08","slug":"body-camera-portatil-grabacion-a-2k-4-megapixel-fotos-de-hasta-40-megapixel-ip67-h-265-64-gb-de-almacenamiento-microfono-integrado-gps","status":"publish","type":"product","link":"https:\/\/soydeaqui.ddns.net\/pachuca\/index.php\/producto\/body-camera-portatil-grabacion-a-2k-4-megapixel-fotos-de-hasta-40-megapixel-ip67-h-265-64-gb-de-almacenamiento-microfono-integrado-gps\/","title":{"rendered":"Body Camera Port\u00e1til \/ Grabaci\u00f3n a 2K (4 Megapixel)  \/ Fotos de Hasta 40 Megapixel \/ IP67 \/ H.265 \/ 64 GB de Almacenamiento \/ Microfono Integrado \/ GPS"},"content":{"rendered":"<div style='width: 100%; max-width: 1200px; margin: 0 auto; font-family: sans-serif; line-height: 1.6; color: inherit; background-color: transparent;'> <!-- Imagen logo --> <\/p>\n<div style='text-align: center; margin-bottom: 20px;'> <img style='width: 45%; height: auto; border: 1px solid rgba(150&comma;150&comma;150&comma;0.3); border-radius: 8px; max-width: 100%;' src='https:\/\/ftp3.syscom.mx\/usuarios\/jsosa\/HIKVISION\/imagenes\/logo\/hikvision%20see%20far.png' alt='Logo Hikvision'> <\/div>\n<p> <!-- Caracter\u00edsticas principales y f\u00edsicas --> <\/p>\n<div style='display: flex; flex-wrap: wrap; gap: 30px; margin-bottom: 30px;'> <!-- Caracter\u00edsticas principales --> <\/p>\n<div style='flex: 1 1 300px; min-width: 280px;'>\n<h3 style='font-size: 22px; border-bottom: 2px solid currentColor; padding-bottom: 5px; margin-top: 0; color: inherit; opacity: 0.8;'>Caracter\u00edsticas principales<\/h3>\n<ul style='padding-left: 20px; font-size: 15px; color: inherit;'>\n<li style='margin-bottom: 5px;'><strong>Resoluci\u00f3n:<\/strong> 2688*1520 (2K)<\/li>\n<li style='margin-bottom: 5px;'><strong>Compresi\u00f3n:<\/strong> H.265 \/ H.264<\/li>\n<li style='margin-bottom: 5px;'><strong>Fotos:<\/strong> Hasta 40 Megapixel<\/li>\n<li style='margin-bottom: 5px;'><strong>Pantalla:<\/strong> Sin pantalla<\/li>\n<li style='margin-bottom: 5px;'><strong>\u00c1ngulo de apertura horizontal:<\/strong> 129\u00b0<\/li>\n<li style='margin-bottom: 5px;'><strong>Tecnolog\u00eda:<\/strong> Reducci\u00f3n de ruido y eco<\/li>\n<li style='margin-bottom: 5px;'><strong>Almacenamiento interno:<\/strong> 64 GB (no extra\u00edble&comma; no expandible)<\/li>\n<li style='margin-bottom: 5px;'><strong>Micr\u00f3fono:<\/strong> Integrado<\/li>\n<li style='margin-bottom: 5px;'><strong>GPS:<\/strong> M\u00f3dulo incluido<\/li>\n<li style='margin-bottom: 5px;'><strong>Descarga de informaci\u00f3n:<\/strong> Directo a PC con software BodyCamera Assistant<\/li>\n<li style='margin-bottom: 5px;'><strong>Incluye:<\/strong> Clip&comma; eliminador y cable<\/li>\n<\/ul><\/div>\n<p> <!-- Caracter\u00edsticas f\u00edsicas y el\u00e9ctricas --> <\/p>\n<div style='flex: 1 1 300px; min-width: 280px;'>\n<h3 style='font-size: 22px; border-bottom: 2px solid currentColor; padding-bottom: 5px; margin-top: 0; color: inherit; opacity: 0.8;'>Caracter\u00edsticas F\u00edsicas y El\u00e9ctricas<\/h3>\n<ul style='padding-left: 20px; font-size: 15px; color: inherit;'>\n<li style='margin-bottom: 5px;'><strong>Visi\u00f3n nocturna:<\/strong> IR para ver rostro humano a menos de 3 metros<\/li>\n<li style='margin-bottom: 5px;'><strong>Protecci\u00f3n:<\/strong> IP67<\/li>\n<li style='margin-bottom: 5px;'><strong>Dimensiones:<\/strong> 85 \u00d7 59 \u00d7 30 mm<\/li>\n<li style='margin-bottom: 5px;'><strong>Peso:<\/strong> 125 gramos<\/li>\n<li style='margin-bottom: 5px;'><strong>Interfaz:<\/strong> USB-C para extracci\u00f3n de eventos<\/li>\n<li style='margin-bottom: 5px;'><strong>Carga:<\/strong> Por medio de interfaz USB<\/li>\n<li style='margin-bottom: 5px;'><strong>Bater\u00eda:<\/strong> 2500 mAh permite grabar 12 horas de v\u00eddeo a 1080p (IR apagado)<\/li>\n<\/ul><\/div>\n<\/p><\/div>\n<p> <!-- Caracter\u00edsticas destacadas --> <\/p>\n<div style='margin-bottom: 30px;'>\n<h3 style='font-size: 22px; border-bottom: 2px solid currentColor; padding-bottom: 5px; margin-top: 0; color: inherit; opacity: 0.8;'>Caracter\u00edsticas Destacadas<\/h3>\n<p style='font-size: 15px; color: inherit;'>La body camera es un dispositivo dise\u00f1ado principalmente para la seguridad y el cumplimiento de la ley. Esta c\u00e1mara personal permite grabar el v\u00eddeo y el audio de la escena&comma; despu\u00e9s de los eventos podemos revisar la escena debido a su tama\u00f1o peque\u00f1o&comma; peso ligero&comma; f\u00e1cil de transportar y f\u00e1cil de operar. Todas estas ventajas la body camera de HIKVISION lo convierten en un buen ayudante para el cumplimiento de la ley.<\/p>\n<h4 style='font-size: 18px; margin-top: 20px; margin-bottom: 10px; color: inherit;'>Funciones adicionales<\/h4>\n<ul style='padding-left: 20px; font-size: 15px; color: inherit;'>\n<li style='margin-bottom: 5px;'>Bot\u00f3n de encendido<\/li>\n<li style='margin-bottom: 5px;'>Bot\u00f3n de grabaci\u00f3n<\/li>\n<li style='margin-bottom: 5px;'>2 indicadores LED<\/li>\n<li style='margin-bottom: 5px;'>Bot\u00f3n de mute<\/li>\n<li style='margin-bottom: 5px;'>Notificaciones por vibraci\u00f3n<\/li>\n<li style='margin-bottom: 5px;'><strong>Estaci\u00f3n de descarga y carga:<\/strong> <a style='color: inherit; text-decoration: underline;' href='https:\/\/www.syscom.mx\/principal\/searchcont?route=DS-MDS001\/2T\/406-HIKVISION-210518&#038;autodetect=DS-MCW406\/128G'>DS-MDS001\/2T\/406<\/a><\/li>\n<\/ul><\/div>\n<p> <!-- Imagen soluci\u00f3n completa --> <\/p>\n<div style='margin-bottom: 20px;'> <img style='width: 100%; height: auto; border: 1px solid rgba(150&comma;150&comma;150&comma;0.3); border-radius: 8px;' src='https:\/\/ftp3.syscom.mx\/usuarios\/jsosa\/HIKVISION\/imagenes\/banners\/solution%20complete.png' alt='Soluci\u00f3n completa Hikvision'> <\/div>\n<\/p><\/div>\n","protected":false},"excerpt":{"rendered":"<p>Body Camera Port\u00e1til \/ Grabaci\u00f3n a 2K (4 Megapixel)  \/ Fotos de Hasta 40 Megapixel \/ IP67 \/ H.265 \/ 64 GB de Almacenamiento \/ Microfono Integrado \/ GPS<\/p>\n","protected":false},"featured_media":99123,"comment_status":"open","ping_status":"closed","template":"","meta":[],"product_brand":[],"product_cat":[1466],"product_tag":[54,1344,1467],"class_list":{"0":"post-99124","1":"product","2":"type-product","3":"status-publish","4":"has-post-thumbnail","6":"product_cat-videograbadoras-portatiles","7":"product_tag-hikvision","8":"product_tag-videograbadoras-moviles-y-portatiles","9":"product_tag-videograbadoras-portatiles","11":"first","12":"instock","13":"sale","14":"shipping-taxable","15":"purchasable","16":"product-type-simple"},"_links":{"self":[{"href":"https:\/\/soydeaqui.ddns.net\/pachuca\/index.php\/wp-json\/wp\/v2\/product\/99124","targetHints":{"allow":["GET"]}}],"collection":[{"href":"https:\/\/soydeaqui.ddns.net\/pachuca\/index.php\/wp-json\/wp\/v2\/product"}],"about":[{"href":"https:\/\/soydeaqui.ddns.net\/pachuca\/index.php\/wp-json\/wp\/v2\/types\/product"}],"replies":[{"embeddable":true,"href":"https:\/\/soydeaqui.ddns.net\/pachuca\/index.php\/wp-json\/wp\/v2\/comments?post=99124"}],"wp:featuredmedia":[{"embeddable":true,"href":"https:\/\/soydeaqui.ddns.net\/pachuca\/index.php\/wp-json\/wp\/v2\/media\/99123"}],"wp:attachment":[{"href":"https:\/\/soydeaqui.ddns.net\/pachuca\/index.php\/wp-json\/wp\/v2\/media?parent=99124"}],"wp:term":[{"taxonomy":"product_brand","embeddable":true,"href":"https:\/\/soydeaqui.ddns.net\/pachuca\/index.php\/wp-json\/wp\/v2\/product_brand?post=99124"},{"taxonomy":"product_cat","embeddable":true,"href":"https:\/\/soydeaqui.ddns.net\/pachuca\/index.php\/wp-json\/wp\/v2\/product_cat?post=99124"},{"taxonomy":"product_tag","embeddable":true,"href":"https:\/\/soydeaqui.ddns.net\/pachuca\/index.php\/wp-json\/wp\/v2\/product_tag?post=99124"}],"curies":[{"name":"wp","href":"https:\/\/api.w.org\/{rel}","templated":true}]}}