{"id":99110,"date":"2026-03-20T10:12:09","date_gmt":"2026-03-20T10:12:09","guid":{"rendered":"https:\/\/soydeaqui.ddns.net\/pachuca\/index.php\/producto\/kit-de-videoportero-analogico-de-metal-ip-a-4-hilos-con-funcion-de-llamada-a-app-hik-connect-monitor-se-conecta-a-internet-por-cable-o-wifi-y-por-4-hilos-al-frente-de-calle-ip65-expandible-a-ma\/"},"modified":"2026-03-20T10:12:16","modified_gmt":"2026-03-20T10:12:16","slug":"kit-de-videoportero-analogico-de-metal-ip-a-4-hilos-con-funcion-de-llamada-a-app-hik-connect-monitor-se-conecta-a-internet-por-cable-o-wifi-y-por-4-hilos-al-frente-de-calle-ip65-expandible-a-ma","status":"publish","type":"product","link":"https:\/\/soydeaqui.ddns.net\/pachuca\/index.php\/producto\/kit-de-videoportero-analogico-de-metal-ip-a-4-hilos-con-funcion-de-llamada-a-app-hik-connect-monitor-se-conecta-a-internet-por-cable-o-wifi-y-por-4-hilos-al-frente-de-calle-ip65-expandible-a-ma\/","title":{"rendered":"Kit de Videoportero Anal\u00f3gico de Metal \/ IP a 4 Hilos con Funci\u00f3n de Llamada a App Hik-Connect \/ Monitor se Conecta a Internet por Cable o WiFi y por 4 Hilos al Frente de Calle  IP65 \/ Expandible a Mas Equipos"},"content":{"rendered":"<div style='width: 100%; max-width: 1200px; margin: 0 auto; font-family: sans-serif; line-height: 1.6; color: inherit; background-color: transparent;'>\n<p style='text-align: center; margin: 20px 0;'><img style='width: 100%; max-width: 400px; height: auto; border: 1px solid rgba(150&comma;150&comma;150&comma;0.3); border-radius: 8px;' src='https:\/\/ftp3.syscom.mx\/usuarios\/jsosa\/HIKVISION\/imagenes\/logo\/hikvision%20see%20far.png' alt='Logo Hikvision' \/><\/p>\n<p> <!-- Videos --> <\/p>\n<div style='display: flex; flex-wrap: wrap; gap: 15px; margin: 30px 0;'>\n<div style='flex: 1 1 300px; min-width: 280px; position: relative; padding-bottom: 56.25%; height: 0; overflow: hidden;'>   <\/div>\n<div style='flex: 1 1 300px; min-width: 280px; position: relative; padding-bottom: 56.25%; height: 0; overflow: hidden;'>   <\/div>\n<div style='flex: 1 1 300px; min-width: 280px; position: relative; padding-bottom: 56.25%; height: 0; overflow: hidden;'>   <\/div>\n<div style='flex: 1 1 300px; min-width: 280px; position: relative; padding-bottom: 56.25%; height: 0; overflow: hidden;'>   <\/div>\n<\/p><\/div>\n<p> <!-- Texto introductorio --> <\/p>\n<div style='margin: 30px 0; text-align: center;'>\n<h2 style='font-size: 20px; margin: 0 0 15px; color: inherit;'><strong>Reemplace su viejo videoportero an\u00e1logo a 4 hilos conservando el mismo cableado pero a\u00f1adiendo el plus de recibir la llamada en su Smartphone.<\/strong><\/h2>\n<p style='margin: 0; color: inherit;'><strong>El kit Incluye<\/strong>: <strong>1x<\/strong> Frente de calle \/ <strong>1x<\/strong> Monitor \/ <strong>1x<\/strong> Fuente Alimentaci\u00f3n.<\/p>\n<\/p><\/div>\n<p> <!-- Caracter\u00edsticas --> <\/p>\n<div style='display: flex; flex-wrap: wrap; gap: 20px; margin: 30px 0;'>\n<div style='flex: 1 1 300px; min-width: 280px; border: 1px solid rgba(150&comma; 150&comma; 150&comma; 0.4); border-radius: 8px; overflow: hidden;'>\n<div style='padding: 15px; border-bottom: 1px solid rgba(150&comma; 150&comma; 150&comma; 0.2); font-weight: bold; font-size: 18px; color: inherit;'>Caracteristicas principales:<\/div>\n<div style='padding: 15px; color: inherit;'>\n<ul style='padding-left: 20px; margin: 0; font-size: 14px; list-style-type: disc;'>\n<li style='margin-bottom: 8px;'>C\u00e1mara con resoluci\u00f3n de <span style='color: inherit;'>720x576p<\/span>.<\/li>\n<li style='margin-bottom: 8px;'>Pantalla Touch de 7&#8242;<\/li>\n<li style='margin-bottom: 8px;'>Micr\u00f3fono y Bocina.<\/li>\n<li style='margin-bottom: 8px;'>Vol\u00famen ajustable.<\/li>\n<li style='margin-bottom: 8px;'>Supresi\u00f3n de ruido y cancelaci\u00f3n de eco.<\/li>\n<\/ul><\/div>\n<\/p><\/div>\n<div style='flex: 1 1 300px; min-width: 280px; border: 1px solid rgba(150&comma; 150&comma; 150&comma; 0.4); border-radius: 8px; overflow: hidden;'>\n<div style='padding: 15px; border-bottom: 1px solid rgba(150&comma; 150&comma; 150&comma; 0.2); font-weight: bold; font-size: 18px; color: inherit;'>Caracter\u00edsticas F\u00edsicas y El\u00e9ctricas:<\/div>\n<div style='padding: 15px; color: inherit;'>\n<ul style='padding-left: 20px; margin: 0; font-size: 14px; list-style-type: disc;'>\n<li style='margin-bottom: 8px;'>Alimentaci\u00f3n 12 Vcd (incluido) o PoE (est\u00e1ndar 802.3af).<\/li>\n<li style='margin-bottom: 8px;'>Frente de calle con protecci\u00f3n IP65 fabricado de metal.<\/li>\n<li style='margin-bottom: 8px;'>Temperatura de operaci\u00f3n: -10\u00b0C a 55\u00b0C.<\/li>\n<li style='margin-bottom: 8px;'>Dimensiones del frente de Calle:135.14 x 49.6 x 41.93 mm.<\/li>\n<li style='margin-bottom: 8px;'>Dimensiones del monitor: 200 x 140 x 23.6 mm.<\/li>\n<li style='margin-bottom: 8px;'>Salida de relevador para chapa.<\/li>\n<\/ul><\/div>\n<\/p><\/div>\n<\/p><\/div>\n<p> <!-- Informaci\u00f3n adicional --> <\/p>\n<div style='border: 1px solid rgba(150&comma; 150&comma; 150&comma; 0.4); border-radius: 8px; overflow: hidden; margin: 30px 0;'>\n<div style='padding: 15px; border-bottom: 1px solid rgba(150&comma; 150&comma; 150&comma; 0.2); font-weight: bold; font-size: 18px; color: inherit;'>\u00bfC\u00f3mo funciona?:<\/div>\n<div style='padding: 15px; color: inherit;'>\n<p style='margin: 10px 0;'>El monitor del kit se conecta por 4 hilos al frente de calle (interfaz an\u00e1loga) y tambi\u00e9n por TCP IP cableado o WiFi al m\u00f3dem para salida a internet y llamada a la App.<\/p>\n<p style='margin: 10px 0;'><strong>\u00bfC\u00f3mo agrego m\u00e1s monitores? <\/strong>Los monitores adicionales son IP&comma; se conectan a la red y se a\u00f1aden como extensiones del monitor principal.<\/p>\n<p style='margin: 10px 0;'><strong>\u00bfC\u00f3mo agrego m\u00e1s frentes de calle? <\/strong>El monitor del kit trae 2 interfaces an\u00e1logas. El segundo frente de calle se conecta por 4 hilos a la segunda interfaz an\u00e1loga del monitor del kit.<\/p>\n<p style='margin: 10px 0;'>Combinelo con su sistema de videovigilancia Turbo o IP&comma; marca Hikvision&comma; epcom \u00f3 HiLook&comma; el monitor permite a\u00f1adir hasta un maximo de 16 canales de video para una visualizaci\u00f3n esporadica&comma; maximo 2MP<\/p>\n<ul style='padding-left: 20px; margin: 15px 0; font-size: 14px; list-style-type: disc;'>\n<li style='margin-bottom: 8px;'><strong>Frente de calle compatible<\/strong> (m\u00e1ximo 2 en total): <a style='color: inherit; text-decoration: underline;' href='https:\/\/www.syscom.mx\/principal\/searchcont?route=DS-KB2421T-IM-HIKVISION-195573&#038;autodetect=DS-KB2421T-IM' target='_blank' rel='noopener noreferrer'>DS-KB2421T-IM<\/a><\/li>\n<li style='margin-bottom: 8px;'><strong>Monitores compatibles<\/strong> (m\u00e1ximo 6 en total): <a style='color: inherit; text-decoration: underline;' href='https:\/\/www.syscom.mx\/principal\/searchcont?route=DS-KH6320-WTE1-HIKVISION-170761&#038;autodetect=DS-Kh6320' target='_blank' rel='noopener noreferrer'>DS-KH6320-WTE1&comma;<\/a> <a style='color: inherit; text-decoration: underline;' href='https:\/\/www.syscom.mx\/principal\/searchcont?route=DS-KH8520-WTE1-HIKVISION-170927&#038;autodetect=dskh8520' target='_blank' rel='noopener noreferrer'>DS-KH8520-WTE1.<\/a><\/li>\n<\/ul><\/div>\n<\/p><\/div>\n<p> <!-- Video adicional --> <\/p>\n<div style='position: relative; padding-bottom: 56.25%; height: 0; overflow: hidden; margin: 30px 0;'>   <\/div>\n<p> <!-- Diagrama --> <\/p>\n<div style='margin: 30px 0;'>\n<h2 style='text-align: center; font-size: 20px; margin-bottom: 20px; color: inherit;'>ALCANCE M\u00c1XIMO DE LA SOLUCI\u00d3N<\/h2>\n<p> <img style='width: 100%; height: auto; border: 1px solid rgba(150&comma;150&comma;150&comma;0.3); border-radius: 8px;' src='https:\/\/ftp3.syscom.mx\/usuarios\/fespinoza\/HIKVISION\/Dispositivos\/Videoporteros\/Diagrama%20DS-KIS302-P.png' alt='Diagrama de Alcance' \/> <\/div>\n<\/p><\/div>\n","protected":false},"excerpt":{"rendered":"<p>Kit de Videoportero Anal\u00f3gico de Metal \/ IP a 4 Hilos con Funci\u00f3n de Llamada a App Hik-Connect \/ Monitor se Conecta a Internet por Cable o WiFi y por 4 Hilos al Frente de Calle  IP65 \/ Expandible a Mas Equipos<\/p>\n","protected":false},"featured_media":99109,"comment_status":"open","ping_status":"closed","template":"","meta":[],"product_brand":[],"product_cat":[974],"product_tag":[54,872,557],"class_list":{"0":"post-99110","1":"product","2":"type-product","3":"status-publish","4":"has-post-thumbnail","6":"product_cat-videoporteros-analogicos-videoporteros-e-interfonos","7":"product_tag-hikvision","8":"product_tag-videoporteros-analogicos","9":"product_tag-videoporteros-e-interfonos","11":"first","12":"instock","13":"sale","14":"shipping-taxable","15":"purchasable","16":"product-type-simple"},"_links":{"self":[{"href":"https:\/\/soydeaqui.ddns.net\/pachuca\/index.php\/wp-json\/wp\/v2\/product\/99110","targetHints":{"allow":["GET"]}}],"collection":[{"href":"https:\/\/soydeaqui.ddns.net\/pachuca\/index.php\/wp-json\/wp\/v2\/product"}],"about":[{"href":"https:\/\/soydeaqui.ddns.net\/pachuca\/index.php\/wp-json\/wp\/v2\/types\/product"}],"replies":[{"embeddable":true,"href":"https:\/\/soydeaqui.ddns.net\/pachuca\/index.php\/wp-json\/wp\/v2\/comments?post=99110"}],"wp:featuredmedia":[{"embeddable":true,"href":"https:\/\/soydeaqui.ddns.net\/pachuca\/index.php\/wp-json\/wp\/v2\/media\/99109"}],"wp:attachment":[{"href":"https:\/\/soydeaqui.ddns.net\/pachuca\/index.php\/wp-json\/wp\/v2\/media?parent=99110"}],"wp:term":[{"taxonomy":"product_brand","embeddable":true,"href":"https:\/\/soydeaqui.ddns.net\/pachuca\/index.php\/wp-json\/wp\/v2\/product_brand?post=99110"},{"taxonomy":"product_cat","embeddable":true,"href":"https:\/\/soydeaqui.ddns.net\/pachuca\/index.php\/wp-json\/wp\/v2\/product_cat?post=99110"},{"taxonomy":"product_tag","embeddable":true,"href":"https:\/\/soydeaqui.ddns.net\/pachuca\/index.php\/wp-json\/wp\/v2\/product_tag?post=99110"}],"curies":[{"name":"wp","href":"https:\/\/api.w.org\/{rel}","templated":true}]}}