{"id":99102,"date":"2026-03-20T10:11:48","date_gmt":"2026-03-20T10:11:48","guid":{"rendered":"https:\/\/soydeaqui.ddns.net\/pachuca\/index.php\/producto\/conmutador-de-matrix-hdmi-8-x-8-true-4k-compatible-con-taa\/"},"modified":"2026-03-20T10:11:55","modified_gmt":"2026-03-20T10:11:55","slug":"conmutador-de-matrix-hdmi-8-x-8-true-4k-compatible-con-taa","status":"publish","type":"product","link":"https:\/\/soydeaqui.ddns.net\/pachuca\/index.php\/producto\/conmutador-de-matrix-hdmi-8-x-8-true-4k-compatible-con-taa\/","title":{"rendered":"Conmutador de Matrix | HDMI 8 x 8 True 4K | Compatible con TAA"},"content":{"rendered":"<div style='width: 100%; max-width: 1200px; margin: 0 auto; font-family: sans-serif; line-height: 1.6; color: inherit; background-color: transparent;'> <!-- Logo --> <\/p>\n<div style='width: 40%; margin: 0 auto; padding: 20px;'> <img style='width: 100%; height: auto; border: 1px solid rgba(150&comma;150&comma;150&comma;0.3); border-radius: 8px;' src='https:\/\/ftp3.syscom.mx\/usuarios\/luis.vargas\/ATEN\/VS184B\/Logo-Aten.jpg' alt='Logo ATEN'> <\/div>\n<p> <!-- Diagrama y descripci\u00f3n --> <\/p>\n<div style='display: flex; flex-wrap: wrap; gap: 30px; margin-top: 30px;'>\n<div style='flex: 1 1 400px; min-width: 300px;'> <img style='width: 100%; height: auto; border: 1px solid rgba(150&comma;150&comma;150&comma;0.3); border-radius: 8px;' src='https:\/\/ftp3.syscom.mx\/usuarios\/luis.vargas\/ATEN\/VM0808HB\/Diagrama%20VM0808HB.png' alt='Diagrama VM0808HB'> <\/div>\n<div style='flex: 1 1 400px; min-width: 300px;'>\n<p style='text-align: justify; font-size: 15px;'>Destacado con resoluciones de video superiores de hasta 4096 x 2160 @ 60 Hz (4:4:4)&comma; ofrece un enrutamiento de se\u00f1al robusto y una conmutaci\u00f3n de video digital ultrarr\u00e1pida&comma; Permite a los usuarios configurar de manera flexible cualquier conexi\u00f3n de entrada a salida&comma; eliminando la necesidad de frecuentes cambios de configuraci\u00f3n f\u00edsica. Adem\u00e1s de la GUI web incorporada&comma; se puede operar a trav\u00e9s de botones del panel frontal&comma; control remoto por infrarrojos&comma; control RS-232 y conexiones Telnet a trav\u00e9s de Ethernet&comma; brindando a los usuarios la m\u00e1xima comodidad y al mismo tiempo manteniendo el Sistema disponible con conmutaci\u00f3n de v\u00eddeo de alto rendimiento en cualquier momento.<\/p>\n<\/p><\/div>\n<\/p><\/div>\n<p> <!-- Secci\u00f3n de caracter\u00edsticas generales --> <\/p>\n<h2 style='font-size: 24px; border-bottom: 2px solid currentColor; padding-bottom: 5px; margin-top: 40px; margin-bottom: 20px; color: inherit; opacity: 0.8;'>Caracter\u00edsticas generales<\/h2>\n<p> <!-- Grid de especificaciones --> <\/p>\n<div style='display: grid; grid-template-columns: repeat(auto-fill&comma; minmax(280px&comma; 1fr)); gap: 20px; margin-top: 20px;'> <!-- Video Input --> <\/p>\n<div style='border: 1px solid rgba(150&comma; 150&comma; 150&comma; 0.4); border-radius: 8px; overflow: hidden; display: flex; flex-direction: column;'>\n<div style='padding: 15px; border-bottom: 1px solid rgba(150&comma; 150&comma; 150&comma; 0.2); font-weight: bold; font-size: 18px; color: inherit;'>Entrada de video<\/div>\n<div style='padding: 15px; color: inherit;'>\n<ul style='padding-left: 20px; margin: 0; font-size: 14px; list-style-type: disc;'>\n<li style='margin-bottom: 5px;'>Interfaces: 8 x HDMI Tipo A hembra (Negro)<\/li>\n<li style='margin-bottom: 5px;'>Impedancia: 100 \u03a9<\/li>\n<li style='margin-bottom: 5px;'>Distancia m\u00e1xima: 5 m 4K a 60 Hz (4:4:4)<\/li>\n<\/ul><\/div>\n<\/p><\/div>\n<p> <!-- Video Output --> <\/p>\n<div style='border: 1px solid rgba(150&comma; 150&comma; 150&comma; 0.4); border-radius: 8px; overflow: hidden; display: flex; flex-direction: column;'>\n<div style='padding: 15px; border-bottom: 1px solid rgba(150&comma; 150&comma; 150&comma; 0.2); font-weight: bold; font-size: 18px; color: inherit;'>Salida de Video<\/div>\n<div style='padding: 15px; color: inherit;'>\n<ul style='padding-left: 20px; margin: 0; font-size: 14px; list-style-type: disc;'>\n<li style='margin-bottom: 5px;'>Interfaces: 8 x HDMI Tipo A hembra (Negro)<\/li>\n<li style='margin-bottom: 5px;'>Impedancia: 100 \u03a9<\/li>\n<li style='margin-bottom: 5px;'>Distancia m\u00e1xima: 5 m 4K a 60 Hz (4:4:4)| 15m \/ 1920&#215;1200<\/li>\n<\/ul><\/div>\n<\/p><\/div>\n<p> <!-- Video specs --> <\/p>\n<div style='border: 1px solid rgba(150&comma; 150&comma; 150&comma; 0.4); border-radius: 8px; overflow: hidden; display: flex; flex-direction: column;'>\n<div style='padding: 15px; border-bottom: 1px solid rgba(150&comma; 150&comma; 150&comma; 0.2); font-weight: bold; font-size: 18px; color: inherit;'>Video<\/div>\n<div style='padding: 15px; color: inherit;'>\n<ul style='padding-left: 20px; margin: 0; font-size: 14px; list-style-type: disc;'>\n<li style='margin-bottom: 5px;'>Tasa de datos m\u00e1xima: 18 Gbps (6 Gbps por carril)<\/li>\n<li style='margin-bottom: 5px;'>Reloj de p\u00edxeles m\u00e1ximo: 600 MHz<\/li>\n<li style='margin-bottom: 5px;'>Normativa:\n<ul style='padding-left: 20px; margin: 0; font-size: 14px; list-style-type: disc;'>\n<li style='margin-bottom: 5px;'>HDMI (3D&comma; 4K&comma; Color profundo)<\/li>\n<li style='margin-bottom: 5px;'>Compatible: con HDCP 2.2<\/li>\n<li style='margin-bottom: 5px;'>Control electr\u00f3nico de consumo (CEC)<\/li>\n<\/ul>\n<\/li>\n<li style='margin-bottom: 5px;'>Resoluci\u00f3n m\u00e1xima: Hasta 4096 x 2160 \/ 3840 x 2160 a 60 Hz (4:2:0)<\/li>\n<\/ul><\/div>\n<\/p><\/div>\n<p> <!-- Control --> <\/p>\n<div style='border: 1px solid rgba(150&comma; 150&comma; 150&comma; 0.4); border-radius: 8px; overflow: hidden; display: flex; flex-direction: column;'>\n<div style='padding: 15px; border-bottom: 1px solid rgba(150&comma; 150&comma; 150&comma; 0.2); font-weight: bold; font-size: 18px; color: inherit;'>Control<\/div>\n<div style='padding: 15px; color: inherit;'>\n<ul style='padding-left: 20px; margin: 0; font-size: 14px; list-style-type: disc;'>\n<li style='margin-bottom: 5px;'>RS-232\n<ul style='padding-left: 20px; margin: 0; font-size: 14px; list-style-type: disc;'>\n<li style='margin-bottom: 5px;'>Conector: 1 x DB-9 hembra (Negro)<\/li>\n<li style='margin-bottom: 5px;'>Velocidad en baudios y protocolo: 19200&comma; Bits de datos: 8&comma; Bits de parada: 1 Paridad: No<\/li>\n<li style='margin-bottom: 5px;'>Control de flujo: No<\/li>\n<\/ul>\n<\/li>\n<li style='margin-bottom: 5px;'>Infrarrojos\n<ul style='padding-left: 20px; margin: 0; font-size: 14px; list-style-type: disc;'>\n<li style='margin-bottom: 5px;'>1 x Miniconector est\u00e9reo hembra (Negro)<\/li>\n<li style='margin-bottom: 5px;'>1x conector RJ-45 hembra<\/li>\n<\/ul>\n<\/li>\n<\/ul><\/div>\n<\/p><\/div>\n<p> <!-- Power --> <\/p>\n<div style='border: 1px solid rgba(150&comma; 150&comma; 150&comma; 0.4); border-radius: 8px; overflow: hidden; display: flex; flex-direction: column;'>\n<div style='padding: 15px; border-bottom: 1px solid rgba(150&comma; 150&comma; 150&comma; 0.2); font-weight: bold; font-size: 18px; color: inherit;'>Consumo de energ\u00eda<\/div>\n<div style='padding: 15px; color: inherit;'>\n<ul style='padding-left: 20px; margin: 0; font-size: 14px; list-style-type: disc;'>\n<li style='margin-bottom: 5px;'>AC 110 V: 38&comma;1 W: 179 BTU<\/li>\n<li style='margin-bottom: 5px;'>AC 220 V: 37&comma;8 W: 177 BTU<\/li>\n<li style='margin-bottom: 5px;'>1 x Toma de CA de 3 clavijas<\/li>\n<\/ul><\/div>\n<\/p><\/div>\n<p> <!-- Condiciones ambientales --> <\/p>\n<div style='border: 1px solid rgba(150&comma; 150&comma; 150&comma; 0.4); border-radius: 8px; overflow: hidden; display: flex; flex-direction: column;'>\n<div style='padding: 15px; border-bottom: 1px solid rgba(150&comma; 150&comma; 150&comma; 0.2); font-weight: bold; font-size: 18px; color: inherit;'>Condiciones ambientales<\/div>\n<div style='padding: 15px; color: inherit;'>\n<ul style='padding-left: 20px; margin: 0; font-size: 14px; list-style-type: disc;'>\n<li style='margin-bottom: 5px;'>Temperatura de funcionamiento 0-40 \u00b0C<\/li>\n<li style='margin-bottom: 5px;'>Temperatura de almacenamiento -20 &#8211; 60\u00b0C<\/li>\n<li style='margin-bottom: 5px;'>Humedad HR del 0 &#8211; 80%&comma; sin condensaci\u00f3n<\/li>\n<\/ul><\/div>\n<\/p><\/div>\n<p> <!-- Propiedades f\u00edsicas --> <\/p>\n<div style='border: 1px solid rgba(150&comma; 150&comma; 150&comma; 0.4); border-radius: 8px; overflow: hidden; display: flex; flex-direction: column;'>\n<div style='padding: 15px; border-bottom: 1px solid rgba(150&comma; 150&comma; 150&comma; 0.2); font-weight: bold; font-size: 18px; color: inherit;'>Propiedades f\u00edsicas<\/div>\n<div style='padding: 15px; color: inherit;'>\n<ul style='padding-left: 20px; margin: 0; font-size: 14px; list-style-type: disc;'>\n<li style='margin-bottom: 5px;'>Carcasa Met\u00e1lica<\/li>\n<li style='margin-bottom: 5px;'>Peso: 3.99 kg (8.79 libras)<\/li>\n<li style='margin-bottom: 5px;'>Dimensiones (LA x AN x AL): 43&comma;24&#215;26&comma;23&#215;4&comma;40cm (17&comma;02 x 10&comma;33 x 1&comma;73 pulgadas)<\/li>\n<\/ul><\/div>\n<\/p><\/div>\n<p> <!-- EDID --> <\/p>\n<div style='border: 1px solid rgba(150&comma; 150&comma; 150&comma; 0.4); border-radius: 8px; overflow: hidden; display: flex; flex-direction: column;'>\n<div style='padding: 15px; border-bottom: 1px solid rgba(150&comma; 150&comma; 150&comma; 0.2); font-weight: bold; font-size: 18px; color: inherit;'>Configuraci\u00f3n EDID<\/div>\n<div style='padding: 15px; color: inherit;'>\n<ul style='padding-left: 20px; margin: 0; font-size: 14px; list-style-type: disc;'>\n<li style='margin-bottom: 5px;'>Modo EDID: Predeterminado \/ Puerto 1 \/ Remix \/ Personalizado (compatibilidad con Asistente EDID)<\/li>\n<\/ul><\/div>\n<\/p><\/div>\n<\/p><\/div>\n<p> <!-- Imagen de cable HDMI --> <\/p>\n<div style='width: 30%; margin: 40px auto; padding: 10px;'> <img style='width: 100%; height: auto; border: 1px solid rgba(150&comma;150&comma;150&comma;0.3); border-radius: 8px;' src='https:\/\/ftp3.syscom.mx\/usuarios\/luis.vargas\/ATEN\/Cable_HDMI\/CableHDMI.png' alt='Cable HDMI'> <\/div>\n<\/p><\/div>\n","protected":false},"excerpt":{"rendered":"<p>Conmutador de Matrix | HDMI 8 x 8 True 4K | Compatible con TAA<\/p>\n","protected":false},"featured_media":99101,"comment_status":"open","ping_status":"closed","template":"","meta":[],"product_brand":[],"product_cat":[2130],"product_tag":[2121,488,2131],"class_list":{"0":"post-99102","1":"product","2":"type-product","3":"status-publish","4":"has-post-thumbnail","6":"product_cat-vga-dvi-hdmi","7":"product_tag-aten","8":"product_tag-cables-y-conectores","9":"product_tag-vga-dvi-hdmi","11":"first","12":"outofstock","13":"sale","14":"shipping-taxable","15":"purchasable","16":"product-type-simple"},"_links":{"self":[{"href":"https:\/\/soydeaqui.ddns.net\/pachuca\/index.php\/wp-json\/wp\/v2\/product\/99102","targetHints":{"allow":["GET"]}}],"collection":[{"href":"https:\/\/soydeaqui.ddns.net\/pachuca\/index.php\/wp-json\/wp\/v2\/product"}],"about":[{"href":"https:\/\/soydeaqui.ddns.net\/pachuca\/index.php\/wp-json\/wp\/v2\/types\/product"}],"replies":[{"embeddable":true,"href":"https:\/\/soydeaqui.ddns.net\/pachuca\/index.php\/wp-json\/wp\/v2\/comments?post=99102"}],"wp:featuredmedia":[{"embeddable":true,"href":"https:\/\/soydeaqui.ddns.net\/pachuca\/index.php\/wp-json\/wp\/v2\/media\/99101"}],"wp:attachment":[{"href":"https:\/\/soydeaqui.ddns.net\/pachuca\/index.php\/wp-json\/wp\/v2\/media?parent=99102"}],"wp:term":[{"taxonomy":"product_brand","embeddable":true,"href":"https:\/\/soydeaqui.ddns.net\/pachuca\/index.php\/wp-json\/wp\/v2\/product_brand?post=99102"},{"taxonomy":"product_cat","embeddable":true,"href":"https:\/\/soydeaqui.ddns.net\/pachuca\/index.php\/wp-json\/wp\/v2\/product_cat?post=99102"},{"taxonomy":"product_tag","embeddable":true,"href":"https:\/\/soydeaqui.ddns.net\/pachuca\/index.php\/wp-json\/wp\/v2\/product_tag?post=99102"}],"curies":[{"name":"wp","href":"https:\/\/api.w.org\/{rel}","templated":true}]}}