{"id":99094,"date":"2026-03-20T10:11:29","date_gmt":"2026-03-20T10:11:29","guid":{"rendered":"https:\/\/soydeaqui.ddns.net\/pachuca\/index.php\/producto\/turret-ip-8-megapixel-lente-fijo-4-mm-40-mts-ir-exir-ip67-deteccion-facial-wdr-120-db-deepinview-busqueda-por-atributos-heat-map\/"},"modified":"2026-03-20T10:11:30","modified_gmt":"2026-03-20T10:11:30","slug":"turret-ip-8-megapixel-lente-fijo-4-mm-40-mts-ir-exir-ip67-deteccion-facial-wdr-120-db-deepinview-busqueda-por-atributos-heat-map","status":"publish","type":"product","link":"https:\/\/soydeaqui.ddns.net\/pachuca\/index.php\/producto\/turret-ip-8-megapixel-lente-fijo-4-mm-40-mts-ir-exir-ip67-deteccion-facial-wdr-120-db-deepinview-busqueda-por-atributos-heat-map\/","title":{"rendered":"Turret IP 8 Megapixel \/ Lente FIjo 4 mm \/ 40 mts IR EXIR \/ IP67 \/ Detecci\u00f3n Facial \/ WDR 120 dB \/ DeepinView \/ B\u00fasqueda por Atributos \/ Heat Map"},"content":{"rendered":"<div style='width: 100%; max-width: 1200px; margin: 0 auto; font-family: sans-serif; line-height: 1.6; color: inherit; background-color: transparent;'> <!-- Banner inicial --> <\/p>\n<div style='text-align: center; margin: 30px 0;'> <img style='width: 45%; height: auto; border: 1px solid rgba(150&comma;150&comma;150&comma;0.3); border-radius: 8px;' src='https:\/\/ftp3.syscom.mx\/usuarios\/jsosa\/HIKVISION\/imagenes\/logo\/hikvision%20see%20far.png' alt='Banner Inicial'> <\/div>\n<p> <!-- Secci\u00f3n de especificaciones --> <\/p>\n<div style='display: flex; flex-wrap: wrap; gap: 30px; margin-bottom: 30px;'> <!-- Columna 1 --> <\/p>\n<div style='flex: 1 1 300px; min-width: 280px;'>\n<div style='border-left: 5px solid #ff0000; border-radius: 8px; padding: 15px; box-shadow: 0 2px 10px rgba(0&comma;0&comma;0&comma;0.1);'>\n<h3 style='font-size: 20px; margin-top: 0; color: inherit; opacity: 0.8;'>Caracter\u00edsticas principales:<\/h3>\n<ul style='padding-left: 20px; font-size: 15px; color: inherit;'>\n<li style='margin-bottom: 5px;'><span style='color: inherit; font-family: sans-serif;'>Compresi\u00f3n de video: H.265+ \/ H.265 \/ H.264+ \/ H.264.<\/span><\/li>\n<li style='margin-bottom: 5px;'><span style='color: inherit; font-family: sans-serif;'>Lente Fijo: 4 mm (93\u00b0).<\/span><\/li>\n<li style='margin-bottom: 5px;'><span style='color: inherit; font-family: sans-serif;'>Velocidad del shutter: 1 s a 1\/100&comma;000 s.<\/span><\/li>\n<li style='margin-bottom: 5px;'><span style='color: inherit; font-family: sans-serif;'>Iluminaci\u00f3n m\u00ednima DARKFIGHTER \u00bd : Color: 0.0005 Lux @(F1.0&comma;AGC ON)&comma; blanco y negro: 0.0001 Lux @(F1.0&comma;AGC ON)&comma; blanco y negro: 0 lux con IR.<\/span><\/li>\n<li style='margin-bottom: 5px;'><span style='color: inherit; font-family: sans-serif;'>Distancia de IR: 40 mts IR EXIR.<\/span><\/li>\n<li style='margin-bottom: 5px;'><span style='color: inherit; font-family: sans-serif;'>1 puerto de red: 10 \/ 100 Mbps.<\/span><\/li>\n<li style='margin-bottom: 5px;'><span style='color: inherit; font-family: sans-serif;'>Soporta micro SD de hasta 1TB (no incluida).<\/span><\/li>\n<li style='margin-bottom: 5px;'><span style='color: inherit; font-family: sans-serif;'>Resoluci\u00f3n m\u00e1xima: 30 fps (3840 \u00d7 2160&comma; 3072 \u00d7 1728&comma; 2560 \u00d7 1440&comma; 1920 \u00d7 1080&comma; 1280 \u00d7 720).<\/span><\/li>\n<li style='margin-bottom: 5px;'><span style='color: inherit; font-family: sans-serif;'>Funciones: WDR real 120 dB \/ BLC \/ HLC \/ 3D DNR \/ Defog \/ EIS.<\/span><\/li>\n<li style='margin-bottom: 5px;'><span style='color: inherit; font-family: sans-serif;'>Protocolos: ONVIF (PROFILE S&comma; PROFILE G&comma; PROFILE T) \/ ISAPI \/ SDK \/ ISUP.<\/span><\/li>\n<\/ul>\n<h3 style='font-size: 20px; margin-top: 20px; margin-bottom: 10px; color: inherit; opacity: 0.8;'>Caracter\u00edsticas F\u00edsicas y El\u00e9ctricas:<\/h3>\n<ul style='padding-left: 20px; font-size: 15px; color: inherit;'>\n<li style='margin-bottom: 5px;'><span style='color: inherit; font-family: sans-serif;'>Dimensiones: \u00d8138.6 mm \u00d7 124.4 mm<\/span><\/li>\n<li style='margin-bottom: 5px;'><span style='color: inherit; font-family: sans-serif;'>Consumo \/ alimentaci\u00f3n: 12 Vcc \/ PoE (802.3 at) \/ 7.9 Watts.<\/span><\/li>\n<li style='margin-bottom: 5px;'><span style='color: inherit; font-family: sans-serif;'>Protecci\u00f3n: IP67 (Interior \/ Exterior).<\/span><\/li>\n<li style='margin-bottom: 5px;'><span style='color: inherit; font-family: sans-serif;'>Peso: 820 gramos.<\/span><\/li>\n<\/ul><\/div>\n<\/p><\/div>\n<p> <!-- Columna 2 --> <\/p>\n<div style='flex: 1 1 300px; min-width: 280px;'>\n<div style='border-left: 5px solid #ff0000; border-radius: 8px; padding: 15px; box-shadow: 0 2px 10px rgba(0&comma;0&comma;0&comma;0.1);'>\n<h3 style='font-size: 20px; margin-top: 0; margin-bottom: 10px; color: inherit; opacity: 0.8;'>Caracter\u00edsticas Destacadas:<\/h3>\n<ul style='padding-left: 20px; font-size: 15px; color: inherit;'>\n<li style='margin-bottom: 10px; color: inherit;'> <strong style='color: inherit; font-family: sans-serif;'>Captura Facial<\/strong> <span style='display: block; font-family: sans-serif; font-size: 14px; margin-top: 5px;'>Con algoritmos integrados de aprendizaje profundo&comma; la c\u00e1mara es capaz de tomar la mejor fotograf\u00eda del rostro objetivo al detectarlo&comma; capturarlo&comma; calificarlo y seleccionarlo. La c\u00e1mara utiliza la funci\u00f3n de exposici\u00f3n facial para ajustar din\u00e1micamente la exposici\u00f3n del \u00e1rea facial en las capturas y garantizar una alta calidad en las im\u00e1genes faciales.<\/span> <\/li>\n<li style='margin-bottom: 10px; color: inherit;'> <strong style='color: inherit; font-family: sans-serif;'>Protecci\u00f3n Perimetral<\/strong> <span style='display: block; font-family: sans-serif; font-size: 14px; margin-top: 5px;'>Con algoritmos de detecci\u00f3n y clasificaci\u00f3n de objetivos basados en aprendizaje profundo integrados&comma; la c\u00e1mara lleva a cabo la tarea de protecci\u00f3n perimetral&comma; monitoreando las acciones de cruce de l\u00ednea&comma; intrusi\u00f3n&comma; entrada y salida de regiones. Los algoritmos filtran en gran medida las alarmas err\u00f3neas causadas por la interferencia de hojas&comma; luces&comma; animales&comma; banderas&comma; etc.<\/span> <\/li>\n<li style='margin-bottom: 10px; color: inherit;'> <strong style='color: inherit; font-family: sans-serif;'>Gesti\u00f3n de Colas<\/strong> <span style='display: block; font-family: sans-serif; font-size: 14px; margin-top: 5px;'>Con algoritmos integrados basados en aprendizaje profundo&comma; la c\u00e1mara detecta el n\u00famero de personas en cola y el tiempo de espera de cada persona. Puede generar informes para comparar la eficiencia de diferentes filas y mostrar el estado cambiante de una fila&comma; y admite la exportaci\u00f3n de datos sin procesar para un an\u00e1lisis posterior.<\/span> <\/li>\n<li style='margin-bottom: 10px; color: inherit;'> <strong style='color: inherit; font-family: sans-serif;'>Detecci\u00f3n de En Servicio<\/strong> <span style='display: block; font-family: sans-serif; font-size: 14px; margin-top: 5px;'>Con algoritmos integrados de aprendizaje profundo&comma; la c\u00e1mara admite la detecci\u00f3n de ausencia y de entrada\/salida de servicio. Puede detectar el estado de entrada\/salida y los cambios en el n\u00famero de personas en un \u00e1rea predefinida.<\/span> <\/li>\n<li style='margin-bottom: 10px; color: inherit;'> <strong style='color: inherit; font-family: sans-serif;'>Mapa de Calor<\/strong> <span style='display: block; font-family: sans-serif; font-size: 14px; margin-top: 5px;'>La c\u00e1mara puede generar una descripci\u00f3n gr\u00e1fica de visitas (calculando la cantidad de personas o el tiempo de permanencia) en un \u00e1rea configurada.<\/span> <\/li>\n<li style='margin-bottom: 5px; color: inherit;'> <strong style='color: inherit; font-family: sans-serif;'>Conteo de Personas<\/strong> <span style='display: block; font-family: sans-serif; font-size: 14px; margin-top: 5px;'>Con algoritmos integrados de aprendizaje profundo&comma; la c\u00e1mara integra m\u00faltiples inteligencias. Cuenta personas y reporta una alarma facial simult\u00e1neamente para lograr tanto el control de entrada como el conteo de personas.<\/span> <\/li>\n<\/ul><\/div>\n<\/p><\/div>\n<\/p><\/div>\n<p> <!-- Banner final --> <\/p>\n<div style='margin: 30px 0;'> <img style='width: 100%; height: auto; border: 1px solid rgba(150&comma;150&comma;150&comma;0.3); border-radius: 8px;' src='https:\/\/ftp3.syscom.mx\/usuarios\/jsosa\/HIKVISION\/imagenes\/banners\/solution%20complete.png' alt='Banner Final'> <\/div>\n<\/p><\/div>\n","protected":false},"excerpt":{"rendered":"<p>Turret IP 8 Megapixel \/ Lente FIjo 4 mm \/ 40 mts IR EXIR \/ IP67 \/ Detecci\u00f3n Facial \/ WDR 120 dB \/ DeepinView \/ B\u00fasqueda por Atributos \/ Heat Map<\/p>\n","protected":false},"featured_media":99093,"comment_status":"open","ping_status":"closed","template":"","meta":[],"product_brand":[],"product_cat":[2056],"product_tag":[122,2057,54],"class_list":{"0":"post-99094","1":"product","2":"type-product","3":"status-publish","4":"has-post-thumbnail","6":"product_cat-domo-eyeball-turret","7":"product_tag-camaras-ip-y-nvrs","8":"product_tag-domo-eyeball-turret","9":"product_tag-hikvision","11":"first","12":"outofstock","13":"sale","14":"shipping-taxable","15":"purchasable","16":"product-type-simple"},"_links":{"self":[{"href":"https:\/\/soydeaqui.ddns.net\/pachuca\/index.php\/wp-json\/wp\/v2\/product\/99094","targetHints":{"allow":["GET"]}}],"collection":[{"href":"https:\/\/soydeaqui.ddns.net\/pachuca\/index.php\/wp-json\/wp\/v2\/product"}],"about":[{"href":"https:\/\/soydeaqui.ddns.net\/pachuca\/index.php\/wp-json\/wp\/v2\/types\/product"}],"replies":[{"embeddable":true,"href":"https:\/\/soydeaqui.ddns.net\/pachuca\/index.php\/wp-json\/wp\/v2\/comments?post=99094"}],"wp:featuredmedia":[{"embeddable":true,"href":"https:\/\/soydeaqui.ddns.net\/pachuca\/index.php\/wp-json\/wp\/v2\/media\/99093"}],"wp:attachment":[{"href":"https:\/\/soydeaqui.ddns.net\/pachuca\/index.php\/wp-json\/wp\/v2\/media?parent=99094"}],"wp:term":[{"taxonomy":"product_brand","embeddable":true,"href":"https:\/\/soydeaqui.ddns.net\/pachuca\/index.php\/wp-json\/wp\/v2\/product_brand?post=99094"},{"taxonomy":"product_cat","embeddable":true,"href":"https:\/\/soydeaqui.ddns.net\/pachuca\/index.php\/wp-json\/wp\/v2\/product_cat?post=99094"},{"taxonomy":"product_tag","embeddable":true,"href":"https:\/\/soydeaqui.ddns.net\/pachuca\/index.php\/wp-json\/wp\/v2\/product_tag?post=99094"}],"curies":[{"name":"wp","href":"https:\/\/api.w.org\/{rel}","templated":true}]}}