{"id":99092,"date":"2026-03-20T10:11:24","date_gmt":"2026-03-20T10:11:24","guid":{"rendered":"https:\/\/soydeaqui.ddns.net\/pachuca\/index.php\/producto\/turret-ip-4-megapixel-lente-fijo-4-mm-luz-dual-ir-y-luz-blanca-deteccion-facial-heat-map-metadata-ip67-wdr-140-db-deepinview\/"},"modified":"2026-03-20T10:11:26","modified_gmt":"2026-03-20T10:11:26","slug":"turret-ip-4-megapixel-lente-fijo-4-mm-luz-dual-ir-y-luz-blanca-deteccion-facial-heat-map-metadata-ip67-wdr-140-db-deepinview","status":"publish","type":"product","link":"https:\/\/soydeaqui.ddns.net\/pachuca\/index.php\/producto\/turret-ip-4-megapixel-lente-fijo-4-mm-luz-dual-ir-y-luz-blanca-deteccion-facial-heat-map-metadata-ip67-wdr-140-db-deepinview\/","title":{"rendered":"Turret IP 4 Megapixel \/ Lente Fijo 4 mm \/ Luz Dual (IR y Luz Blanca) \/ Detecci\u00f3n Facial \/ Heat Map \/ Metadata \/ IP67 \/ WDR 140 dB \/ DeepinView"},"content":{"rendered":"<div style='width: 100%; max-width: 1200px; margin: 0 auto; font-family: sans-serif; line-height: 1.6; color: inherit; background-color: transparent;'> <!-- Banner inicial --> <\/p>\n<p style='text-align: center; margin: 0 0 20px 0;'><img style='width: 45%; height: auto; border: 1px solid rgba(150&comma;150&comma;150&comma;0.3); border-radius: 8px;' src='https:\/\/ftp3.syscom.mx\/usuarios\/jsosa\/HIKVISION\/imagenes\/logo\/hikvision%20see%20far.png' alt='Logo Hikvision'><\/p>\n<p> <!-- Contenedor principal --> <\/p>\n<div style='display: flex; flex-wrap: wrap; gap: 30px; margin-bottom: 30px;'> <!-- Columna 1 --> <\/p>\n<div style='flex: 1 1 300px; min-width: 280px;'>\n<div style='border-left: 5px solid #ff0000; border-radius: 8px; padding: 15px; box-shadow: 2px 2px 10px rgba(216&comma;216&comma;216&comma;0.3);'>\n<h3 style='font-size: 18px; margin-top: 0; margin-bottom: 15px; color: inherit; font-weight: bold;'>Caracter\u00edsticas principales:<\/h3>\n<ul style='padding-left: 20px; font-size: 15px; color: inherit; list-style-type: disc;'>\n<li style='margin-bottom: 8px;'><strong>Compresi\u00f3n de video:<\/strong> H.265+ \/ H.265 \/ H.264+ \/ H.264<\/li>\n<li style='margin-bottom: 8px;'><strong>Lente Fijo:<\/strong> 4 mm (94.7\u00b0)<\/li>\n<li style='margin-bottom: 8px;'><strong>Velocidad del shutter:<\/strong> 1 s to 1\/100&comma;000 s<\/li>\n<li style='margin-bottom: 8px;'><strong>Iluminaci\u00f3n m\u00ednima DARKFIGHTER:<\/strong> Color: 0.0003 Lux @(F1.0&comma;AGC ON)&comma; blanco y negro: 0.0001 Lux @(F1.0&comma;AGC ON)&comma; blanco y negro: 0 lux con IR<\/li>\n<li style='margin-bottom: 8px;'><strong>Distancia de Luz Blanca:<\/strong> 40 mts<\/li>\n<li style='margin-bottom: 8px;'><strong>Puerto de red:<\/strong> 1 puerto de 10 \/ 100 Mbps<\/li>\n<li style='margin-bottom: 8px;'><strong>Soporte micro SD:<\/strong> Hasta 1TB (no incluida)<\/li>\n<li style='margin-bottom: 8px;'><strong>Resoluci\u00f3n m\u00e1xima:<\/strong> 30 fps (2688 \u00d7 1520&comma; 2560 \u00d7 1440&comma; 1920 \u00d7 1080&comma; 1280 \u00d7 720)<\/li>\n<li style='margin-bottom: 8px;'><strong>Funciones:<\/strong> WDR real 140 dB \/ BLC \/ HLC \/ 3D DNR \/ Defog \/ EIS<\/li>\n<li style='margin-bottom: 8px;'><strong>Protocolos:<\/strong> ONVIF (PROFILE S&comma; PROFILE G&comma; PROFILE T) \/ ISAPI \/ SDK \/ ISUP<\/li>\n<\/ul>\n<h3 style='font-size: 18px; margin-top: 25px; margin-bottom: 15px; color: inherit; font-weight: bold;'>Caracter\u00edsticas F\u00edsicas y El\u00e9ctricas:<\/h3>\n<ul style='padding-left: 20px; font-size: 15px; color: inherit; list-style-type: disc;'>\n<li style='margin-bottom: 8px;'><strong>Dimensiones:<\/strong> \u00d8 138.6 mm \u00d7 124.4 mm<\/li>\n<li style='margin-bottom: 8px;'><strong>Consumo \/ alimentaci\u00f3n:<\/strong> 12 Vcc \/ PoE (802.3 at) \/ 7.9 W<\/li>\n<li style='margin-bottom: 8px;'><strong>Entradas y salidas de Alarma:<\/strong> 1<\/li>\n<li style='margin-bottom: 8px;'><strong>Entradas y salidas de Audio:<\/strong> 1<\/li>\n<li style='margin-bottom: 8px;'><strong>Protecci\u00f3n:<\/strong> IP67 (interior \/ exterior)<\/li>\n<li style='margin-bottom: 8px;'><strong>Peso:<\/strong> 820 gramos<\/li>\n<\/ul><\/div>\n<\/p><\/div>\n<p> <!-- Columna 2 --> <\/p>\n<div style='flex: 1 1 300px; min-width: 280px;'>\n<div style='border-left: 5px solid #ff0000; border-radius: 8px; padding: 15px; box-shadow: 2px 2px 10px rgba(216&comma;216&comma;216&comma;0.3);'>\n<h3 style='font-size: 18px; margin-top: 0; margin-bottom: 15px; color: inherit; font-weight: bold;'>Caracter\u00edsticas Destacadas:<\/h3>\n<ul style='padding-left: 20px; font-size: 15px; color: inherit; list-style-type: disc;'>\n<li style='margin-bottom: 12px; text-align: justify;'><strong style='font-size: 16px;'>Captura Facial<\/strong><br \/> Con algoritmos integrados de aprendizaje profundo&comma; la c\u00e1mara es capaz de tomar la mejor fotograf\u00eda del rostro objetivo al detectarlo&comma; capturarlo&comma; calificarlo y seleccionarlo. La c\u00e1mara utiliza la funci\u00f3n de exposici\u00f3n facial para ajustar din\u00e1micamente la exposici\u00f3n del \u00e1rea facial en las capturas y garantizar una alta calidad en las im\u00e1genes faciales.<\/li>\n<li style='margin-bottom: 12px; text-align: justify;'><strong style='font-size: 16px;'>Protecci\u00f3n Perimetral<\/strong><br \/> Con algoritmos de detecci\u00f3n y clasificaci\u00f3n de objetivos basados en aprendizaje profundo integrados&comma; la c\u00e1mara lleva a cabo la tarea de protecci\u00f3n perimetral&comma; monitoreando las acciones de cruce de l\u00ednea&comma; intrusi\u00f3n&comma; entrada y salida de regiones. Los algoritmos filtran en gran medida las alarmas err\u00f3neas causadas por la interferencia de hojas&comma; luces&comma; animales&comma; banderas&comma; etc.<\/li>\n<li style='margin-bottom: 12px; text-align: justify;'><strong style='font-size: 16px;'>Gesti\u00f3n de Colas<\/strong><br \/> Con algoritmos integrados basados en aprendizaje profundo&comma; la c\u00e1mara detecta el n\u00famero de personas en cola y el tiempo de espera de cada persona. Puede generar informes para comparar la eficiencia de diferentes filas y mostrar el estado cambiante de una fila&comma; y admite la exportaci\u00f3n de datos sin procesar para un an\u00e1lisis posterior.<\/li>\n<li style='margin-bottom: 12px; text-align: justify;'><strong style='font-size: 16px;'>Detecci\u00f3n de En Servicio<\/strong><br \/> Con algoritmos integrados de aprendizaje profundo&comma; la c\u00e1mara admite la detecci\u00f3n de ausencia y de entrada\/salida de servicio. Puede detectar el estado de entrada\/salida y los cambios en el n\u00famero de personas en un \u00e1rea predefinida.<\/li>\n<li style='margin-bottom: 12px; text-align: justify;'><strong style='font-size: 16px;'>Mapa de Calor<\/strong><br \/> La c\u00e1mara puede generar una descripci\u00f3n gr\u00e1fica de visitas (calculando la cantidad de personas o el tiempo de permanencia) en un \u00e1rea configurada.<\/li>\n<li style='margin-bottom: 0; text-align: justify;'><strong style='font-size: 16px;'>Conteo de Personas<\/strong><br \/> Con algoritmos integrados de aprendizaje profundo&comma; la c\u00e1mara integra m\u00faltiples inteligencias. Cuenta personas y reporta una alarma facial simult\u00e1neamente para lograr tanto el control de entrada como el conteo de personas.<\/li>\n<\/ul><\/div>\n<\/p><\/div>\n<\/p><\/div>\n<p> <!-- Banner final --> <\/p>\n<div style='margin: 30px 0;'> <img style='width: 100%; height: auto; border: 1px solid rgba(150&comma;150&comma;150&comma;0.3); border-radius: 8px;' src='https:\/\/ftp3.syscom.mx\/usuarios\/jsosa\/HIKVISION\/imagenes\/banners\/solution%20complete.png' alt='Banner final'> <\/div>\n<\/p><\/div>\n","protected":false},"excerpt":{"rendered":"<p>Turret IP 4 Megapixel \/ Lente Fijo 4 mm \/ Luz Dual (IR y Luz Blanca) \/ Detecci\u00f3n Facial \/ Heat Map \/ Metadata \/ IP67 \/ WDR 140 dB \/ DeepinView<\/p>\n","protected":false},"featured_media":99091,"comment_status":"open","ping_status":"closed","template":"","meta":[],"product_brand":[],"product_cat":[2056],"product_tag":[122,2057,54],"class_list":{"0":"post-99092","1":"product","2":"type-product","3":"status-publish","4":"has-post-thumbnail","6":"product_cat-domo-eyeball-turret","7":"product_tag-camaras-ip-y-nvrs","8":"product_tag-domo-eyeball-turret","9":"product_tag-hikvision","11":"first","12":"outofstock","13":"sale","14":"shipping-taxable","15":"purchasable","16":"product-type-simple"},"_links":{"self":[{"href":"https:\/\/soydeaqui.ddns.net\/pachuca\/index.php\/wp-json\/wp\/v2\/product\/99092","targetHints":{"allow":["GET"]}}],"collection":[{"href":"https:\/\/soydeaqui.ddns.net\/pachuca\/index.php\/wp-json\/wp\/v2\/product"}],"about":[{"href":"https:\/\/soydeaqui.ddns.net\/pachuca\/index.php\/wp-json\/wp\/v2\/types\/product"}],"replies":[{"embeddable":true,"href":"https:\/\/soydeaqui.ddns.net\/pachuca\/index.php\/wp-json\/wp\/v2\/comments?post=99092"}],"wp:featuredmedia":[{"embeddable":true,"href":"https:\/\/soydeaqui.ddns.net\/pachuca\/index.php\/wp-json\/wp\/v2\/media\/99091"}],"wp:attachment":[{"href":"https:\/\/soydeaqui.ddns.net\/pachuca\/index.php\/wp-json\/wp\/v2\/media?parent=99092"}],"wp:term":[{"taxonomy":"product_brand","embeddable":true,"href":"https:\/\/soydeaqui.ddns.net\/pachuca\/index.php\/wp-json\/wp\/v2\/product_brand?post=99092"},{"taxonomy":"product_cat","embeddable":true,"href":"https:\/\/soydeaqui.ddns.net\/pachuca\/index.php\/wp-json\/wp\/v2\/product_cat?post=99092"},{"taxonomy":"product_tag","embeddable":true,"href":"https:\/\/soydeaqui.ddns.net\/pachuca\/index.php\/wp-json\/wp\/v2\/product_tag?post=99092"}],"curies":[{"name":"wp","href":"https:\/\/api.w.org\/{rel}","templated":true}]}}