{"id":99086,"date":"2026-03-20T10:11:07","date_gmt":"2026-03-20T10:11:07","guid":{"rendered":"https:\/\/soydeaqui.ddns.net\/pachuca\/index.php\/producto\/disco-duro-sata-de-3-5-serie-plus-capacidades-de-8tb-tecnologia-cmr-velocidad-de-rotacion-7200-rpm-interfaz-sata-6-gb-s-cache-de-512-mb-mtbf-de-1-2-millon-de-horas-carga-de-trabajo-de-1\/"},"modified":"2026-03-20T10:11:12","modified_gmt":"2026-03-20T10:11:12","slug":"disco-duro-sata-de-3-5-serie-plus-capacidades-de-8tb-tecnologia-cmr-velocidad-de-rotacion-7200-rpm-interfaz-sata-6-gb-s-cache-de-512-mb-mtbf-de-1-2-millon-de-horas-carga-de-trabajo-de-1","status":"publish","type":"product","link":"https:\/\/soydeaqui.ddns.net\/pachuca\/index.php\/producto\/disco-duro-sata-de-3-5-serie-plus-capacidades-de-8tb-tecnologia-cmr-velocidad-de-rotacion-7200-rpm-interfaz-sata-6-gb-s-cache-de-512-mb-mtbf-de-1-2-millon-de-horas-carga-de-trabajo-de-1\/","title":{"rendered":"Disco Duro SATA de 3.5&#8243; Serie Plus | Capacidades de 8TB | Tecnolog\u00eda CMR | Velocidad de Rotaci\u00f3n 7200 rpm | Interfaz SATA 6 GB\/s | Cach\u00e9 de 512 MB | MTBF de 1.2 Mill\u00f3n de Horas | Carga de Trabajo de 180 TB\/a\u00f1o."},"content":{"rendered":"<div style='width: 100%; max-width: 1200px; margin: 0 auto; font-family: sans-serif; line-height: 1.6; color: inherit; background-color: transparent;'>\n<div style='margin-bottom: 30px;'>\n<p style='font-size: 17px; line-height: 1.6; margin: 0 0 20px 0; color: inherit;'>Los discos duros SATA de 3.5&#8242; Serie Plus de Synology est\u00e1n dise\u00f1ados para ofrecer fiabilidad y rendimiento en entornos de almacenamiento ininterrumpido para peque\u00f1as y medianas empresas. Con tecnolog\u00eda de grabaci\u00f3n magn\u00e9tica convencional (CMR)&comma; estos discos garantizan un rendimiento constante y est\u00e1n respaldados por un MTBF de hasta 1.2 millones de horas y una clasificaci\u00f3n de carga de trabajo de 180 TB\/a\u00f1o.<\/p>\n<\/p><\/div>\n<div style='margin-bottom: 30px;'>\n<h3 style='font-size: 22px; border-bottom: 2px solid currentColor; padding-bottom: 5px; margin-top: 0; margin-bottom: 20px; color: inherit; opacity: 0.8;'>Caracter\u00edsticas Principales<\/h3>\n<div style='display: flex; flex-wrap: wrap; gap: 20px;'>\n<div style='flex: 1 1 300px; min-width: 280px;'>\n<ul style='padding-left: 20px; font-size: 15px; color: inherit; list-style-type: disc;'>\n<li style='margin-bottom: 5px;'>Funcionamiento fiable e ininterrumpido con MTBF de hasta 1.2 millones de horas<\/li>\n<li style='margin-bottom: 5px;'>Clasificaci\u00f3n de carga de trabajo de 180 TB\/a\u00f1o&comma; ideal para entornos multiusuario<\/li>\n<li style='margin-bottom: 5px;'>Actualizaciones de firmware sin problemas a trav\u00e9s de Synology DSM<\/li>\n<li style='margin-bottom: 5px;'>Tecnolog\u00eda de grabaci\u00f3n magn\u00e9tica convencional (CMR) para un rendimiento constante<\/li>\n<li style='margin-bottom: 5px;'>Dise\u00f1ados para durar con m\u00e1s de 500&comma;000 horas de pruebas de compatibilidad y estr\u00e9s<\/li>\n<\/ul><\/div>\n<\/p><\/div>\n<\/p><\/div>\n<div style='margin-bottom: 30px;'>\n<h3 style='font-size: 22px; border-bottom: 2px solid currentColor; padding-bottom: 5px; margin-top: 0; margin-bottom: 20px; color: inherit; opacity: 0.8;'>Detalles T\u00e9cnicos<\/h3>\n<div style='display: flex; flex-wrap: wrap; gap: 20px;'>\n<div style='flex: 1 1 250px; border: 1px solid rgba(150&comma; 150&comma; 150&comma; 0.4); border-radius: 8px; overflow: hidden; display: flex; flex-direction: column;'>\n<div style='padding: 15px; border-bottom: 1px solid rgba(150&comma; 150&comma; 150&comma; 0.2); font-weight: bold; font-size: 18px; color: inherit;'>Especificaciones<\/div>\n<div style='padding: 15px; color: inherit;'>\n<ul style='padding-left: 20px; margin: 0; font-size: 14px; list-style-type: disc;'>\n<li style='margin-bottom: 5px;'><strong>Capacidades:<\/strong> 2TB&comma; 4TB&comma; 6TB&comma; 8TB&comma; 12TB&comma; 16TB<\/li>\n<li style='margin-bottom: 5px;'><strong>Factor de forma:<\/strong> 3.5&#8242;<\/li>\n<li style='margin-bottom: 5px;'><strong>Interfaz:<\/strong> SATA 6 GB\/s<\/li>\n<li style='margin-bottom: 5px;'><strong>Tama\u00f1o del sector:<\/strong> 512e<\/li>\n<li style='margin-bottom: 5px;'><strong>Velocidad de rotaci\u00f3n:<\/strong> 5400 rpm o 7200 rpm<\/li>\n<li style='margin-bottom: 5px;'><strong>Cach\u00e9:<\/strong> 256 MB o 512 MB<\/li>\n<li style='margin-bottom: 5px;'><strong>Velocidad m\u00e1xima de transferencia de datos:<\/strong> 180 MB\/s&comma; 202 MB\/s&comma; 281 MB\/s<\/li>\n<li style='margin-bottom: 5px;'><strong>Consumo el\u00e9ctrico:<\/strong> 12V (\u00b110%)\/5V (\u00b15%)<\/li>\n<li style='margin-bottom: 5px;'><strong>Consumo medio en reposo:<\/strong> 2.80 W a 5.74 W<\/li>\n<li style='margin-bottom: 5px;'><strong>Consumo medio en funcionamiento:<\/strong> 3.10 W a 9.07 W<\/li>\n<\/ul><\/div>\n<\/p><\/div>\n<div style='flex: 1 1 250px; border: 1px solid rgba(150&comma; 150&comma; 150&comma; 0.4); border-radius: 8px; overflow: hidden; display: flex; flex-direction: column;'>\n<div style='padding: 15px; border-bottom: 1px solid rgba(150&comma; 150&comma; 150&comma; 0.2); font-weight: bold; font-size: 18px; color: inherit;'>Interfaces y Conectividad<\/div>\n<div style='padding: 15px; color: inherit;'>\n<ul style='padding-left: 20px; margin: 0; font-size: 14px; list-style-type: disc;'>\n<li style='margin-bottom: 5px;'>Interfaz SATA 6 GB\/s compatible con sistemas de almacenamiento Synology<\/li>\n<li style='margin-bottom: 5px;'>Actualizaciones de firmware a trav\u00e9s de Synology DSM<\/li>\n<\/ul><\/div>\n<\/p><\/div>\n<\/p><\/div>\n<\/p><\/div>\n<div style='margin-bottom: 30px;'>\n<h3 style='font-size: 22px; border-bottom: 2px solid currentColor; padding-bottom: 5px; margin-top: 0; margin-bottom: 20px; color: inherit; opacity: 0.8;'>Aplicaciones y Casos de Uso<\/h3>\n<div style='display: flex; flex-wrap: wrap; gap: 20px;'>\n<div style='flex: 1 1 250px; border: 1px solid rgba(150&comma; 150&comma; 150&comma; 0.4); border-radius: 8px; overflow: hidden; display: flex; flex-direction: column;'>\n<div style='padding: 15px; border-bottom: 1px solid rgba(150&comma; 150&comma; 150&comma; 0.2); font-weight: bold; font-size: 18px; color: inherit;'>Almacenamiento NAS<\/div>\n<div style='padding: 15px; color: inherit;'>\n<p style='margin: 0; font-size: 14px; color: inherit;'>Ideal para sistemas de almacenamiento NAS de peque\u00f1as y medianas empresas&comma; garantizando un rendimiento constante y fiabilidad en entornos multiusuario.<\/p>\n<\/p><\/div>\n<\/p><\/div>\n<div style='flex: 1 1 250px; border: 1px solid rgba(150&comma; 150&comma; 150&comma; 0.4); border-radius: 8px; overflow: hidden; display: flex; flex-direction: column;'>\n<div style='padding: 15px; border-bottom: 1px solid rgba(150&comma; 150&comma; 150&comma; 0.2); font-weight: bold; font-size: 18px; color: inherit;'>Backup y Archivo<\/div>\n<div style='padding: 15px; color: inherit;'>\n<p style='margin: 0; font-size: 14px; color: inherit;'>Perfecto para soluciones de backup y archivo de datos&comma; con una clasificaci\u00f3n de carga de trabajo de 180 TB\/a\u00f1o y tecnolog\u00eda CMR para un rendimiento confiable.<\/p>\n<\/p><\/div>\n<\/p><\/div>\n<div style='flex: 1 1 250px; border: 1px solid rgba(150&comma; 150&comma; 150&comma; 0.4); border-radius: 8px; overflow: hidden; display: flex; flex-direction: column;'>\n<div style='padding: 15px; border-bottom: 1px solid rgba(150&comma; 150&comma; 150&comma; 0.2); font-weight: bold; font-size: 18px; color: inherit;'>Entornos de Trabajo Intensivo<\/div>\n<div style='padding: 15px; color: inherit;'>\n<p style='margin: 0; font-size: 14px; color: inherit;'>Dise\u00f1ado para entornos con cargas de trabajo intensivas&comma; respaldado por un MTBF de hasta 1.2 millones de horas y rigurosas pruebas de validaci\u00f3n.<\/p>\n<\/p><\/div>\n<\/p><\/div>\n<\/p><\/div>\n<\/p><\/div>\n<hr style='border: 0; border-top: 1px solid rgba(150&comma; 150&comma; 150&comma; 0.3); margin: 30px 0;'> <\/div>\n","protected":false},"excerpt":{"rendered":"<p>Disco Duro SATA de 3.5&#8243; Serie Plus | Capacidades de 8TB | Tecnolog\u00eda CMR | Velocidad de Rotaci\u00f3n 7200 rpm | Interfaz SATA 6 GB\/s | Cach\u00e9 de 512 MB | MTBF de 1.2 Mill\u00f3n de Horas | Carga de Trabajo de 180 TB\/a\u00f1o.<\/p>\n","protected":false},"featured_media":99085,"comment_status":"open","ping_status":"closed","template":"","meta":[],"product_brand":[],"product_cat":[2103],"product_tag":[2022,2065,1976],"class_list":{"0":"post-99086","1":"product","2":"type-product","3":"status-publish","4":"has-post-thumbnail","6":"product_cat-discos-duros-mecanicos-hdd-servidores-almacenamiento","7":"product_tag-discos-duros-mecanicos-hdd","8":"product_tag-servidores-almacenamiento","9":"product_tag-synology","11":"first","12":"outofstock","13":"sale","14":"shipping-taxable","15":"purchasable","16":"product-type-simple"},"_links":{"self":[{"href":"https:\/\/soydeaqui.ddns.net\/pachuca\/index.php\/wp-json\/wp\/v2\/product\/99086","targetHints":{"allow":["GET"]}}],"collection":[{"href":"https:\/\/soydeaqui.ddns.net\/pachuca\/index.php\/wp-json\/wp\/v2\/product"}],"about":[{"href":"https:\/\/soydeaqui.ddns.net\/pachuca\/index.php\/wp-json\/wp\/v2\/types\/product"}],"replies":[{"embeddable":true,"href":"https:\/\/soydeaqui.ddns.net\/pachuca\/index.php\/wp-json\/wp\/v2\/comments?post=99086"}],"wp:featuredmedia":[{"embeddable":true,"href":"https:\/\/soydeaqui.ddns.net\/pachuca\/index.php\/wp-json\/wp\/v2\/media\/99085"}],"wp:attachment":[{"href":"https:\/\/soydeaqui.ddns.net\/pachuca\/index.php\/wp-json\/wp\/v2\/media?parent=99086"}],"wp:term":[{"taxonomy":"product_brand","embeddable":true,"href":"https:\/\/soydeaqui.ddns.net\/pachuca\/index.php\/wp-json\/wp\/v2\/product_brand?post=99086"},{"taxonomy":"product_cat","embeddable":true,"href":"https:\/\/soydeaqui.ddns.net\/pachuca\/index.php\/wp-json\/wp\/v2\/product_cat?post=99086"},{"taxonomy":"product_tag","embeddable":true,"href":"https:\/\/soydeaqui.ddns.net\/pachuca\/index.php\/wp-json\/wp\/v2\/product_tag?post=99086"}],"curies":[{"name":"wp","href":"https:\/\/api.w.org\/{rel}","templated":true}]}}