{"id":99003,"date":"2026-03-20T10:07:18","date_gmt":"2026-03-20T10:07:18","guid":{"rendered":"https:\/\/soydeaqui.ddns.net\/pachuca\/index.php\/producto\/splitter-hdmi-1x2-4k60hz-extractor-de-audio-down-scaler-hdr-444-edid-18gbps\/"},"modified":"2026-03-20T10:07:45","modified_gmt":"2026-03-20T10:07:45","slug":"splitter-hdmi-1x2-4k60hz-extractor-de-audio-down-scaler-hdr-444-edid-18gbps","status":"publish","type":"product","link":"https:\/\/soydeaqui.ddns.net\/pachuca\/index.php\/producto\/splitter-hdmi-1x2-4k60hz-extractor-de-audio-down-scaler-hdr-444-edid-18gbps\/","title":{"rendered":"Splitter HDMI 1&#215;2 |\u00a04K@60Hz | Extractor de Audio | Down Scaler | HDR  4:4:4 | EDID | 18Gbps"},"content":{"rendered":"<div style='width: 100%; max-width: 1200px; margin: 0 auto; font-family: sans-serif; line-height: 1.6; color: inherit; background-color: transparent;'> <!-- Imagen 1 --> <\/p>\n<div style='width: 100%; margin-bottom: 30px;'> <img style='width: 100%; height: auto; border: 1px solid rgba(150&comma;150&comma;150&comma;0.3); border-radius: 8px;' src='https:\/\/ftp3.syscom.mx\/usuarios\/luis.vargas\/EpcomProAudio\/Video\/epcomup.jpg' alt='Banner principal'> <\/div>\n<p> <!-- Descripci\u00f3n principal --> <\/p>\n<div style='margin-bottom: 30px;'>\n<h1 style='font-size: 24px; text-align: center; margin: 0 0 10px 0; color: inherit; opacity: 0.9;'>EPC-B12SA<\/h1>\n<p style='text-align: center; margin: 0 70px; font-size: 14px; color: inherit; opacity: 0.8;'> El divisor HDMI 1\u00d72 de 18 Gbps puede distribuir 1 se\u00f1al de fuente HDMI a 2 dispositivos de visualizaci\u00f3n HDMI. Admite resoluci\u00f3n de hasta 4K2K@50\/60Hz (4:4:4). Este producto admite extracci\u00f3n de audio desde una fuente HDMI a salida \u00f3ptica y anal\u00f3gica. Se pueden seleccionar dos modos EDID (COPIA\/AUTO). Todos los puertos de salida admiten funci\u00f3n de derivaci\u00f3n de se\u00f1al y reducci\u00f3n de escala de v\u00eddeo (4K->1080P). <\/p>\n<\/p><\/div>\n<p> <!-- Imagen 2 --> <\/p>\n<div style='width: 100%; margin-bottom: 30px;'> <img style='width: 80%; height: auto; border: 1px solid rgba(150&comma;150&comma;150&comma;0.3); border-radius: 8px; margin: 0 10%;' src='https:\/\/ftp3.syscom.mx\/usuarios\/luis.vargas\/EpcomProAudio\/Video\/EPC-B12SA\/iconos.png' alt='Iconos de caracter\u00edsticas'> <\/div>\n<p> <!-- Imagen 3 --> <\/p>\n<div style='width: 100%; margin-bottom: 30px;'> <img style='width: 60%; height: auto; border: 1px solid rgba(150&comma;150&comma;150&comma;0.3); border-radius: 8px; margin: 0 20%;' src='https:\/\/ftp3.syscom.mx\/usuarios\/luis.vargas\/EpcomProAudio\/Video\/EPC-B12SA\/Imagen%20EPC-B12SA.png' alt='Producto en uso'> <\/div>\n<p> <!-- Caracter\u00edsticas --> <\/p>\n<div style='margin-bottom: 30px;'>\n<p style='text-align: center; font-size: 16px; font-weight: bold; margin-bottom: 20px; color: inherit; opacity: 0.85;'>Caracter\u00edsticas<\/p>\n<div style='display: flex; flex-wrap: wrap; gap: 20px;'> <!-- Columna 1 --> <\/p>\n<div style='flex: 1 1 250px;'>\n<div style='border-left: 5px double rgba(67&comma;156&comma;199&comma;0.7); border-radius: 5px; padding: 0 10px; margin-bottom: 25px;'>\n<ul style='padding-left: 20px; margin: 0; font-size: 14px; color: inherit;'>\n<li style='margin-bottom: 8px;'>Compatible con HDMI 2.0b&comma; HDCP2.2\/HDCP1.4<\/li>\n<li style='margin-bottom: 8px;'>Admite ancho de banda de v\u00eddeo de 18 Gbps<\/li>\n<li style='margin-bottom: 8px;'>Soporta resoluci\u00f3n de v\u00eddeo de hasta 4K2K@50\/60Hz (4:4:4)<\/li>\n<li style='margin-bottom: 8px;'>Admite salida de extracto de audio digital y anal\u00f3gico desde una fuente HDMI<\/li>\n<li style='margin-bottom: 8px;'>Incluye: Divisor HDMI 1\u00d72 de 1\u00d718 Gbps&comma; 1\u00d7Manual de usuarioIncluye&comma; 1 \u00d7 Adaptador de corriente 5V\/1A<\/li>\n<\/ul><\/div>\n<\/p><\/div>\n<p> <!-- Columna 2 --> <\/p>\n<div style='flex: 1 1 250px;'>\n<div style='border-left: 5px double rgba(67&comma;156&comma;199&comma;0.7); border-radius: 5px; padding: 0 10px; margin-bottom: 25px;'>\n<ul style='padding-left: 20px; margin: 0; font-size: 14px; color: inherit;'>\n<li style='margin-bottom: 8px;'>Los puertos de salida admiten derivaci\u00f3n de se\u00f1al y funci\u00f3n de reducci\u00f3n de escala 4K->1080P a trav\u00e9s del interruptor de dial en el panel<\/li>\n<li style='margin-bottom: 8px;'>EDID se puede seleccionar en los modos COPY y AUTO a trav\u00e9s del interruptor de dial en el panel<\/li>\n<li style='margin-bottom: 8px;'>Admite formato de audio HDMI: LPCM&comma; Dolby Digital\/Plus\/EX&comma; Dolby True HD&comma; DTS&comma; DTS-EX&comma;DTS-96\/24&comma; DTS de alta resoluci\u00f3n&comma; DTS-HD Master Audio&comma; DSD<\/li>\n<\/ul><\/div>\n<\/p><\/div>\n<\/p><\/div>\n<\/p><\/div>\n<\/p><\/div>\n","protected":false},"excerpt":{"rendered":"<p>Splitter HDMI 1&#215;2 |\u00a04K@60Hz | Extractor de Audio | Down Scaler | HDR  4:4:4 | EDID | 18Gbps<\/p>\n","protected":false},"featured_media":99002,"comment_status":"open","ping_status":"closed","template":"","meta":[],"product_brand":[],"product_cat":[2073,2074,2077,2075,2072,2076],"product_tag":[417,2079,2080,2083,110,2081,2078,2082],"class_list":{"0":"post-99003","1":"product","2":"type-product","3":"status-publish","4":"has-post-thumbnail","6":"product_cat-convertidores","7":"product_cat-divisores","8":"product_cat-dvi","9":"product_cat-hdmi","10":"product_cat-kits-extensores","11":"product_cat-vga","12":"product_tag-accesorios-generales","13":"product_tag-convertidores","14":"product_tag-divisores","15":"product_tag-dvi","16":"product_tag-epcom-proaudio","17":"product_tag-hdmi","18":"product_tag-kits-extensores","19":"product_tag-vga","21":"first","22":"outofstock","23":"sale","24":"shipping-taxable","25":"purchasable","26":"product-type-simple"},"_links":{"self":[{"href":"https:\/\/soydeaqui.ddns.net\/pachuca\/index.php\/wp-json\/wp\/v2\/product\/99003","targetHints":{"allow":["GET"]}}],"collection":[{"href":"https:\/\/soydeaqui.ddns.net\/pachuca\/index.php\/wp-json\/wp\/v2\/product"}],"about":[{"href":"https:\/\/soydeaqui.ddns.net\/pachuca\/index.php\/wp-json\/wp\/v2\/types\/product"}],"replies":[{"embeddable":true,"href":"https:\/\/soydeaqui.ddns.net\/pachuca\/index.php\/wp-json\/wp\/v2\/comments?post=99003"}],"wp:featuredmedia":[{"embeddable":true,"href":"https:\/\/soydeaqui.ddns.net\/pachuca\/index.php\/wp-json\/wp\/v2\/media\/99002"}],"wp:attachment":[{"href":"https:\/\/soydeaqui.ddns.net\/pachuca\/index.php\/wp-json\/wp\/v2\/media?parent=99003"}],"wp:term":[{"taxonomy":"product_brand","embeddable":true,"href":"https:\/\/soydeaqui.ddns.net\/pachuca\/index.php\/wp-json\/wp\/v2\/product_brand?post=99003"},{"taxonomy":"product_cat","embeddable":true,"href":"https:\/\/soydeaqui.ddns.net\/pachuca\/index.php\/wp-json\/wp\/v2\/product_cat?post=99003"},{"taxonomy":"product_tag","embeddable":true,"href":"https:\/\/soydeaqui.ddns.net\/pachuca\/index.php\/wp-json\/wp\/v2\/product_tag?post=99003"}],"curies":[{"name":"wp","href":"https:\/\/api.w.org\/{rel}","templated":true}]}}