{"id":98993,"date":"2026-03-20T10:06:48","date_gmt":"2026-03-20T10:06:48","guid":{"rendered":"https:\/\/soydeaqui.ddns.net\/pachuca\/index.php\/producto\/matricial-hdmi-4x2-4k2k60hz-hdr-ycbcr-444-edid-auto-extractor-de-audio-salida-de-audio-analoga-y-digitalizados-hdcp-2-2-18-gbps\/"},"modified":"2026-03-20T10:07:13","modified_gmt":"2026-03-20T10:07:13","slug":"matricial-hdmi-4x2-4k2k60hz-hdr-ycbcr-444-edid-auto-extractor-de-audio-salida-de-audio-analoga-y-digitalizados-hdcp-2-2-18-gbps","status":"publish","type":"product","link":"https:\/\/soydeaqui.ddns.net\/pachuca\/index.php\/producto\/matricial-hdmi-4x2-4k2k60hz-hdr-ycbcr-444-edid-auto-extractor-de-audio-salida-de-audio-analoga-y-digitalizados-hdcp-2-2-18-gbps\/","title":{"rendered":"Matricial HDMI | 4&#215;2 | 4K2K@60Hz | HDR |\u00a0YCbCr 4:4:4 |\u00a0EDID Auto | Extractor de Audio |\u00a0Salida de audio an\u00e1loga y digitalizados | HDCP 2.2 | 18 Gbps"},"content":{"rendered":"<div style='width: 100%; max-width: 1200px; margin: 0 auto; font-family: sans-serif; line-height: 1.6; color: inherit; background-color: transparent;'> <!-- Imagen 1 --> <\/p>\n<div style='width: 100%; margin-bottom: 30px;'> <img style='width: 100%; height: auto; border: 1px solid rgba(150&comma;150&comma;150&comma;0.3); border-radius: 8px;' src='https:\/\/ftp3.syscom.mx\/usuarios\/luis.vargas\/EpcomProAudio\/Video\/epcomup.jpg' alt=''> <\/div>\n<p> <!-- Descripci\u00f3n principal --> <\/p>\n<div style='margin-bottom: 30px;'>\n<h1 style='text-align: center; font-size: 28px; margin-bottom: 20px; color: inherit;'>EPC-MXB42A<\/h1>\n<p style='text-align: center; margin: 0 70px 0 70px; font-size: 14px; color: inherit;'> La matriz de conmutaci\u00f3n HDMI de alto rendimiento puede conmutar cualquiera de estas cuatro fuentes HDMI a dos pantallas HDMI. Admite resoluci\u00f3n de hasta 4K2K@60Hz YCbCr 4:4:4 y HDCP 2.2. Puede extraer audio del dispositivo fuente HDMI a salida \u00f3ptica y anal\u00f3gica L\/R. Admita la funci\u00f3n de reducci\u00f3n de escala 4K\u21921080P si la fuente es 4K pero el televisor solo admite hasta 1080P. Tambi\u00e9n admite las funciones ARC y EDID (AUTO\/COPY\/STD). Con su ancho de banda de 18 Gbps y funciones adicionales con los \u00faltimos est\u00e1ndares HDMI. Control flexible mediante botones del panel frontal y control remoto por infrarrojos. <\/p>\n<\/p><\/div>\n<p> <!-- Imagen Iconos --> <\/p>\n<div style='width: 100%; margin: 30px 0;'> <img style='width: 80%; height: auto; border: 1px solid rgba(150&comma;150&comma;150&comma;0.3); border-radius: 8px; margin: 0 10%;' src='https:\/\/ftp3.syscom.mx\/usuarios\/luis.vargas\/EpcomProAudio\/Video\/EPC-MXB42A\/Iconos.png' alt=''> <\/div>\n<p> <!-- Caracter\u00edsticas --> <\/p>\n<div style='margin-bottom: 30px;'>\n<h3 style='text-align: center; font-size: 20px; margin-bottom: 20px; color: inherit; opacity: 0.8;'>Caracter\u00edsticas<\/h3>\n<div style='display: flex; flex-wrap: wrap; gap: 20px;'> <!-- Caracter\u00edsticas izquierda --> <\/p>\n<div style='flex: 1 1 300px; min-width: 250px;'>\n<div style='border: 1px solid rgba(150&comma;150&comma;150&comma;0.3); border-radius: 8px; padding: 15px;'>\n<ul style='padding-left: 20px; font-size: 14px; color: inherit; list-style-type: disc;'>\n<li style='margin-bottom: 8px;'>Compatible con HDMI 2.0&comma; HDCP 2.2 \/ HDCP 1.4 y DVI 1.0<\/li>\n<li style='margin-bottom: 8px;'>Admite 4 entradas HDMI y 2 salidas HDMI<\/li>\n<li style='margin-bottom: 8px;'>Resoluci\u00f3n de v\u00eddeo de hasta 4K2K@60Hz YCbCr 4:4:4<\/li>\n<li style='margin-bottom: 8px;'>Admite ancho de banda sin comprimir de 18 Gbps en todos los HDMI<\/li>\n<li style='margin-bottom: 8px;'>Soporte Dolby Vision&comma; HDR 10+&comma; HLG<\/li>\n<\/ul><\/div>\n<\/p><\/div>\n<p> <!-- Caracter\u00edsticas derecha --> <\/p>\n<div style='flex: 1 1 300px; min-width: 250px;'>\n<div style='border: 1px solid rgba(150&comma;150&comma;150&comma;0.3); border-radius: 8px; padding: 15px;'>\n<ul style='padding-left: 20px; font-size: 14px; color: inherit; list-style-type: disc;'>\n<li style='margin-bottom: 8px;'>Admite extraer audio del dispositivo fuente de entrada HDMI de OUT A o OUT B a salida \u00f3ptica y anal\u00f3gica L\/R OUT A y OUT B admitir la funci\u00f3n de reducci\u00f3n de escala de 4K a 1080P<\/li>\n<li style='margin-bottom: 8px;'>Admite la funci\u00f3n ARC (canal de retorno de audio)<\/li>\n<li style='margin-bottom: 8px;'>Admite gesti\u00f3n EDID avanzada&comma; incluidos AUTO&comma; COPY y STD<\/li>\n<li style='margin-bottom: 8px;'>El control se realiza mediante botones del panel frontal y control remoto por infrarrojos.<\/li>\n<\/ul><\/div>\n<\/p><\/div>\n<\/p><\/div>\n<\/p><\/div>\n<p> <!-- Im\u00e1genes adicionales --> <\/p>\n<div style='display: flex; flex-wrap: wrap; justify-content: center; gap: 20px; margin-top: 30px;'>\n<div style='flex: 1 1 45%; min-width: 300px;'> <img style='width: 100%; height: auto; border: 1px solid rgba(150&comma;150&comma;150&comma;0.3); border-radius: 8px;' src='https:\/\/ftp3.syscom.mx\/usuarios\/luis.vargas\/EpcomProAudio\/Video\/EPC-MXB42A\/F1.png' alt=''> <\/div>\n<div style='flex: 1 1 45%; min-width: 300px;'> <img style='width: 100%; height: auto; border: 1px solid rgba(150&comma;150&comma;150&comma;0.3); border-radius: 8px;' src='https:\/\/ftp3.syscom.mx\/usuarios\/luis.vargas\/EpcomProAudio\/Video\/EPC-MXB42A\/F2.png' alt=''> <\/div>\n<div style='flex: 1 1 45%; min-width: 300px;'> <img style='width: 100%; height: auto; border: 1px solid rgba(150&comma;150&comma;150&comma;0.3); border-radius: 8px;' src='https:\/\/ftp3.syscom.mx\/usuarios\/luis.vargas\/EpcomProAudio\/Video\/EPC-MXB42A\/F3.png' alt=''> <\/div>\n<div style='flex: 1 1 45%; min-width: 300px;'> <img style='width: 100%; height: auto; border: 1px solid rgba(150&comma;150&comma;150&comma;0.3); border-radius: 8px;' src='https:\/\/ftp3.syscom.mx\/usuarios\/luis.vargas\/EpcomProAudio\/Video\/EPC-MXB42A\/F4.png' alt=''> <\/div>\n<\/p><\/div>\n<\/p><\/div>\n","protected":false},"excerpt":{"rendered":"<p>Matricial HDMI | 4&#215;2 | 4K2K@60Hz | HDR |\u00a0YCbCr 4:4:4 |\u00a0EDID Auto | Extractor de Audio |\u00a0Salida de audio an\u00e1loga y digitalizados | HDCP 2.2 | 18 Gbps<\/p>\n","protected":false},"featured_media":98992,"comment_status":"open","ping_status":"closed","template":"","meta":[],"product_brand":[],"product_cat":[2073,2074,2077,2075,2072,2076],"product_tag":[417,2079,2080,2083,110,2081,2078,2082],"class_list":{"0":"post-98993","1":"product","2":"type-product","3":"status-publish","4":"has-post-thumbnail","6":"product_cat-convertidores","7":"product_cat-divisores","8":"product_cat-dvi","9":"product_cat-hdmi","10":"product_cat-kits-extensores","11":"product_cat-vga","12":"product_tag-accesorios-generales","13":"product_tag-convertidores","14":"product_tag-divisores","15":"product_tag-dvi","16":"product_tag-epcom-proaudio","17":"product_tag-hdmi","18":"product_tag-kits-extensores","19":"product_tag-vga","21":"first","22":"instock","23":"sale","24":"shipping-taxable","25":"purchasable","26":"product-type-simple"},"_links":{"self":[{"href":"https:\/\/soydeaqui.ddns.net\/pachuca\/index.php\/wp-json\/wp\/v2\/product\/98993","targetHints":{"allow":["GET"]}}],"collection":[{"href":"https:\/\/soydeaqui.ddns.net\/pachuca\/index.php\/wp-json\/wp\/v2\/product"}],"about":[{"href":"https:\/\/soydeaqui.ddns.net\/pachuca\/index.php\/wp-json\/wp\/v2\/types\/product"}],"replies":[{"embeddable":true,"href":"https:\/\/soydeaqui.ddns.net\/pachuca\/index.php\/wp-json\/wp\/v2\/comments?post=98993"}],"wp:featuredmedia":[{"embeddable":true,"href":"https:\/\/soydeaqui.ddns.net\/pachuca\/index.php\/wp-json\/wp\/v2\/media\/98992"}],"wp:attachment":[{"href":"https:\/\/soydeaqui.ddns.net\/pachuca\/index.php\/wp-json\/wp\/v2\/media?parent=98993"}],"wp:term":[{"taxonomy":"product_brand","embeddable":true,"href":"https:\/\/soydeaqui.ddns.net\/pachuca\/index.php\/wp-json\/wp\/v2\/product_brand?post=98993"},{"taxonomy":"product_cat","embeddable":true,"href":"https:\/\/soydeaqui.ddns.net\/pachuca\/index.php\/wp-json\/wp\/v2\/product_cat?post=98993"},{"taxonomy":"product_tag","embeddable":true,"href":"https:\/\/soydeaqui.ddns.net\/pachuca\/index.php\/wp-json\/wp\/v2\/product_tag?post=98993"}],"curies":[{"name":"wp","href":"https:\/\/api.w.org\/{rel}","templated":true}]}}