{"id":98983,"date":"2026-03-20T10:06:19","date_gmt":"2026-03-20T10:06:19","guid":{"rendered":"https:\/\/soydeaqui.ddns.net\/pachuca\/index.php\/producto\/matricial-hdmi-2x2-4k2k60hz-hdr-ycbcr-444-edid-auto-extractor-de-audio-salida-de-audio-analoga-y-digitalizados-hdcp-2-2-18-gbps\/"},"modified":"2026-03-20T10:06:43","modified_gmt":"2026-03-20T10:06:43","slug":"matricial-hdmi-2x2-4k2k60hz-hdr-ycbcr-444-edid-auto-extractor-de-audio-salida-de-audio-analoga-y-digitalizados-hdcp-2-2-18-gbps","status":"publish","type":"product","link":"https:\/\/soydeaqui.ddns.net\/pachuca\/index.php\/producto\/matricial-hdmi-2x2-4k2k60hz-hdr-ycbcr-444-edid-auto-extractor-de-audio-salida-de-audio-analoga-y-digitalizados-hdcp-2-2-18-gbps\/","title":{"rendered":"Matricial HDMI | 2&#215;2 | 4K2K@60Hz | HDR |\u00a0YCbCr 4:4:4 |\u00a0EDID Auto | Extractor de Audio |\u00a0Salida de audio an\u00e1loga y digitalizados | HDCP 2.2 | 18 Gbps"},"content":{"rendered":"<div style='width: 100%; max-width: 1200px; margin: 0 auto; font-family: sans-serif; line-height: 1.6; color: inherit; background-color: transparent;'> <!-- Imagen 1 --> <\/p>\n<div style='width: 100%; margin-bottom: 30px;'> <img style='width: 100%; height: auto; border: 1px solid rgba(150&comma;150&comma;150&comma;0.3); border-radius: 8px;' src='https:\/\/ftp3.syscom.mx\/usuarios\/luis.vargas\/EpcomProAudio\/Video\/epcomup.jpg' alt=''> <\/div>\n<p> <!-- Descripci\u00f3n principal --> <\/p>\n<div style='width: 100%; margin-bottom: 30px;'>\n<h2 style='font-size: 24px; border-bottom: 2px solid currentColor; padding-bottom: 5px; margin-top: 0; color: inherit; opacity: 0.8;'>EPC-MXB22A<\/h2>\n<p style='font-size: 14px; margin-bottom: 20px;'>La matriz de conmutaci\u00f3n HDMI 2&#215;2 de 18 Gbps admite la transmisi\u00f3n de se\u00f1al de v\u00eddeo (hasta 4K2K@50\/60Hz YCbCr 4:4:4) desde dos fuentes HDMI a dos pantallas HDMI simult\u00e1neamente.<\/p>\n<p style='font-size: 14px; margin-bottom: 20px;'>Este producto admite extracci\u00f3n de audio desde la salida A a la salida \u00f3ptica y anal\u00f3gica. Admite tres modos de configuraci\u00f3n EDID (AUTO&comma; COPIA y STD). Control flexible mediante botones del panel y control remoto por infrarrojos; Se iluminar\u00e1 el indicador LED correspondiente en el panel frontal.<\/p>\n<\/p><\/div>\n<p> <!-- Imagen 2 --> <\/p>\n<div style='width: 100%; margin-bottom: 30px;'> <img style='width: 60%; height: auto; border: 1px solid rgba(150&comma;150&comma;150&comma;0.3); border-radius: 8px; margin-left: 20%;' src='https:\/\/ftp3.syscom.mx\/usuarios\/luis.vargas\/EpcomProAudio\/Video\/EPC-MXB22A\/EPC-MXB22A.png' alt=''> <\/div>\n<p> <!-- Caracter\u00edsticas --> <\/p>\n<div style='width: 100%; margin-bottom: 30px;'>\n<h3 style='font-size: 22px; border-bottom: 2px solid currentColor; padding-bottom: 5px; margin-top: 0; color: inherit; opacity: 0.8;'>Caracter\u00edsticas<\/h3>\n<div style='display: flex; flex-wrap: wrap; gap: 20px; margin-top: 20px;'>\n<div style='flex: 1 1 45%; min-width: 280px;'>\n<div style='border-left: 5px solid #439cc7; padding: 0 10px; margin-bottom: 15px;'>\n<ul style='padding-left: 20px; font-size: 14px; color: inherit; list-style-position: inside;'>\n<li style='margin-bottom: 8px;'>Compatible con HDCP2.2\/HDCP1.x&comma; DVI 1.0.<\/li>\n<li style='margin-bottom: 8px;'>Admite ancho de banda de v\u00eddeo de 18 Gbps<\/li>\n<li style='margin-bottom: 8px;'>La resoluci\u00f3n de v\u00eddeo es de hasta 4K2K@50\/60Hz (4:4:4).<\/li>\n<li style='margin-bottom: 8px;'>Admita salida de extracto de audio digital y anal\u00f3gico desde la salida A<\/li>\n<li style='margin-bottom: 8px;'>EDID se puede seleccionar con los modos AUTO&comma; COPIA y STD mediante el selector en el Panel frontal.<\/li>\n<\/ul><\/div>\n<\/p><\/div>\n<div style='flex: 1 1 45%; min-width: 280px;'>\n<div style='border-left: 5px solid #439cc7; padding: 0 10px; margin-bottom: 15px;'>\n<ul style='padding-left: 20px; font-size: 14px; color: inherit; list-style-position: inside;'>\n<li style='margin-bottom: 8px;'>Soporte de audio anal\u00f3gico PCM 2.0.<\/li>\n<li style='margin-bottom: 8px;'>Formato de paso de audio \u00f3ptico compatible: LPCM 2.0\/2.1CH&comma; Dolby 5.1&comma; Dolby True HD&comma; Dolby DD+&comma; DTS 5.1&comma; DTS-ES 6\/DTS-HDMA 5.1&comma; DTS HD-HRA 5.1.<\/li>\n<li style='margin-bottom: 8px;'>Admitir la funci\u00f3n HDR<\/li>\n<li style='margin-bottom: 8px;'>Control flexible mediante botones del panel y control remoto por infrarrojos.<\/li>\n<\/ul><\/div>\n<\/p><\/div>\n<\/p><\/div>\n<\/p><\/div>\n<p> <!-- Imagen 3 --> <\/p>\n<div style='width: 100%; margin-bottom: 30px;'> <img style='width: 50%; height: auto; border: 1px solid rgba(150&comma;150&comma;150&comma;0.3); border-radius: 8px; margin-left: 25%;' src='https:\/\/ftp3.syscom.mx\/usuarios\/luis.vargas\/EpcomProAudio\/Video\/EPC-MXB22A\/EPC-MXB22A-1.png' alt=''> <\/div>\n<\/p><\/div>\n","protected":false},"excerpt":{"rendered":"<p>Matricial HDMI | 2&#215;2 | 4K2K@60Hz | HDR |\u00a0YCbCr 4:4:4 |\u00a0EDID Auto | Extractor de Audio |\u00a0Salida de audio an\u00e1loga y digitalizados | HDCP 2.2 | 18 Gbps<\/p>\n","protected":false},"featured_media":98982,"comment_status":"open","ping_status":"closed","template":"","meta":[],"product_brand":[],"product_cat":[2073,2074,2077,2075,2072,2076],"product_tag":[417,2079,2080,2083,110,2081,2078,2082],"class_list":{"0":"post-98983","1":"product","2":"type-product","3":"status-publish","4":"has-post-thumbnail","6":"product_cat-convertidores","7":"product_cat-divisores","8":"product_cat-dvi","9":"product_cat-hdmi","10":"product_cat-kits-extensores","11":"product_cat-vga","12":"product_tag-accesorios-generales","13":"product_tag-convertidores","14":"product_tag-divisores","15":"product_tag-dvi","16":"product_tag-epcom-proaudio","17":"product_tag-hdmi","18":"product_tag-kits-extensores","19":"product_tag-vga","21":"first","22":"instock","23":"sale","24":"shipping-taxable","25":"purchasable","26":"product-type-simple"},"_links":{"self":[{"href":"https:\/\/soydeaqui.ddns.net\/pachuca\/index.php\/wp-json\/wp\/v2\/product\/98983","targetHints":{"allow":["GET"]}}],"collection":[{"href":"https:\/\/soydeaqui.ddns.net\/pachuca\/index.php\/wp-json\/wp\/v2\/product"}],"about":[{"href":"https:\/\/soydeaqui.ddns.net\/pachuca\/index.php\/wp-json\/wp\/v2\/types\/product"}],"replies":[{"embeddable":true,"href":"https:\/\/soydeaqui.ddns.net\/pachuca\/index.php\/wp-json\/wp\/v2\/comments?post=98983"}],"wp:featuredmedia":[{"embeddable":true,"href":"https:\/\/soydeaqui.ddns.net\/pachuca\/index.php\/wp-json\/wp\/v2\/media\/98982"}],"wp:attachment":[{"href":"https:\/\/soydeaqui.ddns.net\/pachuca\/index.php\/wp-json\/wp\/v2\/media?parent=98983"}],"wp:term":[{"taxonomy":"product_brand","embeddable":true,"href":"https:\/\/soydeaqui.ddns.net\/pachuca\/index.php\/wp-json\/wp\/v2\/product_brand?post=98983"},{"taxonomy":"product_cat","embeddable":true,"href":"https:\/\/soydeaqui.ddns.net\/pachuca\/index.php\/wp-json\/wp\/v2\/product_cat?post=98983"},{"taxonomy":"product_tag","embeddable":true,"href":"https:\/\/soydeaqui.ddns.net\/pachuca\/index.php\/wp-json\/wp\/v2\/product_tag?post=98983"}],"curies":[{"name":"wp","href":"https:\/\/api.w.org\/{rel}","templated":true}]}}