{"id":98977,"date":"2026-03-20T10:06:03","date_gmt":"2026-03-20T10:06:03","guid":{"rendered":"https:\/\/soydeaqui.ddns.net\/pachuca\/index.php\/producto\/pantalla-profesional-led-de-55-uhd-4k-3840x2160p-entradas-de-video-hdmi-displayport-uso-24-7-compatible-vesa-compatible-con-software-magicinfo\/"},"modified":"2026-03-20T10:06:16","modified_gmt":"2026-03-20T10:06:16","slug":"pantalla-profesional-led-de-55-uhd-4k-3840x2160p-entradas-de-video-hdmi-displayport-uso-24-7-compatible-vesa-compatible-con-software-magicinfo","status":"publish","type":"product","link":"https:\/\/soydeaqui.ddns.net\/pachuca\/index.php\/producto\/pantalla-profesional-led-de-55-uhd-4k-3840x2160p-entradas-de-video-hdmi-displayport-uso-24-7-compatible-vesa-compatible-con-software-magicinfo\/","title":{"rendered":"Pantalla Profesional LED de 55&#8243;, UHD 4K (3840x2160p), Entradas de Video HDMI\/DisplayPort \/ USO 24\/7 \/ Compatible VESA \/ Compatible con software MagicInfo"},"content":{"rendered":"<div style='width: 100%; max-width: 1200px; margin: 0 auto; font-family: sans-serif; line-height: 1.6; color: inherit; background-color: transparent;'> <!-- Secci\u00f3n de t\u00edtulo --> <\/p>\n<div style='margin-bottom: 30px; text-align: center;'>\n<h2 style='font-size: 48px; margin: 0; padding: 0; color: inherit; line-height: 1.2; font-family: 'SamsungSharpSans'&comma; sans-serif;'> M\u00e1ximo impacto en el m\u00ednimo espacio <\/h2>\n<\/p><\/div>\n<p> <!-- Imagen 1 --> <\/p>\n<div style='margin-bottom: 30px;'> <img style='width: 100%; height: auto; border: 1px solid rgba(150&comma;150&comma;150&comma;0.3); border-radius: 8px;' src='https:\/\/images.samsung.com\/is\/image\/samsung\/p6pim\/mx\/feature\/164668422\/mx-feature-4k-uhd-signage-538407655?$FB_TYPE_A_JPG$' alt=''> <\/div>\n<p> <!-- Secci\u00f3n de t\u00edtulo --> <\/p>\n<div style='margin-bottom: 30px; text-align: center;'>\n<h2 style='font-size: 48px; margin: 0; padding: 0; color: inherit; line-height: 1.2; font-family: 'SamsungSharpSans'&comma; sans-serif;'> Montaje seguro y uniforme <\/h2>\n<\/p><\/div>\n<p> <!-- Imagen 2 --> <\/p>\n<div style='margin-bottom: 30px;'> <img style='width: 100%; height: auto; border: 1px solid rgba(150&comma;150&comma;150&comma;0.3); border-radius: 8px;' src='https:\/\/images.samsung.com\/is\/image\/samsung\/p6pim\/mx\/feature\/164802355\/mx-feature-secure-and-even-mounting-538291511?$FB_TYPE_A_JPG$' alt=''> <\/div>\n<p> <!-- Secci\u00f3n de t\u00edtulo --> <\/p>\n<div style='margin-bottom: 30px; text-align: center;'>\n<h2 style='font-size: 48px; margin: 0; padding: 0; color: inherit; line-height: 1.2; font-family: 'SamsungSharpSans'&comma; sans-serif;'> Color realista <\/h2>\n<\/p><\/div>\n<p> <!-- Imagen 3 --> <\/p>\n<div style='margin-bottom: 30px;'> <img style='width: 100%; height: auto; border: 1px solid rgba(150&comma;150&comma;150&comma;0.3); border-radius: 8px;' src='https:\/\/images.samsung.com\/is\/image\/samsung\/p6pim\/mx\/feature\/164668420\/mx-feature-4k-uhd-signage-538407679?$FB_TYPE_A_JPG$' alt=''> <\/div>\n<p> <!-- Secci\u00f3n de t\u00edtulo --> <\/p>\n<div style='margin-bottom: 30px; text-align: center;'>\n<h2 style='font-size: 48px; margin: 0; padding: 0; color: inherit; line-height: 1.2; font-family: 'SamsungSharpSans'&comma; sans-serif;'> Mejora los escenarios profesionales con herramientas especializadas <\/h2>\n<\/p><\/div>\n<p> <!-- Imagen 4 --> <\/p>\n<div style='margin-bottom: 30px;'> <img style='width: 100%; height: auto; border: 1px solid rgba(150&comma;150&comma;150&comma;0.3); border-radius: 8px;' src='https:\/\/images.samsung.com\/is\/image\/samsung\/p6pim\/mx\/feature\/164820516\/mx-feature-4k-uhd-signage-538407759?$FB_TYPE_A_JPG$' alt=''> <\/div>\n<p> <!-- Secci\u00f3n de t\u00edtulo --> <\/p>\n<div style='margin-bottom: 30px; text-align: center;'>\n<h2 style='font-size: 48px; margin: 0; padding: 0; color: inherit; line-height: 1.2; font-family: 'SamsungSharpSans'&comma; sans-serif;'> Cambia la forma de gestionar tu pantalla&comma; Samsung VXT <\/h2>\n<\/p><\/div>\n<p> <!-- Imagen 5 --> <\/p>\n<div style='margin-bottom: 30px;'> <img style='width: 100%; height: auto; border: 1px solid rgba(150&comma;150&comma;150&comma;0.3); border-radius: 8px;' src='https:\/\/images.samsung.com\/is\/image\/samsung\/p6pim\/mx\/feature\/164668435\/mx-feature-4k-uhd-signage-538407766?$FB_TYPE_A_JPG$' alt=''> <\/div>\n<p> <!-- Secci\u00f3n de garant\u00eda --> <\/p>\n<div style='margin-bottom: 30px; text-align: center;'>\n<p style='margin: 0; font-size: 14px; color: inherit; text-align: center;'> <strong><span style='font-family: tahoma&comma; arial&comma; helvetica&comma; sans-serif; font-size: 10pt;'>Pol\u00edtica de Garant\u00eda<\/span><\/strong> <\/p>\n<p style='margin: 0; font-size: 14px; color: inherit;'> <span style='font-family: tahoma&comma; arial&comma; helvetica&comma; sans-serif; font-size: 10pt;'>SYSCOM se apega a las pol\u00edticas de garant\u00eda de cada proveedor de la marca y\/o f\u00e1brica.<\/span> <\/p>\n<p style='margin: 0; font-size: 14px; color: inherit;'> <span style='font-family: tahoma&comma; arial&comma; helvetica&comma; sans-serif; font-size: 10pt;'>La cobertura de garant\u00eda por defecto de f\u00e1brica y\/o mal funcionamiento es de 90 d\u00edas con Syscom. Posterior a este periodo&comma; la garant\u00eda es directa con el fabricante.<\/span> <\/p>\n<p style='margin: 0; font-size: 14px; color: inherit;'> <span style='font-family: tahoma&comma; arial&comma; helvetica&comma; sans-serif; font-size: 10pt;'>En quebraduras&comma; da\u00f1os f\u00edsicos de equipo y\/o empaque da\u00f1ado&comma; reportarlo dentro de las 24 horas posteriores a la fecha de recepci\u00f3n para el reclamo a paqueter\u00eda.<\/span> <\/p>\n<\/p><\/div>\n<p> <!-- Secci\u00f3n de caracter\u00edsticas en grid --> <\/p>\n<div style='display: grid; grid-template-columns: repeat(auto-fit&comma; minmax(280px&comma; 1fr)); gap: 30px; margin-bottom: 30px;'> <!-- Caracter\u00edsticas principales --> <\/p>\n<div style='border-left: 5px solid #0411FA; border-radius: 5px; padding: 5px; box-shadow: 2px 2px 10px rgba(216&comma; 216&comma; 216&comma; 0.5);'> <span style='font-family: Arial&comma; Helvetica&comma; sans-serif;'><strong>Caracter\u00edsticas principales:<\/strong><\/span> <\/p>\n<ul style='padding-left: 20px; font-size: 14px; color: inherit; list-style-type: disc;'>\n<li style='margin-bottom: 5px;'><span style='font-family: Arial&comma;Helvetica&comma;sans-serif;'>Tama\u00f1o diagonal 55&#8242;<\/span><\/li>\n<li style='margin-bottom: 5px;'><span style='font-family: Arial&comma;Helvetica&comma;sans-serif;'>Resoluci\u00f3n 4K (3840 x 2160 pix.)<\/span><\/li>\n<li style='margin-bottom: 5px;'><span style='font-family: Arial&comma;Helvetica&comma;sans-serif;'>Relaci\u00f3n de aspecto 16:9<\/span><\/li>\n<li style='margin-bottom: 5px;'><span style='font-family: Arial&comma;Helvetica&comma;sans-serif;'>Brillo 500 nit.<\/span><\/li>\n<li style='margin-bottom: 5px;'><span style='font-family: Arial&comma;Helvetica&comma;sans-serif;'>Bisel 9.2 (arriba&comma; lados) x 11.2 (abajo) mm<\/span><\/li>\n<li style='margin-bottom: 5px;'><span style='font-family: Arial&comma;Helvetica&comma;sans-serif;'>Relaci\u00f3n de contraste 4000:1<\/span><\/li>\n<li style='margin-bottom: 5px;'><span style='font-family: Arial&comma;Helvetica&comma;sans-serif;'>Bocinas integradas de 10 W.<\/span><\/li>\n<li style='margin-bottom: 5px;'><span style='font-family: Arial&comma;Helvetica&comma;sans-serif;'>Aplicable para video solamente<\/span><\/li>\n<li style='margin-bottom: 5px;'><span style='font-family: Arial&comma;Helvetica&comma;sans-serif;'>Compatible con Samsung VXT (licencia <\/span><a style='text-decoration: none; font-family: 'Satoshi-Variable'&comma; sans-serif; font-size: 15px; font-weight: 600; color: inherit;' href='https:\/\/www.syscom.mx\/principal\/searchcont?route=VXT-P-SAMSUNG-ELECTRONICS-241706&#038;autodetect=VXT-P'>VXT-P<\/a><span style='font-family: Arial&comma;Helvetica&comma;sans-serif;'>)<\/span><\/li>\n<li style='margin-bottom: 5px;'><span style='font-family: Arial&comma;Helvetica&comma;sans-serif;'>Compatible con Magicinfo (Licencia no incluida).<\/span><\/li>\n<li style='margin-bottom: 5px;'><span style='font-family: Arial&comma;Helvetica&comma;sans-serif;'>Operaci\u00f3n 24\/7<\/span><\/li>\n<\/ul><\/div>\n<p> <!-- Conectividad --> <\/p>\n<div style='border-left: 5px solid #0411FA; border-radius: 5px; padding: 5px; box-shadow: 2px 2px 10px rgba(216&comma; 216&comma; 216&comma; 0.5);'> <span style='font-family: Arial&comma; Helvetica&comma; sans-serif;'><strong>Conectividad:<\/strong><\/span> <\/p>\n<ul style='padding-left: 20px; font-size: 14px; color: inherit; list-style-type: disc;'>\n<li style='margin-bottom: 5px;'><span style='font-family: Arial&comma; Helvetica&comma; sans-serif;'>Entradas de Video Display port 1.2&comma; HDMI 2.0 (3)<\/span><\/li>\n<li style='margin-bottom: 5px;'><span style='font-family: Arial&comma; Helvetica&comma; sans-serif;'>Entrada de Audio mini Jack Estereo<\/span><\/li>\n<li style='margin-bottom: 5px;'><span style='font-family: Arial&comma; Helvetica&comma; sans-serif;'>Puerto x2 USB 2.0<\/span><\/li>\n<li style='margin-bottom: 5px;'><span style='font-family: Arial&comma; Helvetica&comma; sans-serif;'>Salidas de Audio mini Jack Estereo<\/span><\/li>\n<li style='margin-bottom: 5px;'><span style='font-family: Arial&comma; Helvetica&comma; sans-serif;'>Puerto LAN RJ45 10\/100 Mbps<\/span><\/li>\n<\/ul>\n<p style='margin: 15px 0 5px 0;'><span style='font-family: Arial&comma;Helvetica&comma;sans-serif;'><strong>Funciones especiales:<\/strong><\/span><\/p>\n<ul style='padding-left: 20px; font-size: 14px; color: inherit; list-style-type: disc;'>\n<li style='margin-bottom: 5px;'><span style='font-family: Arial&comma;Helvetica&comma;sans-serif;'>Modo de Simulaci\u00f3n DICOM con 100% en escalas de grises (para im\u00e1genes m\u00e9dicas como rayos X).<\/span><\/li>\n<li style='margin-bottom: 5px;'><span style='font-family: Arial&comma;Helvetica&comma;sans-serif;'>Antireflejo de luz<\/span><\/li>\n<\/ul><\/div>\n<p> <!-- Control externo y caracter\u00edsticas f\u00edsicas --> <\/p>\n<div style='border-left: 5px solid #0411FA; border-radius: 5px; padding: 5px; box-shadow: 2px 2px 10px rgba(216&comma; 216&comma; 216&comma; 0.5);'> <strong style='font-family: Arial&comma; Helvetica&comma; sans-serif;'>Control externo:<\/strong> <\/p>\n<ul style='padding-left: 20px; font-size: 14px; color: inherit; list-style-type: disc;'>\n<li style='margin-bottom: 5px;'><span style='font-family: Arial&comma; Helvetica&comma; sans-serif;'>Puerto RS-232C<\/span><\/li>\n<li style='margin-bottom: 5px;'><span style='font-family: Arial&comma; Helvetica&comma; sans-serif;'>Puerto RJ45<\/span><\/li>\n<li style='margin-bottom: 5px;'><span style='font-family: Arial&comma; Helvetica&comma; sans-serif;'>Sensor externo IR<\/span><\/li>\n<\/ul>\n<p style='margin: 15px 0 5px 0;'><strong style='font-family: Arial&comma; Helvetica&comma; sans-serif;'>Caracter\u00edsticas f\u00edsicas y el\u00e9ctricas:<\/strong><\/p>\n<ul style='padding-left: 20px; font-size: 14px; color: inherit; list-style-type: disc;'>\n<li style='margin-bottom: 5px;'><span style='font-family: Arial&comma;Helvetica&comma;sans-serif;'>Temperatura de operaci\u00f3n: 0 a 40 \u00b0C<\/span><\/li>\n<li style='margin-bottom: 5px;'><span style='font-family: Arial&comma;Helvetica&comma;sans-serif;'>Alimentaci\u00f3n: 100-240 Vca&comma; 143 W.<\/span><\/li>\n<li style='margin-bottom: 5px;'><span style='font-family: Arial&comma;Helvetica&comma;sans-serif;'>Compatible con VESA 200 x 200 mm. No incluye Tornilleria.<\/span><\/li>\n<li style='margin-bottom: 5px;'><span style='font-family: Arial&comma;Helvetica&comma;sans-serif;'>Dimensiones: 1235.1 x 707.9 x 46.3 mm.<\/span><\/li>\n<li style='margin-bottom: 5px;'><span style='font-family: Arial&comma;Helvetica&comma;sans-serif;'>Peso: 18.1 Kg.<\/span><\/li>\n<li style='margin-bottom: 5px;'><span style='font-family: Arial&comma;Helvetica&comma;sans-serif;'>No incluye montajes de pared ni de escritorio<\/span><\/li>\n<\/ul>\n<p style='margin: 15px 0 5px 0; font-size: 16px; font-weight: bold; color: inherit;'> 3 A\u00f1os de garantia con fabricante <\/p>\n<p style='margin: 0; font-size: 16px; font-weight: bold; color: inherit;'> Informacion de soporte y garantia: <a style='text-decoration: none; color: inherit; font-weight: bold;' href='https:\/\/www.samsung.com\/mx\/support\/warranty\/'>GARANTIA<\/a> <\/p>\n<\/p><\/div>\n<\/p><\/div>\n<\/p><\/div>\n","protected":false},"excerpt":{"rendered":"<p>Pantalla Profesional LED de 55&#8243;, UHD 4K (3840x2160p), Entradas de Video HDMI\/DisplayPort \/ USO 24\/7 \/ Compatible VESA \/ Compatible con software MagicInfo<\/p>\n","protected":false},"featured_media":98976,"comment_status":"open","ping_status":"closed","template":"","meta":[],"product_brand":[],"product_cat":[2191],"product_tag":[2089,2192,2193],"class_list":{"0":"post-98977","1":"product","2":"type-product","3":"status-publish","4":"has-post-thumbnail","6":"product_cat-pantallas-monitores-monitores-pantallas-y-mobiliario","7":"product_tag-monitores-pantallas-y-mobiliario","8":"product_tag-pantallas-monitores-2","9":"product_tag-samsung-electronics","11":"first","12":"instock","13":"sale","14":"shipping-taxable","15":"purchasable","16":"product-type-simple"},"_links":{"self":[{"href":"https:\/\/soydeaqui.ddns.net\/pachuca\/index.php\/wp-json\/wp\/v2\/product\/98977","targetHints":{"allow":["GET"]}}],"collection":[{"href":"https:\/\/soydeaqui.ddns.net\/pachuca\/index.php\/wp-json\/wp\/v2\/product"}],"about":[{"href":"https:\/\/soydeaqui.ddns.net\/pachuca\/index.php\/wp-json\/wp\/v2\/types\/product"}],"replies":[{"embeddable":true,"href":"https:\/\/soydeaqui.ddns.net\/pachuca\/index.php\/wp-json\/wp\/v2\/comments?post=98977"}],"wp:featuredmedia":[{"embeddable":true,"href":"https:\/\/soydeaqui.ddns.net\/pachuca\/index.php\/wp-json\/wp\/v2\/media\/98976"}],"wp:attachment":[{"href":"https:\/\/soydeaqui.ddns.net\/pachuca\/index.php\/wp-json\/wp\/v2\/media?parent=98977"}],"wp:term":[{"taxonomy":"product_brand","embeddable":true,"href":"https:\/\/soydeaqui.ddns.net\/pachuca\/index.php\/wp-json\/wp\/v2\/product_brand?post=98977"},{"taxonomy":"product_cat","embeddable":true,"href":"https:\/\/soydeaqui.ddns.net\/pachuca\/index.php\/wp-json\/wp\/v2\/product_cat?post=98977"},{"taxonomy":"product_tag","embeddable":true,"href":"https:\/\/soydeaqui.ddns.net\/pachuca\/index.php\/wp-json\/wp\/v2\/product_tag?post=98977"}],"curies":[{"name":"wp","href":"https:\/\/api.w.org\/{rel}","templated":true}]}}