{"id":98969,"date":"2026-03-20T10:05:39","date_gmt":"2026-03-20T10:05:39","guid":{"rendered":"https:\/\/soydeaqui.ddns.net\/pachuca\/index.php\/producto\/faja-rigida-con-hebillas-de-alta-visibilidad-talla-m\/"},"modified":"2026-03-20T10:05:55","modified_gmt":"2026-03-20T10:05:55","slug":"faja-rigida-con-hebillas-de-alta-visibilidad-talla-m","status":"publish","type":"product","link":"https:\/\/soydeaqui.ddns.net\/pachuca\/index.php\/producto\/faja-rigida-con-hebillas-de-alta-visibilidad-talla-m\/","title":{"rendered":"Faja R\u00edgida con Hebillas de Alta Visibilidad \/ Talla M."},"content":{"rendered":"<div style='width: 100%; max-width: 1200px; margin: 0 auto; font-family: sans-serif; line-height: 1.6; color: inherit; background-color: transparent;'> <!-- Secci\u00f3n de caracter\u00edsticas --> <\/p>\n<div style='display: flex; flex-wrap: wrap; gap: 30px; margin-bottom: 30px;'>\n<div style='flex: 1 1 300px; min-width: 280px;'>\n<h3 style='font-size: 22px; border-bottom: 2px solid currentColor; padding-bottom: 5px; margin-top: 0; color: inherit; opacity: 0.8;'>Caracter\u00edsticas.<\/h3>\n<ul style='padding-left: 20px; font-size: 15px; color: inherit;'>\n<li style='margin-bottom: 5px;'>Ayuda a corregir la postura del usuario para prevenir lesiones en la zona lumbar y brinda mayor confort en largas jornadas&comma; estando de pie o en actividades de carga y descarga.<\/li>\n<li style='margin-bottom: 5px;'>Es importante la protecci\u00f3n en la parte sacrolumbar en el momento de hacer levantamiento de objetos pesados; el carecer de ello puede ocasionar da\u00f1os severos a la espalda o la regi\u00f3n abdominal.<\/li>\n<\/ul><\/div>\n<\/p><\/div>\n<p> <!-- Secci\u00f3n de especificaciones --> <\/p>\n<div style='display: flex; flex-wrap: wrap; gap: 20px; margin-bottom: 30px;'>\n<div style='flex: 1 1 250px; border: 1px solid rgba(150&comma; 150&comma; 150&comma; 0.4); border-radius: 8px; overflow: hidden; display: flex; flex-direction: column;'>\n<div style='padding: 15px; border-bottom: 1px solid rgba(150&comma; 150&comma; 150&comma; 0.2); font-weight: bold; font-size: 18px; color: inherit;'>Detalles<\/div>\n<div style='padding: 15px; color: inherit;'>\n<ul style='padding-left: 20px; margin: 0; font-size: 14px; list-style-type: disc;'>\n<li style='margin-bottom: 5px; display: flex; justify-content: space-between; border-bottom: 1px solid rgba(150&comma; 150&comma; 150&comma; 0.2); padding: 8px 0;'> <strong style='color: inherit;'>Color:<\/strong> <span style='color: inherit;'>Amarillo<\/span> <\/li>\n<li style='margin-bottom: 5px; display: flex; justify-content: space-between; border-bottom: 1px solid rgba(150&comma; 150&comma; 150&comma; 0.2); padding: 8px 0;'> <strong style='color: inherit;'>Talla:<\/strong> <span style='color: inherit;'>MEDIANA<\/span> <\/li>\n<li style='margin-bottom: 5px; display: flex; justify-content: space-between; border-bottom: 1px solid rgba(150&comma; 150&comma; 150&comma; 0.2); padding: 8px 0;'> <strong style='color: inherit;'>Material:<\/strong> <span style='color: inherit;'>Poli\u00e9ster&comma; polipropileno<\/span> <\/li>\n<\/ul><\/div>\n<\/p><\/div>\n<\/p><\/div>\n<p> <!-- Separador --> <\/p>\n<hr style='border: 0; border-top: 1px solid rgba(150&comma; 150&comma; 150&comma; 0.3); margin: 30px 0;'> <\/div>\n","protected":false},"excerpt":{"rendered":"<p>Faja R\u00edgida con Hebillas de Alta Visibilidad \/ Talla M.<\/p>\n","protected":false},"featured_media":98968,"comment_status":"open","ping_status":"closed","template":"","meta":[],"product_brand":[],"product_cat":[920],"product_tag":[247,246,554],"class_list":{"0":"post-98969","1":"product","2":"type-product","3":"status-publish","4":"has-post-thumbnail","6":"product_cat-herramientas-de-instalacion-torres-y-mastiles-redes-e-it","7":"product_tag-herramientas-de-instalacion","8":"product_tag-torres-y-mastiles","9":"product_tag-urrea","11":"first","12":"outofstock","13":"sale","14":"shipping-taxable","15":"purchasable","16":"product-type-simple"},"_links":{"self":[{"href":"https:\/\/soydeaqui.ddns.net\/pachuca\/index.php\/wp-json\/wp\/v2\/product\/98969","targetHints":{"allow":["GET"]}}],"collection":[{"href":"https:\/\/soydeaqui.ddns.net\/pachuca\/index.php\/wp-json\/wp\/v2\/product"}],"about":[{"href":"https:\/\/soydeaqui.ddns.net\/pachuca\/index.php\/wp-json\/wp\/v2\/types\/product"}],"replies":[{"embeddable":true,"href":"https:\/\/soydeaqui.ddns.net\/pachuca\/index.php\/wp-json\/wp\/v2\/comments?post=98969"}],"wp:featuredmedia":[{"embeddable":true,"href":"https:\/\/soydeaqui.ddns.net\/pachuca\/index.php\/wp-json\/wp\/v2\/media\/98968"}],"wp:attachment":[{"href":"https:\/\/soydeaqui.ddns.net\/pachuca\/index.php\/wp-json\/wp\/v2\/media?parent=98969"}],"wp:term":[{"taxonomy":"product_brand","embeddable":true,"href":"https:\/\/soydeaqui.ddns.net\/pachuca\/index.php\/wp-json\/wp\/v2\/product_brand?post=98969"},{"taxonomy":"product_cat","embeddable":true,"href":"https:\/\/soydeaqui.ddns.net\/pachuca\/index.php\/wp-json\/wp\/v2\/product_cat?post=98969"},{"taxonomy":"product_tag","embeddable":true,"href":"https:\/\/soydeaqui.ddns.net\/pachuca\/index.php\/wp-json\/wp\/v2\/product_tag?post=98969"}],"curies":[{"name":"wp","href":"https:\/\/api.w.org\/{rel}","templated":true}]}}