{"id":98947,"date":"2026-03-20T10:04:32","date_gmt":"2026-03-20T10:04:32","guid":{"rendered":"https:\/\/soydeaqui.ddns.net\/pachuca\/index.php\/producto\/kit-extensor-hdmi-4k2k60hz-hdr-444-hdbaset-100m-salida-de-audio-hdcp-2-2-ir-bidireccional-admite-la-funcion-usb-kvm\/"},"modified":"2026-03-20T10:04:57","modified_gmt":"2026-03-20T10:04:57","slug":"kit-extensor-hdmi-4k2k60hz-hdr-444-hdbaset-100m-salida-de-audio-hdcp-2-2-ir-bidireccional-admite-la-funcion-usb-kvm","status":"publish","type":"product","link":"https:\/\/soydeaqui.ddns.net\/pachuca\/index.php\/producto\/kit-extensor-hdmi-4k2k60hz-hdr-444-hdbaset-100m-salida-de-audio-hdcp-2-2-ir-bidireccional-admite-la-funcion-usb-kvm\/","title":{"rendered":"Kit Extensor HDMI | 4K2K@60HZ | HDR 4:4:4 | HDBaseT | 100M | Salida de Audio | HDCP 2.2 | IR Bidireccional | Admite la funci\u00f3n USB KVM"},"content":{"rendered":"<div style='width: 100%; max-width: 1200px; margin: 0 auto; font-family: sans-serif; line-height: 1.6; color: inherit; background-color: transparent;'> <!-- Imagen 1 --> <\/p>\n<div style='width: 100%; margin-bottom: 30px;'> <img style='width: 100%; height: auto; border: 1px solid rgba(150&comma;150&comma;150&comma;0.3); border-radius: 8px;' src='https:\/\/ftp3.syscom.mx\/usuarios\/luis.vargas\/EpcomProAudio\/Video\/epcomup.jpg' alt=''> <\/div>\n<p> <!-- Descripci\u00f3n --> <\/p>\n<div style='width: 100%; margin-bottom: 30px;'>\n<h1 style='font-size: 28px; text-align: center; color: inherit; margin: 0 0 20px 0;'>EPP-EHB100AU<\/h1>\n<p style='text-align: center; margin: 0 70px 30px 70px; font-size: 16px; color: inherit;'> Este extensor HDMI de 18 Gbps puede extender la se\u00f1al de v\u00eddeo\/audio de alta definici\u00f3n&comma; RS-232&comma; IR bidireccional y se\u00f1al de Internet&comma; a una distancia de hasta 328 pies\/100 metros entre el transmisor y el receptor a trav\u00e9s de un solo cable CAT6a\/7 y admite una resoluci\u00f3n de hasta 4K2K@60Hz 4:4:4. El transmisor admite la funci\u00f3n ARC y extracci\u00f3n de audio local. Adem\u00e1s&comma; el extensor est\u00e1 equipado con paso IR bidireccional que permite el control de fuente y visualizaci\u00f3n. Tambi\u00e9n admite la funci\u00f3n USB KVM y PoC. <\/p>\n<\/p><\/div>\n<p> <!-- Imagen 2 --> <\/p>\n<div style='width: 100%; margin-bottom: 30px;'> <img style='width: 60%; height: auto; border: 1px solid rgba(150&comma;150&comma;150&comma;0.3); border-radius: 8px; margin: 0 20%;' src='https:\/\/ftp3.syscom.mx\/usuarios\/luis.vargas\/EpcomProAudio\/EPP-EHB100AU\/imagen%20EPPEHB100AU.png' alt=''> <\/div>\n<p> <!-- Caracter\u00edsticas --> <\/p>\n<div style='width: 100%; margin-bottom: 30px;'>\n<h2 style='font-size: 24px; text-align: center; color: inherit; margin: 0 0 20px 0; border-bottom: 2px solid currentColor; padding-bottom: 10px;'>Caracter\u00edsticas<\/h2>\n<div style='display: flex; flex-wrap: wrap; gap: 20px; margin-top: 20px;'> <!-- Columna 1 --> <\/p>\n<div style='flex: 1 1 300px; min-width: 250px;'>\n<div style='border-left: 5px solid #439cc7; border-radius: 5px; padding: 10px 15px; margin-bottom: 20px; min-height: 180px; color: inherit;'>\n<ul style='padding-left: 20px; margin: 0; font-size: 14px; list-style-position: outside; color: inherit;'>\n<li style='margin-bottom: 8px;'>Compatible con HDCP 2.2\/HDCP 1.4 y DVI 1.0<\/li>\n<li style='margin-bottom: 8px;'>Admite ancho de banda de v\u00eddeo de 18 Gbps<\/li>\n<li style='margin-bottom: 8px;'>La distancia m\u00e1xima de transmisi\u00f3n extendida a trav\u00e9s de un solo cable Cat6a\/7:\n<ul style='padding-left: 20px; margin: 5px 0;'>\n<li style='margin-bottom: 5px;'>100 metros: 1080P<\/li>\n<li style='margin-bottom: 5px;'>90 metros: 4K2K<\/li>\n<\/ul>\n<\/li>\n<li style='margin-bottom: 8px;'>Fuente de Alimentacion:\n<ul style='padding-left: 20px; margin: 5px 0;'>\n<li style='margin-bottom: 5px;'>Entrada AC 100 &#8211; 240 V 50\/60 Hz<\/li>\n<li style='margin-bottom: 5px;'>Salida: DC 24V\/1A Nota: extensor admite la funci\u00f3n PoC&comma; lo que significa que ya sea el transmisor o el receptor est\u00e1 conectado a la fuente de alimentaci\u00f3n de 24V\/1A&comma; el otro no necesita alimentaci\u00f3n.<\/li>\n<\/ul>\n<\/li>\n<li style='margin-bottom: 8px;'>Consumo de energia: 13W<\/li>\n<\/ul><\/div>\n<\/p><\/div>\n<p> <!-- Columna 2 --> <\/p>\n<div style='flex: 1 1 300px; min-width: 250px;'>\n<div style='border-left: 5px solid #439cc7; border-radius: 5px; padding: 10px 15px; margin-bottom: 20px; min-height: 180px; color: inherit;'>\n<ul style='padding-left: 20px; margin: 0; font-size: 14px; list-style-position: outside; color: inherit;'>\n<li style='margin-bottom: 8px;'>Con paso IR bidireccional&comma; RS-232 y CEC<\/li>\n<li style='margin-bottom: 8px;'>Admite la funci\u00f3n USB KVM<\/li>\n<li style='margin-bottom: 8px;'>Compatible con funciones HDR&comma; HDR10+&comma; Dolby Vision y HLG<\/li>\n<li style='margin-bottom: 8px;'>Funci\u00f3n Soporte PoC (Power over Cable) Bidireccional (Desde TX o desde RX)<\/li>\n<li style='margin-bottom: 8px;'>Dise\u00f1o compacto para una instalaci\u00f3n f\u00e1cil y flexible.<\/li>\n<\/ul><\/div>\n<\/p><\/div>\n<\/p><\/div>\n<\/p><\/div>\n<\/p><\/div>\n","protected":false},"excerpt":{"rendered":"<p>Kit Extensor HDMI | 4K2K@60HZ | HDR 4:4:4 | HDBaseT | 100M | Salida de Audio | HDCP 2.2 | IR Bidireccional | Admite la funci\u00f3n USB KVM<\/p>\n","protected":false},"featured_media":98946,"comment_status":"open","ping_status":"closed","template":"","meta":[],"product_brand":[],"product_cat":[2073,2074,2077,2075,2072,2076],"product_tag":[417,2079,2080,2083,110,2081,2078,2082],"class_list":{"0":"post-98947","1":"product","2":"type-product","3":"status-publish","4":"has-post-thumbnail","6":"product_cat-convertidores","7":"product_cat-divisores","8":"product_cat-dvi","9":"product_cat-hdmi","10":"product_cat-kits-extensores","11":"product_cat-vga","12":"product_tag-accesorios-generales","13":"product_tag-convertidores","14":"product_tag-divisores","15":"product_tag-dvi","16":"product_tag-epcom-proaudio","17":"product_tag-hdmi","18":"product_tag-kits-extensores","19":"product_tag-vga","21":"first","22":"instock","23":"sale","24":"shipping-taxable","25":"purchasable","26":"product-type-simple"},"_links":{"self":[{"href":"https:\/\/soydeaqui.ddns.net\/pachuca\/index.php\/wp-json\/wp\/v2\/product\/98947","targetHints":{"allow":["GET"]}}],"collection":[{"href":"https:\/\/soydeaqui.ddns.net\/pachuca\/index.php\/wp-json\/wp\/v2\/product"}],"about":[{"href":"https:\/\/soydeaqui.ddns.net\/pachuca\/index.php\/wp-json\/wp\/v2\/types\/product"}],"replies":[{"embeddable":true,"href":"https:\/\/soydeaqui.ddns.net\/pachuca\/index.php\/wp-json\/wp\/v2\/comments?post=98947"}],"wp:featuredmedia":[{"embeddable":true,"href":"https:\/\/soydeaqui.ddns.net\/pachuca\/index.php\/wp-json\/wp\/v2\/media\/98946"}],"wp:attachment":[{"href":"https:\/\/soydeaqui.ddns.net\/pachuca\/index.php\/wp-json\/wp\/v2\/media?parent=98947"}],"wp:term":[{"taxonomy":"product_brand","embeddable":true,"href":"https:\/\/soydeaqui.ddns.net\/pachuca\/index.php\/wp-json\/wp\/v2\/product_brand?post=98947"},{"taxonomy":"product_cat","embeddable":true,"href":"https:\/\/soydeaqui.ddns.net\/pachuca\/index.php\/wp-json\/wp\/v2\/product_cat?post=98947"},{"taxonomy":"product_tag","embeddable":true,"href":"https:\/\/soydeaqui.ddns.net\/pachuca\/index.php\/wp-json\/wp\/v2\/product_tag?post=98947"}],"curies":[{"name":"wp","href":"https:\/\/api.w.org\/{rel}","templated":true}]}}