{"id":98943,"date":"2026-03-20T10:04:22","date_gmt":"2026-03-20T10:04:22","guid":{"rendered":"https:\/\/soydeaqui.ddns.net\/pachuca\/index.php\/producto\/pantalla-profesional-led-de-50-uhd-4k-3840x2160p-entradas-de-video-hdm-bocinas-integradas-de-10-w-compatible-vesa\/"},"modified":"2026-03-20T10:04:28","modified_gmt":"2026-03-20T10:04:28","slug":"pantalla-profesional-led-de-50-uhd-4k-3840x2160p-entradas-de-video-hdm-bocinas-integradas-de-10-w-compatible-vesa","status":"publish","type":"product","link":"https:\/\/soydeaqui.ddns.net\/pachuca\/index.php\/producto\/pantalla-profesional-led-de-50-uhd-4k-3840x2160p-entradas-de-video-hdm-bocinas-integradas-de-10-w-compatible-vesa\/","title":{"rendered":"Pantalla Profesional LED de 50&#8243;, UHD 4K (3840x2160p), Entradas de Video HDM, Bocinas Integradas de 10 W. Compatible VESA"},"content":{"rendered":"<div style='width: 100%; max-width: 1200px; margin: 0 auto; font-family: sans-serif; line-height: 1.6; color: inherit; background-color: transparent;'> <!-- Secci\u00f3n de garant\u00eda --> <\/p>\n<div style='margin-bottom: 30px;'>\n<h3 style='font-size: 22px; border-bottom: 2px solid currentColor; padding-bottom: 5px; margin-top: 0; color: inherit; opacity: 0.8; text-align: center;'>Pol\u00edtica de Garant\u00eda<\/h3>\n<p style='margin: 15px 0; font-size: 15px; color: inherit;'>SYSCOM se apega a las pol\u00edticas de garant\u00eda de cada proveedor de la marca y\/o f\u00e1brica.<\/p>\n<p style='margin: 15px 0; font-size: 15px; color: inherit;'>La cobertura de garant\u00eda por defecto de f\u00e1brica y\/o mal funcionamiento es de 90 d\u00edas con Syscom. Posterior a este periodo&comma; la garant\u00eda es directa con el fabricante.<\/p>\n<p style='margin: 15px 0; font-size: 15px; color: inherit;'>En quebraduras&comma; da\u00f1os f\u00edsicos de equipo y\/o empaque da\u00f1ado&comma; reportarlo dentro de las 24 horas posteriores a la fecha de recepci\u00f3n para el reclamo a paqueter\u00eda.<\/p>\n<\/p><\/div>\n<p> <!-- Secci\u00f3n de caracter\u00edsticas --> <\/p>\n<div style='display: flex; flex-wrap: wrap; gap: 30px; margin-bottom: 30px;'>\n<div style='flex: 1 1 300px; min-width: 280px;'>\n<h3 style='font-size: 22px; border-bottom: 2px solid currentColor; padding-bottom: 5px; margin-top: 0; color: inherit; opacity: 0.8;'>Caracter\u00edsticas principales<\/h3>\n<ul style='padding-left: 20px; font-size: 15px; color: inherit;'>\n<li style='margin-bottom: 5px;'>Tama\u00f1o diagonal 50&#8242;<\/li>\n<li style='margin-bottom: 5px;'>Resoluci\u00f3n 4K (3840 x 2160 pix.)<\/li>\n<li style='margin-bottom: 5px;'>Relaci\u00f3n de aspecto 16:9<\/li>\n<li style='margin-bottom: 5px;'>Brillo 350 nit.<\/li>\n<li style='margin-bottom: 5px;'>Bisel 9.2 (arriba&comma; lados) x 11.2 (abajo) mm<\/li>\n<li style='margin-bottom: 5px;'>Relaci\u00f3n de contraste 4000:1<\/li>\n<li style='margin-bottom: 5px;'>Bocinas integradas de 10 W.<\/li>\n<li style='margin-bottom: 5px;'>Aplicable para video solamente<\/li>\n<li style='margin-bottom: 5px;'>Compatible con Samsung VXT (licencia <a href='https:\/\/www.syscom.mx\/principal\/searchcont?route=VXT-P-SAMSUNG-ELECTRONICS-241706&#038;autodetect=VXT-P' style='color: inherit; text-decoration: underline; font-weight: 600;'>VXT-P<\/a>)<\/li>\n<li style='margin-bottom: 5px;'>Compatible con Magicinfo<\/li>\n<li style='margin-bottom: 5px; font-weight: bold;'>Operaci\u00f3n 16\/7<\/li>\n<\/ul>\n<div style='margin-top: 20px; padding: 15px; background-color: rgba(4&comma;17&comma;250&comma;0.05); border-left: 4px solid #0411FA;'>\n<p style='margin: 5px 0; font-size: 16px; font-weight: bold; color: inherit;'>3 A\u00f1os de garant\u00eda con fabricante<\/p>\n<p style='margin: 5px 0; font-size: 16px; font-weight: bold; color: inherit;'>Informaci\u00f3n de soporte y garant\u00eda: <a href='https:\/\/www.samsung.com\/mx\/support\/warranty\/' style='color: inherit; text-decoration: underline; font-weight: bold;'>GARANT\u00cdA<\/a><\/p>\n<\/p><\/div>\n<\/p><\/div>\n<div style='flex: 1 1 300px; min-width: 280px;'>\n<h3 style='font-size: 22px; border-bottom: 2px solid currentColor; padding-bottom: 5px; margin-top: 0; color: inherit; opacity: 0.8;'>Conectividad<\/h3>\n<ul style='padding-left: 20px; font-size: 15px; color: inherit;'>\n<li style='margin-bottom: 5px;'>Entradas de Video HDMI 2.0 (3)<\/li>\n<li style='margin-bottom: 5px;'>Entrada de Audio mini Jack Est\u00e9reo<\/li>\n<li style='margin-bottom: 5px;'>Puerto x2 USB 2.0<\/li>\n<li style='margin-bottom: 5px;'>Salidas de Audio mini Jack Est\u00e9reo<\/li>\n<li style='margin-bottom: 5px;'>Puerto LAN RJ45 10\/100 Mbps<\/li>\n<\/ul>\n<h3 style='font-size: 22px; border-bottom: 2px solid currentColor; padding-bottom: 5px; margin-top: 20px; color: inherit; opacity: 0.8;'>Funciones especiales<\/h3>\n<ul style='padding-left: 20px; font-size: 15px; color: inherit;'>\n<li style='margin-bottom: 5px;'>Aplicaci\u00f3n de Videollamada (C\u00e1mara web no incluida)<\/li>\n<li style='margin-bottom: 5px;'>SmartView habilita compartir pantalla de manera inal\u00e1mbrica: 1&comma; 2&comma; 3 y 4 simult\u00e1neas (Win&comma; Android&comma; iOS m\u00f3vil)<\/li>\n<li style='margin-bottom: 5px;'>Modo de Simulaci\u00f3n DICOM con 100% en escalas de grises (para im\u00e1genes m\u00e9dicas como rayos X)<\/li>\n<\/ul><\/div>\n<div style='flex: 1 1 300px; min-width: 280px;'>\n<h3 style='font-size: 22px; border-bottom: 2px solid currentColor; padding-bottom: 5px; margin-top: 0; color: inherit; opacity: 0.8;'>Control externo<\/h3>\n<ul style='padding-left: 20px; font-size: 15px; color: inherit;'>\n<li style='margin-bottom: 5px;'>Puerto RS-232C<\/li>\n<li style='margin-bottom: 5px;'>Puerto RJ45<\/li>\n<li style='margin-bottom: 5px;'>Sensor externo IR<\/li>\n<\/ul>\n<h3 style='font-size: 22px; border-bottom: 2px solid currentColor; padding-bottom: 5px; margin-top: 20px; color: inherit; opacity: 0.8;'>Caracter\u00edsticas f\u00edsicas y el\u00e9ctricas<\/h3>\n<ul style='padding-left: 20px; font-size: 15px; color: inherit;'>\n<li style='margin-bottom: 5px;'>Temperatura de operaci\u00f3n: 0 a 40 \u00b0C<\/li>\n<li style='margin-bottom: 5px;'>Alimentaci\u00f3n: 100-240 Vca&comma; 143 W.<\/li>\n<li style='margin-bottom: 5px;'>Compatible con montajes VESA 200 x 200 mm. No incluye torniller\u00eda.<\/li>\n<li style='margin-bottom: 5px;'>Dimensiones: 1121.4 x 643.9 x 46.3 mm.<\/li>\n<li style='margin-bottom: 5px;'>Peso: 13.4 Kg.<\/li>\n<li style='margin-bottom: 5px;'>No incluye montajes de pared ni de escritorio<\/li>\n<\/ul><\/div>\n<\/p><\/div>\n<p> <!-- Secci\u00f3n de im\u00e1genes --> <\/p>\n<div style='display: flex; flex-wrap: wrap; gap: 30px; margin-bottom: 30px;'>\n<div style='flex: 1 1 100%;'>\n<p style='text-align: center; margin: 15px 0; font-weight: bold; color: inherit;'>Video llamada (C\u00e1mara web no incluida)<\/p>\n<p> <img style='width: 100%; height: auto; border: 1px solid rgba(150&comma;150&comma;150&comma;0.3); border-radius: 8px;' src='https:\/\/ftp3.syscom.mx\/usuarios\/fotos\/QM43B\/207717-captura_de_pantalla_2022-04-11_a_la(s)_9.43.27.png' alt=''> <\/div>\n<div style='flex: 1 1 100%;'>\n<p style='text-align: center; margin: 15px 0; font-weight: bold; color: inherit;'>Compartir pantalla de manera inal\u00e1mbrica<\/p>\n<p> <img style='width: 100%; height: auto; border: 1px solid rgba(150&comma;150&comma;150&comma;0.3); border-radius: 8px;' src='https:\/\/ftp3.syscom.mx\/usuarios\/fotos\/QM43B\/207717-captura_de_pantalla_2022-04-11_a_la(s)_9.44.25.png' alt=''> <\/div>\n<div style='flex: 1 1 100%;'>\n<p style='text-align: center; margin: 15px 0; font-weight: bold; color: inherit;'>Modo DICOM (Im\u00e1genes M\u00e9dicas)<\/p>\n<p> <img style='width: 100%; height: auto; border: 1px solid rgba(150&comma;150&comma;150&comma;0.3); border-radius: 8px;' src='https:\/\/ftp3.syscom.mx\/usuarios\/fotos\/QM43B\/207717-captura_de_pantalla_2022-04-11_a_la(s)_9.46.18.png' alt=''> <\/div>\n<\/p><\/div>\n<p> <!-- Separador final --> <\/p>\n<hr style='border: 0; border-top: 1px solid rgba(150&comma; 150&comma; 150&comma; 0.3); margin: 30px 0;'> <\/div>\n","protected":false},"excerpt":{"rendered":"<p>Pantalla Profesional LED de 50&#8243;, UHD 4K (3840x2160p), Entradas de Video HDM, Bocinas Integradas de 10 W. Compatible VESA<\/p>\n","protected":false},"featured_media":98942,"comment_status":"open","ping_status":"closed","template":"","meta":[],"product_brand":[],"product_cat":[2191],"product_tag":[2089,2192,2193],"class_list":{"0":"post-98943","1":"product","2":"type-product","3":"status-publish","4":"has-post-thumbnail","6":"product_cat-pantallas-monitores-monitores-pantallas-y-mobiliario","7":"product_tag-monitores-pantallas-y-mobiliario","8":"product_tag-pantallas-monitores-2","9":"product_tag-samsung-electronics","11":"first","12":"instock","13":"sale","14":"shipping-taxable","15":"purchasable","16":"product-type-simple"},"_links":{"self":[{"href":"https:\/\/soydeaqui.ddns.net\/pachuca\/index.php\/wp-json\/wp\/v2\/product\/98943","targetHints":{"allow":["GET"]}}],"collection":[{"href":"https:\/\/soydeaqui.ddns.net\/pachuca\/index.php\/wp-json\/wp\/v2\/product"}],"about":[{"href":"https:\/\/soydeaqui.ddns.net\/pachuca\/index.php\/wp-json\/wp\/v2\/types\/product"}],"replies":[{"embeddable":true,"href":"https:\/\/soydeaqui.ddns.net\/pachuca\/index.php\/wp-json\/wp\/v2\/comments?post=98943"}],"wp:featuredmedia":[{"embeddable":true,"href":"https:\/\/soydeaqui.ddns.net\/pachuca\/index.php\/wp-json\/wp\/v2\/media\/98942"}],"wp:attachment":[{"href":"https:\/\/soydeaqui.ddns.net\/pachuca\/index.php\/wp-json\/wp\/v2\/media?parent=98943"}],"wp:term":[{"taxonomy":"product_brand","embeddable":true,"href":"https:\/\/soydeaqui.ddns.net\/pachuca\/index.php\/wp-json\/wp\/v2\/product_brand?post=98943"},{"taxonomy":"product_cat","embeddable":true,"href":"https:\/\/soydeaqui.ddns.net\/pachuca\/index.php\/wp-json\/wp\/v2\/product_cat?post=98943"},{"taxonomy":"product_tag","embeddable":true,"href":"https:\/\/soydeaqui.ddns.net\/pachuca\/index.php\/wp-json\/wp\/v2\/product_tag?post=98943"}],"curies":[{"name":"wp","href":"https:\/\/api.w.org\/{rel}","templated":true}]}}