{"id":98939,"date":"2026-03-20T10:04:11","date_gmt":"2026-03-20T10:04:11","guid":{"rendered":"https:\/\/soydeaqui.ddns.net\/pachuca\/index.php\/producto\/nvr-32-megapixel-8k-32-canales-ip-soporta-8-discos-duros-h-265-wisestream-wisenet-p2p-onvif-compatible-con-camaras-ia-salida-hdmi-en-4k\/"},"modified":"2026-03-20T10:04:19","modified_gmt":"2026-03-20T10:04:19","slug":"nvr-32-megapixel-8k-32-canales-ip-soporta-8-discos-duros-h-265-wisestream-wisenet-p2p-onvif-compatible-con-camaras-ia-salida-hdmi-en-4k","status":"publish","type":"product","link":"https:\/\/soydeaqui.ddns.net\/pachuca\/index.php\/producto\/nvr-32-megapixel-8k-32-canales-ip-soporta-8-discos-duros-h-265-wisestream-wisenet-p2p-onvif-compatible-con-camaras-ia-salida-hdmi-en-4k\/","title":{"rendered":"NVR 32 Megapixel (8K) \/ 32 Canales IP \/ Soporta 8 Discos Duros \/ H.265 &#038; Wisestream \/ Wisenet P2P \/ ONVIF \/ Compatible con C\u00e1maras IA \/ Salida HDMI en 4K"},"content":{"rendered":"<div style='width: 100%; max-width: 1200px; margin: 0 auto; font-family: sans-serif; line-height: 1.6; color: inherit; background-color: transparent;'> <!-- Contenedor principal --> <\/p>\n<div style='width: 100%; max-width: 800px; margin: 0 auto;'>\n<div style='width: 100%; text-align: center; margin: 20px 0;'> <a href='https:\/\/www.syscom.mx\/principal\/consultarproductosazul?global_search=HTANVR&#038;ordenar=Relevancia&#038;pag=1' target='_blank' rel='noopener' style='text-decoration: none;'> <img style='width: 100%; max-width: 560px; height: auto; border: 1px solid rgba(150&comma;150&comma;150&comma;0.3); border-radius: 8px;' src='https:\/\/ftp3.syscom.mx\/usuarios\/gmagos\/Hanwha\/fotos\/Wisenet%20NVR.png' alt=''> <\/a> <\/div>\n<p> <!-- Video 1 --> <\/p>\n<div style='position: relative; padding-bottom: 56.25%; height: 0; overflow: hidden; margin: 30px 0;'>   <\/div>\n<p> <!-- Secci\u00f3n Wisenet P2P --> <\/p>\n<div style='margin: 30px 0;'>\n<h2 style='font-size: 22px; margin-top: 0; margin-bottom: 15px; color: inherit;'> Wisenet <span style='color: #f37934;'>P2P<\/span> <\/h2>\n<p style='font-size: 14px; color: inherit; margin-bottom: 15px; text-align: justify;'> Mediante el servicio de Wisenet P2P&comma; agregue sus dispositivos a su app m\u00f3vil en menos de 2 minutos: <\/p>\n<ol style='padding-left: 20px; font-size: 14px; color: inherit;'>\n<li style='margin-bottom: 8px; text-align: justify;'><strong style='color: inherit;'>Abra la aplicaci\u00f3n<\/strong> Wisenet Mobile.<\/li>\n<li style='margin-bottom: 8px; text-align: justify;'><strong style='color: inherit;'>Escanee el c\u00f3digo QR<\/strong> que viene en la etiqueta del NVR.<\/li>\n<li style='margin-bottom: 8px; text-align: justify;'><strong style='color: inherit;'>Ingrese Usuario y Contrase\u00f1a<\/strong> del NVR.<\/li>\n<li style='margin-bottom: 8px; text-align: justify;'><strong style='color: inherit;'>Visualice sus equipos<\/strong> de manera remota.<\/li>\n<\/ol>\n<div style='background-color: rgba(248&comma; 249&comma; 250&comma; 0.6); color: #202124; padding: 15px; border-radius: 6px; border-left: 4px solid #f37934; margin-top: 20px; font-size: 14px;'> <strong>NOTA:<\/strong> El P2P es \u00fanicamente compatible con dispositivos m\u00f3viles a trav\u00e9s de la aplicaci\u00f3n Wisenet mobile&comma; no es compatible con Smart Viewer&comma; SSM o Wisenet Wave. <\/div>\n<\/p><\/div>\n<p> <!-- Secci\u00f3n Auto Recovery Backup --> <\/p>\n<div style='margin: 30px 0;'>\n<div style='display: flex; flex-wrap: wrap; gap: 20px; align-items: center;'>\n<div style='flex: 1 1 300px;'>\n<h2 style='font-size: 22px; margin-top: 0; margin-bottom: 15px; color: inherit;'> Auto Recovery <span style='color: #f37934;'>Backup<\/span> (ARB) <\/h2>\n<p style='font-size: 14px; color: inherit; margin-bottom: 15px; text-align: justify;'> Recupere la grabaci\u00f3n perdida cuando una o varias c\u00e1maras IP se desconecten de su grabador. <\/p>\n<p style='font-size: 14px; color: inherit; margin-bottom: 15px; text-align: justify;'> Cuando se detecte el corte de comunicaci\u00f3n entre c\u00e1mara IP &#8211; NVR&comma; la c\u00e1mara empezar\u00e1 a grabar por su tarjeta SD. Cuando regrese la comunicaci\u00f3n con el NVR&comma; la c\u00e1mara enviar\u00e1 toda la grabaci\u00f3n que hubo en el periodo de tiempo donde se perdi\u00f3 la conexi\u00f3n. Las c\u00e1maras compatibles con esta funci\u00f3n son todas las de la serie Q&comma; X y P. <\/p>\n<p style='margin-top: 20px;'> <a href='https:\/\/www.syscom.mx\/principal\/consultarproductosazul?global_search=arb&#038;ordenar=Relevancia&#038;stock=true&#038;pag=1' target='_blank' rel='noopener noreferrer' style='color: #f37934; text-decoration: none; font-weight: bold;'> C\u00e1maras compatibles en stock con ARB aqu\u00ed <\/a> <\/p>\n<\/p><\/div>\n<div style='flex: 1 1 300px; min-width: 280px;'> <img style='width: 100%; height: auto; border: 1px solid rgba(150&comma;150&comma;150&comma;0.3); border-radius: 8px;' src='https:\/\/ftp3.syscom.mx\/usuarios\/fotos\/XRN3010A\/169720-arb.png' alt=''> <\/div>\n<\/p><\/div>\n<\/p><\/div>\n<p> <!-- Video 2 --> <\/p>\n<div style='position: relative; padding-bottom: 56.25%; height: 0; overflow: hidden; margin: 30px 0;'>   <\/div>\n<p> <!-- Secci\u00f3n Controlador SPC-2000 --> <\/p>\n<div style='margin: 30px 0;'>\n<h2 style='font-size: 22px; margin-top: 0; margin-bottom: 15px; color: inherit;'> Controlador <span style='color: #f37934;'>SPC-2000<\/span> <\/h2>\n<p style='font-size: 14px; color: inherit; margin-bottom: 15px; text-align: justify;'> Utilice el controlador SPC-2000 para controlar su NVR. La conexi\u00f3n del accesorio es <strong style='color: inherit;'>Plug &#038; Play<\/strong>&comma; solamente conecte por USB su joystick y comience a controlar su grabador&comma; no es necesario alguna configuraci\u00f3n adicional. Puede mandar llamar distintas cuadr\u00edculas&comma; ingresar al men\u00fa del grabador&comma; ver grabaci\u00f3n de video&comma; etc. <\/p>\n<p style='font-size: 14px; color: inherit; margin-bottom: 15px; text-align: justify;'> Adicional&comma; puede controlar el movimiento de sus PTZ&#8217;s agregadas al grabador as\u00ed como sus Presets \/ Patrols \/ Patterns. <\/p>\n<p style='font-size: 11px; color: inherit; text-align: justify; margin-top: 20px;'> (Revise el video para mayor informaci\u00f3n). <\/p>\n<\/p><\/div>\n<p> <!-- T\u00edtulo Especificaciones --> <\/p>\n<div style='text-align: center; margin: 40px 0 20px;'>\n<h3 style='font-size: 24px; color: inherit; margin: 0; font-weight: 500;'> Especificaciones t\u00e9cnicas <\/h3>\n<\/p><\/div>\n<p> <!-- Secci\u00f3n de especificaciones t\u00e9cnicas --> <\/p>\n<div style='display: flex; flex-wrap: wrap; gap: 20px; margin-bottom: 30px;'> <!-- Caracter\u00edsticas generales --> <\/p>\n<div style='flex: 1 1 250px; border: 1px solid rgba(150&comma; 150&comma; 150&comma; 0.4); border-left: 5px solid #f37324; border-radius: 8px; overflow: hidden; display: flex; flex-direction: column;'>\n<div style='padding: 15px; border-bottom: 1px solid rgba(150&comma; 150&comma; 150&comma; 0.2); font-weight: bold; font-size: 18px; color: inherit; background-color: rgba(248&comma; 249&comma; 250&comma; 0.6);'> Caracter\u00edsticas generales <\/div>\n<div style='padding: 15px; color: inherit;'>\n<ul style='padding-left: 20px; margin: 0; font-size: 14px; list-style-type: disc;'>\n<li style='margin-bottom: 8px;'>Soporta 32 c\u00e1maras de hasta m\u00e1ximo 32MP<\/li>\n<li style='margin-bottom: 8px;'>Compresi\u00f3n de video: <strong style='color: inherit;'>H.265 &amp; WiseStream<\/strong>&comma; H264&comma; MJPEG<\/li>\n<li style='margin-bottom: 8px;'>Soporta mouse USB para operar (incluido)<\/li>\n<li style='margin-bottom: 8px;'>Soporta 8 HDD de hasta 10TB (<strong style='color: inherit;'>80TB<\/strong>). No incluye Disco Duro.<\/li>\n<li style='margin-bottom: 8px;'>Soporta Hanwha security DDNS.<\/li>\n<li style='margin-bottom: 8px;'>Soporta conexi\u00f3n por c\u00f3digo QR&comma; <strong style='color: inherit;'>Wisenet P2P<\/strong>.<\/li>\n<li style='margin-bottom: 8px;'>Acceso por dispositivo m\u00f3vil: Android&comma; iOS<\/li>\n<li style='margin-bottom: 8px;'>Protocolos: Samsung&comma; <strong style='color: inherit;'>ONVIF Perfil G y S<\/strong>.<\/li>\n<\/ul><\/div>\n<\/p><\/div>\n<p> <!-- Caracter\u00edsticas de red --> <\/p>\n<div style='flex: 1 1 250px; border: 1px solid rgba(150&comma; 150&comma; 150&comma; 0.4); border-left: 5px solid #f37324; border-radius: 8px; overflow: hidden; display: flex; flex-direction: column;'>\n<div style='padding: 15px; border-bottom: 1px solid rgba(150&comma; 150&comma; 150&comma; 0.2); font-weight: bold; font-size: 18px; color: inherit; background-color: rgba(248&comma; 249&comma; 250&comma; 0.6);'> Caracter\u00edsticas de red <\/div>\n<div style='padding: 15px; color: inherit;'>\n<ul style='padding-left: 20px; margin: 0; font-size: 14px; list-style-type: disc;'>\n<li style='margin-bottom: 8px;'>Throughput de grabaci\u00f3n: 400 Mbps.<\/li>\n<li style='margin-bottom: 8px;'>Throughput de salida: 400 Mbps.<\/li>\n<li style='margin-bottom: 8px;'>Usuarios remotos: Hasta 10<\/li>\n<li style='margin-bottom: 8px;'>3 Puertos de red<\/li>\n<\/ul>\n<div style='margin-top: 20px;'> <strong style='color: inherit; font-size: 14px;'>Interfaces:<\/strong> <\/p>\n<ul style='padding-left: 20px; margin: 0; font-size: 14px; list-style-type: disc;'>\n<li style='margin-bottom: 8px;'><strong style='color: inherit;'>Salida HDMI en 4K<\/strong>.<\/li>\n<li style='margin-bottom: 8px;'>Salida HDMI 1080P<\/li>\n<li style='margin-bottom: 8px;'>Alarma: 8 Entradas \/ 4 Salidas<\/li>\n<li style='margin-bottom: 8px;'>USB: 2 Puertos<\/li>\n<\/ul><\/div>\n<\/p><\/div>\n<\/p><\/div>\n<p> <!-- Caracter\u00edsticas F\u00edsicas y El\u00e9ctricas --> <\/p>\n<div style='flex: 1 1 250px; border: 1px solid rgba(150&comma; 150&comma; 150&comma; 0.4); border-left: 5px solid #f37324; border-radius: 8px; overflow: hidden; display: flex; flex-direction: column;'>\n<div style='padding: 15px; border-bottom: 1px solid rgba(150&comma; 150&comma; 150&comma; 0.2); font-weight: bold; font-size: 18px; color: inherit; background-color: rgba(248&comma; 249&comma; 250&comma; 0.6);'> Caracter\u00edsticas F\u00edsicas y El\u00e9ctricas <\/div>\n<div style='padding: 15px; color: inherit;'>\n<ul style='padding-left: 20px; margin: 0; font-size: 14px; list-style-type: disc;'>\n<li style='margin-bottom: 8px;'>Temperatura de Operaci\u00f3n: 0 a 40\u00b0C.<\/li>\n<li style='margin-bottom: 8px;'>Alimentaci\u00f3n: 100 &#8211; 240 VCA <span style='color: inherit;'>Max.<\/span><\/li>\n<li style='margin-bottom: 8px;'>Consumo: Max. 138W.<\/li>\n<li style='margin-bottom: 8px;'>Dimensiones: \u00d8 438.0 x 86.0 x 434.9 mm.<\/li>\n<li style='margin-bottom: 8px;'>Peso: 7.5 Kg.<\/li>\n<\/ul><\/div>\n<div style='padding: 15px; border-top: 1px solid rgba(150&comma; 150&comma; 150&comma; 0.2); background-color: rgba(248&comma; 249&comma; 250&comma; 0.6);'> <a href='https:\/\/ftp3.syscom.mx\/usuarios\/ftp\/2017\/09\/28\/48dc8\/Hoja%20de%20Especificaciones%20XRN-2010.pdf' target='_blank' rel='noopener noreferrer' style='color: #f37934; text-decoration: none; font-weight: bold;'> M\u00e1s informaci\u00f3n sobre caracter\u00edsticas t\u00e9cnicas <\/a> <\/div>\n<\/p><\/div>\n<\/p><\/div>\n<p> <!-- Imagen final --> <\/p>\n<div style='width: 100%; text-align: center; margin: 30px 0;'> <a href='https:\/\/syscom.mx\/principal\/listadoproductosazul\/cctv-cuartos-de-control-pantallas---monitores-65971.html?ordenar=Precio_de_Menor_a_Mayor&#038;marca=-hanwha%20techwin%20wisenet&#038;pag=1' target='_blank' rel='noopener' style='text-decoration: none;'> <img style='width: 100%; max-width: 560px; height: auto; border: 1px solid rgba(150&comma;150&comma;150&comma;0.3); border-radius: 8px;' src='https:\/\/ftp3.syscom.mx\/usuarios\/gmagos\/Hanwha\/fotos\/Monitores%20247.png' alt=''> <\/a> <\/div>\n<\/p><\/div>\n<\/p><\/div>\n","protected":false},"excerpt":{"rendered":"<p>NVR 32 Megapixel (8K) \/ 32 Canales IP \/ Soporta 8 Discos Duros \/ H.265 &#038; Wisestream \/ Wisenet P2P \/ ONVIF \/ Compatible con C\u00e1maras IA \/ Salida HDMI en 4K<\/p>\n","protected":false},"featured_media":98938,"comment_status":"open","ping_status":"closed","template":"","meta":[],"product_brand":[],"product_cat":[2234],"product_tag":[122,1055,2235],"class_list":{"0":"post-98939","1":"product","2":"type-product","3":"status-publish","4":"has-post-thumbnail","6":"product_cat-nvrs-network-video-recorders","7":"product_tag-camaras-ip-y-nvrs","8":"product_tag-hanwha-vision","9":"product_tag-nvrs-network-video-recorders","11":"first","12":"outofstock","13":"sale","14":"shipping-taxable","15":"purchasable","16":"product-type-simple"},"_links":{"self":[{"href":"https:\/\/soydeaqui.ddns.net\/pachuca\/index.php\/wp-json\/wp\/v2\/product\/98939","targetHints":{"allow":["GET"]}}],"collection":[{"href":"https:\/\/soydeaqui.ddns.net\/pachuca\/index.php\/wp-json\/wp\/v2\/product"}],"about":[{"href":"https:\/\/soydeaqui.ddns.net\/pachuca\/index.php\/wp-json\/wp\/v2\/types\/product"}],"replies":[{"embeddable":true,"href":"https:\/\/soydeaqui.ddns.net\/pachuca\/index.php\/wp-json\/wp\/v2\/comments?post=98939"}],"wp:featuredmedia":[{"embeddable":true,"href":"https:\/\/soydeaqui.ddns.net\/pachuca\/index.php\/wp-json\/wp\/v2\/media\/98938"}],"wp:attachment":[{"href":"https:\/\/soydeaqui.ddns.net\/pachuca\/index.php\/wp-json\/wp\/v2\/media?parent=98939"}],"wp:term":[{"taxonomy":"product_brand","embeddable":true,"href":"https:\/\/soydeaqui.ddns.net\/pachuca\/index.php\/wp-json\/wp\/v2\/product_brand?post=98939"},{"taxonomy":"product_cat","embeddable":true,"href":"https:\/\/soydeaqui.ddns.net\/pachuca\/index.php\/wp-json\/wp\/v2\/product_cat?post=98939"},{"taxonomy":"product_tag","embeddable":true,"href":"https:\/\/soydeaqui.ddns.net\/pachuca\/index.php\/wp-json\/wp\/v2\/product_tag?post=98939"}],"curies":[{"name":"wp","href":"https:\/\/api.w.org\/{rel}","templated":true}]}}