{"id":98930,"date":"2026-03-20T10:03:46","date_gmt":"2026-03-20T10:03:46","guid":{"rendered":"https:\/\/soydeaqui.ddns.net\/pachuca\/index.php\/producto\/controlador-para-escritorio-de-altura-ajustable-refaccion-para-el-escritorio-em33-2a3\/"},"modified":"2026-03-20T10:03:48","modified_gmt":"2026-03-20T10:03:48","slug":"controlador-para-escritorio-de-altura-ajustable-refaccion-para-el-escritorio-em33-2a3","status":"publish","type":"product","link":"https:\/\/soydeaqui.ddns.net\/pachuca\/index.php\/producto\/controlador-para-escritorio-de-altura-ajustable-refaccion-para-el-escritorio-em33-2a3\/","title":{"rendered":"Controlador para Escritorio de Altura Ajustable \/ Refacci\u00f3n para el Escritorio EM33-2A3"},"content":{"rendered":"<div style='width: 100%; max-width: 1200px; margin: 0 auto; font-family: sans-serif; line-height: 1.6; color: inherit; background-color: transparent;'>\n<div style='display: flex; flex-direction: column; align-items: center; margin-bottom: 30px;'> <img style='width: auto; max-width: 100%; height: auto; border: 1px solid rgba(150&comma;150&comma;150&comma;0.3); border-radius: 8px;' src='https:\/\/ftp3.syscom.mx\/usuarios\/fotos\/logotipos\/epcom_industrial.png' alt=''> <\/div>\n<div style='display: flex; flex-wrap: wrap; gap: 30px; margin-bottom: 30px;'>\n<div style='flex: 1 1 300px; min-width: 280px;'>\n<h3 style='font-size: 22px; border-bottom: 2px solid currentColor; padding-bottom: 5px; margin-top: 0; color: inherit; opacity: 0.8;'>Caracter\u00edsticas principales<\/h3>\n<ul style='padding-left: 20px; font-size: 15px; color: inherit;'>\n<li style='margin-bottom: 5px;'>Controlador usado como refacci\u00f3n de los escritorios modelo EM33-2A3<\/li>\n<\/ul><\/div>\n<div style='flex: 1 1 300px; min-width: 280px;'>\n<h3 style='font-size: 22px; border-bottom: 2px solid currentColor; padding-bottom: 5px; margin-top: 0; color: inherit; opacity: 0.8;'>Caracter\u00edsticas generales<\/h3>\n<ul style='padding-left: 20px; font-size: 15px; color: inherit;'>\n<li style='margin-bottom: 5px;'>Cuenta con memoria para guardar 3 posiciones de altura.<\/li>\n<li style='margin-bottom: 5px;'>Cuenta con certificados: CE&comma; UL&comma; CUL&comma; SAA y BIFMA.<\/li>\n<li style='margin-bottom: 5px;'><strong>Cuenta con sensor anticolisi\u00f3n.<\/strong><\/li>\n<li style='margin-bottom: 5px;'>Velocidad de elevaci\u00f3n: 30mm\/s.<\/li>\n<\/ul><\/div>\n<div style='flex: 1 1 300px; min-width: 280px;'>\n<h3 style='font-size: 22px; border-bottom: 2px solid currentColor; padding-bottom: 5px; margin-top: 0; color: inherit; opacity: 0.8;'>Caracter\u00edsticas f\u00edsicas y el\u00e9ctricas<\/h3>\n<ul style='padding-left: 20px; font-size: 15px; color: inherit;'>\n<li style='margin-bottom: 5px;'><strong>Ajuste de altura: 600 &#8211; 1250 mm.<\/strong><\/li>\n<li style='margin-bottom: 5px;'>Peso: 100 g<\/li>\n<\/ul><\/div>\n<\/p><\/div>\n<div style='margin-top: 30px; padding: 15px; border-left: 5px solid #E40221; background-color: rgba(228&comma; 2&comma; 33&comma; 0.05);'>\n<p style='margin: 0; font-size: 15px; color: inherit;'> <strong style='color: #e74c3c;'>Nota:<\/strong> En caso de prueba&comma; es necesario que el controlador se encuentre instalado en la parte que sube y baja tal como se observa en el video o bien instalado ya en la mesa. <\/p>\n<\/p><\/div>\n<\/p><\/div>\n","protected":false},"excerpt":{"rendered":"<p>Controlador para Escritorio de Altura Ajustable \/ Refacci\u00f3n para el Escritorio EM33-2A3<\/p>\n","protected":false},"featured_media":98929,"comment_status":"open","ping_status":"closed","template":"","meta":[],"product_brand":[],"product_cat":[2282],"product_tag":[181,753,2089],"class_list":{"0":"post-98930","1":"product","2":"type-product","3":"status-publish","4":"has-post-thumbnail","6":"product_cat-mobiliario-de-apoyo-monitores-pantallas-y-mobiliario","7":"product_tag-epcom-industrial","8":"product_tag-mobiliario-de-apoyo","9":"product_tag-monitores-pantallas-y-mobiliario","11":"first","12":"outofstock","13":"sale","14":"shipping-taxable","15":"purchasable","16":"product-type-simple"},"_links":{"self":[{"href":"https:\/\/soydeaqui.ddns.net\/pachuca\/index.php\/wp-json\/wp\/v2\/product\/98930","targetHints":{"allow":["GET"]}}],"collection":[{"href":"https:\/\/soydeaqui.ddns.net\/pachuca\/index.php\/wp-json\/wp\/v2\/product"}],"about":[{"href":"https:\/\/soydeaqui.ddns.net\/pachuca\/index.php\/wp-json\/wp\/v2\/types\/product"}],"replies":[{"embeddable":true,"href":"https:\/\/soydeaqui.ddns.net\/pachuca\/index.php\/wp-json\/wp\/v2\/comments?post=98930"}],"wp:featuredmedia":[{"embeddable":true,"href":"https:\/\/soydeaqui.ddns.net\/pachuca\/index.php\/wp-json\/wp\/v2\/media\/98929"}],"wp:attachment":[{"href":"https:\/\/soydeaqui.ddns.net\/pachuca\/index.php\/wp-json\/wp\/v2\/media?parent=98930"}],"wp:term":[{"taxonomy":"product_brand","embeddable":true,"href":"https:\/\/soydeaqui.ddns.net\/pachuca\/index.php\/wp-json\/wp\/v2\/product_brand?post=98930"},{"taxonomy":"product_cat","embeddable":true,"href":"https:\/\/soydeaqui.ddns.net\/pachuca\/index.php\/wp-json\/wp\/v2\/product_cat?post=98930"},{"taxonomy":"product_tag","embeddable":true,"href":"https:\/\/soydeaqui.ddns.net\/pachuca\/index.php\/wp-json\/wp\/v2\/product_tag?post=98930"}],"curies":[{"name":"wp","href":"https:\/\/api.w.org\/{rel}","templated":true}]}}