{"id":98926,"date":"2026-03-20T10:03:36","date_gmt":"2026-03-20T10:03:36","guid":{"rendered":"https:\/\/soydeaqui.ddns.net\/pachuca\/index.php\/producto\/cable-coaxial-bnc-rg59-alimentacin-siames-20-metros-65-62-pies-aleacin-cobre-aluminio-cca-para-cmaras-4k-uso-interior-y-exterior\/"},"modified":"2026-03-20T10:03:43","modified_gmt":"2026-03-20T10:03:43","slug":"cable-coaxial-bnc-rg59-alimentacin-siames-20-metros-65-62-pies-aleacin-cobre-aluminio-cca-para-cmaras-4k-uso-interior-y-exterior","status":"publish","type":"product","link":"https:\/\/soydeaqui.ddns.net\/pachuca\/index.php\/producto\/cable-coaxial-bnc-rg59-alimentacin-siames-20-metros-65-62-pies-aleacin-cobre-aluminio-cca-para-cmaras-4k-uso-interior-y-exterior\/","title":{"rendered":"Cable Coaxial (BNC RG59) + Alimentaci?n \/ SIAMES \/ 20 Metros (65.62 Pies) \/ Aleaci?n Cobre + Aluminio CCA \/ Para C?maras 4K \/ Uso Interior y Exterior"},"content":{"rendered":"<div style='width: 100%; max-width: 1200px; margin: 0 auto; font-family: sans-serif; line-height: 1.6; color: inherit;'>\n<div style='text-align: center; margin-bottom: 30px;'> <img style='width: 300px; height: 120px; border: 1px solid rgba(150&comma;150&comma;150&comma;0.3); border-radius: 8px;' src='https:\/\/ftp3.syscom.mx\/usuarios\/fotos\/logotipos\/epcom_powerline.png' alt='Logo EPCOM POWERLINE'> <\/p>\n<h1 style='margin: 20px 0 10px 0; font-size: 28px; color: inherit;'>DIY20M4K<\/h1>\n<h3 style='margin: 10px 0 20px 0; font-size: 18px; color: inherit;'>Cable Coaxial armado con conector BNC y Alimentaci\u00f3n&comma; longitud de 20 m&comma; Optimizado 4K<\/h3>\n<p style='margin: 0 70px; font-size: 15px; color: inherit;'>Cable Coaxial armado con conector BNC y Alimentaci\u00f3n&comma; longitud de 10m&comma; Optimizado para 4K excelente calidad de transmisi\u00f3n&comma; sin p\u00e9rdida de se\u00f1al. Clasificado para su uso en sistemas de circuito cerrado de televisi\u00f3n.<\/p>\n<\/p><\/div>\n<div style='display: flex; flex-wrap: wrap; gap: 30px; margin-bottom: 30px;'>\n<div style='flex: 1 1 300px; min-width: 280px;'>\n<h3 style='font-size: 22px; border-bottom: 2px solid currentColor; padding-bottom: 5px; margin-top: 0; color: inherit; opacity: 0.8;'>Caracter\u00edsticas Principales<\/h3>\n<ul style='padding-left: 20px; font-size: 15px; color: inherit;'>\n<li style='margin-bottom: 5px;'><strong>Cable tipo CCA : <\/strong>20 metros<\/li>\n<li style='margin-bottom: 5px;'>Cable con calidad para alta resoluci\u00f3n : 4K de video y alimentaci\u00f3n<\/li>\n<li style='margin-bottom: 5px;'>Siam\u00e9s : Video y Alimentaci\u00f3n<\/li>\n<li style='margin-bottom: 5px;'><strong>Cable PREMIUM : Cobre + ALUMINIO<\/strong><\/li>\n<\/ul><\/div>\n<div style='flex: 1 1 300px; min-width: 280px;'>\n<h3 style='font-size: 22px; border-bottom: 2px solid currentColor; padding-bottom: 5px; margin-top: 0; color: inherit; opacity: 0.8;'>Especificaciones F\u00edsicas<\/h3>\n<ul style='padding-left: 20px; font-size: 15px; color: inherit;'>\n<li style='margin-bottom: 5px;'><strong>Extensi\u00f3n de cable para 4K<\/strong><\/li>\n<li style='margin-bottom: 5px;'><strong>Aplicaci\u00f3n :<\/strong> Interior \/ Intemperie<\/li>\n<li style='margin-bottom: 5px;'><strong>Material :<\/strong> Pl\u00e1stico ABS<\/li>\n<li style='margin-bottom: 5px;'><strong>Color :<\/strong> Negro<\/li>\n<li style='margin-bottom: 5px;'><strong>Conectores :<\/strong> BNC y Tipo standart para Alimentaci\u00f3n<\/li>\n<li style='margin-bottom: 5px;'><strong>Temperatura de operaci\u00f3n :<\/strong> -20 \u00b0C a 70 \u00b0C<\/li>\n<li style='margin-bottom: 5px;'><strong>Dimensiones :<\/strong> 20 metros<\/li>\n<\/ul><\/div>\n<div style='flex: 1 1 300px; min-width: 280px;'>\n<h3 style='font-size: 22px; border-bottom: 2px solid currentColor; padding-bottom: 5px; margin-top: 0; color: inherit; opacity: 0.8;'>Productos relacionados<\/h3>\n<ul style='padding-left: 20px; font-size: 15px; color: inherit;'>\n<li style='margin-bottom: 5px;'>5 Metros : <span style='background-color: #ecf0f1; color: #3598db;'>DIY-5M-HD<\/span><\/li>\n<li style='margin-bottom: 5px;'>10 Metros : <span style='color: #3598db;'>DIY-10M-HD<\/span><\/li>\n<li style='margin-bottom: 5px;'>10 Metros : <span style='color: #3598db;'>DIY-10M-4K<\/span><\/li>\n<li style='margin-bottom: 5px;'>20 Metros : <span style='color: #3598db;'>DIY-20M-HD<\/span><\/li>\n<li style='margin-bottom: 5px;'>20 Metros : <span style='color: #3598db;'>DIY-20M-4K<\/span><\/li>\n<li style='margin-bottom: 5px;'>30 Metros : <span style='color: #3598db;'>DIY-30M-HD<\/span><\/li>\n<li style='margin-bottom: 5px;'>40 Metros : <span style='color: #3598db;'>DIY-40M-HD<\/span><\/li>\n<li style='margin-bottom: 5px;'>50 Metros : <span style='color: #3598db;'>DIY-50M-HD<\/span><\/li>\n<\/ul><\/div>\n<\/p><\/div>\n<div style='display: flex; flex-wrap: wrap; gap: 30px; margin-bottom: 30px;'>\n<div style='flex: 1 1 300px; min-width: 280px;'> <img style='width: 100%; height: auto; border: 1px solid rgba(150&comma;150&comma;150&comma;0.3); border-radius: 8px;' src='https:\/\/ftp3.syscom.mx\/usuarios\/hallende\/Familia%20Centro\/Cables%20Coaxiales\/DIY-10M-HD\/DIY10MHD-AD-1.png' alt='Caracter\u00edsticas Principales'> <\/div>\n<div style='flex: 1 1 300px; min-width: 280px;'> <img style='width: 100%; height: auto; border: 1px solid rgba(150&comma;150&comma;150&comma;0.3); border-radius: 8px;' src='https:\/\/ftp3.syscom.mx\/usuarios\/hallende\/Familia%20Centro\/Cables%20Coaxiales\/DIY-10M-HD\/DIY10MHD-2.png' alt='Especificaciones F\u00edsicas'> <\/div>\n<div style='flex: 1 1 300px; min-width: 280px;'> <img style='width: 100%; height: auto; border: 1px solid rgba(150&comma;150&comma;150&comma;0.3); border-radius: 8px;' src='https:\/\/ftp3.syscom.mx\/usuarios\/hallende\/Familia%20Centro\/Cables%20Coaxiales\/DIY-10M-HD\/DIY10MHD-AD-3.png' alt='Productos relacionados'> <\/div>\n<\/p><\/div>\n<hr style='border: 0; border-top: 1px solid rgba(150&comma; 150&comma; 150&comma; 0.3); margin: 30px 0;'> <\/div>\n","protected":false},"excerpt":{"rendered":"<p>Cable Coaxial (BNC RG59) + Alimentaci?n \/ SIAMES \/ 20 Metros (65.62 Pies) \/ Aleaci?n Cobre + Aluminio CCA \/ Para C?maras 4K \/ Uso Interior y Exterior<\/p>\n","protected":false},"featured_media":98925,"comment_status":"open","ping_status":"closed","template":"","meta":[],"product_brand":[],"product_cat":[2277],"product_tag":[2278,488,454],"class_list":{"0":"post-98926","1":"product","2":"type-product","3":"status-publish","4":"has-post-thumbnail","6":"product_cat-cables-armados-coaxial","7":"product_tag-cables-armados-coaxial","8":"product_tag-cables-y-conectores","9":"product_tag-epcom-powerline","11":"first","12":"outofstock","13":"sale","14":"shipping-taxable","15":"purchasable","16":"product-type-simple"},"_links":{"self":[{"href":"https:\/\/soydeaqui.ddns.net\/pachuca\/index.php\/wp-json\/wp\/v2\/product\/98926","targetHints":{"allow":["GET"]}}],"collection":[{"href":"https:\/\/soydeaqui.ddns.net\/pachuca\/index.php\/wp-json\/wp\/v2\/product"}],"about":[{"href":"https:\/\/soydeaqui.ddns.net\/pachuca\/index.php\/wp-json\/wp\/v2\/types\/product"}],"replies":[{"embeddable":true,"href":"https:\/\/soydeaqui.ddns.net\/pachuca\/index.php\/wp-json\/wp\/v2\/comments?post=98926"}],"wp:featuredmedia":[{"embeddable":true,"href":"https:\/\/soydeaqui.ddns.net\/pachuca\/index.php\/wp-json\/wp\/v2\/media\/98925"}],"wp:attachment":[{"href":"https:\/\/soydeaqui.ddns.net\/pachuca\/index.php\/wp-json\/wp\/v2\/media?parent=98926"}],"wp:term":[{"taxonomy":"product_brand","embeddable":true,"href":"https:\/\/soydeaqui.ddns.net\/pachuca\/index.php\/wp-json\/wp\/v2\/product_brand?post=98926"},{"taxonomy":"product_cat","embeddable":true,"href":"https:\/\/soydeaqui.ddns.net\/pachuca\/index.php\/wp-json\/wp\/v2\/product_cat?post=98926"},{"taxonomy":"product_tag","embeddable":true,"href":"https:\/\/soydeaqui.ddns.net\/pachuca\/index.php\/wp-json\/wp\/v2\/product_tag?post=98926"}],"curies":[{"name":"wp","href":"https:\/\/api.w.org\/{rel}","templated":true}]}}