{"id":98906,"date":"2026-03-20T10:02:50","date_gmt":"2026-03-20T10:02:50","guid":{"rendered":"https:\/\/soydeaqui.ddns.net\/pachuca\/index.php\/producto\/bateria-de-gel-puro-opzv-2-v-2000-ah-ciclo-profundo-uso-en-aplicaciones-fotovoltaicas-y-de-respald\/"},"modified":"2026-03-20T10:02:54","modified_gmt":"2026-03-20T10:02:54","slug":"bateria-de-gel-puro-opzv-2-v-2000-ah-ciclo-profundo-uso-en-aplicaciones-fotovoltaicas-y-de-respald","status":"publish","type":"product","link":"https:\/\/soydeaqui.ddns.net\/pachuca\/index.php\/producto\/bateria-de-gel-puro-opzv-2-v-2000-ah-ciclo-profundo-uso-en-aplicaciones-fotovoltaicas-y-de-respald\/","title":{"rendered":"Bater\u00eda de GEL PURO OPzV \/ 2 V @ 2,000 Ah \/ Ciclo profundo \/Uso en Aplicaciones Fotovoltaicas y de Respald"},"content":{"rendered":"<div style='width: 100%; max-width: 1200px; margin: 0 auto; font-family: sans-serif; line-height: 1.6; color: inherit; background-color: transparent;'>\n<div style='display: flex; flex-wrap: wrap; gap: 30px; margin-bottom: 30px;'>\n<div style='flex: 1 1 300px; min-width: 280px;'>\n<h3 style='font-size: 22px; border-bottom: 2px solid currentColor; padding-bottom: 5px; margin-top: 0; color: inherit; opacity: 0.8;'>Descripci\u00f3n<\/h3>\n<p style='text-align: justify; color: inherit; font-size: 15px; margin-bottom: 20px;'>La bater\u00eda de la gama OPvV adopta la tecnolog\u00eda de gel tubular tradicional y adopta un electrolito de gel patentado. Los productos se utilizan como energ\u00eda de reserva para sistemas de comunicaci\u00f3n&comma; energ\u00eda&comma; militares y de transmisi\u00f3n y televisi\u00f3n. Poseen una tecnolog\u00eda precisa de termosellado ABS entre el recipiente y la tapa y una estructura patentada de sellado posterior. Proporciona un mejor rendimiento de ciclo profundo en comparaci\u00f3n con AGM. La vida \u00fatil del flotador de dise\u00f1o es de m\u00e1s de 18 a\u00f1os.<\/p>\n<p style='text-align: center; color: inherit; font-size: 15px; margin-bottom: 20px;'><strong>Sistemas de alimentaci\u00f3n Emergencia<\/strong><\/p>\n<\/p><\/div>\n<\/p><\/div>\n<div style='display: flex; flex-wrap: wrap; gap: 20px; margin-bottom: 30px;'>\n<div style='flex: 1 1 250px; border: 1px solid rgba(150&comma; 150&comma; 150&comma; 0.4); border-radius: 8px; overflow: hidden; display: flex; flex-direction: column;'>\n<div style='padding: 15px; border-bottom: 1px solid rgba(150&comma; 150&comma; 150&comma; 0.2); font-weight: bold; font-size: 18px; color: inherit;'>Caracter\u00edsticas<\/div>\n<div style='padding: 15px; color: inherit;'> <img style='width: 100%; height: auto; border: 1px solid rgba(150&comma;150&comma;150&comma;0.3); border-radius: 8px; margin-bottom: 15px;' src='https:\/\/ftp3.syscom.mx\/usuarios\/fotos\/BancoFotografiasSyscom\/EPCOMPOWERLINE\/PG22000\/PG22000-l.PNG' alt=''> <\/p>\n<ul style='padding-left: 20px; margin: 0; font-size: 14px; list-style-type: disc; color: inherit;'>\n<li style='margin-bottom: 5px;'><strong>Bater\u00eda de Gel Puro OPzV (bater\u00edas de plomo-\u00e1cido de gel estacionarias de tipo sellado).<\/strong><\/li>\n<li style='margin-bottom: 5px;'><strong>Voltaje : 2 Vcc<\/strong><\/li>\n<li style='margin-bottom: 5px;'><strong>Capacidad: 2&comma;000 Ah.<\/strong><\/li>\n<li style='margin-bottom: 5px;'>Construcci\u00f3n a prueba de derrames.<\/li>\n<li style='margin-bottom: 5px;'>Alta confiabilidad y estabilidad.<\/li>\n<li style='margin-bottom: 5px;'>Sellado y libre de mantenimiento.<\/li>\n<li style='margin-bottom: 5px;'>Certificaci\u00f3n de Seguridad y Calidad.<\/li>\n<li style='margin-bottom: 5px;'>Dise\u00f1o de mayor vida \u00fatil y baja autodescarga.<\/li>\n<li style='margin-bottom: 5px;'>Corriente de carga m\u00e1xima: 20 A.<\/li>\n<li style='margin-bottom: 5px;'>Corriente m\u00e1xima de descarga: 500 A.<\/li>\n<\/ul><\/div>\n<\/p><\/div>\n<div style='flex: 1 1 250px; border: 1px solid rgba(150&comma; 150&comma; 150&comma; 0.4); border-radius: 8px; overflow: hidden; display: flex; flex-direction: column;'>\n<div style='padding: 15px; border-bottom: 1px solid rgba(150&comma; 150&comma; 150&comma; 0.2); font-weight: bold; font-size: 18px; color: inherit;'>Especificaciones F\u00edsicas<\/div>\n<div style='padding: 15px; color: inherit;'> <img style='width: 100%; height: auto; border: 1px solid rgba(150&comma;150&comma;150&comma;0.3); border-radius: 8px; margin-bottom: 15px;' src='https:\/\/ftp3.syscom.mx\/usuarios\/fotos\/BancoFotografiasSyscom\/EPCOMPOWERLINE\/PG12100\/PG12100-AD-2-p.PNG' alt=''> <\/p>\n<ul style='padding-left: 20px; margin: 0; font-size: 14px; list-style-type: disc; color: inherit;'>\n<li style='margin-bottom: 5px;'><strong>Tipo de Terminales : M8 Hembra ( Par de torsi\u00f3n 10-12 N.m )<\/strong><\/li>\n<li style='margin-bottom: 5px;'>Positivo: di\u00f3xido de plomo.<\/li>\n<li style='margin-bottom: 5px;'>Negativo: plomo.<\/li>\n<li style='margin-bottom: 5px;'>Electrolito: gel de \u00e1cido sulf\u00farico tixotr\u00f3pico.<\/li>\n<li style='margin-bottom: 5px;'>V\u00e1lvula de seguridad: EDPR.<\/li>\n<li style='margin-bottom: 5px;'>Terminal: Cobre.<\/li>\n<li style='margin-bottom: 5px;'>Estandar de calidad : IEC 60896-21\/22 \/ UL 1989 \/ JIS C8704 \/ GB \/T19639.<\/li>\n<li style='margin-bottom: 5px;'>Material: pl\u00e1stico ABS (UL94-HB).<\/li>\n<li style='margin-bottom: 5px;'>Gris.<\/li>\n<li style='margin-bottom: 5px;'>Temperatura de funcionamiento: 25 \u00b0C.<\/li>\n<li style='margin-bottom: 5px;'>Dimensiones (largo x ancho x alto): 399 x 210 x 812 mm.<\/li>\n<li style='margin-bottom: 5px;'><strong>Peso:148 Kgs.<\/strong><\/li>\n<\/ul><\/div>\n<\/p><\/div>\n<div style='flex: 1 1 250px; border: 1px solid rgba(150&comma; 150&comma; 150&comma; 0.4); border-radius: 8px; overflow: hidden; display: flex; flex-direction: column;'>\n<div style='padding: 15px; border-bottom: 1px solid rgba(150&comma; 150&comma; 150&comma; 0.2); font-weight: bold; font-size: 18px; color: inherit;'>Productos relacionados<\/div>\n<div style='padding: 15px; color: inherit;'> <img style='width: 100%; height: auto; border: 1px solid rgba(150&comma;150&comma;150&comma;0.3); border-radius: 8px; margin-bottom: 15px;' src='https:\/\/ftp3.syscom.mx\/usuarios\/fotos\/BancoFotografiasSyscom\/EPCOMPOWERLINE\/PG22000\/PG22000-l.PNG' alt=''> <\/p>\n<ul style='padding-left: 20px; margin: 0; font-size: 14px; list-style-type: disc; color: inherit;'>\n<li style='margin-bottom: 5px;'><span style='color: #3598db;'><strong>PG-12-100<\/strong><\/span><\/li>\n<li style='margin-bottom: 5px;'><span style='color: #3598db;'><strong>PG-12-200<\/strong><\/span><\/li>\n<li style='margin-bottom: 5px;'><span style='color: #3598db;'><strong>PG-2-2000<\/strong><\/span><\/li>\n<\/ul><\/div>\n<\/p><\/div>\n<\/p><\/div>\n<div style='display: flex; flex-wrap: wrap; gap: 20px; margin-bottom: 30px;'>\n<div style='flex: 1 1 100%; border: 1px solid rgba(150&comma; 150&comma; 150&comma; 0.4); border-radius: 8px; overflow: hidden; display: flex; flex-direction: column;'>\n<div style='padding: 15px; border-bottom: 1px solid rgba(150&comma; 150&comma; 150&comma; 0.2); font-weight: bold; font-size: 18px; color: inherit;'>COMPOSICI\u00d3N INTERNA<\/div>\n<div style='padding: 15px; color: inherit;'> <img style='width: 100%; height: auto; border: 1px solid rgba(150&comma;150&comma;150&comma;0.3); border-radius: 8px; margin-bottom: 15px;' src='https:\/\/ftp3.syscom.mx\/usuarios\/fotos\/PG12200\/222188-bat1.jpg' alt=''> <img style='width: 100%; height: auto; border: 1px solid rgba(150&comma;150&comma;150&comma;0.3); border-radius: 8px; margin-bottom: 15px;' src='https:\/\/ftp3.syscom.mx\/usuarios\/fotos\/PG12200\/222188-bat2.jpg' alt=''> <img style='width: 100%; height: auto; border: 1px solid rgba(150&comma;150&comma;150&comma;0.3); border-radius: 8px; margin-bottom: 15px;' src='https:\/\/ftp3.syscom.mx\/usuarios\/fotos\/PG12200\/222188-bat3.jpg' alt=''> <\/div>\n<\/p><\/div>\n<\/p><\/div>\n<div style='display: flex; flex-wrap: wrap; gap: 20px; margin-bottom: 30px;'>\n<div style='flex: 1 1 100%;'>\n<div style='position: relative; padding-bottom: 56.25%; height: 0; overflow: hidden; margin-bottom: 30px;'>   <\/div>\n<\/p><\/div>\n<\/p><\/div>\n<div style='display: flex; flex-wrap: wrap; gap: 20px; margin-bottom: 30px;'>\n<div style='flex: 1 1 48%;'>\n<div style='position: relative; padding-bottom: 56.25%; height: 0; overflow: hidden; margin-bottom: 30px;'>   <\/div>\n<\/p><\/div>\n<div style='flex: 1 1 48%;'>\n<div style='position: relative; padding-bottom: 56.25%; height: 0; overflow: hidden; margin-bottom: 30px;'>   <\/div>\n<\/p><\/div>\n<\/p><\/div>\n<div style='display: flex; flex-wrap: wrap; gap: 20px; margin-bottom: 30px;'>\n<div style='flex: 1 1 100%;'> <img style='width: 100%; height: auto; border: 1px solid rgba(150&comma;150&comma;150&comma;0.3); border-radius: 8px; margin-bottom: 15px;' src='https:\/\/ftp3.syscom.mx\/usuarios\/ftp\/single_page\/linkedpro\/BatLinkeEpcom-1.jpg' alt=''> <img style='width: 100%; height: auto; border: 1px solid rgba(150&comma;150&comma;150&comma;0.3); border-radius: 8px; margin-bottom: 15px;' src='https:\/\/ftp3.syscom.mx\/usuarios\/ftp\/single_page\/linkedpro\/BatLinkeEpcom-2.jpg' alt=''> <img style='width: 100%; height: auto; border: 1px solid rgba(150&comma;150&comma;150&comma;0.3); border-radius: 8px; margin-bottom: 15px;' src='https:\/\/ftp3.syscom.mx\/usuarios\/ftp\/single_page\/linkedpro\/BatLinkeEpcom-3.jpg' alt=''> <img style='width: 100%; height: auto; border: 1px solid rgba(150&comma;150&comma;150&comma;0.3); border-radius: 8px; margin-bottom: 15px;' src='https:\/\/ftp3.syscom.mx\/usuarios\/ftp\/single_page\/linkedpro\/BatLinkeEpcom-4.jpg' alt=''> <img style='width: 100%; height: auto; border: 1px solid rgba(150&comma;150&comma;150&comma;0.3); border-radius: 8px; margin-bottom: 15px;' src='https:\/\/ftp3.syscom.mx\/usuarios\/ftp\/single_page\/linkedpro\/BatLinkeEpcom-5.jpg' alt=''> <\/div>\n<\/p><\/div>\n<hr style='border: 0; border-top: 1px solid rgba(150&comma; 150&comma; 150&comma; 0.3); margin: 30px 0;'> <\/div>\n","protected":false},"excerpt":{"rendered":"<p>Bater\u00eda de GEL PURO OPzV \/ 2 V @ 2,000 Ah \/ Ciclo profundo \/Uso en Aplicaciones Fotovoltaicas y de Respald<\/p>\n","protected":false},"featured_media":98905,"comment_status":"open","ping_status":"closed","template":"","meta":[],"product_brand":[],"product_cat":[1160],"product_tag":[143,142,454],"class_list":{"0":"post-98906","1":"product","2":"type-product","3":"status-publish","4":"has-post-thumbnail","6":"product_cat-baterias-energia-videovigilancia","7":"product_tag-baterias","8":"product_tag-energia","9":"product_tag-epcom-powerline","11":"first","12":"instock","13":"sale","14":"shipping-taxable","15":"purchasable","16":"product-type-simple"},"_links":{"self":[{"href":"https:\/\/soydeaqui.ddns.net\/pachuca\/index.php\/wp-json\/wp\/v2\/product\/98906","targetHints":{"allow":["GET"]}}],"collection":[{"href":"https:\/\/soydeaqui.ddns.net\/pachuca\/index.php\/wp-json\/wp\/v2\/product"}],"about":[{"href":"https:\/\/soydeaqui.ddns.net\/pachuca\/index.php\/wp-json\/wp\/v2\/types\/product"}],"replies":[{"embeddable":true,"href":"https:\/\/soydeaqui.ddns.net\/pachuca\/index.php\/wp-json\/wp\/v2\/comments?post=98906"}],"wp:featuredmedia":[{"embeddable":true,"href":"https:\/\/soydeaqui.ddns.net\/pachuca\/index.php\/wp-json\/wp\/v2\/media\/98905"}],"wp:attachment":[{"href":"https:\/\/soydeaqui.ddns.net\/pachuca\/index.php\/wp-json\/wp\/v2\/media?parent=98906"}],"wp:term":[{"taxonomy":"product_brand","embeddable":true,"href":"https:\/\/soydeaqui.ddns.net\/pachuca\/index.php\/wp-json\/wp\/v2\/product_brand?post=98906"},{"taxonomy":"product_cat","embeddable":true,"href":"https:\/\/soydeaqui.ddns.net\/pachuca\/index.php\/wp-json\/wp\/v2\/product_cat?post=98906"},{"taxonomy":"product_tag","embeddable":true,"href":"https:\/\/soydeaqui.ddns.net\/pachuca\/index.php\/wp-json\/wp\/v2\/product_tag?post=98906"}],"curies":[{"name":"wp","href":"https:\/\/api.w.org\/{rel}","templated":true}]}}