{"id":98899,"date":"2026-03-20T10:02:30","date_gmt":"2026-03-20T10:02:30","guid":{"rendered":"https:\/\/soydeaqui.ddns.net\/pachuca\/index.php\/producto\/switch-conmutador-hdmi-4x1-4-entradas-1-salida-velocidad-de-trasmision-48-gbps-resolucion-8k-salida-de-audio-hdcp-2-3\/"},"modified":"2026-03-20T10:02:45","modified_gmt":"2026-03-20T10:02:45","slug":"switch-conmutador-hdmi-4x1-4-entradas-1-salida-velocidad-de-trasmision-48-gbps-resolucion-8k-salida-de-audio-hdcp-2-3","status":"publish","type":"product","link":"https:\/\/soydeaqui.ddns.net\/pachuca\/index.php\/producto\/switch-conmutador-hdmi-4x1-4-entradas-1-salida-velocidad-de-trasmision-48-gbps-resolucion-8k-salida-de-audio-hdcp-2-3\/","title":{"rendered":"Switch Conmutador  HDMI 4X1 | 4 Entradas 1 Salida | Velocidad de trasmisi\u00f3n 48 Gbps | Resoluci\u00f3n 8K | Salida de audio | HDCP 2.3"},"content":{"rendered":"<div style='width: 100%; max-width: 1200px; margin: 0 auto; font-family: sans-serif; line-height: 1.6; color: inherit; background-color: transparent;'> <!-- Imagen principal --> <\/p>\n<div style='width: 100%; margin-bottom: 20px;'> <img style='width: 100%; height: auto; border: 1px solid rgba(150&comma;150&comma;150&comma;0.3); border-radius: 8px;' src='https:\/\/ftp3.syscom.mx\/usuarios\/luis.vargas\/EpcomTitanium\/titaniumup.jpg' alt=''> <\/div>\n<p> <!-- Descripci\u00f3n --> <\/p>\n<div style='margin-bottom: 30px;'>\n<p style='text-align: center; margin: 10px 70px 50px 70px; font-size: 14px; color: inherit;'> Es un dispositivo que permite conectar hasta 4 fuentes de se\u00f1al HDMI a una pantalla&comma; como por ejemplo televisores o monitores. Este conmutador es capaz de admitir una resoluci\u00f3n m\u00e1xima de 8K@60Hz y tambi\u00e9n es compatible con resoluciones m\u00e1s bajas. El conmutador ofrece diferentes m\u00e9todos de control&comma; como un control remoto por infrarrojos y un interruptor RS-232. Estos m\u00e9todos permiten cambiar f\u00e1cilmente entre las 4 fuentes de se\u00f1al HDMI y seleccionar el contenido que se mostrar\u00e1 en la pantalla. Este producto se utiliza en diferentes aplicaciones&comma; como el monitoreo de seguridad&comma; el entretenimiento multimedia&comma; la radiodifusi\u00f3n y los centros de mando. <\/p>\n<\/p><\/div>\n<p> <!-- Secci\u00f3n de caracter\u00edsticas --> <\/p>\n<div style='display: flex; flex-wrap: wrap; gap: 20px; margin-bottom: 30px;'>\n<div style='flex: 1 1 300px; min-width: 280px;'>\n<h3 style='font-size: 22px; border-bottom: 2px solid currentColor; padding-bottom: 5px; margin-top: 0; color: inherit; opacity: 0.8;'>Caracter\u00edsticas<\/h3>\n<ul style='padding-left: 20px; font-size: 15px; color: inherit;'>\n<li style='margin-bottom: 5px;'><strong>HDMI:<\/strong> 2.1&comma; 2.0&comma; 1.4<\/li>\n<li style='margin-bottom: 5px;'><strong>HDCP:<\/strong> 2.3&comma; 2.2&comma; 1.4<\/li>\n<li style='margin-bottom: 5px;'><strong>Ancho de banda:<\/strong> 48Mbps<\/li>\n<li style='margin-bottom: 5px;'><strong>Resoluciones:<\/strong>7680&#215;4320@24\/25\/30\/50\/60Hz 4096&#215;2160@24\/25\/30\/50\/60\/100\/120Hz&comma; 3840&#215;2160@24\/25\/30\/50\/60\/100\/120Hz&comma; 3440&#215;1600@60Hz&comma; 3440&#215;1440@60Hz. 2560&#215;1600@60Hz.&comma; 2560&#215;1440@60\/100\/120Hz&comma; 2560&#215;1080@60Hz 2048&#215;1080@60Hz&comma;1920&#215;1440@60\/100\/120Hz&comma; 1080p@50\/60\/100\/120Hz&comma;1080i@50\/60Hz&comma;720p@50\/60Hz.<\/li>\n<li style='margin-bottom: 5px;'><strong>Formato de audio:<\/strong> No especificado<\/li>\n<\/ul><\/div>\n<div style='flex: 1 1 300px; min-width: 280px;'>\n<h3 style='font-size: 22px; border-bottom: 2px solid currentColor; padding-bottom: 5px; margin-top: 0; color: inherit; opacity: 0.8;'>Conexiones<\/h3>\n<ul style='padding-left: 20px; font-size: 15px; color: inherit;'>\n<li style='margin-bottom: 5px;'><strong>Entrada:<\/strong> HDMIx4 (TipoA&comma; 19 pin hembra)<\/li>\n<li style='margin-bottom: 5px;'><strong>Salida:<\/strong> HDMIx1 (TipoA&comma; 19 pin hembra)<\/li>\n<li style='margin-bottom: 5px;'><strong>Longitud de cable de Entrada:<\/strong> \u22643 m (8K)(est\u00e1ndares de cable AWG26 HDMI2.1)&comma; \u22645 m (4K) (est\u00e1ndares de cable AWG23 HDMI2.0)<\/li>\n<li style='margin-bottom: 5px;'><strong>Longitud de cable de Salida:<\/strong> \u22643 m (8K)(est\u00e1ndares de cable AWG26 HDMI2.1)&comma; \u22645 m (4K)(est\u00e1ndares de cable AWG23 HDMI2.0)<\/li>\n<li style='margin-bottom: 5px;'><strong>Modo:<\/strong> 1&#215;1 \/ 2&#215;1 \/ 3&#215;1 \/4&#215;1<\/li>\n<\/ul><\/div>\n<div style='flex: 1 1 300px; min-width: 280px;'>\n<h3 style='font-size: 22px; border-bottom: 2px solid currentColor; padding-bottom: 5px; margin-top: 0; color: inherit; opacity: 0.8;'>Especificaciones f\u00edsicas<\/h3>\n<ul style='padding-left: 20px; font-size: 15px; color: inherit;'>\n<li style='margin-bottom: 5px;'><strong>Dimensiones:<\/strong> 160(L)*58(W)*20.6(H)mm<\/li>\n<li style='margin-bottom: 5px;'><strong>Peso neto:<\/strong> 275g<\/li>\n<li style='margin-bottom: 5px;'><strong>Fuente de alimentaci\u00f3n:<\/strong> 5V\/1A<\/li>\n<li style='margin-bottom: 5px;'><strong>Consumo:<\/strong> 2W<\/li>\n<li style='margin-bottom: 5px;'><strong>Temperatura de operaci\u00f3n:<\/strong> 0-60\u00ba<\/li>\n<li style='margin-bottom: 5px;'><strong>Incluye:<\/strong><\/li>\n<ul style='padding-left: 40px; margin-top: 5px;'>\n<li style='margin-bottom: 5px;'>1x Fuente de 5V\/1A<\/li>\n<li style='margin-bottom: 5px;'>1x Manual de usuario<\/li>\n<li style='margin-bottom: 5px;'>1x control remoto<\/li>\n<\/ul>\n<\/ul><\/div>\n<\/p><\/div>\n<p> <!-- Imagen secundaria --> <\/p>\n<div style='width: 100%; margin-bottom: 30px;'> <img style='width: 100%; height: auto; border: 1px solid rgba(150&comma;150&comma;150&comma;0.3); border-radius: 8px;' src='https:\/\/ftp3.syscom.mx\/usuarios\/luis.vargas\/EpcomTitanium\/TT4018K\/TT401-8K.jpg' alt=''> <\/div>\n<p> <!-- PDF --> <\/p>\n<div style='width: 100%; margin-bottom: 30px;'>\n<div style='position: relative; padding-bottom: 56.25%; height: 0; overflow: hidden;'>   <\/div>\n<\/p><\/div>\n<\/p><\/div>\n","protected":false},"excerpt":{"rendered":"<p>Switch Conmutador  HDMI 4X1 | 4 Entradas 1 Salida | Velocidad de trasmisi\u00f3n 48 Gbps | Resoluci\u00f3n 8K | Salida de audio | HDCP 2.3<\/p>\n","protected":false},"featured_media":98898,"comment_status":"open","ping_status":"closed","template":"","meta":[],"product_brand":[],"product_cat":[2073,2074,2077,2075,2072,2076],"product_tag":[417,2079,2080,2083,507,2081,2078,2082],"class_list":{"0":"post-98899","1":"product","2":"type-product","3":"status-publish","4":"has-post-thumbnail","6":"product_cat-convertidores","7":"product_cat-divisores","8":"product_cat-dvi","9":"product_cat-hdmi","10":"product_cat-kits-extensores","11":"product_cat-vga","12":"product_tag-accesorios-generales","13":"product_tag-convertidores","14":"product_tag-divisores","15":"product_tag-dvi","16":"product_tag-epcom-titanium","17":"product_tag-hdmi","18":"product_tag-kits-extensores","19":"product_tag-vga","21":"first","22":"instock","23":"sale","24":"shipping-taxable","25":"purchasable","26":"product-type-simple"},"_links":{"self":[{"href":"https:\/\/soydeaqui.ddns.net\/pachuca\/index.php\/wp-json\/wp\/v2\/product\/98899","targetHints":{"allow":["GET"]}}],"collection":[{"href":"https:\/\/soydeaqui.ddns.net\/pachuca\/index.php\/wp-json\/wp\/v2\/product"}],"about":[{"href":"https:\/\/soydeaqui.ddns.net\/pachuca\/index.php\/wp-json\/wp\/v2\/types\/product"}],"replies":[{"embeddable":true,"href":"https:\/\/soydeaqui.ddns.net\/pachuca\/index.php\/wp-json\/wp\/v2\/comments?post=98899"}],"wp:featuredmedia":[{"embeddable":true,"href":"https:\/\/soydeaqui.ddns.net\/pachuca\/index.php\/wp-json\/wp\/v2\/media\/98898"}],"wp:attachment":[{"href":"https:\/\/soydeaqui.ddns.net\/pachuca\/index.php\/wp-json\/wp\/v2\/media?parent=98899"}],"wp:term":[{"taxonomy":"product_brand","embeddable":true,"href":"https:\/\/soydeaqui.ddns.net\/pachuca\/index.php\/wp-json\/wp\/v2\/product_brand?post=98899"},{"taxonomy":"product_cat","embeddable":true,"href":"https:\/\/soydeaqui.ddns.net\/pachuca\/index.php\/wp-json\/wp\/v2\/product_cat?post=98899"},{"taxonomy":"product_tag","embeddable":true,"href":"https:\/\/soydeaqui.ddns.net\/pachuca\/index.php\/wp-json\/wp\/v2\/product_tag?post=98899"}],"curies":[{"name":"wp","href":"https:\/\/api.w.org\/{rel}","templated":true}]}}