{"id":98893,"date":"2026-03-20T10:02:15","date_gmt":"2026-03-20T10:02:15","guid":{"rendered":"https:\/\/soydeaqui.ddns.net\/pachuca\/index.php\/producto\/kit-videoportero-ip-carcasa-protectora-2-megapixel-poe-estandar-ip65-apertura-desde-hik-connect-soporta-1-departamento-y-hasta-6-monitores-soporta-tarjetas-mifare-1-salida-relay\/"},"modified":"2026-03-20T10:02:16","modified_gmt":"2026-03-20T10:02:16","slug":"kit-videoportero-ip-carcasa-protectora-2-megapixel-poe-estandar-ip65-apertura-desde-hik-connect-soporta-1-departamento-y-hasta-6-monitores-soporta-tarjetas-mifare-1-salida-relay","status":"publish","type":"product","link":"https:\/\/soydeaqui.ddns.net\/pachuca\/index.php\/producto\/kit-videoportero-ip-carcasa-protectora-2-megapixel-poe-estandar-ip65-apertura-desde-hik-connect-soporta-1-departamento-y-hasta-6-monitores-soporta-tarjetas-mifare-1-salida-relay\/","title":{"rendered":"Kit Videoportero IP + Carcasa protectora 2 Megapixel  \/ PoE Estandar \/ IP65  \/ Apertura desde Hik-connect \/ Soporta 1 Departamento y Hasta 6 Monitores \/ Soporta Tarjetas Mifare \/ 1 Salida Relay"},"content":{"rendered":"<div style='width: 100%; max-width: 1200px; margin: 0 auto; font-family: sans-serif; line-height: 1.6; color: inherit; background-color: transparent;'> <!-- Header con imagen --> <\/p>\n<div style='width: 100%; text-align: center; margin-bottom: 30px;'> <a href='http:\/\/soporte.syscom.mx\/control-de-acceso#hikvision' target='_blank' rel='noopener' style='display: inline-block;'> <img style='width: 100%; height: auto; border: 1px solid rgba(150&comma;150&comma;150&comma;0.3); border-radius: 8px;' src='https:\/\/ftp3.syscom.mx\/usuarios\/nicolas.jimenez\/NUEVOS-VIDEOPORTEROS-2%20%282%29.jpg' alt='Videoportero Hikvision'> <\/a> <\/div>\n<p> <!-- Videos Section --> <\/p>\n<div style='display: flex; flex-wrap: wrap; gap: 20px; margin-bottom: 30px;'>\n<div style='flex: 1 1 300px; min-width: 280px; position: relative; padding-bottom: 56.25%; height: 0; overflow: hidden;'>   <\/div>\n<div style='flex: 1 1 300px; min-width: 280px; position: relative; padding-bottom: 56.25%; height: 0; overflow: hidden;'>   <\/div>\n<div style='flex: 1 1 300px; min-width: 280px; position: relative; padding-bottom: 56.25%; height: 0; overflow: hidden;'>   <\/div>\n<\/p><\/div>\n<p> <!-- Caracter\u00edsticas en 3 columnas --> <\/p>\n<div style='display: flex; flex-wrap: wrap; gap: 20px; margin-bottom: 30px;'> <!-- Columna 1 --> <\/p>\n<div style='flex: 1 1 250px; min-width: 280px;'>\n<div style='border: 1px solid rgba(150&comma; 150&comma; 150&comma; 0.4); border-radius: 8px; overflow: hidden; display: flex; flex-direction: column;'>\n<div style='padding: 15px; border-bottom: 1px solid rgba(150&comma; 150&comma; 150&comma; 0.2); font-weight: bold; font-size: 18px; color: inherit; background-color: rgba(255&comma; 0&comma; 0&comma; 0.8); color: white;'>Caracter\u00edsticas:<\/div>\n<div style='padding: 15px; color: inherit;'>\n<ul style='padding-left: 20px; margin: 0; font-size: 14px; list-style-type: disc;'>\n<li style='margin-bottom: 5px;'>Videoportero IP para 1 departamento incluye carcasa protectora montaje superficial<\/li>\n<li style='margin-bottom: 5px;'>Apertura remota desde Hik-Connect (P2P)<\/li>\n<li style='margin-bottom: 5px;'>C\u00e1mara de 1080p con IR 3m&comma; H.264&comma; \u00c1ngulo 129\u00b0<\/li>\n<li style='margin-bottom: 5px;'>Micr\u00f3fono y Altavoz integrados para comunicaci\u00f3n bidireccional<\/li>\n<li style='margin-bottom: 5px;'>WDR para im\u00e1genes de alta calidad en diferentes condiciones de iluminaci\u00f3n<\/li>\n<li style='margin-bottom: 5px;'>Soporta 128 Tarjetas MiFare (13.56MHz)<\/li>\n<li style='margin-bottom: 5px;'><strong>Tarjetas recomendadas:<\/strong>\n<ul style='margin-top: 5px; padding-left: 20px; list-style-type: disc;'>\n<li style='margin-bottom: 3px;'>ACCESSCARM1K<\/li>\n<li style='margin-bottom: 3px;'>ACCESSCARDM4K<\/li>\n<li style='margin-bottom: 3px;'>ACCESKFBM1K<\/li>\n<li style='margin-bottom: 3px;'>ACCESSWB65M1K<\/li>\n<li style='margin-bottom: 3px;'>ACCESSWB74M1K<\/li>\n<\/ul>\n<\/li>\n<li style='margin-bottom: 5px;'>Salida Relay x1<\/li>\n<li style='margin-bottom: 5px;'>Entrada de alarma: 4in<\/li>\n<\/ul><\/div>\n<\/p><\/div>\n<\/p><\/div>\n<p> <!-- Columna 2 --> <\/p>\n<div style='flex: 1 1 250px; min-width: 280px;'>\n<div style='border: 1px solid rgba(150&comma; 150&comma; 150&comma; 0.4); border-radius: 8px; overflow: hidden; display: flex; flex-direction: column;'>\n<div style='padding: 15px; border-bottom: 1px solid rgba(150&comma; 150&comma; 150&comma; 0.2); font-weight: bold; font-size: 18px; color: inherit; background-color: rgba(255&comma; 0&comma; 0&comma; 0.8); color: white;'>Caracter\u00edsticas F\u00edsicas y El\u00e9ctricas:<\/div>\n<div style='padding: 15px; color: inherit;'>\n<ul style='padding-left: 20px; margin: 0; font-size: 14px; list-style-type: disc;'>\n<li style='margin-bottom: 5px;'>Voltaje de operaci\u00f3n: 12 Vcc&comma; PoE Est\u00e1ndar IEEE802.3af &#8211; (Fuente no incluida)<\/li>\n<li style='margin-bottom: 5px;'>Consumo: 10W<\/li>\n<li style='margin-bottom: 5px;'>Nivel de protecci\u00f3n: IP65 (Exterior Protegido)<\/li>\n<li style='margin-bottom: 5px;'>Temperatura de operaci\u00f3n: -40 \u00b0C a +53 \u00b0C (-40 \u00b0F a 127.4 \u00b0F)<\/li>\n<\/ul><\/div>\n<\/p><\/div>\n<\/p><\/div>\n<p> <!-- Columna 3 --> <\/p>\n<div style='flex: 1 1 250px; min-width: 280px;'>\n<div style='border: 1px solid rgba(150&comma; 150&comma; 150&comma; 0.4); border-radius: 8px; overflow: hidden; display: flex; flex-direction: column;'>\n<div style='padding: 15px; border-bottom: 1px solid rgba(150&comma; 150&comma; 150&comma; 0.2); font-weight: bold; font-size: 18px; color: inherit; background-color: rgba(255&comma; 0&comma; 0&comma; 0.8); color: white;'>Caracter\u00edsticas Destacadas y Accesorios:<\/div>\n<div style='padding: 15px; color: inherit;'>\n<ul style='padding-left: 20px; margin: 0; font-size: 14px; list-style-type: disc;'>\n<li style='margin-bottom: 5px;'>Puede funcionar sin monitores&comma; en caso de requerir monitores existen varios modelos compatibles:<\/li>\n<li style='margin-bottom: 5px;'><strong>Monitores compatibles<\/strong> (No combinables):\n<ul style='margin-top: 5px; padding-left: 20px; list-style-type: disc;'>\n<li style='margin-bottom: 3px;'><a href='https:\/\/www.syscom.mx\/producto\/DS-KH6320-LE1(B)-HIKVISION-211368.html' target='_blank' rel='noopener' style='color: inherit; text-decoration: underline;'>DS-KH6320-LE1(B)<\/a><\/li>\n<li style='margin-bottom: 3px;'><a href='https:\/\/www.syscom.mx\/principal\/searchcont?route=DS-KH6320-WTE1-HIKVISION-170761&#038;autodetect=DSKH6310' target='_blank' rel='noopener' style='color: inherit; text-decoration: underline;'>DS-KH6320-WTE1<\/a><\/li>\n<li style='margin-bottom: 3px;'><a href='https:\/\/www.syscom.mx\/principal\/searchcont?route=DS-KH8520-WTE1-HIKVISION-170927&#038;autodetect=DSKH' target='_blank' rel='noopener' style='color: inherit; text-decoration: underline;'>DS-KH8520-WTE1<\/a><\/li>\n<li style='margin-bottom: 3px;'><a href='https:\/\/www.syscom.mx\/principal\/searchcont?route=DS-KH9510-WTE1-HIKVISION-194544&#038;autodetect=dskh9' target='_blank' rel='noopener' style='color: inherit; text-decoration: underline;'>DS-KH9510-WTE1<\/a><\/li>\n<li style='margin-bottom: 3px;'><a href='https:\/\/www.syscom.mx\/principal\/searchcont?route=DS-KH9310-WTE1-HIKVISION-194536&#038;autodetect=dskh9' target='_blank' rel='noopener' style='color: inherit; text-decoration: underline;'>DS-KH9310-WTE1<\/a><\/li>\n<\/ul>\n<\/li>\n<li style='margin-bottom: 5px;'><strong>Carcasa protectora:<\/strong>\n<ul style='margin-top: 5px; padding-left: 20px; list-style-type: disc;'>\n<li style='margin-bottom: 3px;'><a href='https:\/\/www.syscom.mx\/producto\/DS-KABV6113-RS-HIKVISION-185572.html' target='_blank' rel='noopener' style='color: inherit; text-decoration: underline;'>DS-KABV6113-RS<\/a><\/li>\n<\/ul>\n<\/li>\n<li style='margin-bottom: 5px;'><strong>Switch PoE recomendados:<\/strong>\n<ul style='margin-top: 5px; padding-left: 20px; list-style-type: disc;'>\n<li style='margin-bottom: 3px;'><a href='https:\/\/www.syscom.mx\/producto\/DS-3E0505P-E-M-HIKVISION-200815.html' target='_blank' rel='noopener' style='color: inherit; text-decoration: underline;'>DS-3E0505P-E\/M<\/a><\/li>\n<li style='margin-bottom: 3px;'><a href='https:\/\/www.syscom.mx\/producto\/DS-3E0106HP-E-HIKVISION-169785.html' target='_blank' rel='noopener' style='color: inherit; text-decoration: underline;'>DS-3E0106HP-E<\/a><\/li>\n<li style='margin-bottom: 3px;'><a href='https:\/\/www.syscom.mx\/producto\/DS-3E0109P-E-M(B)-HIKVISION-183738.html' target='_blank' rel='noopener' style='color: inherit; text-decoration: underline;'>DS-3E0109P-E\/M(B)<\/a><\/li>\n<\/ul>\n<\/li>\n<li style='margin-bottom: 5px;'>Soporta hasta 6 monitores (1 principal + 5 extensiones)<\/li>\n<li style='margin-bottom: 5px;'>Soporta 9 frentes de calle (1 principal + 8 esclavos)<\/li>\n<li style='margin-bottom: 5px;'>Soporta interfaz web<\/li>\n<\/ul><\/div>\n<\/p><\/div>\n<\/p><\/div>\n<\/p><\/div>\n<p> <!-- Consideraciones --> <\/p>\n<div style='margin-bottom: 30px;'>\n<div style='border: 1px solid rgba(150&comma; 150&comma; 150&comma; 0.4); border-radius: 8px; overflow: hidden; display: flex; flex-direction: column;'>\n<div style='padding: 15px; border-bottom: 1px solid rgba(150&comma; 150&comma; 150&comma; 0.2); font-weight: bold; font-size: 18px; color: inherit; background-color: rgba(255&comma; 0&comma; 0&comma; 0.8); color: white;'>Consideraciones:<\/div>\n<div style='padding: 15px; color: inherit;'>\n<ul style='padding-left: 20px; margin: 0; font-size: 14px; list-style-type: disc;'>\n<li style='margin-bottom: 5px;'>\u00bfNecesita ayuda para configurar? <a href='https:\/\/soporte.syscom.mx\/es\/articles\/4882829-hikvision-configuracion-completa-de-un-frente-de-calle-dskv8113wme1-dskv6113wpe1-y-un-monitor-dskh6320wte1' target='_blank' rel='noopener' style='color: inherit; text-decoration: underline;'>Gu\u00eda b\u00e1sica aqu\u00ed<\/a><\/li>\n<li style='margin-bottom: 5px;'>Configuraciones avanzadas: <a href='https:\/\/soporte.syscom.mx\/es\/articles\/4296720-hikvision-videoporteros-configuraciones-de-videoporteros-3ra-generacion-con-interfaz-web' target='_blank' rel='noopener' style='color: inherit; text-decoration: underline;'>Ver tutorial completo<\/a><\/li>\n<li style='margin-bottom: 5px;'>Firmware NO compatible con modelos sin la letra (C)<\/li>\n<\/ul><\/div>\n<\/p><\/div>\n<\/p><\/div>\n<p> <!-- Soporte t\u00e9cnico --> <\/p>\n<div style='margin-bottom: 30px;'>\n<div style='border: 1px solid rgba(150&comma; 150&comma; 150&comma; 0.4); border-radius: 8px; overflow: hidden; display: flex; flex-direction: column;'>\n<div style='padding: 15px; border-bottom: 1px solid rgba(150&comma; 150&comma; 150&comma; 0.2); font-weight: bold; font-size: 18px; color: inherit; background-color: rgba(255&comma; 0&comma; 0&comma; 0.8); color: white;'>Soporte T\u00e9cnico:<\/div>\n<div style='padding: 15px; color: inherit;'>\n<ul style='padding-left: 20px; margin: 0; font-size: 14px; list-style-type: disc;'>\n<li style='margin-bottom: 5px;'>Si requiere soporte t\u00e9cnico de clic <a href='https:\/\/soporte.syscom.mx\/es\/articles\/10706576-hikvision-repositorio-configuracion-videoporteros' target='_blank' rel='noopener' style='color: inherit; text-decoration: underline;'>aqu\u00ed<\/a><\/li>\n<li style='margin-bottom: 5px;'><strong>No es WiFi<\/strong><\/li>\n<\/ul><\/div>\n<\/p><\/div>\n<\/p><\/div>\n<p> <!-- Separador --> <\/p>\n<hr style='border: 0; border-top: 1px solid rgba(150&comma; 150&comma; 150&comma; 0.3); margin: 30px 0;'> <!-- Imagen final --> <\/p>\n<div style='width: 100%; text-align: center; margin-bottom: 30px;'>\n<div style='font-size: 24px; margin-bottom: 15px; color: inherit; font-weight: bold; display: block; text-align: center;'>Ejemplo de conexi\u00f3n de una cerradura magnetica o electrica:<\/div>\n<div style='display: inline-block; max-width: 657px; width: 100%;'> <img style='width: 100%; height: auto; border: 1px solid rgba(150&comma;150&comma;150&comma;0.3); border-radius: 8px;' src='https:\/\/downloads.intercomcdn.com\/i\/o\/qdpt3rxn\/1406813573\/860175acb5f95be60252993d75b3\/image.png' alt='Diagrama t\u00e9cnico'> <\/div>\n<\/p><\/div>\n<\/p><\/div>\n","protected":false},"excerpt":{"rendered":"<p>Kit Videoportero IP + Carcasa protectora 2 Megapixel  \/ PoE Estandar \/ IP65  \/ Apertura desde Hik-connect \/ Soporta 1 Departamento y Hasta 6 Monitores \/ Soporta Tarjetas Mifare \/ 1 Salida Relay<\/p>\n","protected":false},"featured_media":98892,"comment_status":"open","ping_status":"closed","template":"","meta":[],"product_brand":[],"product_cat":[856],"product_tag":[54,557,857],"class_list":{"0":"post-98893","1":"product","2":"type-product","3":"status-publish","4":"has-post-thumbnail","6":"product_cat-videoporteros-ip","7":"product_tag-hikvision","8":"product_tag-videoporteros-e-interfonos","9":"product_tag-videoporteros-ip","11":"first","12":"instock","13":"sale","14":"shipping-taxable","15":"purchasable","16":"product-type-simple"},"_links":{"self":[{"href":"https:\/\/soydeaqui.ddns.net\/pachuca\/index.php\/wp-json\/wp\/v2\/product\/98893","targetHints":{"allow":["GET"]}}],"collection":[{"href":"https:\/\/soydeaqui.ddns.net\/pachuca\/index.php\/wp-json\/wp\/v2\/product"}],"about":[{"href":"https:\/\/soydeaqui.ddns.net\/pachuca\/index.php\/wp-json\/wp\/v2\/types\/product"}],"replies":[{"embeddable":true,"href":"https:\/\/soydeaqui.ddns.net\/pachuca\/index.php\/wp-json\/wp\/v2\/comments?post=98893"}],"wp:featuredmedia":[{"embeddable":true,"href":"https:\/\/soydeaqui.ddns.net\/pachuca\/index.php\/wp-json\/wp\/v2\/media\/98892"}],"wp:attachment":[{"href":"https:\/\/soydeaqui.ddns.net\/pachuca\/index.php\/wp-json\/wp\/v2\/media?parent=98893"}],"wp:term":[{"taxonomy":"product_brand","embeddable":true,"href":"https:\/\/soydeaqui.ddns.net\/pachuca\/index.php\/wp-json\/wp\/v2\/product_brand?post=98893"},{"taxonomy":"product_cat","embeddable":true,"href":"https:\/\/soydeaqui.ddns.net\/pachuca\/index.php\/wp-json\/wp\/v2\/product_cat?post=98893"},{"taxonomy":"product_tag","embeddable":true,"href":"https:\/\/soydeaqui.ddns.net\/pachuca\/index.php\/wp-json\/wp\/v2\/product_tag?post=98893"}],"curies":[{"name":"wp","href":"https:\/\/api.w.org\/{rel}","templated":true}]}}