{"id":98874,"date":"2026-03-20T10:01:20","date_gmt":"2026-03-20T10:01:20","guid":{"rendered":"https:\/\/soydeaqui.ddns.net\/pachuca\/index.php\/producto\/camara-movil-ip-5-megapixel-lente-8-mm-20-mts-ir-exterior-ip68-ik10-wdr-120-db-reconocimiento-de-placas-anpr\/"},"modified":"2026-03-20T10:01:27","modified_gmt":"2026-03-20T10:01:27","slug":"camara-movil-ip-5-megapixel-lente-8-mm-20-mts-ir-exterior-ip68-ik10-wdr-120-db-reconocimiento-de-placas-anpr","status":"publish","type":"product","link":"https:\/\/soydeaqui.ddns.net\/pachuca\/index.php\/producto\/camara-movil-ip-5-megapixel-lente-8-mm-20-mts-ir-exterior-ip68-ik10-wdr-120-db-reconocimiento-de-placas-anpr\/","title":{"rendered":"C\u00e1mara M\u00f3vil IP 5 Megapixel \/ Lente 8 mm \/ 20 mts IR \/ Exterior IP68 \/ IK10 \/ WDR 120 dB \/ Reconocimiento de Placas (ANPR)"},"content":{"rendered":"<div style='width: 100%; max-width: 1200px; margin: 0 auto; font-family: sans-serif; line-height: 1.6; color: inherit; background-color: transparent;'>\n<p style='text-align: center; margin: 0;'><img style='width: 100%; max-width: 540px; height: auto; border: 1px solid rgba(150&comma;150&comma;150&comma;0.3); border-radius: 8px;' src='https:\/\/ftp3.syscom.mx\/usuarios\/jsosa\/HIKVISION\/imagenes\/logo\/hikvision%20see%20far.png' alt='Logo Hikvision'><\/p>\n<div style='display: flex; flex-wrap: wrap; gap: 30px; margin: 30px 0;'>\n<div style='flex: 1 1 300px; min-width: 280px;'>\n<h3 style='font-size: 22px; border-bottom: 2px solid currentColor; padding-bottom: 5px; margin-top: 0; color: inherit; opacity: 0.8;'>Caracter\u00edsticas principales<\/h3>\n<ul style='padding-left: 20px; font-size: 15px; color: inherit;'>\n<li style='margin-bottom: 5px;'>Resoluci\u00f3n m\u00e1xima: 5 Megapixel (2560\u00d71920).<\/li>\n<li style='margin-bottom: 5px;'>Soporta ONVIF (PROFILE S&comma; PROFILE G) \/ ISAPI.<\/li>\n<li style='margin-bottom: 5px;'>Compresi\u00f3n: H.265+ \/ H.265 \/ H.264+ \/ H.264.<\/li>\n<li style='margin-bottom: 5px;'>Lente 2.8 mm (\u00e1ngulo de visi\u00f3n 105\u00b0).<\/li>\n<li style='margin-bottom: 5px;'>Distancia de IR (visi\u00f3n nocturna): 20 metros.<\/li>\n<li style='margin-bottom: 5px;'>WDR Real 120dB \/ BLC \/ 3D DNR \/ HLC.<\/li>\n<li style='margin-bottom: 5px;'>Reconocimiento de placas (ANPR).<\/li>\n<\/ul><\/div>\n<div style='flex: 1 1 300px; min-width: 280px;'>\n<h3 style='font-size: 22px; border-bottom: 2px solid currentColor; padding-bottom: 5px; margin-top: 0; color: inherit; opacity: 0.8;'>Caracter\u00edsticas F\u00edsicas y El\u00e9ctricas<\/h3>\n<ul style='padding-left: 20px; font-size: 15px; color: inherit;'>\n<li style='margin-bottom: 5px;'>Soporta memoria microSD&comma; m\u00e1ximo 256GB (no incluida).<\/li>\n<li style='margin-bottom: 5px;'>Protecci\u00f3n exterior IP68.<\/li>\n<li style='margin-bottom: 5px;'>Conector M12 4 pines.<\/li>\n<li style='margin-bottom: 5px;'>Temperatura de operaci\u00f3n: -30\u00b0C a 75\u00b0C.<\/li>\n<li style='margin-bottom: 5px;'>Alimentaci\u00f3n: 9-36 V y PoE (802.3af&comma; 36 V to 57 V).<\/li>\n<li style='margin-bottom: 5px;'>Dimensiones: 78.8 mm \u00d7 81.6 mm \u00d7 63.8 mm.<\/li>\n<li style='margin-bottom: 5px;'>Peso: 330 gramos<\/li>\n<\/ul>\n<h3 style='font-size: 22px; border-bottom: 2px solid currentColor; padding-bottom: 5px; margin-top: 20px; color: inherit; opacity: 0.8;'>Compatible con NVR`s m\u00f3viles<\/h3>\n<ul style='padding-left: 20px; font-size: 15px; color: inherit;'>\n<li style='margin-bottom: 5px;'><a href='https:\/\/www.syscom.mx\/producto\/AE-MN5043M12-HIKVISION-227407.html' style='color: inherit; text-decoration: underline;'>AE-MN5043(M12)<\/a><\/li>\n<\/ul><\/div>\n<\/p><\/div>\n<p> <img style='width: 100%; height: auto; border: 1px solid rgba(150&comma;150&comma;150&comma;0.3); border-radius: 8px; margin: 30px 0;' src='https:\/\/ftp3.syscom.mx\/usuarios\/jsosa\/HIKVISION\/imagenes\/banners\/solution%20complete.png' alt='Soluci\u00f3n completa Hikvision'> <\/div>\n","protected":false},"excerpt":{"rendered":"<p>C\u00e1mara M\u00f3vil IP 5 Megapixel \/ Lente 8 mm \/ 20 mts IR \/ Exterior IP68 \/ IK10 \/ WDR 120 dB \/ Reconocimiento de Placas (ANPR)<\/p>\n","protected":false},"featured_media":98873,"comment_status":"open","ping_status":"closed","template":"","meta":[],"product_brand":[],"product_cat":[1410],"product_tag":[211,54,1344],"class_list":{"0":"post-98874","1":"product","2":"type-product","3":"status-publish","4":"has-post-thumbnail","6":"product_cat-camaras-videograbadoras-moviles-y-portatiles","7":"product_tag-camaras","8":"product_tag-hikvision","9":"product_tag-videograbadoras-moviles-y-portatiles","11":"first","12":"outofstock","13":"sale","14":"shipping-taxable","15":"purchasable","16":"product-type-simple"},"_links":{"self":[{"href":"https:\/\/soydeaqui.ddns.net\/pachuca\/index.php\/wp-json\/wp\/v2\/product\/98874","targetHints":{"allow":["GET"]}}],"collection":[{"href":"https:\/\/soydeaqui.ddns.net\/pachuca\/index.php\/wp-json\/wp\/v2\/product"}],"about":[{"href":"https:\/\/soydeaqui.ddns.net\/pachuca\/index.php\/wp-json\/wp\/v2\/types\/product"}],"replies":[{"embeddable":true,"href":"https:\/\/soydeaqui.ddns.net\/pachuca\/index.php\/wp-json\/wp\/v2\/comments?post=98874"}],"wp:featuredmedia":[{"embeddable":true,"href":"https:\/\/soydeaqui.ddns.net\/pachuca\/index.php\/wp-json\/wp\/v2\/media\/98873"}],"wp:attachment":[{"href":"https:\/\/soydeaqui.ddns.net\/pachuca\/index.php\/wp-json\/wp\/v2\/media?parent=98874"}],"wp:term":[{"taxonomy":"product_brand","embeddable":true,"href":"https:\/\/soydeaqui.ddns.net\/pachuca\/index.php\/wp-json\/wp\/v2\/product_brand?post=98874"},{"taxonomy":"product_cat","embeddable":true,"href":"https:\/\/soydeaqui.ddns.net\/pachuca\/index.php\/wp-json\/wp\/v2\/product_cat?post=98874"},{"taxonomy":"product_tag","embeddable":true,"href":"https:\/\/soydeaqui.ddns.net\/pachuca\/index.php\/wp-json\/wp\/v2\/product_tag?post=98874"}],"curies":[{"name":"wp","href":"https:\/\/api.w.org\/{rel}","templated":true}]}}