{"id":98866,"date":"2026-03-20T10:00:58","date_gmt":"2026-03-20T10:00:58","guid":{"rendered":"https:\/\/soydeaqui.ddns.net\/pachuca\/index.php\/producto\/camara-movil-ip-2-megapixel-1080p-lente-2-mm-conteo-de-personas-entrada-y-salida-exterior-ip66-ik08-3-mts-ir-exir-poe-micro-sd\/"},"modified":"2026-03-20T10:00:59","modified_gmt":"2026-03-20T10:00:59","slug":"camara-movil-ip-2-megapixel-1080p-lente-2-mm-conteo-de-personas-entrada-y-salida-exterior-ip66-ik08-3-mts-ir-exir-poe-micro-sd","status":"publish","type":"product","link":"https:\/\/soydeaqui.ddns.net\/pachuca\/index.php\/producto\/camara-movil-ip-2-megapixel-1080p-lente-2-mm-conteo-de-personas-entrada-y-salida-exterior-ip66-ik08-3-mts-ir-exir-poe-micro-sd\/","title":{"rendered":"C\u00e1mara M\u00f3vil IP 2 Megapixel (1080p) \/ Lente 2 mm \/ Conteo de Personas (Entrada y Salida) \/ Exterior IP66 \/ IK08 \/ 3 mts IR EXIR \/ PoE \/ Micro SD"},"content":{"rendered":"<div style='width: 100%; max-width: 1200px; margin: 0 auto; font-family: sans-serif; line-height: 1.6; color: inherit; background-color: transparent;'>\n<p style='text-align: center; margin: 0; padding: 15px 0;'> <img style='width: 100%; max-width: 500px; height: auto; border: 1px solid rgba(150&comma;150&comma;150&comma;0.3); border-radius: 8px;' src='https:\/\/ftp3.syscom.mx\/usuarios\/jsosa\/HIKVISION\/imagenes\/logo\/hikvision%20see%20far.png' alt='Logo Hikvision'> <\/p>\n<div style='position: relative; padding-bottom: 56.25%; height: 0; overflow: hidden; margin: 30px 0;'>   <\/div>\n<div style='display: flex; flex-wrap: wrap; gap: 30px; margin-bottom: 30px;'>\n<div style='flex: 1 1 300px; min-width: 280px;'>\n<h3 style='font-size: 22px; border-bottom: 2px solid currentColor; padding-bottom: 5px; margin-top: 0; color: inherit; opacity: 0.8;'>Caracter\u00edsticas principales<\/h3>\n<ul style='padding-left: 20px; font-size: 15px; color: inherit;'>\n<li style='margin-bottom: 5px;'><strong>Resoluci\u00f3n m\u00e1xima:<\/strong> 2 Megapixel (1920 \u00d7 1080)<\/li>\n<li style='margin-bottom: 5px;'><strong>Soporta:<\/strong> ONVIF (PROFILE S&comma; PROFILE G) \/ ISAPI<\/li>\n<li style='margin-bottom: 5px;'><strong>Compresi\u00f3n:<\/strong> H.265+ \/ H.265 \/ H.264+ \/ H.264<\/li>\n<li style='margin-bottom: 5px;'><strong>Lente:<\/strong> 2.8 mm (\u00e1ngulo de visi\u00f3n 105\u00b0)<\/li>\n<li style='margin-bottom: 5px;'><strong>Distancia de IR:<\/strong> 10 metros<\/li>\n<li style='margin-bottom: 5px;'><strong>Mejoras de imagen:<\/strong> WDR Real 120dB \/ BLC \/ 3D DNR \/ HLC<\/li>\n<li style='margin-bottom: 5px;'><strong>Detecci\u00f3n:<\/strong> cruce de l\u00ednea&comma; intrusos&comma; entrada\/salida de regi\u00f3n&comma; equipaje desatendido&comma; objeto removido&comma; rostros&comma; cambio de escena&comma; desenfoque<\/li>\n<\/ul><\/div>\n<div style='flex: 1 1 300px; min-width: 280px;'>\n<h3 style='font-size: 22px; border-bottom: 2px solid currentColor; padding-bottom: 5px; margin-top: 0; color: inherit; opacity: 0.8;'>Caracter\u00edsticas F\u00edsicas y El\u00e9ctricas<\/h3>\n<ul style='padding-left: 20px; font-size: 15px; color: inherit;'>\n<li style='margin-bottom: 5px;'><strong>Memoria:<\/strong> microSD hasta 256GB (no incluida)<\/li>\n<li style='margin-bottom: 5px;'><strong>Protecci\u00f3n:<\/strong> Exterior IP66<\/li>\n<li style='margin-bottom: 5px;'><strong>Conector:<\/strong> RJ45<\/li>\n<li style='margin-bottom: 5px;'><strong>Temperatura de operaci\u00f3n:<\/strong> -30\u00b0C a 75\u00b0C<\/li>\n<li style='margin-bottom: 5px;'><strong>Alimentaci\u00f3n:<\/strong> 9-36 V y PoE (802.3af&comma; 36 V to 57 V)<\/li>\n<li style='margin-bottom: 5px;'><strong>Dimensiones:<\/strong> 78.8 mm \u00d7 81.6 mm \u00d7 63.8 mm<\/li>\n<li style='margin-bottom: 5px;'><strong>Peso:<\/strong> 330 gramos<\/li>\n<\/ul>\n<h3 style='font-size: 22px; border-bottom: 2px solid currentColor; padding-bottom: 5px; margin-top: 25px; margin-bottom: 15px; color: inherit; opacity: 0.8;'>Compatible con DVRs m\u00f3viles<\/h3>\n<ul style='padding-left: 20px; font-size: 15px; color: inherit;'>\n<li style='margin-bottom: 5px;'>AE-MN5043(RJ45)<\/li>\n<li style='margin-bottom: 5px;'>AE-MN5083(RJ45)<\/li>\n<\/ul><\/div>\n<\/p><\/div>\n<hr style='border: 0; border-top: 1px solid rgba(150&comma; 150&comma; 150&comma; 0.3); margin: 30px 0;'>\n<p style='text-align: center; margin: 0; padding: 15px 0;'> <img style='width: 100%; max-width: 800px; height: auto; border: 1px solid rgba(150&comma;150&comma;150&comma;0.3); border-radius: 8px;' src='https:\/\/ftp3.syscom.mx\/usuarios\/jsosa\/HIKVISION\/imagenes\/banners\/solution%20complete.png' alt='Soluci\u00f3n completa Hikvision'> <\/p>\n<\/p><\/div>\n","protected":false},"excerpt":{"rendered":"<p>C\u00e1mara M\u00f3vil IP 2 Megapixel (1080p) \/ Lente 2 mm \/ Conteo de Personas (Entrada y Salida) \/ Exterior IP66 \/ IK08 \/ 3 mts IR EXIR \/ PoE \/ Micro SD<\/p>\n","protected":false},"featured_media":98865,"comment_status":"open","ping_status":"closed","template":"","meta":[],"product_brand":[],"product_cat":[1410],"product_tag":[211,54,1344],"class_list":{"0":"post-98866","1":"product","2":"type-product","3":"status-publish","4":"has-post-thumbnail","6":"product_cat-camaras-videograbadoras-moviles-y-portatiles","7":"product_tag-camaras","8":"product_tag-hikvision","9":"product_tag-videograbadoras-moviles-y-portatiles","11":"first","12":"instock","13":"sale","14":"shipping-taxable","15":"purchasable","16":"product-type-simple"},"_links":{"self":[{"href":"https:\/\/soydeaqui.ddns.net\/pachuca\/index.php\/wp-json\/wp\/v2\/product\/98866","targetHints":{"allow":["GET"]}}],"collection":[{"href":"https:\/\/soydeaqui.ddns.net\/pachuca\/index.php\/wp-json\/wp\/v2\/product"}],"about":[{"href":"https:\/\/soydeaqui.ddns.net\/pachuca\/index.php\/wp-json\/wp\/v2\/types\/product"}],"replies":[{"embeddable":true,"href":"https:\/\/soydeaqui.ddns.net\/pachuca\/index.php\/wp-json\/wp\/v2\/comments?post=98866"}],"wp:featuredmedia":[{"embeddable":true,"href":"https:\/\/soydeaqui.ddns.net\/pachuca\/index.php\/wp-json\/wp\/v2\/media\/98865"}],"wp:attachment":[{"href":"https:\/\/soydeaqui.ddns.net\/pachuca\/index.php\/wp-json\/wp\/v2\/media?parent=98866"}],"wp:term":[{"taxonomy":"product_brand","embeddable":true,"href":"https:\/\/soydeaqui.ddns.net\/pachuca\/index.php\/wp-json\/wp\/v2\/product_brand?post=98866"},{"taxonomy":"product_cat","embeddable":true,"href":"https:\/\/soydeaqui.ddns.net\/pachuca\/index.php\/wp-json\/wp\/v2\/product_cat?post=98866"},{"taxonomy":"product_tag","embeddable":true,"href":"https:\/\/soydeaqui.ddns.net\/pachuca\/index.php\/wp-json\/wp\/v2\/product_tag?post=98866"}],"curies":[{"name":"wp","href":"https:\/\/api.w.org\/{rel}","templated":true}]}}