{"id":98857,"date":"2026-03-20T10:00:36","date_gmt":"2026-03-20T10:00:36","guid":{"rendered":"https:\/\/soydeaqui.ddns.net\/pachuca\/index.php\/producto\/bala-ip-4-megapixel-lente-mot-2-8-a-12-mm-anticorrosion-sus304-antiexplosion-atex-iecex-exterior-ip68-ik08-50-mts-ir-wdr-120-db-onvif-poe-micro-sd\/"},"modified":"2026-03-20T10:00:36","modified_gmt":"2026-03-20T10:00:36","slug":"bala-ip-4-megapixel-lente-mot-2-8-a-12-mm-anticorrosion-sus304-antiexplosion-atex-iecex-exterior-ip68-ik08-50-mts-ir-wdr-120-db-onvif-poe-micro-sd","status":"publish","type":"product","link":"https:\/\/soydeaqui.ddns.net\/pachuca\/index.php\/producto\/bala-ip-4-megapixel-lente-mot-2-8-a-12-mm-anticorrosion-sus304-antiexplosion-atex-iecex-exterior-ip68-ik08-50-mts-ir-wdr-120-db-onvif-poe-micro-sd\/","title":{"rendered":"Bala IP 4 Megapixel \/ Lente Mot. 2.8 a 12 mm \/ Anticorrosi\u00f3n (SUS304) \/ Antiexplosi\u00f3n (ATEX &#8211; IECEx) \/ Exterior IP68 \/ IK08 \/ 50 mts IR \/ WDR 120 dB \/ ONVIF \/ PoE \/ Micro SD"},"content":{"rendered":"<div style='width: 100%; max-width: 1200px; margin: 0 auto; font-family: sans-serif; line-height: 1.6; color: inherit; background-color: transparent;'>\n<p style='text-align: center; margin: 0;'><img style='width: 100%; max-width: 400px; height: auto; border: 1px solid rgba(150&comma;150&comma;150&comma;0.3); border-radius: 8px;' src='https:\/\/ftp3.syscom.mx\/usuarios\/jsosa\/HIKVISION\/imagenes\/logo\/hikvision%20see%20far.png' alt='Logo Hikvision'><\/p>\n<div style='display: flex; flex-wrap: wrap; gap: 30px; margin: 30px 0;'>\n<div style='flex: 1 1 300px; min-width: 280px;'>\n<h3 style='font-size: 22px; border-bottom: 2px solid currentColor; padding-bottom: 5px; margin-top: 0; color: inherit; opacity: 0.8;'>Caracter\u00edsticas principales<\/h3>\n<ul style='padding-left: 20px; font-size: 15px; color: inherit;'>\n<li style='margin-bottom: 5px;'>Resoluci\u00f3n m\u00e1xima: 4 Megapixel (2560 x 1440)<\/li>\n<li style='margin-bottom: 5px;'>Iluminaci\u00f3n m\u00ednima: 0.01Lux @(F1.2&comma;AGC ON) &comma;0 Lux con IR 0.028 Lux @(F2.0&comma;AGC ON)&comma; 0 Lux con IR<\/li>\n<li style='margin-bottom: 5px;'>Lente Mot 2.8 a 12mm<\/li>\n<li style='margin-bottom: 5px;'>50 metros de IR (visi\u00f3n nocturna)<\/li>\n<li style='margin-bottom: 5px;'>Soporta WDR real 120dB \/ 3D-DNR \/ Defog<\/li>\n<li style='margin-bottom: 5px;'>Soporta H.265+ \/ H.265 \/ H.264+ \/ H.264<\/li>\n<li style='margin-bottom: 5px;'>V\u00eddeo bit rate: 32 kbps a 16 Mbps<\/li>\n<\/ul><\/div>\n<div style='flex: 1 1 300px; min-width: 280px;'>\n<h3 style='font-size: 22px; border-bottom: 2px solid currentColor; padding-bottom: 5px; margin-top: 0; color: inherit; opacity: 0.8;'>Caracter\u00edsticas F\u00edsicas y El\u00e9ctricas<\/h3>\n<ul style='padding-left: 20px; font-size: 15px; color: inherit;'>\n<li style='margin-bottom: 5px;'>Temperatura de operaci\u00f3n: -30\u00b0C a 60\u00b0C&comma; Humedad 95%<\/li>\n<li style='margin-bottom: 5px;'>Alimentaci\u00f3n: 100 a 240 Vca \/ PoE (802.3af)<\/li>\n<li style='margin-bottom: 5px;'>Consumo m\u00e1ximo: 12 W<\/li>\n<li style='margin-bottom: 5px;'>Carcasa anti-corrosi\u00f3n: WF-2 \/ NEMA 4X \/ C5-M<\/li>\n<li style='margin-bottom: 5px;'>Protecci\u00f3n IP68<\/li>\n<li style='margin-bottom: 5px;'>Peso: 1.68 kg<\/li>\n<\/ul><\/div>\n<div style='flex: 1 1 300px; min-width: 280px;'>\n<h3 style='font-size: 22px; border-bottom: 2px solid currentColor; padding-bottom: 5px; margin-top: 0; color: inherit; opacity: 0.8;'>Caracter\u00edsticas Generales<\/h3>\n<ul style='padding-left: 20px; font-size: 15px; color: inherit;'>\n<li style='margin-bottom: 5px;'>Main Stream: 60Hz: 24fps (2560 \u00d7 1440&comma; 1920 \u00d7 1080&comma; 1280 \u00d7 720&comma; 528 \u00d7 384)<\/li>\n<li style='margin-bottom: 5px;'>Sub Stream: 60Hz: 24fps (704 \u00d7 480&comma; 640 \u00d7 480&comma; 352 \u00d7 240&comma; 320 \u00d7 240)<\/li>\n<li style='margin-bottom: 5px;'>Tercer Stream: 60Hz: 1fps (1920 \u00d7 1080&comma; 1280 \u00d7 960&comma; 1280 \u00d7 720&comma; 704 \u00d7 480&comma; 640 \u00d7 480&comma; 352 \u00d7 240&comma; 320 \u00d7240)<\/li>\n<\/ul>\n<h4 style='margin-top: 20px; margin-bottom: 10px; color: inherit; opacity: 0.8;'>Entradas y Salidas de Audio \/ Alarmas \/ Red<\/h4>\n<ul style='padding-left: 20px; font-size: 15px; color: inherit;'>\n<li style='margin-bottom: 5px;'>1 Puerto RJ45 (10 \/ 100 Mbps)<\/li>\n<li style='margin-bottom: 5px;'>1 Entrada de alarma<\/li>\n<li style='margin-bottom: 5px;'>1 Salida de alarma<\/li>\n<li style='margin-bottom: 5px;'>Soporta microSD de hasta 128GB&comma; no incluida<\/li>\n<li style='margin-bottom: 5px;'>Protocolos: TCP\/IP&comma; ICMP&comma; HTTP&comma; HTTPS&comma; FTP&comma; DHCP&comma; DNS&comma; DDNS&comma; RTP&comma; RTSP&comma; RTCP<\/li>\n<li style='margin-bottom: 5px;'>Soporta ONVIF (PROFILE S&comma; PROFILE G)&comma; PSIA&comma; CGI&comma; ISAPI<\/li>\n<\/ul><\/div>\n<\/p><\/div>\n<hr style='border: 0; border-top: 1px solid rgba(150&comma; 150&comma; 150&comma; 0.3); margin: 30px 0;'>\n<div style='margin: 30px 0;'>\n<h2 style='text-align: center; font-size: 20px; margin-bottom: 30px; color: inherit; opacity: 0.8;'>Recursos<\/h2>\n<div style='display: flex; flex-wrap: wrap; gap: 20px; justify-content: center;'>\n<div style='flex: 1 1 250px; max-width: 300px;'> <a href='https:\/\/www.hikvision.com\/es-la\/support\/download\/software\/ivms4200-series\/?q=serie%20ivms4200&#038;position=1' target='_blank' rel='noopener' style='text-decoration: none; color: inherit;'> <img style='width: 100%; height: auto; border: 1px solid rgba(150&comma;150&comma;150&comma;0.3); border-radius: 8px;' src='https:\/\/ftp3.syscom.mx\/usuarios\/gmagos\/HIK\/IP\/IPC\/Imagenes%20pagina\/Descargas%20IVMS4200.jpg' alt='IVMS4200 Software'> <\/a> <\/div>\n<div style='flex: 1 1 250px; max-width: 300px;'> <a href='https:\/\/appstore.hikvision.com\/' target='_blank' rel='noopener' style='text-decoration: none; color: inherit;'> <img style='width: 100%; height: auto; border: 1px solid rgba(150&comma;150&comma;150&comma;0.3); border-radius: 8px;' src='https:\/\/ftp3.syscom.mx\/usuarios\/gmagos\/HIK\/IP\/IPC\/Imagenes%20pagina\/Descargas%20de%20app.jpg' alt='App Store Hikvision'> <\/a> <\/div>\n<div style='flex: 1 1 250px; max-width: 300px;'> <a href='https:\/\/ftp3.syscom.mx\/usuarios\/fcarrillo\/Hikvision\/Specs\/Especificaciones%20Tecnicas%20%20DS-2XC6142FWD-IS%28C%29_V5.7.0_20211208.pdf' target='_blank' rel='noopener' style='text-decoration: none; color: inherit;'> <img style='width: 100%; height: auto; border: 1px solid rgba(150&comma;150&comma;150&comma;0.3); border-radius: 8px;' src='https:\/\/ftp3.syscom.mx\/usuarios\/gmagos\/HIK\/IP\/IPC\/Imagenes%20pagina\/Descarga%20de%20PDF.jpg' alt='Especificaciones T\u00e9cnicas PDF'> <\/a> <\/div>\n<\/p><\/div>\n<\/p><\/div>\n<hr style='border: 0; border-top: 1px solid rgba(150&comma; 150&comma; 150&comma; 0.3); margin: 30px 0;'>\n<p style='text-align: center; margin: 0;'><img style='width: 100%; max-width: 800px; height: auto; border: 1px solid rgba(150&comma;150&comma;150&comma;0.3); border-radius: 8px;' src='https:\/\/ftp3.syscom.mx\/usuarios\/jsosa\/HIKVISION\/imagenes\/banners\/solution%20complete.png' alt='Soluci\u00f3n Completa Hikvision'><\/p>\n<\/p><\/div>\n","protected":false},"excerpt":{"rendered":"<p>Bala IP 4 Megapixel \/ Lente Mot. 2.8 a 12 mm \/ Anticorrosi\u00f3n (SUS304) \/ Antiexplosi\u00f3n (ATEX &#8211; IECEx) \/ Exterior IP68 \/ IK08 \/ 50 mts IR \/ WDR 120 dB \/ ONVIF \/ PoE \/ Micro SD<\/p>\n","protected":false},"featured_media":98856,"comment_status":"open","ping_status":"closed","template":"","meta":[],"product_brand":[],"product_cat":[2289],"product_tag":[2290,122,54],"class_list":{"0":"post-98857","1":"product","2":"type-product","3":"status-publish","4":"has-post-thumbnail","6":"product_cat-ambientes-salinos-anticorrosion","7":"product_tag-ambientes-salinos-anticorrosion","8":"product_tag-camaras-ip-y-nvrs","9":"product_tag-hikvision","11":"first","12":"instock","13":"sale","14":"shipping-taxable","15":"purchasable","16":"product-type-simple"},"_links":{"self":[{"href":"https:\/\/soydeaqui.ddns.net\/pachuca\/index.php\/wp-json\/wp\/v2\/product\/98857","targetHints":{"allow":["GET"]}}],"collection":[{"href":"https:\/\/soydeaqui.ddns.net\/pachuca\/index.php\/wp-json\/wp\/v2\/product"}],"about":[{"href":"https:\/\/soydeaqui.ddns.net\/pachuca\/index.php\/wp-json\/wp\/v2\/types\/product"}],"replies":[{"embeddable":true,"href":"https:\/\/soydeaqui.ddns.net\/pachuca\/index.php\/wp-json\/wp\/v2\/comments?post=98857"}],"wp:featuredmedia":[{"embeddable":true,"href":"https:\/\/soydeaqui.ddns.net\/pachuca\/index.php\/wp-json\/wp\/v2\/media\/98856"}],"wp:attachment":[{"href":"https:\/\/soydeaqui.ddns.net\/pachuca\/index.php\/wp-json\/wp\/v2\/media?parent=98857"}],"wp:term":[{"taxonomy":"product_brand","embeddable":true,"href":"https:\/\/soydeaqui.ddns.net\/pachuca\/index.php\/wp-json\/wp\/v2\/product_brand?post=98857"},{"taxonomy":"product_cat","embeddable":true,"href":"https:\/\/soydeaqui.ddns.net\/pachuca\/index.php\/wp-json\/wp\/v2\/product_cat?post=98857"},{"taxonomy":"product_tag","embeddable":true,"href":"https:\/\/soydeaqui.ddns.net\/pachuca\/index.php\/wp-json\/wp\/v2\/product_tag?post=98857"}],"curies":[{"name":"wp","href":"https:\/\/api.w.org\/{rel}","templated":true}]}}