{"id":98855,"date":"2026-03-20T10:00:31","date_gmt":"2026-03-20T10:00:31","guid":{"rendered":"https:\/\/soydeaqui.ddns.net\/pachuca\/index.php\/producto\/altavoz-ip-tipo-trompeta-7-watts-poe-integracion-con-hik-central-professional-reproduccion-de-audio-via-red-ip67-salida-de-12-vcd-metal-compatible-con-hik-connect\/"},"modified":"2026-03-20T10:00:33","modified_gmt":"2026-03-20T10:00:33","slug":"altavoz-ip-tipo-trompeta-7-watts-poe-integracion-con-hik-central-professional-reproduccion-de-audio-via-red-ip67-salida-de-12-vcd-metal-compatible-con-hik-connect","status":"publish","type":"product","link":"https:\/\/soydeaqui.ddns.net\/pachuca\/index.php\/producto\/altavoz-ip-tipo-trompeta-7-watts-poe-integracion-con-hik-central-professional-reproduccion-de-audio-via-red-ip67-salida-de-12-vcd-metal-compatible-con-hik-connect\/","title":{"rendered":"Altavoz IP Tipo Trompeta | 7 Watts | PoE+ | Integraci\u00f3n con Hik-Central Professional | Reproducci\u00f3n de Audio v\u00eda Red | IP67 | Salida de 12 VCD | Metal | compatible con Hik-Connect"},"content":{"rendered":"<div style='width: 100%; max-width: 1200px; margin: 0 auto; font-family: sans-serif; line-height: 1.6; color: inherit; background-color: transparent;'> <!-- Imagen principal --> <\/p>\n<div style='width: 100%; margin-bottom: 20px;'> <img style='width: 80%; height: auto; margin-left: 10%; border: 1px solid rgba(150&comma;150&comma;150&comma;0.3); border-radius: 8px;' src='https:\/\/ftp3.syscom.mx\/usuarios\/luis.vargas\/HIKVISION\/Hikvision.png' alt='Imagen principal'> <\/div>\n<p> <!-- Separador --> <\/p>\n<div style='height: 2px; width: 100%; background: rgba(0&comma;0&comma;0&comma;0.1); box-shadow: 0 2px 8px rgba(0&comma;0&comma;0&comma;0.08); margin: 30px 0;'><\/div>\n<p> <!-- Video principal --> <\/p>\n<div style='position: relative; padding-bottom: 56.25%; height: 0; overflow: hidden; margin-bottom: 30px;'>   <\/div>\n<p> <!-- Secciones de caracter\u00edsticas --> <\/p>\n<div style='display: flex; flex-wrap: wrap; gap: 20px; margin-bottom: 30px;'> <!-- Caracter\u00edsticas Principales --> <\/p>\n<div style='flex: 1 1 300px; min-width: 280px;'>\n<div style='padding: 15px; border: 1px solid rgba(150&comma;150&comma;150&comma;0.4); border-radius: 8px;'>\n<div style='font-size: 18px; font-weight: bold; margin-bottom: 15px; border-bottom: 2px solid currentColor; padding-bottom: 5px; color: inherit;'>Caracter\u00edsticas Principales:<\/div>\n<ul style='padding-left: 20px; font-size: 14px; color: inherit; list-style-type: disc;'>\n<li style='margin-bottom: 8px;'>Transmisi\u00f3n de red: reproducci\u00f3n de mensajes de audio o transmisi\u00f3n de audio en tiempo real.<\/li>\n<li style='margin-bottom: 8px;'>Local storage: reproducci\u00f3n de mensajes pre-grabados (Built-in 4GB EMMC (1GB para almacenamiento de archivos de audio)).<\/li>\n<li style='margin-bottom: 8px;'>Tipo de archivos soportados MP3 y WAV<\/li>\n<li style='margin-bottom: 8px;'>Protocolo ISUP.<\/li>\n<li style='margin-bottom: 8px;'>Audio dos vias por SIP.<\/li>\n<\/ul><\/div>\n<\/p><\/div>\n<p> <!-- Caracter\u00edsticas F\u00edsicas y El\u00e9ctricas --> <\/p>\n<div style='flex: 1 1 300px; min-width: 280px;'>\n<div style='padding: 15px; border: 1px solid rgba(150&comma;150&comma;150&comma;0.4); border-radius: 8px;'>\n<div style='font-size: 18px; font-weight: bold; margin-bottom: 15px; border-bottom: 2px solid currentColor; padding-bottom: 5px; color: inherit;'>Caracter\u00edsticas F\u00edsicas y El\u00e9ctricas<\/div>\n<ul style='padding-left: 20px; font-size: 14px; color: inherit; list-style-type: disc;'>\n<li style='margin-bottom: 8px;'>Puerto de red: RJ45 (10 \/ 100 Mbps)<\/li>\n<li style='margin-bottom: 8px;'>1 entrada de alarma.<\/li>\n<li style='margin-bottom: 8px;'>Alimentaci\u00f3n: PoE IEEE 802.3at 16.4w(max).<\/li>\n<li style='margin-bottom: 8px;'>Dimensiones: 175 x 237 x 272 mm<\/li>\n<li style='margin-bottom: 8px;'>Peso: 2.1 Kg.<\/li>\n<li style='margin-bottom: 8px;'>Color blanco.<\/li>\n<li style='margin-bottom: 8px;'>Metal.<\/li>\n<\/ul><\/div>\n<\/p><\/div>\n<p> <!-- Caracter\u00edsticas Destacadas --> <\/p>\n<div style='flex: 1 1 300px; min-width: 280px;'>\n<div style='padding: 15px; border: 1px solid rgba(150&comma;150&comma;150&comma;0.4); border-radius: 8px;'>\n<div style='font-size: 18px; font-weight: bold; margin-bottom: 15px; border-bottom: 2px solid currentColor; padding-bottom: 5px; color: inherit;'>Caracter\u00edsticas Destacadas:<\/div>\n<ul style='padding-left: 20px; font-size: 14px; color: inherit; list-style-type: disc;'>\n<li style='margin-bottom: 8px;'>Reproducci\u00f3n de audio por medio de un enlace IP con audios previamente guardados.<\/li>\n<li style='margin-bottom: 8px;'>Acci\u00f3n de enlace Video &#038; Audio.<\/li>\n<li style='margin-bottom: 8px;'>M\u00faltiples modos de transmisi\u00f3n.<\/li>\n<li style='margin-bottom: 8px;'>Compatible con Hikcentral Professional.<\/li>\n<\/ul><\/div>\n<\/p><\/div>\n<\/p><\/div>\n<p> <!-- Secci\u00f3n de licencias --> <\/p>\n<div style='margin-bottom: 30px;'>\n<div style='padding: 15px; border: 1px solid rgba(150&comma;150&comma;150&comma;0.4); border-radius: 8px;'>\n<div style='font-size: 18px; font-weight: bold; margin-bottom: 15px; border-bottom: 2px solid currentColor; padding-bottom: 5px; color: inherit;'>Licencias necesarias para manejo de Speaker en Hikcentral Profesional<\/div>\n<ul style='padding-left: 20px; font-size: 14px; color: inherit; list-style-type: disc;'>\n<li style='margin-bottom: 8px;'>HCPVSSB\/0C: Habilita m\u00f3dulo base de video&comma; HikCentral-P-VSS-Base\/0CH<\/li>\n<li style='margin-bottom: 8px;'>HCPIPSPEAKER\/1U: Agregar 1 dispositivo&comma; HikCentral-P-IPSpeaker-1Unit.<\/li>\n<\/ul><\/div>\n<\/p><\/div>\n<p> <!-- Secci\u00f3n licencia Hik-connect Teams --> <\/p>\n<div style='margin-bottom: 30px;'>\n<div style='padding: 15px; border: 1px solid rgba(150&comma;150&comma;150&comma;0.4); border-radius: 8px;'>\n<div style='font-size: 18px; font-weight: bold; margin-bottom: 15px; border-bottom: 2px solid currentColor; padding-bottom: 5px; color: inherit;'>Licencia necesaria para Hik-connect Teams<\/div>\n<ul style='padding-left: 20px; font-size: 14px; color: inherit; list-style-type: disc;'>\n<li style='margin-bottom: 8px;'>HCT-AUDIO-1C-1A<\/li>\n<\/ul><\/div>\n<\/p><\/div>\n<p> <!-- T\u00edtulo de bocinas IP --> <\/p>\n<div style='text-align: center; margin: 40px 0 20px;'>\n<h2 style='font-size: 24px; margin: 0; color: inherit;'>BOCINAS IP HIKVSION<\/h2>\n<\/p><\/div>\n<p> <!-- Productos relacionados --> <\/p>\n<div style='display: flex; flex-wrap: wrap; gap: 20px; margin-bottom: 30px;'> <!-- Producto 1 --> <\/p>\n<div style='flex: 1 1 300px; min-width: 280px;'>\n<div style='text-align: center; margin-bottom: 15px;'> <a style='font-size: 24px; font-weight: bold; text-decoration: none; color: inherit;' href='https:\/\/www.syscom.mx\/principal\/searchcont?route=DS-QAZ1460G1-HIKVISION-222246&#038;autodetect=DSQAZ'>DS-QAZ1460G1<\/a> <\/div>\n<p> <img style='width: 100%; height: auto; border: 1px solid rgba(150&comma;150&comma;150&comma;0.3); border-radius: 8px;' src='https:\/\/ftp3.syscom.mx\/usuarios\/yalvarado\/hikvision\/ALTAVOZ\/TORRE.jpeg' alt='DS-QAZ1460G1'> <\/div>\n<p> <!-- Producto 2 --> <\/p>\n<div style='flex: 1 1 300px; min-width: 280px;'>\n<div style='text-align: center; margin-bottom: 15px;'> <a style='font-size: 24px; font-weight: bold; text-decoration: none; color: inherit;' href='https:\/\/www.syscom.mx\/principal\/searchcont?route=DS-QAZ1307G1T-E-HIKVISION-223067&#038;autodetect=DSQAZ'>DS-QAZ1307G1T-E<\/a> <\/div>\n<p> <img style='width: 100%; height: auto; border: 1px solid rgba(150&comma;150&comma;150&comma;0.3); border-radius: 8px;' src='https:\/\/ftp3.syscom.mx\/usuarios\/yalvarado\/hikvision\/ALTAVOZ\/TROMPETA.jpeg' alt='DS-QAZ1307G1T-E'> <\/div>\n<p> <!-- Producto 3 --> <\/p>\n<div style='flex: 1 1 300px; min-width: 280px;'>\n<div style='text-align: center; margin-bottom: 15px;'> <a style='font-size: 24px; font-weight: bold; text-decoration: none; color: inherit;' href='https:\/\/www.syscom.mx\/principal\/searchcont?route=DS-QAZ1203G1-BE-HIKVISION-225422&#038;autodetect=DSQAZ'>DS-QAZ1203G1-BE<\/a> <\/div>\n<p> <img style='width: 100%; height: auto; border: 1px solid rgba(150&comma;150&comma;150&comma;0.3); border-radius: 8px;' src='https:\/\/ftp3.syscom.mx\/usuarios\/yalvarado\/hikvision\/ALTAVOZ\/PLAFON.jpeg' alt='DS-QAZ1203G1-BE'> <\/div>\n<\/p><\/div>\n<p> <!-- Video secundario --> <\/p>\n<div style='position: relative; padding-bottom: 56.25%; height: 0; overflow: hidden; margin: 30px 0;'>   <\/div>\n<p> <!-- Nuevas Funciones --> <\/p>\n<div style='margin-bottom: 30px;'>\n<h2 style='font-size: 24px; text-align: center; margin-bottom: 20px; color: inherit;'>Nuevas Funciones<\/h2>\n<p> <!-- Imagen funci\u00f3n 1 --> <img style='width: 100%; height: auto; border: 1px solid rgba(150&comma;150&comma;150&comma;0.3); border-radius: 8px;' src='https:\/\/ftp3.syscom.mx\/usuarios\/yalvarado\/hikvision\/ALTAVOZ\/AUDIO.jpg' alt='Nuevas funciones'> <!-- Secci\u00f3n de audio inteligente con enlace de video --> <\/p>\n<div style='display: flex; flex-wrap: wrap; gap: 20px; margin-top: 30px;'>\n<div style='flex: 1 1 300px; min-width: 280px;'>\n<h3 style='font-size: 18px; margin-top: 0; color: inherit;'>Audio m\u00e1s inteligente con enlace de video<\/h3>\n<ul style='padding-left: 20px; font-size: 14px; color: inherit; list-style-type: disc;'>\n<li style='margin-bottom: 8px;'>El sistema de audio y video sincronizado mejora la seguridad y permite responder r\u00e1pidamente a las amenazas con una disuasi\u00f3n potente y oportuna.<\/li>\n<\/ul><\/div>\n<div style='flex: 1 1 300px; min-width: 280px;'> <img style='width: 100%; height: auto; border: 1px solid rgba(150&comma;150&comma;150&comma;0.3); border-radius: 8px;' src='https:\/\/ftp3.syscom.mx\/usuarios\/yalvarado\/hikvision\/ALTAVOZ\/network-speaker_Smarter-audio-with-video-linkage.jpg' alt='Audio inteligente con enlace de video'> <\/div>\n<\/p><\/div>\n<p> <!-- Secci\u00f3n de funcionamiento y gesti\u00f3n --> <\/p>\n<div style='display: flex; flex-wrap: wrap; gap: 20px; margin-top: 30px;'>\n<div style='flex: 1 1 300px; min-width: 280px;'> <img style='width: 100%; height: auto; border: 1px solid rgba(150&comma;150&comma;150&comma;0.3); border-radius: 8px;' src='https:\/\/ftp3.syscom.mx\/usuarios\/yalvarado\/hikvision\/ALTAVOZ\/Network-speaker_Easier-operation-management.jpg' alt='Funcionamiento y gesti\u00f3n m\u00e1s sencillos'> <\/div>\n<div style='flex: 1 1 300px; min-width: 280px;'>\n<h3 style='font-size: 18px; margin-top: 0; color: inherit;'>Funcionamiento y gesti\u00f3n m\u00e1s sencillos<\/h3>\n<ul style='padding-left: 20px; font-size: 14px; color: inherit; list-style-type: disc;'>\n<li style='margin-bottom: 8px;'>El sistema es compatible con la adici\u00f3n de dispositivos y la configuraci\u00f3n remota&comma; todo en uno a trav\u00e9s de Hikcentral Professional.<\/li>\n<\/ul><\/div>\n<\/p><\/div>\n<\/p><\/div>\n<p> <!-- Banner soluci\u00f3n completa --> <\/p>\n<div style='margin-bottom: 30px;'> <img style='width: 100%; height: auto; border: 1px solid rgba(150&comma;150&comma;150&comma;0.3); border-radius: 8px;' src='https:\/\/ftp3.syscom.mx\/usuarios\/jsosa\/HIKVISION\/imagenes\/banners\/solution%20complete.png' alt='Soluci\u00f3n completa'> <\/div>\n<\/p><\/div>\n","protected":false},"excerpt":{"rendered":"<p>Altavoz IP Tipo Trompeta | 7 Watts | PoE+ | Integraci\u00f3n con Hik-Central Professional | Reproducci\u00f3n de Audio v\u00eda Red | IP67 | Salida de 12 VCD | Metal | compatible con Hik-Connect<\/p>\n","protected":false},"featured_media":98854,"comment_status":"open","ping_status":"closed","template":"","meta":[],"product_brand":[],"product_cat":[2056],"product_tag":[122,2057,54],"class_list":{"0":"post-98855","1":"product","2":"type-product","3":"status-publish","4":"has-post-thumbnail","6":"product_cat-domo-eyeball-turret","7":"product_tag-camaras-ip-y-nvrs","8":"product_tag-domo-eyeball-turret","9":"product_tag-hikvision","11":"first","12":"outofstock","13":"sale","14":"shipping-taxable","15":"purchasable","16":"product-type-simple"},"_links":{"self":[{"href":"https:\/\/soydeaqui.ddns.net\/pachuca\/index.php\/wp-json\/wp\/v2\/product\/98855","targetHints":{"allow":["GET"]}}],"collection":[{"href":"https:\/\/soydeaqui.ddns.net\/pachuca\/index.php\/wp-json\/wp\/v2\/product"}],"about":[{"href":"https:\/\/soydeaqui.ddns.net\/pachuca\/index.php\/wp-json\/wp\/v2\/types\/product"}],"replies":[{"embeddable":true,"href":"https:\/\/soydeaqui.ddns.net\/pachuca\/index.php\/wp-json\/wp\/v2\/comments?post=98855"}],"wp:featuredmedia":[{"embeddable":true,"href":"https:\/\/soydeaqui.ddns.net\/pachuca\/index.php\/wp-json\/wp\/v2\/media\/98854"}],"wp:attachment":[{"href":"https:\/\/soydeaqui.ddns.net\/pachuca\/index.php\/wp-json\/wp\/v2\/media?parent=98855"}],"wp:term":[{"taxonomy":"product_brand","embeddable":true,"href":"https:\/\/soydeaqui.ddns.net\/pachuca\/index.php\/wp-json\/wp\/v2\/product_brand?post=98855"},{"taxonomy":"product_cat","embeddable":true,"href":"https:\/\/soydeaqui.ddns.net\/pachuca\/index.php\/wp-json\/wp\/v2\/product_cat?post=98855"},{"taxonomy":"product_tag","embeddable":true,"href":"https:\/\/soydeaqui.ddns.net\/pachuca\/index.php\/wp-json\/wp\/v2\/product_tag?post=98855"}],"curies":[{"name":"wp","href":"https:\/\/api.w.org\/{rel}","templated":true}]}}