{"id":98851,"date":"2026-03-20T10:00:22","date_gmt":"2026-03-20T10:00:22","guid":{"rendered":"https:\/\/soydeaqui.ddns.net\/pachuca\/index.php\/producto\/kit-de-camaras-wifi-incluye-8-piezas-cs-h3c-y-8-piezas-hs-tf-e1-32g-deteccion-de-movimiento\/"},"modified":"2026-03-20T10:00:24","modified_gmt":"2026-03-20T10:00:24","slug":"kit-de-camaras-wifi-incluye-8-piezas-cs-h3c-y-8-piezas-hs-tf-e1-32g-deteccion-de-movimiento","status":"publish","type":"product","link":"https:\/\/soydeaqui.ddns.net\/pachuca\/index.php\/producto\/kit-de-camaras-wifi-incluye-8-piezas-cs-h3c-y-8-piezas-hs-tf-e1-32g-deteccion-de-movimiento\/","title":{"rendered":"Kit de Camaras WiFi, Incluye 8 Piezas CS-H3C y 8 Piezas HS-TF-E1\/32G \/  Detecci\u00f3n de Movimiento"},"content":{"rendered":"<div style='width: 100%; max-width: 1200px; margin: 0 auto; font-family: sans-serif; line-height: 1.6; color: inherit; background-color: transparent;'>\n<div style='width: 100%; margin-bottom: 30px;'> <a href='#link' target='_blank' rel='noopener'> <img style='width: 100%; height: auto; border: 1px solid rgba(150&comma;150&comma;150&comma;0.3); border-radius: 8px;' src='https:\/\/ftp3.syscom.mx\/usuarios\/rcovarrubias\/EZVIZ\/Bannerspag\/SerieH.png' alt=''> <\/a> <\/div>\n<div style='display: flex; flex-wrap: wrap; gap: 30px; margin-bottom: 30px;'>\n<div style='flex: 1 1 300px; min-width: 280px;'>\n<div style='border-left: 5px solid #42BB1A; border-radius: 5px; padding: 15px; box-shadow: 2px 2px 10px rgba(0&comma;0&comma;0&comma;0.1); background-color: rgba(255&comma;255&comma;255&comma;0.05);'> <strong style='font-size: 18px; margin-bottom: 15px; display: block; color: inherit;'>Caracter\u00edsticas principales:<\/strong> <\/p>\n<p style='margin: 10px 0; color: inherit;'><strong>El kit incluye:<\/strong><\/p>\n<ul style='padding-left: 20px; font-size: 15px; color: inherit; list-style-type: disc;'>\n<li style='margin-bottom: 5px;'> <a href='https:\/\/www.syscom.mx\/producto\/CS-H3C-EZVIZ-215017.html' style='color: #42BB1A; text-decoration: none; font-weight: bold;'>CS-H3C<\/a> <\/li>\n<li style='margin-bottom: 5px;'> <a href='https:\/\/www.syscom.mx\/producto\/HS-TF-E1-32G-HIKSEMI-by-HIKVISION-218972.html' style='color: #42BB1A; text-decoration: none; font-weight: bold;'>HS-TF-E1\/32G<\/a> <\/li>\n<\/ul>\n<p style='margin: 15px 0 5px; color: #f44336;'><strong>Notas:<\/strong><\/p>\n<ul style='padding-left: 20px; font-size: 15px; color: #f44336; list-style-type: disc;'>\n<li style='margin-bottom: 5px;'>Configuraci\u00f3n \u00fanicamente mediante aplicaci\u00f3n EZVIZ<\/li>\n<\/ul><\/div>\n<\/p><\/div>\n<\/p><\/div>\n<div style='display: flex; flex-wrap: wrap; gap: 20px; margin-bottom: 30px;'>\n<div style='flex: 1 1 250px; border: 1px solid rgba(150&comma; 150&comma; 150&comma; 0.4); border-radius: 8px; overflow: hidden; display: flex; flex-direction: column;'>\n<div style='padding: 15px; border-bottom: 1px solid rgba(150&comma; 150&comma; 150&comma; 0.2); font-weight: bold; font-size: 18px; color: inherit;'>CS-H3C<\/div>\n<div style='padding: 15px; color: inherit;'> <img style='width: 100%; height: auto; border: 1px solid rgba(150&comma;150&comma;150&comma;0.3); border-radius: 8px;' src='https:\/\/ftp3.syscom.mx\/usuarios\/rcovarrubias\/EZVIZ\/Manual%20esp-ing\/CSH3C\/C3TN-2MP.png?ver=20220901' alt=''> <\/p>\n<div style='margin-top: 15px;'> <a style='background: #5a9fff; padding: 8px 15px; border-radius: 5px; color: white; text-decoration: none; display: inline-block;' href='https:\/\/www.syscom.mx\/producto\/CS-H3C-EZVIZ-215017.html'>Leer m\u00e1s<\/a> <\/div>\n<\/p><\/div>\n<\/p><\/div>\n<div style='flex: 1 1 250px; border: 1px solid rgba(150&comma; 150&comma; 150&comma; 0.4); border-radius: 8px; overflow: hidden; display: flex; flex-direction: column;'>\n<div style='padding: 15px; border-bottom: 1px solid rgba(150&comma; 150&comma; 150&comma; 0.2); font-weight: bold; font-size: 18px; color: inherit;'>HS-TF-E1\/32G<\/div>\n<div style='padding: 15px; color: inherit;'> <img style='width: 100%; height: auto; border: 1px solid rgba(150&comma;150&comma;150&comma;0.3); border-radius: 8px;' src='https:\/\/ftp3.syscom.mx\/usuarios\/rcovarrubias\/EZVIZ\/Manual%20esp-ing\/HIKSEMI%20NEO%20PLUS%20E1%2032GB.png?ver=20220901' alt=''> <\/p>\n<div style='margin-top: 15px;'> <a style='background: #5a9fff; padding: 8px 15px; border-radius: 5px; color: white; text-decoration: none; display: inline-block;' href='https:\/\/www.syscom.mx\/producto\/HS-TF-E1-32G-HIKSEMI-by-HIKVISION-218972.html'>Leer m\u00e1s<\/a> <\/div>\n<\/p><\/div>\n<\/p><\/div>\n<\/p><\/div>\n<div style='width: 100%; margin: 30px 0;'> <img style='width: 100%; height: auto; border: 1px solid rgba(150&comma;150&comma;150&comma;0.3); border-radius: 8px;' src='https:\/\/ftp3.syscom.mx\/usuarios\/rcovarrubias\/EZVIZ\/Banner%20COMPATIBLE-ALEXA-GOOGLE.jpg' alt=''> <\/div>\n<\/p><\/div>\n","protected":false},"excerpt":{"rendered":"<p>Kit de Camaras WiFi, Incluye 8 Piezas CS-H3C y 8 Piezas HS-TF-E1\/32G \/  Detecci\u00f3n de Movimiento<\/p>\n","protected":false},"featured_media":98850,"comment_status":"open","ping_status":"closed","template":"","meta":[],"product_brand":[],"product_cat":[2231],"product_tag":[111,2233,2232],"class_list":{"0":"post-98851","1":"product","2":"type-product","3":"status-publish","4":"has-post-thumbnail","6":"product_cat-ip-megapixel","7":"product_tag-ezviz","8":"product_tag-ip-megapixel","9":"product_tag-kits-sistemas-completos","11":"first","12":"outofstock","13":"sale","14":"shipping-taxable","15":"purchasable","16":"product-type-simple"},"_links":{"self":[{"href":"https:\/\/soydeaqui.ddns.net\/pachuca\/index.php\/wp-json\/wp\/v2\/product\/98851","targetHints":{"allow":["GET"]}}],"collection":[{"href":"https:\/\/soydeaqui.ddns.net\/pachuca\/index.php\/wp-json\/wp\/v2\/product"}],"about":[{"href":"https:\/\/soydeaqui.ddns.net\/pachuca\/index.php\/wp-json\/wp\/v2\/types\/product"}],"replies":[{"embeddable":true,"href":"https:\/\/soydeaqui.ddns.net\/pachuca\/index.php\/wp-json\/wp\/v2\/comments?post=98851"}],"wp:featuredmedia":[{"embeddable":true,"href":"https:\/\/soydeaqui.ddns.net\/pachuca\/index.php\/wp-json\/wp\/v2\/media\/98850"}],"wp:attachment":[{"href":"https:\/\/soydeaqui.ddns.net\/pachuca\/index.php\/wp-json\/wp\/v2\/media?parent=98851"}],"wp:term":[{"taxonomy":"product_brand","embeddable":true,"href":"https:\/\/soydeaqui.ddns.net\/pachuca\/index.php\/wp-json\/wp\/v2\/product_brand?post=98851"},{"taxonomy":"product_cat","embeddable":true,"href":"https:\/\/soydeaqui.ddns.net\/pachuca\/index.php\/wp-json\/wp\/v2\/product_cat?post=98851"},{"taxonomy":"product_tag","embeddable":true,"href":"https:\/\/soydeaqui.ddns.net\/pachuca\/index.php\/wp-json\/wp\/v2\/product_tag?post=98851"}],"curies":[{"name":"wp","href":"https:\/\/api.w.org\/{rel}","templated":true}]}}