{"id":98843,"date":"2026-03-20T10:00:00","date_gmt":"2026-03-20T10:00:00","guid":{"rendered":"https:\/\/soydeaqui.ddns.net\/pachuca\/index.php\/producto\/cable-de-audio-mono-6-35mm-1-4-macho-a-6-35mm-1-4-macho-10-metros-nucleo-de-cobre-blindaje-interno-nylon-trenzado-color-negro\/"},"modified":"2026-03-20T10:00:13","modified_gmt":"2026-03-20T10:00:13","slug":"cable-de-audio-mono-6-35mm-1-4-macho-a-6-35mm-1-4-macho-10-metros-nucleo-de-cobre-blindaje-interno-nylon-trenzado-color-negro","status":"publish","type":"product","link":"https:\/\/soydeaqui.ddns.net\/pachuca\/index.php\/producto\/cable-de-audio-mono-6-35mm-1-4-macho-a-6-35mm-1-4-macho-10-metros-nucleo-de-cobre-blindaje-interno-nylon-trenzado-color-negro\/","title":{"rendered":"Cable de Audio Mono 6.35mm (1\/4&#8243;) Macho a 6.35mm (1\/4&#8243;) Macho \/ 10 Metros \/ N\u00facleo de Cobre \/ Blindaje Interno \/ Nylon Trenzado \/ Color Negro"},"content":{"rendered":"<div style='width: 100%; max-width: 1200px; margin: 0 auto; font-family: sans-serif; line-height: 1.6; color: inherit; background-color: transparent;'>\n<div style='display: flex; flex-wrap: wrap; gap: 30px; margin-bottom: 30px;'>\n<div style='flex: 1 1 300px; min-width: 280px;'>\n<h3 style='font-size: 22px; border-bottom: 2px solid currentColor; padding-bottom: 5px; margin-top: 0; color: inherit; opacity: 0.8;'>Caracter\u00edsticas Principales<\/h3>\n<ul style='padding-left: 20px; font-size: 15px; color: inherit;'>\n<li style='margin-bottom: 5px;'>Baja resistencia al ruido<\/li>\n<li style='margin-bottom: 5px;'>Calidad de sonido \u00f3ptima<\/li>\n<li style='margin-bottom: 5px;'>Flexible y duradero<\/li>\n<\/ul><\/div>\n<div style='flex: 1 1 300px; min-width: 280px;'>\n<h3 style='font-size: 22px; border-bottom: 2px solid currentColor; padding-bottom: 5px; margin-top: 0; color: inherit; opacity: 0.8;'>Especificaciones T\u00e9cnicas<\/h3>\n<ul style='padding-left: 20px; font-size: 15px; color: inherit;'>\n<li style='margin-bottom: 5px;'><strong>Conector:<\/strong> Jack 6.35mm (1\/4&#8242;) Macho a Jack 6.35mm (1\/4&#8242;) Macho<\/li>\n<li style='margin-bottom: 5px;'><strong>Calibre:<\/strong> 6.35mm<\/li>\n<li style='margin-bottom: 5px;'><strong>Longitud:<\/strong> 10 Metros<\/li>\n<li style='margin-bottom: 5px;'><strong>Material del n\u00facleo:<\/strong> Cobre<\/li>\n<li style='margin-bottom: 5px;'><strong>Blindaje:<\/strong> Triple blindaje interno<\/li>\n<li style='margin-bottom: 5px;'><strong>Conectores:<\/strong> Chapados en oro de 24K<\/li>\n<li style='margin-bottom: 5px;'><strong>Revestimiento:<\/strong> Nylon trenzado<\/li>\n<li style='margin-bottom: 5px;'><strong>Color:<\/strong> Negro<\/li>\n<\/ul><\/div>\n<\/p><\/div>\n<div style='display: flex; flex-wrap: wrap; gap: 20px; margin-bottom: 30px;'>\n<div style='flex: 1 1 250px; border: 1px solid rgba(150&comma; 150&comma; 150&comma; 0.4); border-radius: 8px; overflow: hidden; display: flex; flex-direction: column;'>\n<div style='padding: 15px; border-bottom: 1px solid rgba(150&comma; 150&comma; 150&comma; 0.2); font-weight: bold; font-size: 18px; color: inherit;'>Aplicaciones<\/div>\n<div style='padding: 15px; color: inherit;'>\n<ul style='padding-left: 20px; margin: 0; font-size: 14px; list-style-type: disc;'>\n<li style='margin-bottom: 5px;'>Amplificador<\/li>\n<li style='margin-bottom: 5px;'>Bajo el\u00e9ctrico<\/li>\n<li style='margin-bottom: 5px;'>Sintetizadores<\/li>\n<li style='margin-bottom: 5px;'>Teclado de escritorio el\u00e9ctrico<\/li>\n<li style='margin-bottom: 5px;'>Guitarras ac\u00fasticas cl\u00e1sicas<\/li>\n<li style='margin-bottom: 5px;'>Altavoz<\/li>\n<li style='margin-bottom: 5px;'>Parche<\/li>\n<li style='margin-bottom: 5px;'>Piano<\/li>\n<li style='margin-bottom: 5px;'>Equipos de audio profesional<\/li>\n<\/ul><\/div>\n<\/p><\/div>\n<div style='flex: 1 1 250px; border: 1px solid rgba(150&comma; 150&comma; 150&comma; 0.4); border-radius: 8px; overflow: hidden; display: flex; flex-direction: column;'>\n<div style='padding: 15px; border-bottom: 1px solid rgba(150&comma; 150&comma; 150&comma; 0.2); font-weight: bold; font-size: 18px; color: inherit;'>Beneficios del Dise\u00f1o<\/div>\n<div style='padding: 15px; color: inherit;'>\n<ul style='padding-left: 20px; margin: 0; font-size: 14px; list-style-type: disc;'>\n<li style='margin-bottom: 5px;'>Triple blindaje para protecci\u00f3n contra interferencias<\/li>\n<li style='margin-bottom: 5px;'>Conductores de cobre de alta pureza para mejor calidad de sonido<\/li>\n<li style='margin-bottom: 5px;'>Conectores chapados en oro 24K resistentes al \u00f3xido<\/li>\n<li style='margin-bottom: 5px;'>Revestimiento de nylon trenzado para mayor durabilidad<\/li>\n<li style='margin-bottom: 5px;'>Dise\u00f1o flexible para f\u00e1cil manejo y conexi\u00f3n<\/li>\n<\/ul><\/div>\n<\/p><\/div>\n<div style='flex: 1 1 250px; border: 1px solid rgba(150&comma; 150&comma; 150&comma; 0.4); border-radius: 8px; overflow: hidden; display: flex; flex-direction: column;'>\n<div style='padding: 15px; border-bottom: 1px solid rgba(150&comma; 150&comma; 150&comma; 0.2); font-weight: bold; font-size: 18px; color: inherit;'>Caracter\u00edsticas de Audio<\/div>\n<div style='padding: 15px; color: inherit;'>\n<ul style='padding-left: 20px; margin: 0; font-size: 14px; list-style-type: disc;'>\n<li style='margin-bottom: 5px;'>Transmisi\u00f3n estable sin interferencias<\/li>\n<li style='margin-bottom: 5px;'>Sonido potente y claro<\/li>\n<li style='margin-bottom: 5px;'>Alta fidelidad y pureza en la se\u00f1al<\/li>\n<li style='margin-bottom: 5px;'>Respuesta de frecuencia extendida<\/li>\n<\/ul><\/div>\n<\/p><\/div>\n<\/p><\/div>\n<hr style='border: 0; border-top: 1px solid rgba(150&comma; 150&comma; 150&comma; 0.3); margin: 30px 0;'>\n<div style='display: flex; flex-direction: column; gap: 20px;'>\n<div style='border: 1px solid rgba(150&comma; 150&comma; 150&comma; 0.4); border-radius: 8px; overflow: hidden;'>\n<div style='padding: 15px; border-bottom: 1px solid rgba(150&comma; 150&comma; 150&comma; 0.2); font-weight: bold; font-size: 18px; color: inherit;'>Detalles del Dise\u00f1o<\/div>\n<div style='padding: 15px; color: inherit;'>\n<p style='margin-bottom: 15px;'>El cable mono de Jack 6.35 mm de UGREEN est\u00e1 dise\u00f1ado para transmitir el sonido de su guitarra o piano inal\u00e1mbrico al amplificador o altavoz&comma; llenando su hogar&comma; sala de conciertos&comma; teatro&comma; auditorio y garaje con un sonido potente y permiti\u00e9ndole disfrutar de m\u00fasica m\u00e1s fuerte y m\u00e1s clara en alta gama dispositivos de salida de audio.<\/p>\n<p style='margin-bottom: 15px;'>La cubierta de tela de nylon de alta calidad del cable Jack ofrece protecci\u00f3n adicional para evitar torceduras y garantizar una vida \u00fatil m\u00e1xima. El material trenzado ligero tambi\u00e9n tiene una mejor sensaci\u00f3n t\u00e1ctil.<\/p>\n<p style='margin-bottom: 15px;'>Los conectores chapados en oro de 24K son resistentes al \u00f3xido y m\u00e1s duraderos cuando miles de cables de audio est\u00e1n enchufados y desenchufados. Es la elecci\u00f3n perfecta para una transmisi\u00f3n de se\u00f1al \u00f3ptima y resistencia a la corrosi\u00f3n.<\/p>\n<\/p><\/div>\n<\/p><\/div>\n<div style='border: 1px solid rgba(150&comma; 150&comma; 150&comma; 0.4); border-radius: 8px; overflow: hidden;'>\n<div style='padding: 15px; border-bottom: 1px solid rgba(150&comma; 150&comma; 150&comma; 0.2); font-weight: bold; font-size: 18px; color: inherit;'>Recomendaciones de Uso<\/div>\n<div style='padding: 15px; color: inherit;'>\n<ul style='padding-left: 20px; margin: 0; font-size: 14px; list-style-type: disc;'>\n<li style='margin-bottom: 5px;'>Para \u00f3ptimo funcionamiento&comma; aseg\u00farese de conectar firmemente ambos extremos del cable<\/li>\n<li style='margin-bottom: 5px;'>Si hay problemas de sonido&comma; intente enchufar nuevamente el producto o limpiar el conector<\/li>\n<li style='margin-bottom: 5px;'>Evite doblar el cable en \u00e1ngulos muy agudos para prolongar su vida \u00fatil<\/li>\n<li style='margin-bottom: 5px;'>Guarde el cable enrollado de manera adecuada cuando no est\u00e9 en uso<\/li>\n<\/ul><\/div>\n<\/p><\/div>\n<\/p><\/div>\n<hr style='border: 0; border-top: 1px solid rgba(150&comma; 150&comma; 150&comma; 0.3); margin: 30px 0;'>\n<div style='display: flex; flex-wrap: wrap; gap: 30px;'>\n<div style='flex: 1 1 300px; min-width: 280px;'>\n<h3 style='font-size: 22px; border-bottom: 2px solid currentColor; padding-bottom: 5px; margin-top: 0; color: inherit; opacity: 0.8;'>Im\u00e1genes del Producto<\/h3>\n<div style='display: flex; flex-direction: column; gap: 15px;'> <img style='width: 100%; height: auto; border: 1px solid rgba(150&comma;150&comma;150&comma;0.3); border-radius: 8px;' src='http:\/\/ftp3.syscom.mx\/usuarios\/hallende\/UGREEN2\/Audio\/10640\/40815-10..jpg' alt=''> <img style='width: 100%; height: auto; border: 1px solid rgba(150&comma;150&comma;150&comma;0.3); border-radius: 8px;' src='http:\/\/ftp3.syscom.mx\/usuarios\/hallende\/UGREEN2\/Audio\/10640\/40815-11.jpg' alt=''> <img style='width: 100%; height: auto; border: 1px solid rgba(150&comma;150&comma;150&comma;0.3); border-radius: 8px;' src='http:\/\/ftp3.syscom.mx\/usuarios\/hallende\/UGREEN2\/Audio\/10640\/40815-12.jpg' alt=''> <\/div>\n<\/p><\/div>\n<div style='flex: 1 1 300px; min-width: 280px;'>\n<h3 style='font-size: 22px; border-bottom: 2px solid currentColor; padding-bottom: 5px; margin-top: 0; color: inherit; opacity: 0.8;'>Compatibilidad<\/h3>\n<p style='font-size: 15px; color: inherit; margin-bottom: 15px;'>El cable de audio del instrumento principal de guitarra es totalmente compatible con dispositivos equipados con Jack est\u00e1ndar de 6.35 mm 1\/4&#8217;&comma; incluyendo:<\/p>\n<ul style='padding-left: 20px; font-size: 14px; color: inherit; margin-bottom: 15px; list-style-type: disc;'>\n<li style='margin-bottom: 5px;'>Bajo el\u00e9ctrico<\/li>\n<li style='margin-bottom: 5px;'>Sintetizadores<\/li>\n<li style='margin-bottom: 5px;'>Teclados de escritorio el\u00e9ctrico<\/li>\n<li style='margin-bottom: 5px;'>Guitarras ac\u00fasticas cl\u00e1sicas<\/li>\n<li style='margin-bottom: 5px;'>Amplificadores<\/li>\n<li style='margin-bottom: 5px;'>Altavoces<\/li>\n<li style='margin-bottom: 5px;'>Pianos<\/li>\n<li style='margin-bottom: 5px;'>Equipos de audio profesional<\/li>\n<\/ul><\/div>\n<\/p><\/div>\n<\/p><\/div>\n","protected":false},"excerpt":{"rendered":"<p>Cable de Audio Mono 6.35mm (1\/4&#8243;) Macho a 6.35mm (1\/4&#8243;) Macho \/ 10 Metros \/ N\u00facleo de Cobre \/ Blindaje Interno \/ Nylon Trenzado \/ Color Negro<\/p>\n","protected":false},"featured_media":98842,"comment_status":"open","ping_status":"closed","template":"","meta":[],"product_brand":[],"product_cat":[2204],"product_tag":[93,52,650],"class_list":{"0":"post-98843","1":"product","2":"type-product","3":"status-publish","4":"has-post-thumbnail","6":"product_cat-accesorios-audio-residencial-comercial","7":"product_tag-accesorios","8":"product_tag-audio-residencial-comercial","9":"product_tag-ugreen","11":"first","12":"instock","13":"sale","14":"shipping-taxable","15":"purchasable","16":"product-type-simple"},"_links":{"self":[{"href":"https:\/\/soydeaqui.ddns.net\/pachuca\/index.php\/wp-json\/wp\/v2\/product\/98843","targetHints":{"allow":["GET"]}}],"collection":[{"href":"https:\/\/soydeaqui.ddns.net\/pachuca\/index.php\/wp-json\/wp\/v2\/product"}],"about":[{"href":"https:\/\/soydeaqui.ddns.net\/pachuca\/index.php\/wp-json\/wp\/v2\/types\/product"}],"replies":[{"embeddable":true,"href":"https:\/\/soydeaqui.ddns.net\/pachuca\/index.php\/wp-json\/wp\/v2\/comments?post=98843"}],"wp:featuredmedia":[{"embeddable":true,"href":"https:\/\/soydeaqui.ddns.net\/pachuca\/index.php\/wp-json\/wp\/v2\/media\/98842"}],"wp:attachment":[{"href":"https:\/\/soydeaqui.ddns.net\/pachuca\/index.php\/wp-json\/wp\/v2\/media?parent=98843"}],"wp:term":[{"taxonomy":"product_brand","embeddable":true,"href":"https:\/\/soydeaqui.ddns.net\/pachuca\/index.php\/wp-json\/wp\/v2\/product_brand?post=98843"},{"taxonomy":"product_cat","embeddable":true,"href":"https:\/\/soydeaqui.ddns.net\/pachuca\/index.php\/wp-json\/wp\/v2\/product_cat?post=98843"},{"taxonomy":"product_tag","embeddable":true,"href":"https:\/\/soydeaqui.ddns.net\/pachuca\/index.php\/wp-json\/wp\/v2\/product_tag?post=98843"}],"curies":[{"name":"wp","href":"https:\/\/api.w.org\/{rel}","templated":true}]}}