{"id":98834,"date":"2026-03-20T09:59:36","date_gmt":"2026-03-20T09:59:36","guid":{"rendered":"https:\/\/soydeaqui.ddns.net\/pachuca\/index.php\/producto\/dvr-movil-1080p-2-megapixel-4-canales-turbo-sensor-g-compatible-ia-soporta-2-hdd-alarmas-i-o-salida-de-video-incluye-1-ssd-de-1-tb\/"},"modified":"2026-03-20T09:59:46","modified_gmt":"2026-03-20T09:59:46","slug":"dvr-movil-1080p-2-megapixel-4-canales-turbo-sensor-g-compatible-ia-soporta-2-hdd-alarmas-i-o-salida-de-video-incluye-1-ssd-de-1-tb","status":"publish","type":"product","link":"https:\/\/soydeaqui.ddns.net\/pachuca\/index.php\/producto\/dvr-movil-1080p-2-megapixel-4-canales-turbo-sensor-g-compatible-ia-soporta-2-hdd-alarmas-i-o-salida-de-video-incluye-1-ssd-de-1-tb\/","title":{"rendered":"DVR M\u00f3vil 1080p (2 Megapixel) \/ 4 Canales TURBO \/ Sensor G \/ Compatible IA \/ Soporta 2 HDD \/ Alarmas I\/O \/ Salida de Video \/ Incluye 1 SSD de 1 TB"},"content":{"rendered":"<div style='width: 100%; max-width: 1200px; margin: 0 auto; font-family: sans-serif; line-height: 1.6; color: inherit; background-color: transparent;'>\n<p style='text-align: center;'><img style='width: 100%; max-width: 450px; height: auto; border: 1px solid rgba(150&comma;150&comma;150&comma;0.3); border-radius: 8px;' src='https:\/\/ftp3.syscom.mx\/usuarios\/jsosa\/HIKVISION\/imagenes\/logo\/hikvision%20see%20far.png' alt='Logo Hikvision'><\/p>\n<div style='position: relative; padding-bottom: 56.25%; height: 0; overflow: hidden; margin: 30px 0;'>   <\/div>\n<div style='display: flex; flex-wrap: wrap; gap: 30px; margin-bottom: 30px;'>\n<div style='flex: 1 1 300px; min-width: 280px;'>\n<h3 style='font-size: 22px; border-bottom: 2px solid currentColor; padding-bottom: 5px; margin-top: 0; color: inherit; opacity: 0.8;'>Caracter\u00edsticas principales<\/h3>\n<ul style='padding-left: 20px; font-size: 15px; color: inherit;'>\n<li style='margin-bottom: 5px;'>Soporta 4 c\u00e1maras m\u00f3vil TURBO 1080p<\/li>\n<li style='margin-bottom: 5px;'>Soporta audio canal 2&comma; 3 y 4 (canal uno por micr\u00f3fono externo)<\/li>\n<li style='margin-bottom: 5px;'>Compresi\u00f3n H.264 \/ H.265<\/li>\n<li style='margin-bottom: 5px;'>Unidad de estado s\u00f3lido (SSD) de 1TB (incluido)<\/li>\n<li style='margin-bottom: 5px;'>Soporta conexi\u00f3n 4G \/ WiFi (modelo se vende por separado). Cotizar el modelo <a href='https:\/\/www.syscom.mx\/products\/241408' style='color: inherit; text-decoration: underline;'>AEMP1460\/GLF\/WI58\/Q<\/a><\/li>\n<li style='margin-bottom: 5px;'>Soporta apagado tard\u00edo calendarizado (0 hasta 6 horas)<\/li>\n<li style='margin-bottom: 5px;'>Admite funci\u00f3n de IA: ADAS&comma; BSD-R y DSM. (Elija dos de tres)<\/li>\n<\/ul>\n<p style='font-size: 14px; color: inherit; margin-top: 15px;'><strong>Nota:<\/strong> El consumo de datos (3G \/ 4G) depender\u00e1 de la configuraci\u00f3n de resoluci\u00f3n y el tiempo de visualizaci\u00f3n en tiempo real.<\/p>\n<\/p><\/div>\n<div style='flex: 1 1 300px; min-width: 280px;'>\n<h3 style='font-size: 22px; border-bottom: 2px solid currentColor; padding-bottom: 5px; margin-top: 0; color: inherit; opacity: 0.8;'>Caracter\u00edsticas F\u00edsicas y El\u00e9ctricas<\/h3>\n<ul style='padding-left: 20px; font-size: 15px; color: inherit;'>\n<li style='margin-bottom: 5px;'>1 Puerto de red (10M \/ 100M) \/ Conector tipo aviador<\/li>\n<li style='margin-bottom: 5px;'>4 Entradas de alarma<\/li>\n<li style='margin-bottom: 5px;'>2 Salidas de alarma<\/li>\n<li style='margin-bottom: 5px;'>Sensor G incorporado<\/li>\n<li style='margin-bottom: 5px;'>Alimentaci\u00f3n: 9 &#8211; 32 Vcc (se alimenta directa de la bater\u00eda del autom\u00f3vil)<\/li>\n<li style='margin-bottom: 5px;'>Dimensiones: 184 x 134.4 x 44 mm<\/li>\n<li style='margin-bottom: 5px;'>Peso: 0.8 kg<\/li>\n<\/ul><\/div>\n<\/p><\/div>\n<hr style='border: 0; border-top: 1px solid rgba(150&comma; 150&comma; 150&comma; 0.3); margin: 30px 0;'>\n<div style='margin-bottom: 30px;'>\n<h3 style='font-size: 22px; border-bottom: 2px solid currentColor; padding-bottom: 5px; margin-top: 0; color: inherit; opacity: 0.8;'>Soluciones para transmisi\u00f3n y centralizaci\u00f3n remota<\/h3>\n<div style='margin-top: 15px; margin-bottom: 30px;'> <strong style='font-size: 16px; color: inherit; display: block; margin-bottom: 10px;'>1. Plataforma Hik-Central Profesional<\/strong> <\/p>\n<ul style='padding-left: 20px; font-size: 14px; color: inherit;'>\n<li style='margin-bottom: 8px;'><a href='https:\/\/www.syscom.mx\/principal\/searchcont?route=DS-MP5604-HIKVISION-188780&#038;autodetect=HC-P-MS-B' target='_blank' rel='noopener' style='color: inherit; text-decoration: underline;'>HC-P-MS-B<\/a>: Licencia base para dispositivos m\u00f3viles&comma; incluye 10 unidades y m\u00f3dulo de Business Intelligence<\/li>\n<li style='margin-bottom: 8px;'><a href='https:\/\/www.syscom.mx\/producto\/HC-P-MS-1-HIKVISION-200925.html' target='_blank' rel='noopener' style='color: inherit; text-decoration: underline;'>HC-P-MS\/1<\/a>: Licencia adicional para 1 dispositivo m\u00f3vil&comma; requiere licencia base activa (se usa a partir del dispositivo n\u00famero 11)<\/li>\n<\/ul>\n<p style='margin-top: 15px; margin-bottom: 10px; font-size: 14px; color: inherit;'>Esta soluci\u00f3n requiere infraestructura de red adicional:<\/p>\n<ul style='padding-left: 20px; font-size: 14px; color: inherit;'>\n<li style='margin-bottom: 8px;'>Servidor dedicado para Hik-Central Profesional (m\u00ednimo Core i5 y 8 GB RAM)<\/li>\n<li style='margin-bottom: 8px;'>IP p\u00fablica fija y buen ancho de banda dependiendo del n\u00famero de DVRs m\u00f3viles a centralizar<\/li>\n<\/ul><\/div>\n<div style='margin-top: 15px;'> <strong style='font-size: 16px; color: inherit; display: block; margin-bottom: 10px;'>2. Plataforma HikConnect Teams<\/strong> <\/p>\n<ul style='padding-left: 20px; font-size: 14px; color: inherit;'>\n<li style='margin-bottom: 8px;'><a href='https:\/\/www.syscom.mx\/principal\/searchcont?route=HCT-VEHICULO-1D-1A-HIKVISION-226162&#038;autodetect=HCTvehiculo' target='_blank' rel='noopener' style='color: inherit; text-decoration: underline;'>HCT-VEHICULO-1D-1A<\/a>: Licencia Anual HikConnect Teams \/ Monitoreo Vehicular de GPS y Video en Tiempo Real por 1 a\u00f1o para 1 dispositivo \/ Compatible con Dash Cam y DVRs M\u00f3viles<\/li>\n<\/ul>\n<p style='margin-top: 10px; margin-bottom: 10px; font-size: 14px; color: inherit;'>Esta soluci\u00f3n se maneja en la nube&comma; no requiere servidores&comma; toda la administraci\u00f3n es por interfaz web.<\/p>\n<p style='margin-top: 10px; margin-bottom: 10px; font-size: 14px; color: inherit;'><strong>Nota:<\/strong> Generando su cuenta desde el portal Hik-Connect.com se le otorga 10 equipos gratis&comma; temporalmente por ajustes de la plataforma no se puede agregar m\u00e1s licencias. Fecha tentativa de liberaci\u00f3n de la plataforma para nuevas licencias es 15 Enero 2024. Para m\u00e1s informaci\u00f3n contactar al proveedor.<\/p>\n<p style='margin-top: 10px; margin-bottom: 0; font-size: 14px; color: inherit;'><a href='https:\/\/soporte.syscom.mx\/es\/articles\/8507358-hikconnect-for-teams-crear-cuenta-hikconnect-for-teams' style='color: inherit; text-decoration: underline;'>Crear cuenta HikConnect Teams desde p\u00e1gina web<\/a><\/p>\n<\/p><\/div>\n<\/p><\/div>\n<hr style='border: 0; border-top: 1px solid rgba(150&comma; 150&comma; 150&comma; 0.3); margin: 30px 0;'>\n<div style='margin-bottom: 30px;'>\n<h3 style='font-size: 22px; border-bottom: 2px solid currentColor; padding-bottom: 5px; margin-top: 0; color: inherit; opacity: 0.8;'>C\u00e1maras compatibles<\/h3>\n<div style='margin-top: 15px;'>\n<h4 style='font-size: 18px; margin-top: 0; margin-bottom: 10px; color: inherit;'>C\u00e1mara Compatible para An\u00e1lisis de Comportamiento del Conductor (DBA)<\/h4>\n<p style='margin-bottom: 15px;'><a href='https:\/\/www.syscom.mx\/principal\/searchcont?route=AE-VC154T-IT3.1-HIKVISION-219714&#038;autodetect=AEVC154' style='color: inherit; text-decoration: underline; font-weight: 600;'>AE-VC154T-IT(3.1)<\/a><\/p>\n<p> <img style='width: 100%; height: auto; border: 1px solid rgba(150&comma;150&comma;150&comma;0.3); border-radius: 8px; margin-bottom: 15px;' src='https:\/\/ftp3.syscom.mx\/usuarios\/fotos\/BancoFotografiasSyscom\/HIKVISION\/AEVC154TIT(3.1)\/AEVC154TIT(3.1)-l.PNG' alt='AE-VC154T-IT(3.1)'> <img style='width: 100%; height: auto; border: 1px solid rgba(150&comma;150&comma;150&comma;0.3); border-radius: 8px; margin-bottom: 15px;' src='https:\/\/i.imgur.com\/4aaVVDY.png' alt='Diagrama 1'> <img style='width: 100%; height: auto; border: 1px solid rgba(150&comma;150&comma;150&comma;0.3); border-radius: 8px; margin-bottom: 15px;' src='https:\/\/i.imgur.com\/d2o6uq2.gif' alt='Animaci\u00f3n 1'> <img style='width: 100%; height: auto; border: 1px solid rgba(150&comma;150&comma;150&comma;0.3); border-radius: 8px; margin-bottom: 15px;' src='https:\/\/i.imgur.com\/fvJ6HI6.gif' alt='Animaci\u00f3n 2'> <img style='width: 100%; height: auto; border: 1px solid rgba(150&comma;150&comma;150&comma;0.3); border-radius: 8px; margin-bottom: 15px;' src='https:\/\/i.imgur.com\/qyaoREq.gif' alt='Animaci\u00f3n 3'> <img style='width: 100%; height: auto; border: 1px solid rgba(150&comma;150&comma;150&comma;0.3); border-radius: 8px; margin-bottom: 15px;' src='https:\/\/i.imgur.com\/QtjAhwx.gif' alt='Animaci\u00f3n 4'> <\/div>\n<div style='margin-top: 25px;'>\n<h4 style='font-size: 18px; margin-top: 0; margin-bottom: 10px; color: inherit;'>C\u00e1mara Compatible para Asistencia a la conducci\u00f3n (ADAS)<\/h4>\n<p style='margin-bottom: 15px;'><a href='https:\/\/www.syscom.mx\/principal\/searchcont?route=AE-VC155T3.1-HIKVISION-220907&#038;autodetect=AEVC155' style='color: inherit; text-decoration: underline; font-weight: 600;'>AE-VC155T(3.1)<\/a><\/p>\n<p> <img style='width: 100%; height: auto; border: 1px solid rgba(150&comma;150&comma;150&comma;0.3); border-radius: 8px; margin-bottom: 15px;' src='https:\/\/www.hikvision.com\/content\/dam\/hikvision\/products\/S000000001\/S000005940\/S000005995\/S000005996\/OFR008110\/M000052756\/images\/%E4%B8%BB%E8%A7%86%E5%9B%BE.png.thumb.319.319.png?f=webp' alt='AE-VC155T(3.1)'> <img style='width: 100%; height: auto; border: 1px solid rgba(150&comma;150&comma;150&comma;0.3); border-radius: 8px; margin-bottom: 15px;' src='https:\/\/i.imgur.com\/VC02GQZ.png' alt='Diagrama ADAS 1'> <img style='width: 100%; height: auto; border: 1px solid rgba(150&comma;150&comma;150&comma;0.3); border-radius: 8px; margin-bottom: 15px;' src='https:\/\/i.imgur.com\/l0AiCDv.png' alt='Diagrama ADAS 2'> <\/div>\n<\/p><\/div>\n<hr style='border: 0; border-top: 1px solid rgba(150&comma; 150&comma; 150&comma; 0.3); margin: 30px 0;'>\n<div style='margin-bottom: 30px;'>\n<h3 style='font-size: 22px; border-bottom: 2px solid currentColor; padding-bottom: 5px; margin-top: 0; color: inherit; opacity: 0.8;'>Diagrama del sistema<\/h3>\n<p> <img style='width: 100%; height: auto; border: 1px solid rgba(150&comma;150&comma;150&comma;0.3); border-radius: 8px; margin-top: 15px;' src='https:\/\/ftp3.syscom.mx\/usuarios\/jsosa\/HIKVISION\/imagenes\/movil\/digrama%20dvr%20movil%20hikvision.png' alt='Diagrama DVR M\u00f3vil Hikvision'> <\/div>\n<\/p><\/div>\n","protected":false},"excerpt":{"rendered":"<p>DVR M\u00f3vil 1080p (2 Megapixel) \/ 4 Canales TURBO \/ Sensor G \/ Compatible IA \/ Soporta 2 HDD \/ Alarmas I\/O \/ Salida de Video \/ Incluye 1 SSD de 1 TB<\/p>\n","protected":false},"featured_media":98833,"comment_status":"open","ping_status":"closed","template":"","meta":[],"product_brand":[],"product_cat":[1343],"product_tag":[54,1345,1344],"class_list":{"0":"post-98834","1":"product","2":"type-product","3":"status-publish","4":"has-post-thumbnail","6":"product_cat-videograbadoras-moviles","7":"product_tag-hikvision","8":"product_tag-videograbadoras-moviles","9":"product_tag-videograbadoras-moviles-y-portatiles","11":"first","12":"instock","13":"sale","14":"shipping-taxable","15":"purchasable","16":"product-type-simple"},"_links":{"self":[{"href":"https:\/\/soydeaqui.ddns.net\/pachuca\/index.php\/wp-json\/wp\/v2\/product\/98834","targetHints":{"allow":["GET"]}}],"collection":[{"href":"https:\/\/soydeaqui.ddns.net\/pachuca\/index.php\/wp-json\/wp\/v2\/product"}],"about":[{"href":"https:\/\/soydeaqui.ddns.net\/pachuca\/index.php\/wp-json\/wp\/v2\/types\/product"}],"replies":[{"embeddable":true,"href":"https:\/\/soydeaqui.ddns.net\/pachuca\/index.php\/wp-json\/wp\/v2\/comments?post=98834"}],"wp:featuredmedia":[{"embeddable":true,"href":"https:\/\/soydeaqui.ddns.net\/pachuca\/index.php\/wp-json\/wp\/v2\/media\/98833"}],"wp:attachment":[{"href":"https:\/\/soydeaqui.ddns.net\/pachuca\/index.php\/wp-json\/wp\/v2\/media?parent=98834"}],"wp:term":[{"taxonomy":"product_brand","embeddable":true,"href":"https:\/\/soydeaqui.ddns.net\/pachuca\/index.php\/wp-json\/wp\/v2\/product_brand?post=98834"},{"taxonomy":"product_cat","embeddable":true,"href":"https:\/\/soydeaqui.ddns.net\/pachuca\/index.php\/wp-json\/wp\/v2\/product_cat?post=98834"},{"taxonomy":"product_tag","embeddable":true,"href":"https:\/\/soydeaqui.ddns.net\/pachuca\/index.php\/wp-json\/wp\/v2\/product_tag?post=98834"}],"curies":[{"name":"wp","href":"https:\/\/api.w.org\/{rel}","templated":true}]}}