{"id":98809,"date":"2026-03-20T09:58:31","date_gmt":"2026-03-20T09:58:31","guid":{"rendered":"https:\/\/soydeaqui.ddns.net\/pachuca\/index.php\/producto\/ssd-para-videovigilancia-movil-2-tb-2-5-alto-performance-uso-24-7-resistente-en-alta-temperaturas\/"},"modified":"2026-03-20T09:58:32","modified_gmt":"2026-03-20T09:58:32","slug":"ssd-para-videovigilancia-movil-2-tb-2-5-alto-performance-uso-24-7-resistente-en-alta-temperaturas","status":"publish","type":"product","link":"https:\/\/soydeaqui.ddns.net\/pachuca\/index.php\/producto\/ssd-para-videovigilancia-movil-2-tb-2-5-alto-performance-uso-24-7-resistente-en-alta-temperaturas\/","title":{"rendered":"SSD PARA Videovigilancia M\u00f3vil \/ 2 TB \/ 2.5&#8243; \/ Alto Performance \/ Uso 24\/7 \/ Resistente en Alta Temperaturas"},"content":{"rendered":"<div style='width: 100%; max-width: 1200px; margin: 0 auto; font-family: sans-serif; line-height: 1.6; color: inherit; background-color: transparent;'> <!-- Banner Final --> <\/p>\n<p style='text-align: center; margin: 0 0 20px 0; padding: 0;'> <img style='width: 45%; height: auto; border: 1px solid rgba(150&comma;150&comma;150&comma;0.3); border-radius: 8px;' src='https:\/\/ftp3.syscom.mx\/usuarios\/jsosa\/HIKVISION\/imagenes\/logo\/hikvision%20see%20far.png' alt='Banner Final'> <\/p>\n<p> <!-- Videos --> <\/p>\n<div style='display: flex; flex-wrap: wrap; gap: 20px; margin: 20px 0;'>\n<div style='flex: 1 1 45%; min-width: 280px;'>\n<h3 style='font-size: 22px; border-bottom: 2px solid currentColor; padding-bottom: 5px; margin-top: 0; color: inherit; opacity: 0.8;'>\u00bfQuien es HIKSEMI?<\/h3>\n<div style='position: relative; padding-bottom: 56.25%; height: 0; overflow: hidden; margin-bottom: 30px;'>   <\/div>\n<\/p><\/div>\n<div style='flex: 1 1 45%; min-width: 280px;'>\n<h3 style='font-size: 22px; border-bottom: 2px solid currentColor; padding-bottom: 5px; margin-top: 0; color: inherit; opacity: 0.8;'>Unidades de Estado S\u00f3lido<\/h3>\n<div style='position: relative; padding-bottom: 56.25%; height: 0; overflow: hidden; margin-bottom: 30px;'>   <\/div>\n<\/p><\/div>\n<\/p><\/div>\n<p> <!-- Caracter\u00edsticas principales --> <\/p>\n<div style='margin: 20px 0;'>\n<div style='border-left: 5px solid #ff0000; border-radius: 5px; padding: 15px; box-shadow: 2px 2px 10px rgba(216&comma;216&comma;216&comma;0.5);'> <span style='font-weight: bold; font-size: 16px; color: inherit;'>Caracter\u00edsticas principales:<\/span> <\/p>\n<ul style='padding-left: 20px; font-size: 15px; color: inherit; margin-top: 10px;'>\n<li style='margin-bottom: 5px;'>Capacidad: 2 TB.<\/li>\n<li style='margin-bottom: 5px;'>Vel. de Lectura: 560 MB\/s.<\/li>\n<li style='margin-bottom: 5px;'>Vel. de escritura: 520 MB\/s.<\/li>\n<li style='margin-bottom: 5px;'>Temperatura de operaci\u00f3n: 0 \u00b0C a 70 \u00b0C (32 \u00b0F a 158 \u00b0F).<\/li>\n<li style='margin-bottom: 5px;'>Capacidad de trabajo 24\/7<\/li>\n<li style='margin-bottom: 5px;'>Tama\u00f1o: 2.5&#8242;.<\/li>\n<li style='margin-bottom: 5px;'>Peso: \u2264 40.6 gramos.<\/li>\n<li style='margin-bottom: 5px; font-weight: bold;'>Especializado para videovigilancia (M\u00f3vil).<\/li>\n<li style='margin-bottom: 5px; font-weight: bold;'>Uso continuo 24\/7.<\/li>\n<\/ul><\/div>\n<\/p><\/div>\n<p> <!-- Imagen 1 con overlay --> <\/p>\n<div style='position: relative; text-align: center; margin: 30px 0;'> <img style='width: 100%; height: auto; border: 1px solid rgba(150&comma;150&comma;150&comma;0.3); border-radius: 8px;' src='https:\/\/ftp3.syscom.mx\/usuarios\/gmagos\/HIK\/storage\/Pagina%20WEB\/V310\/V310_02.jpg' alt='Rendimiento mejorado'> <\/p>\n<div style='position: absolute; top: 0; left: 50%; transform: translate(-50%&comma; 20px); color: inherit; text-align: center; width: 100%; display: flex; flex-direction: column;'>\n<h1 style='font-size: 1.8vw; font-weight: bold; margin-bottom: 10px; color: inherit;'>Rendimiento mejorado<\/h1>\n<h2 style='font-size: 1vw; color: inherit;'>El V310 funciona a velocidades de lectura de hasta 550 MB\/s y velocidades de escritura de hasta 525 MB\/s<\/h2>\n<\/p><\/div>\n<\/p><\/div>\n<p> <!-- Informaci\u00f3n 1 --> <\/p>\n<div style='display: flex; flex-wrap: wrap; gap: 20px; margin: 20px 0;'>\n<div style='flex: 1 1 45%; min-width: 280px;'> <img style='width: 100%; height: auto; border: 1px solid rgba(150&comma;150&comma;150&comma;0.3); border-radius: 8px;' src='https:\/\/ftp3.syscom.mx\/usuarios\/gmagos\/HIK\/storage\/Pagina%20WEB\/V310\/V310_03.jpg' alt='Menor consumo de energ\u00eda'> <\/div>\n<div style='flex: 1 1 45%; min-width: 280px;'>\n<h3 style='font-size: 22px; border-bottom: 2px solid currentColor; padding-bottom: 5px; margin-top: 0; color: inherit; opacity: 0.8;'>Menor consumo de energ\u00eda<\/h3>\n<p style='color: inherit; font-size: 15px;'>Nuestros nuevos SSD para Videovigilancia M\u00f3vil de HIKSEMI ofrecen un rendimiento excepcional con un consumo de energ\u00eda notablemente reducido. Al no tener componentes m\u00f3viles&comma; estos dispositivos consumen hasta un 50 % menos de energ\u00eda en comparaci\u00f3n con los HDD durante su funcionamiento.<\/p>\n<\/p><\/div>\n<\/p><\/div>\n<p> <!-- Informaci\u00f3n 2 --> <\/p>\n<div style='display: flex; flex-wrap: wrap; gap: 20px; margin: 20px 0;'>\n<div style='flex: 1 1 45%; min-width: 280px;'>\n<h3 style='font-size: 22px; border-bottom: 2px solid currentColor; padding-bottom: 5px; margin-top: 0; color: inherit; opacity: 0.8;'>Excelente resistencia<\/h3>\n<p style='color: inherit; font-size: 15px;'>Los SSD para Videovigilancia M\u00f3vil de HIKSEMI incorporan un algoritmo de dise\u00f1o innovador que mejora significativamente su durabilidad y estabilidad. Este enfoque exclusivo garantiza un rendimiento confiable en diversas situaciones&comma; respaldando la integridad de tus sistemas de vigilancia.<\/p>\n<p style='color: inherit; font-size: 15px;'>Dise\u00f1ados para resistir operaciones continuas&comma; nuestros SSD ofrecen un rendimiento superior y una resistencia excepcional en entornos desafiantes. Esto asegura una soluci\u00f3n de almacenamiento confiable para tus necesidades de videovigilancia m\u00f3vil.<\/p>\n<\/p><\/div>\n<div style='flex: 1 1 45%; min-width: 280px;'> <img style='width: 100%; height: auto; border: 1px solid rgba(150&comma;150&comma;150&comma;0.3); border-radius: 8px;' src='https:\/\/ftp3.syscom.mx\/usuarios\/gmagos\/HIK\/storage\/Pagina%20WEB\/V310\/V310_04.jpg' alt='Excelente resistencia'> <\/div>\n<\/p><\/div>\n<p> <!-- Imagen 2 --> <\/p>\n<div style='margin: 30px 0;'> <img style='width: 100%; height: auto; border: 1px solid rgba(150&comma;150&comma;150&comma;0.3); border-radius: 8px;' src='https:\/\/ftp3.syscom.mx\/usuarios\/gmagos\/HIK\/storage\/Pagina%20WEB\/V310\/V310_01.jpg' alt='V310'> <\/div>\n<p> <!-- Banner Final --> <\/p>\n<div style='margin: 30px 0;'> <img style='width: 100%; height: auto; border: 1px solid rgba(150&comma;150&comma;150&comma;0.3); border-radius: 8px;' src='https:\/\/ftp3.syscom.mx\/usuarios\/gmagos\/HIK\/storage\/Vaners\/HIKSEMI-banner1.jpg' alt='Banner Final'> <\/div>\n<\/p><\/div>\n","protected":false},"excerpt":{"rendered":"<p>SSD PARA Videovigilancia M\u00f3vil \/ 2 TB \/ 2.5&#8243; \/ Alto Performance \/ Uso 24\/7 \/ Resistente en Alta Temperaturas<\/p>\n","protected":false},"featured_media":98808,"comment_status":"open","ping_status":"closed","template":"","meta":[],"product_brand":[],"product_cat":[2199],"product_tag":[54,2065,2139],"class_list":{"0":"post-98809","1":"product","2":"type-product","3":"status-publish","4":"has-post-thumbnail","6":"product_cat-unidades-de-estado-solido-ssd-servidores-almacenamiento","7":"product_tag-hikvision","8":"product_tag-servidores-almacenamiento","9":"product_tag-unidades-de-estado-solido-ssd","11":"first","12":"outofstock","13":"sale","14":"shipping-taxable","15":"purchasable","16":"product-type-simple"},"_links":{"self":[{"href":"https:\/\/soydeaqui.ddns.net\/pachuca\/index.php\/wp-json\/wp\/v2\/product\/98809","targetHints":{"allow":["GET"]}}],"collection":[{"href":"https:\/\/soydeaqui.ddns.net\/pachuca\/index.php\/wp-json\/wp\/v2\/product"}],"about":[{"href":"https:\/\/soydeaqui.ddns.net\/pachuca\/index.php\/wp-json\/wp\/v2\/types\/product"}],"replies":[{"embeddable":true,"href":"https:\/\/soydeaqui.ddns.net\/pachuca\/index.php\/wp-json\/wp\/v2\/comments?post=98809"}],"wp:featuredmedia":[{"embeddable":true,"href":"https:\/\/soydeaqui.ddns.net\/pachuca\/index.php\/wp-json\/wp\/v2\/media\/98808"}],"wp:attachment":[{"href":"https:\/\/soydeaqui.ddns.net\/pachuca\/index.php\/wp-json\/wp\/v2\/media?parent=98809"}],"wp:term":[{"taxonomy":"product_brand","embeddable":true,"href":"https:\/\/soydeaqui.ddns.net\/pachuca\/index.php\/wp-json\/wp\/v2\/product_brand?post=98809"},{"taxonomy":"product_cat","embeddable":true,"href":"https:\/\/soydeaqui.ddns.net\/pachuca\/index.php\/wp-json\/wp\/v2\/product_cat?post=98809"},{"taxonomy":"product_tag","embeddable":true,"href":"https:\/\/soydeaqui.ddns.net\/pachuca\/index.php\/wp-json\/wp\/v2\/product_tag?post=98809"}],"curies":[{"name":"wp","href":"https:\/\/api.w.org\/{rel}","templated":true}]}}