{"id":98787,"date":"2026-03-20T09:57:20","date_gmt":"2026-03-20T09:57:20","guid":{"rendered":"https:\/\/soydeaqui.ddns.net\/pachuca\/index.php\/producto\/controlador-ip-para-dvr-nvr-y-ptz-a-traves-de-red-soporta-rs-485-compatible-con-epcom-hilook-y-hikvision\/"},"modified":"2026-03-20T09:57:33","modified_gmt":"2026-03-20T09:57:33","slug":"controlador-ip-para-dvr-nvr-y-ptz-a-traves-de-red-soporta-rs-485-compatible-con-epcom-hilook-y-hikvision","status":"publish","type":"product","link":"https:\/\/soydeaqui.ddns.net\/pachuca\/index.php\/producto\/controlador-ip-para-dvr-nvr-y-ptz-a-traves-de-red-soporta-rs-485-compatible-con-epcom-hilook-y-hikvision\/","title":{"rendered":"Controlador IP para DVR, NVR y PTZ a trav\u00e9s de Red \/ Soporta RS-485 \/ Compatible con epcom, HiLook y HIKVISION"},"content":{"rendered":"<div style='width: 100%; max-width: 1200px; margin: 0 auto; font-family: sans-serif; line-height: 1.6; color: inherit; background-color: transparent;'> <!-- Imagen principal --> <\/p>\n<div style='display: flex; justify-content: center; margin-bottom: 20px;'> <img style='width: 45%; height: auto; border: 1px solid rgba(150&comma;150&comma;150&comma;0.3); border-radius: 8px;' src='https:\/\/ftp3.syscom.mx\/usuarios\/jsosa\/HIKVISION\/imagenes\/logo\/hikvision%20see%20far.png' alt='Logo Hikvision'> <\/div>\n<p> <!-- Contenido principal --> <\/p>\n<div style='display: flex; flex-wrap: wrap; gap: 30px; margin-bottom: 30px;'> <!-- Caracter\u00edsticas principales --> <\/p>\n<div style='flex: 1 1 300px; min-width: 280px;'>\n<h3 style='font-size: 22px; border-bottom: 2px solid currentColor; padding-bottom: 5px; margin-top: 0; color: inherit; opacity: 0.8;'>Caracter\u00edsticas principales<\/h3>\n<ul style='padding-left: 20px; font-size: 15px; color: inherit;'>\n<li style='margin-bottom: 5px;'>Controlador de DVR&#8217;s via RS-485 \/ Red para equipos Turbo\/Analogico e IP de marca epcom\/Hikvision<\/li>\n<li style='margin-bottom: 5px;'>Control de Presets&comma; Patrol&comma; Pattern.<\/li>\n<li style='margin-bottom: 5px;'>Protocolos HIKVISION&comma; Pelco P\/D.<\/li>\n<li style='margin-bottom: 5px;'>Control RS485 a 1200 metros en Half Duplex con velocidad de datos de 1200 \u2013 19200 baudios.<\/li>\n<li style='margin-bottom: 5px;'>Puerto serial: RS485 \/ RS232 \/ RS422<\/li>\n<li style='margin-bottom: 5px;'>Puerto de red: RJ-45<\/li>\n<li style='margin-bottom: 5px;'>Hasta 16 cuentas de usuarios 1 administrador y 15 operadores.<\/li>\n<li style='margin-bottom: 5px;'>Pantalla de 128 x64 pixeles<\/li>\n<li style='margin-bottom: 5px;'>Palanca de 4 ejes.<\/li>\n<\/ul>\n<div style='margin-top: 20px;'>\n<h4 style='font-size: 18px; color: inherit; opacity: 0.8; margin-top: 0; margin-bottom: 10px;'>Consideraciones:<\/h4>\n<ul style='padding-left: 20px; font-size: 14px; color: inherit;'>\n<li style='margin-bottom: 5px;'>El registro de dispositivos (C\u00e1mara IP \/ DVR \/ NVR \/ Decoder) debe realizarse por <a href='https:\/\/soporte.syscom.mx\/es\/articles\/5767879-como-habilitar-y-utilizar-internet-explorer-en-microsoft-edge' style='color: inherit; text-decoration: underline;'>Internet Explorer<\/a>.<\/li>\n<\/ul><\/div>\n<\/p><\/div>\n<p> <!-- Caracter\u00edsticas F\u00edsicas y El\u00e9ctricas --> <\/p>\n<div style='flex: 1 1 300px; min-width: 280px;'>\n<h3 style='font-size: 22px; border-bottom: 2px solid currentColor; padding-bottom: 5px; margin-top: 0; color: inherit; opacity: 0.8;'>Caracter\u00edsticas F\u00edsicas y El\u00e9ctricas<\/h3>\n<ul style='padding-left: 20px; font-size: 15px; color: inherit;'>\n<li style='margin-bottom: 5px;'>Aplicaci\u00f3n: Interior.<\/li>\n<li style='margin-bottom: 5px;'>Temperatura de Operaci\u00f3n: -10 ~ 55\u00baC<\/li>\n<li style='margin-bottom: 5px;'>Alimentaci\u00f3n: 12 Vcc.<\/li>\n<li style='margin-bottom: 5px;'>Consumo electrico: 4.5W<\/li>\n<li style='margin-bottom: 5px;'>Dimensiones: 435 x 193 x 110 mm<\/li>\n<li style='margin-bottom: 5px;'>Peso: 1.Kg.<\/li>\n<\/ul><\/div>\n<\/p><\/div>\n<p> <!-- Imagen final --> <\/p>\n<div style='display: flex; justify-content: center; margin-top: 30px;'> <img style='width: 100%; height: auto; border: 1px solid rgba(150&comma;150&comma;150&comma;0.3); border-radius: 8px;' src='https:\/\/ftp3.syscom.mx\/usuarios\/jsosa\/HIKVISION\/imagenes\/banners\/solution%20complete.png' alt='Banner soluci\u00f3n completa'> <\/div>\n<\/p><\/div>\n","protected":false},"excerpt":{"rendered":"<p>Controlador IP para DVR, NVR y PTZ a trav\u00e9s de Red \/ Soporta RS-485 \/ Compatible con epcom, HiLook y HIKVISION<\/p>\n","protected":false},"featured_media":98786,"comment_status":"open","ping_status":"closed","template":"","meta":[],"product_brand":[],"product_cat":[2298],"product_tag":[417,2299,54],"class_list":{"0":"post-98787","1":"product","2":"type-product","3":"status-publish","4":"has-post-thumbnail","6":"product_cat-controladores-ptz","7":"product_tag-accesorios-generales","8":"product_tag-controladores-ptz","9":"product_tag-hikvision","11":"first","12":"instock","13":"sale","14":"shipping-taxable","15":"purchasable","16":"product-type-simple"},"_links":{"self":[{"href":"https:\/\/soydeaqui.ddns.net\/pachuca\/index.php\/wp-json\/wp\/v2\/product\/98787","targetHints":{"allow":["GET"]}}],"collection":[{"href":"https:\/\/soydeaqui.ddns.net\/pachuca\/index.php\/wp-json\/wp\/v2\/product"}],"about":[{"href":"https:\/\/soydeaqui.ddns.net\/pachuca\/index.php\/wp-json\/wp\/v2\/types\/product"}],"replies":[{"embeddable":true,"href":"https:\/\/soydeaqui.ddns.net\/pachuca\/index.php\/wp-json\/wp\/v2\/comments?post=98787"}],"wp:featuredmedia":[{"embeddable":true,"href":"https:\/\/soydeaqui.ddns.net\/pachuca\/index.php\/wp-json\/wp\/v2\/media\/98786"}],"wp:attachment":[{"href":"https:\/\/soydeaqui.ddns.net\/pachuca\/index.php\/wp-json\/wp\/v2\/media?parent=98787"}],"wp:term":[{"taxonomy":"product_brand","embeddable":true,"href":"https:\/\/soydeaqui.ddns.net\/pachuca\/index.php\/wp-json\/wp\/v2\/product_brand?post=98787"},{"taxonomy":"product_cat","embeddable":true,"href":"https:\/\/soydeaqui.ddns.net\/pachuca\/index.php\/wp-json\/wp\/v2\/product_cat?post=98787"},{"taxonomy":"product_tag","embeddable":true,"href":"https:\/\/soydeaqui.ddns.net\/pachuca\/index.php\/wp-json\/wp\/v2\/product_tag?post=98787"}],"curies":[{"name":"wp","href":"https:\/\/api.w.org\/{rel}","templated":true}]}}