{"id":98775,"date":"2026-03-20T09:56:49","date_gmt":"2026-03-20T09:56:49","guid":{"rendered":"https:\/\/soydeaqui.ddns.net\/pachuca\/index.php\/producto\/controlador-analogico-para-dvrs-domos-ptz-turbo-y-analogicos-y-ptz-epcom-hikvision-por-rs-485\/"},"modified":"2026-03-20T09:57:03","modified_gmt":"2026-03-20T09:57:03","slug":"controlador-analogico-para-dvrs-domos-ptz-turbo-y-analogicos-y-ptz-epcom-hikvision-por-rs-485","status":"publish","type":"product","link":"https:\/\/soydeaqui.ddns.net\/pachuca\/index.php\/producto\/controlador-analogico-para-dvrs-domos-ptz-turbo-y-analogicos-y-ptz-epcom-hikvision-por-rs-485\/","title":{"rendered":"Controlador Anal\u00f3gico para DVR`s, Domos PTZ TURBO y Analogicos  y PTZ epcom\/HIKVISION por RS-485"},"content":{"rendered":"<div style='width: 100%; max-width: 1200px; margin: 0 auto; font-family: sans-serif; line-height: 1.6; color: inherit; background-color: transparent;'>\n<p style='text-align: center; margin: 0;'><img style='width: 100%; max-width: 450px; height: auto; border: 1px solid rgba(150&comma;150&comma;150&comma;0.3); border-radius: 8px;' src='https:\/\/ftp3.syscom.mx\/usuarios\/jsosa\/HIKVISION\/imagenes\/logo\/hikvision%20see%20far.png' alt='Logo Hikvision'><\/p>\n<div style='display: flex; flex-wrap: wrap; gap: 30px; margin: 30px 0;'>\n<div style='flex: 1 1 300px; min-width: 280px;'>\n<h3 style='font-size: 22px; border-bottom: 2px solid currentColor; padding-bottom: 5px; margin-top: 0; color: inherit; opacity: 0.8;'>Caracter\u00edsticas principales<\/h3>\n<ul style='padding-left: 20px; font-size: 15px; color: inherit;'>\n<li style='margin-bottom: 5px;'>Controlador de DVR\u00b4s &#038; PTZ\u00b4s. Turbo\/Analogico de marca epcom\/Hikvision<\/li>\n<li style='margin-bottom: 5px;'>Control de Presets&comma; Patrol&comma; Pattern.<\/li>\n<li style='margin-bottom: 5px;'>Protocolos HIKVISION&comma; Pelco P\/D.<\/li>\n<li style='margin-bottom: 5px;'>Control RS485 a 1200 metros en Half Duplex con velocidad de datos de 1200 \u2013 19200 baudios.<\/li>\n<li style='margin-bottom: 5px;'>Puerto serial: RS485 \/ RS232 \/ RS422<\/li>\n<li style='margin-bottom: 5px;'>Hasta 16 cuentas de usuarios 1 administrador y 15 operadores.<\/li>\n<li style='margin-bottom: 5px;'>Pantalla de 128 x64 pixeles<\/li>\n<li style='margin-bottom: 5px;'>Palanca de 4 ejes.<\/li>\n<\/ul><\/div>\n<div style='flex: 1 1 300px; min-width: 280px;'>\n<h3 style='font-size: 22px; border-bottom: 2px solid currentColor; padding-bottom: 5px; margin-top: 0; color: inherit; opacity: 0.8;'>Caracter\u00edsticas F\u00edsicas y El\u00e9ctricas<\/h3>\n<ul style='padding-left: 20px; font-size: 15px; color: inherit;'>\n<li style='margin-bottom: 5px;'>Aplicaci\u00f3n: Interior.<\/li>\n<li style='margin-bottom: 5px;'>Temperatura de Operaci\u00f3n: -10 ~ 55\u00baC<\/li>\n<li style='margin-bottom: 5px;'>Alimentaci\u00f3n: 12 Vcc.<\/li>\n<li style='margin-bottom: 5px;'>Consumo electrico: 4.5W<\/li>\n<li style='margin-bottom: 5px;'>Dimensiones: 435 x 193 x 110 mm<\/li>\n<li style='margin-bottom: 5px;'>Peso: 1.Kg.<\/li>\n<\/ul><\/div>\n<\/p><\/div>\n<p style='text-align: center; margin: 30px 0;'><img style='width: 100%; max-width: 1200px; height: auto; border: 1px solid rgba(150&comma;150&comma;150&comma;0.3); border-radius: 8px;' src='https:\/\/ftp3.syscom.mx\/usuarios\/jsosa\/HIKVISION\/imagenes\/banners\/solution%20complete.png' alt='Soluci\u00f3n completa'><\/p>\n<\/p><\/div>\n","protected":false},"excerpt":{"rendered":"<p>Controlador Anal\u00f3gico para DVR`s, Domos PTZ TURBO y Analogicos  y PTZ epcom\/HIKVISION por RS-485<\/p>\n","protected":false},"featured_media":98774,"comment_status":"open","ping_status":"closed","template":"","meta":[],"product_brand":[],"product_cat":[2298],"product_tag":[417,2299,54],"class_list":{"0":"post-98775","1":"product","2":"type-product","3":"status-publish","4":"has-post-thumbnail","6":"product_cat-controladores-ptz","7":"product_tag-accesorios-generales","8":"product_tag-controladores-ptz","9":"product_tag-hikvision","11":"first","12":"outofstock","13":"sale","14":"shipping-taxable","15":"purchasable","16":"product-type-simple"},"_links":{"self":[{"href":"https:\/\/soydeaqui.ddns.net\/pachuca\/index.php\/wp-json\/wp\/v2\/product\/98775","targetHints":{"allow":["GET"]}}],"collection":[{"href":"https:\/\/soydeaqui.ddns.net\/pachuca\/index.php\/wp-json\/wp\/v2\/product"}],"about":[{"href":"https:\/\/soydeaqui.ddns.net\/pachuca\/index.php\/wp-json\/wp\/v2\/types\/product"}],"replies":[{"embeddable":true,"href":"https:\/\/soydeaqui.ddns.net\/pachuca\/index.php\/wp-json\/wp\/v2\/comments?post=98775"}],"wp:featuredmedia":[{"embeddable":true,"href":"https:\/\/soydeaqui.ddns.net\/pachuca\/index.php\/wp-json\/wp\/v2\/media\/98774"}],"wp:attachment":[{"href":"https:\/\/soydeaqui.ddns.net\/pachuca\/index.php\/wp-json\/wp\/v2\/media?parent=98775"}],"wp:term":[{"taxonomy":"product_brand","embeddable":true,"href":"https:\/\/soydeaqui.ddns.net\/pachuca\/index.php\/wp-json\/wp\/v2\/product_brand?post=98775"},{"taxonomy":"product_cat","embeddable":true,"href":"https:\/\/soydeaqui.ddns.net\/pachuca\/index.php\/wp-json\/wp\/v2\/product_cat?post=98775"},{"taxonomy":"product_tag","embeddable":true,"href":"https:\/\/soydeaqui.ddns.net\/pachuca\/index.php\/wp-json\/wp\/v2\/product_tag?post=98775"}],"curies":[{"name":"wp","href":"https:\/\/api.w.org\/{rel}","templated":true}]}}