{"id":98760,"date":"2026-03-20T09:56:01","date_gmt":"2026-03-20T09:56:01","guid":{"rendered":"https:\/\/soydeaqui.ddns.net\/pachuca\/index.php\/producto\/payload-zenmuse-l2-modulo-lidar-incorporado-proteccion-ip54-camara-rgb-de-20mp-sensor-de-4-3-compatible-con-drones-matrice-300-y-matrice-350\/"},"modified":"2026-03-20T09:56:21","modified_gmt":"2026-03-20T09:56:21","slug":"payload-zenmuse-l2-modulo-lidar-incorporado-proteccion-ip54-camara-rgb-de-20mp-sensor-de-4-3-compatible-con-drones-matrice-300-y-matrice-350","status":"publish","type":"product","link":"https:\/\/soydeaqui.ddns.net\/pachuca\/index.php\/producto\/payload-zenmuse-l2-modulo-lidar-incorporado-proteccion-ip54-camara-rgb-de-20mp-sensor-de-4-3-compatible-con-drones-matrice-300-y-matrice-350\/","title":{"rendered":"Payload Zenmuse L2\/ Modulo Lidar Incorporado\/ Protecci\u00f3n IP54\/ C\u00e1mara RGB de 20MP sensor de 4\/3&#8243;\/Compatible con drones Matrice 300 y Matrice 350"},"content":{"rendered":"<div style='width: 100%; max-width: 1200px; margin: 0 auto; font-family: sans-serif; line-height: 1.6; color: inherit; background-color: transparent;'> <!-- Secci\u00f3n de caracter\u00edsticas principales --> <\/p>\n<div style='display: flex; flex-wrap: wrap; gap: 30px; margin-bottom: 30px;'>\n<div style='flex: 1 1 300px; min-width: 280px;'>\n<div style='border-left: 5px solid #0091ff; border-radius: 5px; padding: 5px; box-shadow: 2px 2px 10px rgba(216&comma;216&comma;216&comma;0.5);'>\n<h3 style='font-size: 22px; margin-top: 0; margin-bottom: 15px; color: inherit;'>Caracter\u00edsticas Principales:<\/h3>\n<ul style='padding-left: 20px; font-size: 15px; color: inherit;'>\n<li style='margin-bottom: 5px;'>C\u00e1mara RGB 20 MP<\/li>\n<li style='margin-bottom: 5px;'>Sensor CMOS de 4\/3 Pulgada<\/li>\n<li style='margin-bottom: 5px;'>Obturador Mec\u00e1nico<\/li>\n<li style='margin-bottom: 5px;'>Soporta hasta 5 retornos de luz<\/li>\n<li style='margin-bottom: 5px;'><span style='font-weight: bolder; color: inherit; font-size: 16px; background-color: rgba(255&comma;255&comma;255&comma;0.1);'>GARANTIA DE 1 A\u00d1O CONTRA DEFECTOS DE FABRICACI\u00d3N<\/span><\/li>\n<\/ul><\/div>\n<\/p><\/div>\n<div style='flex: 1 1 300px; min-width: 280px;'>\n<div style='border-left: 5px solid #0091ff; border-radius: 5px; padding: 5px; box-shadow: 2px 2px 10px rgba(216&comma;216&comma;216&comma;0.5);'>\n<h3 style='font-size: 22px; margin-top: 0; margin-bottom: 15px; color: inherit;'>Caracter\u00edsticas Principales:<\/h3>\n<ul style='padding-left: 20px; font-size: 15px; color: inherit;'>\n<li style='margin-bottom: 5px;'>Sensor LiDAR<\/li>\n<li style='margin-bottom: 5px;'>Frecuencia de puntos efectiva: 240&comma;000 pts\/s (1 retorno) y hasta 1&comma;200&comma;000 pts (5 retornos)<\/li>\n<li style='margin-bottom: 5px;'>Alcance de detecci\u00f3n: 450m (50% reflectividad&comma; 0klx)\/ 250m<\/li>\n<li style='margin-bottom: 5px;'>(10% reflectividad&comma; 100 klx)<\/li>\n<li style='margin-bottom: 5px;'>Consumo El\u00e9ctrico: 17.2 Vcc a 1.63 A<\/li>\n<\/ul><\/div>\n<\/p><\/div>\n<\/p><\/div>\n<p> <!-- Nota importante --> <\/p>\n<div style='margin-bottom: 30px;'>\n<p style='font-size: 14pt; color: inherit;'><strong>Nota importante: <\/strong>Obligatorio para su integraci\u00f3n&comma; el uso en conjunto con equipo DRTK2.<\/p>\n<\/p><\/div>\n<p> <!-- Imagen principal --> <\/p>\n<div style='margin-bottom: 30px;'> <img style='width: 100%; height: auto; border: 1px solid rgba(150&comma;150&comma;150&comma;0.3); border-radius: 8px;' src='https:\/\/ftp3.syscom.mx\/usuarios\/ivan.reyes\/DJI\/ZML2\/Z2.png' alt=''> <\/div>\n<p> <!-- T\u00edtulo escenarios de aplicaci\u00f3n --> <\/p>\n<div style='text-align: center; margin: 30px 0;'>\n<h2 style='font-size: 24px; color: inherit; margin: 0;'>M\u00faltiples escenarios de aplicaci\u00f3n<\/h2>\n<\/p><\/div>\n<p> <!-- Galer\u00eda de im\u00e1genes --> <\/p>\n<div style='display: flex; flex-wrap: wrap; gap: 20px; margin-bottom: 30px;'>\n<div style='flex: 1 1 300px; min-width: 280px;'> <img style='width: 100%; height: auto; border: 1px solid rgba(150&comma;150&comma;150&comma;0.3); border-radius: 8px;' src='https:\/\/ftp3.syscom.mx\/usuarios\/ivan.reyes\/DJI\/ZML2\/Z3.png' alt=''> <\/div>\n<div style='flex: 1 1 300px; min-width: 280px;'> <img style='width: 100%; height: auto; border: 1px solid rgba(150&comma;150&comma;150&comma;0.3); border-radius: 8px;' src='https:\/\/ftp3.syscom.mx\/usuarios\/ivan.reyes\/DJI\/ZML2\/Z4.png' alt=''> <\/div>\n<div style='flex: 1 1 300px; min-width: 280px;'> <img style='width: 100%; height: auto; border: 1px solid rgba(150&comma;150&comma;150&comma;0.3); border-radius: 8px;' src='https:\/\/ftp3.syscom.mx\/usuarios\/ivan.reyes\/DJI\/ZML2\/Z5.png' alt=''> <\/div>\n<\/p><\/div>\n<p> <!-- Secci\u00f3n con imagen y texto --> <\/p>\n<div style='display: flex; flex-wrap: wrap; gap: 30px; margin-bottom: 30px;'>\n<div style='flex: 1 1 300px; min-width: 280px;'> <img style='width: 100%; height: auto; border: 1px solid rgba(150&comma;150&comma;150&comma;0.3); border-radius: 8px;' src='https:\/\/ftp3.syscom.mx\/usuarios\/ivan.reyes\/DJI\/ZML2\/Z3.gif' alt=''> <\/div>\n<div style='flex: 2 1 600px; min-width: 280px;'>\n<h2 style='font-size: 20px; color: inherit; margin-top: 0;'>Puntos de l\u00e1ser m\u00e1s peque\u00f1os&comma; nubes de puntos m\u00e1s densas<\/h2>\n<p style='font-size: 14pt; color: inherit;'> Con un reducido tama\u00f1o de los puntos de 4\u00d712 cm a 100 m (solo una quinta parte del de la L1)&comma; la L2 no solo detecta objetos m\u00e1s peque\u00f1os con un mayor nivel de detalle&comma; tambi\u00e9n puede penetrar por vegetaci\u00f3n m\u00e1s densa y generar modelos de elevaci\u00f3n digital (Digital Elevation Models&comma; DEM) m\u00e1s precisos. <\/p>\n<\/p><\/div>\n<\/p><\/div>\n<p> <!-- Secci\u00f3n con texto e imagen --> <\/p>\n<div style='display: flex; flex-wrap: wrap; gap: 30px; margin-bottom: 30px;'>\n<div style='flex: 1 1 300px; min-width: 280px;'>\n<h2 style='font-size: 20px; color: inherit; margin-top: 0;'>Aumento del 30 % del alcance de detecci\u00f3n<\/h2>\n<p style='font-size: 14pt; color: inherit;'> La L2 puede detectar desde 250 m con reflectividad del 10 % y 100 klx&comma; y desde 450 m con reflectividad del 50 % y 0 klx. La altitud operativa t\u00edpica aumenta ahora hasta 120 metros&comma; lo que mejora notablemente la seguridad y la eficiencia operativas. <\/p>\n<\/p><\/div>\n<div style='flex: 1 1 300px; min-width: 280px;'> <img style='width: 100%; height: auto; border: 1px solid rgba(150&comma;150&comma;150&comma;0.3); border-radius: 8px;' src='https:\/\/ftp3.syscom.mx\/usuarios\/ivan.reyes\/DJI\/ZML2\/Z2.gif' alt=''> <\/div>\n<\/p><\/div>\n<p> <!-- Secci\u00f3n con imagen y texto --> <\/p>\n<div style='display: flex; flex-wrap: wrap; gap: 30px; margin-bottom: 30px;'>\n<div style='flex: 1 1 300px; min-width: 280px;'> <img style='width: 100%; height: auto; border: 1px solid rgba(150&comma;150&comma;150&comma;0.3); border-radius: 8px;' src='https:\/\/ftp3.syscom.mx\/usuarios\/ivan.reyes\/DJI\/ZML2\/Z4.gif' alt=''> <\/div>\n<div style='flex: 2 1 600px; min-width: 280px;'>\n<h2 style='font-size: 20px; color: inherit; margin-top: 0;'>Dise\u00f1o basado en marco<\/h2>\n<p style='color: inherit;'> El dise\u00f1o basado en marco da como resultado una tasa efectiva de nube de puntos de hasta un 100 %. Junto con un estabilizador de tres ejes&comma; ofrece m\u00e1s posibilidades para la topograf\u00eda. <\/p>\n<p style='color: inherit;'> Con una amplia facilidad de instalaci\u00f3n y compatible con los equipos MATRICE300 y MATRICE350. <\/p>\n<\/p><\/div>\n<\/p><\/div>\n<p> <!-- Separador --> <\/p>\n<hr style='border: 0; border-top: 1px solid rgba(150&comma; 150&comma; 150&comma; 0.3); margin: 30px 0;'> <!-- Secci\u00f3n de cards con especificaciones --> <\/p>\n<div style='display: flex; flex-wrap: wrap; gap: 20px; margin-bottom: 30px;'>\n<div style='flex: 1 1 250px; border: 1px solid rgba(150&comma; 150&comma; 150&comma; 0.4); border-radius: 8px; overflow: hidden; display: flex; flex-direction: column;'>\n<div style='padding: 15px; border-bottom: 1px solid rgba(150&comma; 150&comma; 150&comma; 0.2); font-weight: bold; font-size: 18px; color: inherit;'>Precisi\u00f3n de alto nivel<\/div>\n<div style='padding: 15px; color: inherit;'>\n<ul style='padding-left: 20px; margin: 0; font-size: 14px; list-style-type: disc;'>\n<li style='margin-bottom: 5px;'>Mediante la combinaci\u00f3n de GNSS y una IMU de desarrollo propio de alta precisi\u00f3n&comma; esta soluci\u00f3n logra precisi\u00f3n vertical de 4 cm y precisi\u00f3n horizontal de 5 cm.<\/li>\n<\/ul><\/div>\n<\/p><\/div>\n<div style='flex: 1 1 250px; border: 1px solid rgba(150&comma; 150&comma; 150&comma; 0.4); border-radius: 8px; overflow: hidden; display: flex; flex-direction: column;'>\n<div style='padding: 15px; border-bottom: 1px solid rgba(150&comma; 150&comma; 150&comma; 0.2); font-weight: bold; font-size: 18px; color: inherit;'>Eficiencia excepcional<\/div>\n<div style='padding: 15px; color: inherit;'>\n<ul style='padding-left: 20px; margin: 0; font-size: 14px; list-style-type: disc;'>\n<li style='margin-bottom: 5px;'>Est\u00e1 lista para funcionar en cuanto se enciende y puede recopilar datos tanto geoespaciales como RGB de un \u00e1rea de 2.5 km2 en un solo vuelo.<\/li>\n<\/ul><\/div>\n<\/p><\/div>\n<div style='flex: 1 1 250px; border: 1px solid rgba(150&comma; 150&comma; 150&comma; 0.4); border-radius: 8px; overflow: hidden; display: flex; flex-direction: column;'>\n<div style='padding: 15px; border-bottom: 1px solid rgba(150&comma; 150&comma; 150&comma; 0.2); font-weight: bold; font-size: 18px; color: inherit;'>Operaci\u00f3n intuitiva<\/div>\n<div style='padding: 15px; color: inherit;'>\n<ul style='padding-left: 20px; margin: 0; font-size: 14px; list-style-type: disc;'>\n<li style='margin-bottom: 5px;'>En combinaci\u00f3n con el Matrice 350 RTK y DJI Terra&comma; la L2 ofrece una soluci\u00f3n todo en uno de uso sencillo para que a\u00fan m\u00e1s operarios puedan trabajar con ella<\/li>\n<\/ul><\/div>\n<\/p><\/div>\n<\/p><\/div>\n<\/p><\/div>\n","protected":false},"excerpt":{"rendered":"<p>Payload Zenmuse L2\/ Modulo Lidar Incorporado\/ Protecci\u00f3n IP54\/ C\u00e1mara RGB de 20MP sensor de 4\/3&#8243;\/Compatible con drones Matrice 300 y Matrice 350<\/p>\n","protected":false},"featured_media":98759,"comment_status":"open","ping_status":"closed","template":"","meta":[],"product_brand":[],"product_cat":[2223,2225],"product_tag":[2228,2226,2227],"class_list":{"0":"post-98760","1":"product","2":"type-product","3":"status-publish","4":"has-post-thumbnail","6":"product_cat-drones","7":"product_cat-drones-robots-e-industrial","8":"product_tag-dji","9":"product_tag-drones","10":"product_tag-robots-e-industrial","12":"first","13":"instock","14":"sale","15":"shipping-taxable","16":"purchasable","17":"product-type-simple"},"_links":{"self":[{"href":"https:\/\/soydeaqui.ddns.net\/pachuca\/index.php\/wp-json\/wp\/v2\/product\/98760","targetHints":{"allow":["GET"]}}],"collection":[{"href":"https:\/\/soydeaqui.ddns.net\/pachuca\/index.php\/wp-json\/wp\/v2\/product"}],"about":[{"href":"https:\/\/soydeaqui.ddns.net\/pachuca\/index.php\/wp-json\/wp\/v2\/types\/product"}],"replies":[{"embeddable":true,"href":"https:\/\/soydeaqui.ddns.net\/pachuca\/index.php\/wp-json\/wp\/v2\/comments?post=98760"}],"wp:featuredmedia":[{"embeddable":true,"href":"https:\/\/soydeaqui.ddns.net\/pachuca\/index.php\/wp-json\/wp\/v2\/media\/98759"}],"wp:attachment":[{"href":"https:\/\/soydeaqui.ddns.net\/pachuca\/index.php\/wp-json\/wp\/v2\/media?parent=98760"}],"wp:term":[{"taxonomy":"product_brand","embeddable":true,"href":"https:\/\/soydeaqui.ddns.net\/pachuca\/index.php\/wp-json\/wp\/v2\/product_brand?post=98760"},{"taxonomy":"product_cat","embeddable":true,"href":"https:\/\/soydeaqui.ddns.net\/pachuca\/index.php\/wp-json\/wp\/v2\/product_cat?post=98760"},{"taxonomy":"product_tag","embeddable":true,"href":"https:\/\/soydeaqui.ddns.net\/pachuca\/index.php\/wp-json\/wp\/v2\/product_tag?post=98760"}],"curies":[{"name":"wp","href":"https:\/\/api.w.org\/{rel}","templated":true}]}}