{"id":98748,"date":"2026-03-20T09:55:28","date_gmt":"2026-03-20T09:55:28","guid":{"rendered":"https:\/\/soydeaqui.ddns.net\/pachuca\/index.php\/producto\/ups-de-3000va-2700w-topologia-on-line-doble-conversion-con-baterias-internas-entrada-y-salida-de-120-vca-clavija-de-entrada-nema-l5-30p-pantalla-lcd-configurable-formato-rack-torre-2\/"},"modified":"2026-03-20T09:55:42","modified_gmt":"2026-03-20T09:55:42","slug":"ups-de-3000va-2700w-topologia-on-line-doble-conversion-con-baterias-internas-entrada-y-salida-de-120-vca-clavija-de-entrada-nema-l5-30p-pantalla-lcd-configurable-formato-rack-torre-2","status":"publish","type":"product","link":"https:\/\/soydeaqui.ddns.net\/pachuca\/index.php\/producto\/ups-de-3000va-2700w-topologia-on-line-doble-conversion-con-baterias-internas-entrada-y-salida-de-120-vca-clavija-de-entrada-nema-l5-30p-pantalla-lcd-configurable-formato-rack-torre-2\/","title":{"rendered":"UPS de 3000VA\/2700W \/ Topolog\u00eda On-Line Doble Conversi\u00f3n con Bater\u00edas Internas \/ Entrada y Salida de 120 Vca \/ Clavija de Entrada NEMA L5-30P \/ Pantalla LCD Configurable \/ Formato Rack\/Torre"},"content":{"rendered":"<div style='width: 100%; max-width: 1200px; margin: 0 auto; font-family: sans-serif; line-height: 1.6; color: inherit; background-color: transparent;'>\n<div style='margin-bottom: 30px;'>\n<p style='margin: 0 0 15px; color: inherit; font-size: 15px;'> El UPS de topolog\u00eda On-Line (doble conversi\u00f3n) es la versi\u00f3n de alta densidad de Epcom Power Line&comma; dise\u00f1ado para aplicaciones de voltajes de 100\/110\/115\/120\/127 VAC. Est\u00e1 equipado con correcci\u00f3n de factor de potencia (PFC) en la entrada&comma; factor de potencia de 0.9 en la salida&comma; ofreciendo altos niveles de confiabilidad y protecci\u00f3n para sistemas IT&comma; equipo de telecomunicaciones&comma; equipo m\u00e9dico y sistemas de misi\u00f3n cr\u00edtica&comma; es convertible a Rack o Torre y solo toma 2U unidades de Rack. <\/p>\n<\/p><\/div>\n<div style='display: flex; flex-wrap: wrap; gap: 30px; margin-bottom: 30px;'>\n<div style='flex: 1 1 300px; min-width: 280px;'>\n<h3 style='font-size: 22px; border-bottom: 2px solid currentColor; padding-bottom: 5px; margin-top: 0; color: inherit; opacity: 0.8;'>Caracter\u00edsticas Generales<\/h3>\n<ul style='padding-left: 20px; font-size: 15px; color: inherit;'>\n<li style='margin-bottom: 5px;'><strong>Capacidad:<\/strong> 3000 VA \/ 2700 W<\/li>\n<li style='margin-bottom: 5px;'><strong>Topolog\u00eda:<\/strong> On-Line<\/li>\n<li style='margin-bottom: 5px;'><strong>Pantalla:<\/strong> LCD<\/li>\n<li style='margin-bottom: 5px;'><strong>Tipo de onda:<\/strong> Onda senoidal pura<\/li>\n<li style='margin-bottom: 5px;'><strong>Bater\u00eda:<\/strong> 6 x 12V9Ah (incluidas)<\/li>\n<li style='margin-bottom: 5px;'><strong>Dimensiones (mm):<\/strong> 88 x 440 x 560 (Alto x Ancho x Profundidad)<\/li>\n<li style='margin-bottom: 5px;'><strong>Factor de potencia de salida:<\/strong> 0.9<\/li>\n<li style='margin-bottom: 5px;'><strong>Regulador de Voltaje:<\/strong> 95 &#8211; 135 VAC<\/li>\n<li style='margin-bottom: 5px;'><strong>Salida de Voltaje:<\/strong> 100 V \/ 110 V \/ 115 V \/ 120 V \/ 127V AC (Configurable v\u00eda LCD)<\/li>\n<li style='margin-bottom: 5px;'><strong>Opci\u00f3n para banco de bater\u00eda:<\/strong> S\u00ed<\/li>\n<\/ul>\n<p style='margin-top: 15px; color: inherit; font-size: 14px;'> <strong>NOTA:<\/strong> En los bornes de alimentaci\u00f3n INPUT corresponde a la entrada y OUTPUT a la salida. <\/p>\n<\/p><\/div>\n<div style='flex: 1 1 300px; min-width: 280px;'>\n<h3 style='font-size: 22px; border-bottom: 2px solid currentColor; padding-bottom: 5px; margin-top: 0; color: inherit; opacity: 0.8;'>Duraci\u00f3n de Respaldo<\/h3>\n<ul style='padding-left: 20px; font-size: 14px; color: inherit;'>\n<li style='margin-bottom: 5px;'><strong>Duraci\u00f3n a media carga:<\/strong> 9.0 min<\/li>\n<li style='margin-bottom: 5px;'><strong>Duraci\u00f3n a carga completa:<\/strong> 3.0 min<\/li>\n<li style='margin-bottom: 5px;'><strong>Duraci\u00f3n con 50W:<\/strong> 249.0 min<\/li>\n<li style='margin-bottom: 5px;'><strong>Duraci\u00f3n con 100W:<\/strong> 150.0 min<\/li>\n<li style='margin-bottom: 5px;'><strong>Duraci\u00f3n con 200W:<\/strong> 78.0 min<\/li>\n<li style='margin-bottom: 5px;'><strong>Duraci\u00f3n con 300W:<\/strong> 51.0 min<\/li>\n<li style='margin-bottom: 5px;'><strong>Duraci\u00f3n con 400W:<\/strong> 38.0 min<\/li>\n<li style='margin-bottom: 5px;'><strong>Duraci\u00f3n con 500W:<\/strong> 30.0 min<\/li>\n<li style='margin-bottom: 5px;'><strong>Duraci\u00f3n con 600W:<\/strong> 25.0 min<\/li>\n<li style='margin-bottom: 5px;'><strong>Duraci\u00f3n con 700W:<\/strong> 20.0 min<\/li>\n<li style='margin-bottom: 5px;'><strong>Duraci\u00f3n con 800W:<\/strong> 17.0 min<\/li>\n<li style='margin-bottom: 5px;'><strong>Duraci\u00f3n con 900W:<\/strong> 15.0 min<\/li>\n<li style='margin-bottom: 5px;'><strong>Duraci\u00f3n con 1000W:<\/strong> 13.0 min<\/li>\n<li style='margin-bottom: 5px;'><strong>Duraci\u00f3n con 1100W:<\/strong> 11.0 min<\/li>\n<li style='margin-bottom: 5px;'><strong>Duraci\u00f3n con 1200W:<\/strong> 9.9 min<\/li>\n<li style='margin-bottom: 5px;'><strong>Duraci\u00f3n con 1300W:<\/strong> 9.0 min<\/li>\n<li style='margin-bottom: 5px;'><strong>Duraci\u00f3n con 1400W:<\/strong> 8.0 min<\/li>\n<li style='margin-bottom: 5px;'><strong>Duraci\u00f3n con 1500W:<\/strong> 7.0 min<\/li>\n<li style='margin-bottom: 5px;'><strong>Duraci\u00f3n con 1600W:<\/strong> 6.5 min<\/li>\n<li style='margin-bottom: 5px;'><strong>Duraci\u00f3n con 1700W:<\/strong> 5.7 min<\/li>\n<li style='margin-bottom: 5px;'><strong>Duraci\u00f3n con 1800W:<\/strong> 4.9 min<\/li>\n<li style='margin-bottom: 5px;'><strong>Duraci\u00f3n con 1900W:<\/strong> 4.7 min<\/li>\n<li style='margin-bottom: 5px;'><strong>Duraci\u00f3n con 2000W:<\/strong> 4.5 min<\/li>\n<li style='margin-bottom: 5px;'><strong>Duraci\u00f3n con 2100W:<\/strong> 3.6 min<\/li>\n<li style='margin-bottom: 5px;'><strong>Duraci\u00f3n con 2200W:<\/strong> 3.0 min<\/li>\n<\/ul><\/div>\n<\/p><\/div>\n<div style='margin-bottom: 30px;'>\n<div style='display: flex; justify-content: center; margin-bottom: 20px;'> <img style='width: 100px; height: auto; border: 1px solid rgba(150&comma;150&comma;150&comma;0.3); border-radius: 8px;' src='http:\/\/ftp3.syscom.mx\/usuarios\/ftp\/single_page\/epcom_powerline\/ups_logotipo.png' alt='Logo Epcom Power Line'> <\/div>\n<div style='display: flex; justify-content: center; margin-bottom: 20px;'> <a style='color: inherit; text-decoration: none; font-weight: bold; font-size: 24px; font-family: impact&comma; sans-serif;' href='https:\/\/ftp3.syscom.mx\/usuarios\/acordova\/epcom%20Power%20line\/BACK%20UP.xlsx' target='_blank' rel='noopener'> DESCARGA EL CALCULADOR DE TIEMPO DE RESPALDO <\/a> <\/div>\n<div style='display: flex; justify-content: center; margin-bottom: 30px;'> <a style='color: inherit; text-decoration: none; font-weight: bold; font-size: 24px; font-family: impact&comma; sans-serif;' href='https:\/\/ftp3.syscom.mx\/usuarios\/acordova\/epcom%20Power%20line\/BACK%20UP.xlsx' target='_blank' rel='noopener'> AQUI! <\/a> <\/div>\n<div style='display: flex; justify-content: center; margin-bottom: 30px;'> <img style='width: 100%; height: auto; border: 1px solid rgba(150&comma;150&comma;150&comma;0.3); border-radius: 8px;' src='http:\/\/ftp3.syscom.mx\/usuarios\/ftp\/single_page\/epcom_powerline\/ups_header.png' alt='Cabecera UPS Epcom'> <\/div>\n<\/p><\/div>\n<div style='margin-bottom: 30px;'>\n<h3 style='font-size: 22px; border-bottom: 2px solid currentColor; padding-bottom: 5px; margin-top: 0; color: inherit; opacity: 0.8;'>La L\u00ednea de UPS m\u00e1s Confiable<\/h3>\n<p style='margin-top: 15px; color: inherit; font-size: 15px;'> Conozca la L\u00ednea de UPS de Epcom Power Line\u00ae. La l\u00ednea de UPS de Epcom Power Line\u00ae fue dise\u00f1ada para brindar alto desempe\u00f1o y una excelente calidad&comma; son usados para proteger y energizar equipos&comma; tambi\u00e9n suministra voltaje puro con regulador autom\u00e1tico de Voltaje (AVR) en boost y buck. Son simples&comma; a bajo costo y su instalaci\u00f3n es sencilla y r\u00e1pida. <\/p>\n<div style='display: flex; justify-content: center; margin-top: 20px;'> <img style='width: 400px; height: auto; border: 1px solid rgba(150&comma;150&comma;150&comma;0.3); border-radius: 8px;' src='http:\/\/ftp3.syscom.mx\/usuarios\/ftp\/single_page\/epcom_powerline\/ups_img2.png' alt='UPS Epcom Power Line'> <\/div>\n<\/p><\/div>\n<div style='margin-bottom: 30px;'>\n<h3 style='font-size: 22px; border-bottom: 2px solid currentColor; padding-bottom: 5px; margin-top: 0; color: inherit; opacity: 0.8;'>UPS L\u00ednea Interactiva<\/h3>\n<div style='display: flex; justify-content: center; margin: 20px 0;'> <img style='width: 350px; height: auto; border: 1px solid rgba(150&comma;150&comma;150&comma;0.3); border-radius: 8px;' src='http:\/\/ftp3.syscom.mx\/usuarios\/ftp\/single_page\/epcom_powerline\/ups_3.png' alt='UPS L\u00ednea Interactiva'> <\/div>\n<p style='color: inherit; font-size: 15px;'> Los UPS de la interactiva de Epcom Power Line\u00ae son especiales para suplir necesidades tales como hardware de redes&comma; computadoras&comma; etc.&comma; estos equipos corrigen fluctuaciones menores de energ\u00eda sin necesidad de cambiar a modo bater\u00eda&comma; haciendo m\u00e1s longevo el tiempo de vida de la bater\u00eda. <\/p>\n<\/p><\/div>\n<div style='margin-bottom: 30px;'>\n<h3 style='font-size: 22px; border-bottom: 2px solid currentColor; padding-bottom: 5px; margin-top: 0; color: inherit; opacity: 0.8;'>UPS On-Line<\/h3>\n<div style='display: flex; justify-content: center; margin: 20px 0;'> <img style='width: 400px; height: auto; border: 1px solid rgba(150&comma;150&comma;150&comma;0.3); border-radius: 8px;' src='http:\/\/ftp3.syscom.mx\/usuarios\/ftp\/single_page\/epcom_powerline\/ups_img1.png' alt='UPS On-Line'> <\/div>\n<div style='display: flex; justify-content: center; margin: 20px 0;'> <img style='width: 300px; height: auto; border: 1px solid rgba(150&comma;150&comma;150&comma;0.3); border-radius: 8px;' src='http:\/\/ftp3.syscom.mx\/usuarios\/ftp\/single_page\/epcom_powerline\/ups_icono1.png' alt='Icono UPS On-Line'> <\/div>\n<p style='margin-top: 15px; color: inherit; font-size: 15px;'> La tecnolog\u00eda de UPS On-Line (doble conversi\u00f3n) es la versi\u00f3n de alta densidad de Epcom Power Line\u00ae&comma; est\u00e1 dise\u00f1ada para aplicaciones de voltajes de 100\/110\/115\/120\/127 VAC. <\/p>\n<p style='margin-top: 15px; color: inherit; font-size: 15px;'> Est\u00e1 equipado con correcci\u00f3n de factor de potencia (PFC) en la entrada&comma; factor de potencia de 0.9 en la salida&comma; ofreciendo altos niveles de confiabilidad y protecci\u00f3n para sistemas IT&comma; equipo de telecomunicaciones&comma; equipo m\u00e9dico y sistemas de misi\u00f3n cr\u00edtica. Es convertible a Rack o Torre y solo toma 2U unidades de Rack. <\/p>\n<\/p><\/div>\n<div style='display: flex; flex-wrap: wrap; gap: 30px; margin-bottom: 30px;'>\n<div style='flex: 1 1 300px; min-width: 280px;'>\n<h3 style='font-size: 22px; border-bottom: 2px solid currentColor; padding-bottom: 5px; margin-top: 0; color: inherit; opacity: 0.8;'>Highlights<\/h3>\n<ul style='padding-left: 20px; font-size: 15px; color: inherit;'>\n<li style='margin-bottom: 5px;'>Los UPS On-Line ofrecen tecnolog\u00eda de alta eficiencia de conversi\u00f3n en l\u00ednea doble.<\/li>\n<li style='margin-bottom: 5px;'>Onda senoidal pura.<\/li>\n<li style='margin-bottom: 5px;'>Funcionamiento en modo Eco para el ahorro energ\u00e9tico.<\/li>\n<li style='margin-bottom: 5px;'>Rango din\u00e1mico de voltaje.<\/li>\n<li style='margin-bottom: 5px;'>Voltaje configurable de salida v\u00eda LCD.<\/li>\n<li style='margin-bottom: 5px;'>M\u00f3dulo de bater\u00edas para extender tiempo de respaldo.<\/li>\n<li style='margin-bottom: 5px;'>Instalaci\u00f3n Rack\/Torre.<\/li>\n<li style='margin-bottom: 5px;'>Los UPS de topolog\u00eda On-line pueden ser configurados horizontal o verticalmente.<\/li>\n<\/ul><\/div>\n<div style='flex: 1 1 300px; min-width: 280px; display: flex; justify-content: center; align-items: center;'> <img style='width: 400px; height: auto; border: 1px solid rgba(150&comma;150&comma;150&comma;0.3); border-radius: 8px;' src='http:\/\/ftp3.syscom.mx\/usuarios\/ftp\/single_page\/epcom_powerline\/ups_5.png' alt='Imagen UPS'> <\/div>\n<\/p><\/div>\n<div style='display: flex; flex-wrap: wrap; gap: 30px; margin-bottom: 30px;'>\n<div style='flex: 1 1 300px; min-width: 280px;'>\n<h3 style='font-size: 22px; border-bottom: 2px solid currentColor; padding-bottom: 5px; margin-top: 0; color: inherit; opacity: 0.8;'>Rango din\u00e1mico de voltaje (AVR)<\/h3>\n<p style='margin-top: 15px; color: inherit; font-size: 15px;'> El rango din\u00e1mico de voltaje (AVR) en los UPS de Epcom Power Line\u00ae ayuda a estabilizar la se\u00f1al entrante de CA&comma; se encarga de controlar los voltajes altos y bajos&comma; manteniendo la energ\u00eda de salida a un nivel nominal de 120v&comma; reduce fallas del sistema e incrementa significativamente la vida de la bater\u00eda. <\/p>\n<\/p><\/div>\n<div style='flex: 1 1 300px; min-width: 280px;'>\n<h3 style='font-size: 22px; border-bottom: 2px solid currentColor; padding-bottom: 5px; margin-top: 0; color: inherit; opacity: 0.8;'>Voltajes configurables de salida<\/h3>\n<p style='margin-top: 15px; color: inherit; font-size: 15px;'> Algunos modelos de Epcom Power Line\u00ae&comma; pueden ser configurables con voltaje de salida seleccionable: 100 V \/ 110 V \/ 115 V \/ 120 V \/ 127 V AC. <\/p>\n<\/p><\/div>\n<\/p><\/div>\n<div style='display: flex; justify-content: center; margin: 30px 0;'> <img style='width: 100%; height: auto; border: 1px solid rgba(150&comma;150&comma;150&comma;0.3); border-radius: 8px;' src='http:\/\/ftp3.syscom.mx\/usuarios\/ftp\/single_page\/epcom_powerline\/ups_background_1.png' alt='Fondo UPS'> <\/div>\n<\/p><\/div>\n","protected":false},"excerpt":{"rendered":"<p>UPS de 3000VA\/2700W \/ Topolog\u00eda On-Line Doble Conversi\u00f3n con Bater\u00edas Internas \/ Entrada y Salida de 120 Vca \/ Clavija de Entrada NEMA L5-30P \/ Pantalla LCD Configurable \/ Formato Rack\/Torre<\/p>\n","protected":false},"featured_media":98747,"comment_status":"open","ping_status":"closed","template":"","meta":[],"product_brand":[],"product_cat":[1231],"product_tag":[142,454,1232],"class_list":{"0":"post-98748","1":"product","2":"type-product","3":"status-publish","4":"has-post-thumbnail","6":"product_cat-ups-no-break-energia-videovigilancia","7":"product_tag-energia","8":"product_tag-epcom-powerline","9":"product_tag-ups-no-break-2","11":"first","12":"outofstock","13":"sale","14":"shipping-taxable","15":"purchasable","16":"product-type-simple"},"_links":{"self":[{"href":"https:\/\/soydeaqui.ddns.net\/pachuca\/index.php\/wp-json\/wp\/v2\/product\/98748","targetHints":{"allow":["GET"]}}],"collection":[{"href":"https:\/\/soydeaqui.ddns.net\/pachuca\/index.php\/wp-json\/wp\/v2\/product"}],"about":[{"href":"https:\/\/soydeaqui.ddns.net\/pachuca\/index.php\/wp-json\/wp\/v2\/types\/product"}],"replies":[{"embeddable":true,"href":"https:\/\/soydeaqui.ddns.net\/pachuca\/index.php\/wp-json\/wp\/v2\/comments?post=98748"}],"wp:featuredmedia":[{"embeddable":true,"href":"https:\/\/soydeaqui.ddns.net\/pachuca\/index.php\/wp-json\/wp\/v2\/media\/98747"}],"wp:attachment":[{"href":"https:\/\/soydeaqui.ddns.net\/pachuca\/index.php\/wp-json\/wp\/v2\/media?parent=98748"}],"wp:term":[{"taxonomy":"product_brand","embeddable":true,"href":"https:\/\/soydeaqui.ddns.net\/pachuca\/index.php\/wp-json\/wp\/v2\/product_brand?post=98748"},{"taxonomy":"product_cat","embeddable":true,"href":"https:\/\/soydeaqui.ddns.net\/pachuca\/index.php\/wp-json\/wp\/v2\/product_cat?post=98748"},{"taxonomy":"product_tag","embeddable":true,"href":"https:\/\/soydeaqui.ddns.net\/pachuca\/index.php\/wp-json\/wp\/v2\/product_tag?post=98748"}],"curies":[{"name":"wp","href":"https:\/\/api.w.org\/{rel}","templated":true}]}}