{"id":98740,"date":"2026-03-20T09:55:04","date_gmt":"2026-03-20T09:55:04","guid":{"rendered":"https:\/\/soydeaqui.ddns.net\/pachuca\/index.php\/producto\/limpiador-para-bateras-exi32-mxima-limpieza-y-proteccin-para-una-vida-til-ms-prolongada-de-bateras\/"},"modified":"2026-03-20T09:55:05","modified_gmt":"2026-03-20T09:55:05","slug":"limpiador-para-bateras-exi32-mxima-limpieza-y-proteccin-para-una-vida-til-ms-prolongada-de-bateras","status":"publish","type":"product","link":"https:\/\/soydeaqui.ddns.net\/pachuca\/index.php\/producto\/limpiador-para-bateras-exi32-mxima-limpieza-y-proteccin-para-una-vida-til-ms-prolongada-de-bateras\/","title":{"rendered":"Limpiador para Bater?as EXI32, M?xima Limpieza y Protecci?n para una Vida ?til m?s Prolongada de Bater?as"},"content":{"rendered":"<div style='width: 100%; max-width: 1200px; margin: 0 auto; font-family: sans-serif; line-height: 1.6; color: inherit; background-color: transparent;'> <!-- Imagen principal --> <\/p>\n<div style='margin-bottom: 30px;'> <img style='width: 100%; height: auto; border: 1px solid rgba(150&comma;150&comma;150&comma;0.3); border-radius: 8px;' src='https:\/\/ftp3.syscom.mx\/usuarios\/fotos\/SILIMPO\/160999-silimexup.jpg' alt=''> <\/div>\n<p> <!-- Descripci\u00f3n principal --> <\/p>\n<div style='margin-bottom: 30px;'>\n<p style='text-align: justify; font-size: 15px; color: inherit;'> Este <strong>limpiador de bater\u00edas EXI32<\/strong> ha sido dise\u00f1ado para eliminar de manera eficaz la suciedad&comma; corrosi\u00f3n y acumulaci\u00f3n de sulfato en la superficie de las bater\u00edas&comma; terminales y conectores. Su f\u00f3rmula avanzada neutraliza superficies \u00e1cidas y corrosivas&comma; y es segura para usar en cualquier tipo de material&comma; proporcionando as\u00ed una limpieza completa sin riesgo de da\u00f1os. <\/p>\n<\/p><\/div>\n<p> <!-- Caracter\u00edsticas principales --> <\/p>\n<div style='display: flex; flex-wrap: wrap; gap: 30px; margin-bottom: 30px;'>\n<div style='flex: 1 1 300px; min-width: 280px;'>\n<h3 style='font-size: 22px; border-bottom: 2px solid currentColor; padding-bottom: 5px; margin-top: 0; color: inherit; opacity: 0.8;'>Caracter\u00edsticas<\/h3>\n<ul style='padding-left: 20px; font-size: 15px; color: inherit;'>\n<li style='margin-bottom: 5px;'><strong>Neutralizaci\u00f3n de corrosi\u00f3n:<\/strong> Gracias a su capacidad para neutralizar superficies sulfatadas y \u00e1cidas&comma; este limpiador previene la corrosi\u00f3n y mejora la conductividad de los terminales de la bater\u00eda&comma; lo cual ayuda a prolongar su vida \u00fatil.<\/li>\n<li style='margin-bottom: 5px;'><strong>Compatibilidad universal:<\/strong> No es corrosivo ni reactivo&comma; por lo que es seguro de usar en diversos materiales&comma; desde pl\u00e1stico hasta metal&comma; sin afectar sus propiedades.<\/li>\n<li style='margin-bottom: 5px;'><strong>Alto rendimiento y ecol\u00f3gico:<\/strong> Su formulaci\u00f3n sin CFC\u2019s ni HCFC\u2019s contribuye a la sostenibilidad ambiental. Adem\u00e1s&comma; su presentaci\u00f3n de 454 ml es suficiente para m\u00faltiples usos.<\/li>\n<li style='margin-bottom: 5px;'><strong>F\u00e1cil almacenamiento:<\/strong> El envase de hojalata asegura una buena conservaci\u00f3n del producto y permite su almacenamiento en talleres o garajes sin riesgo de deterioro.<\/li>\n<\/ul><\/div>\n<\/p><\/div>\n<p> <!-- Secci\u00f3n de especificaciones --> <\/p>\n<div style='display: flex; flex-wrap: wrap; gap: 20px; margin-bottom: 30px;'>\n<div style='flex: 1 1 250px; border: 1px solid rgba(150&comma; 150&comma; 150&comma; 0.4); border-radius: 8px; overflow: hidden; display: flex; flex-direction: column;'>\n<div style='padding: 15px; border-bottom: 1px solid rgba(150&comma; 150&comma; 150&comma; 0.2); font-weight: bold; font-size: 18px; color: inherit;'>Precauciones<\/div>\n<div style='padding: 15px; color: inherit;'>\n<ul style='padding-left: 20px; margin: 0; font-size: 14px; list-style-type: disc;'>\n<li style='margin-bottom: 5px;'>No se exponga a temperaturas mayores a 50\u00b0C.<\/li>\n<li style='margin-bottom: 5px;'>No perforar ni incinerar los envases vac\u00edos.<\/li>\n<li style='margin-bottom: 5px;'>No dejar dentro de la cabina del autom\u00f3vil.<\/li>\n<li style='margin-bottom: 5px;'>Mant\u00e9ngase fuera del alcance de los ni\u00f1os.<\/li>\n<\/ul><\/div>\n<\/p><\/div>\n<div style='flex: 1 1 250px; border: 1px solid rgba(150&comma; 150&comma; 150&comma; 0.4); border-radius: 8px; overflow: hidden; display: flex; flex-direction: column;'>\n<div style='padding: 15px; border-bottom: 1px solid rgba(150&comma; 150&comma; 150&comma; 0.2); font-weight: bold; font-size: 18px; color: inherit;'>Instrucciones de Uso<\/div>\n<div style='padding: 15px; color: inherit;'>\n<ul style='padding-left: 20px; margin: 0; font-size: 14px; list-style-type: disc;'>\n<li style='margin-bottom: 5px;'><strong>1.-<\/strong> Agitar antes de usar para activar el producto.<\/li>\n<li style='margin-bottom: 5px;'><strong>2.-<\/strong> Aplicar directamente sobre la superficie a tratar.<\/li>\n<li style='margin-bottom: 5px;'><strong>3.-<\/strong> Uso externo \u00fanicamente: Se recomienda evitar contacto con el interior de la bater\u00eda y seguir las precauciones indicadas.<\/li>\n<\/ul><\/div>\n<\/p><\/div>\n<\/p><\/div>\n<p> <!-- Conclusi\u00f3n --> <\/p>\n<div style='margin-bottom: 30px;'>\n<p style='text-align: justify; font-size: 15px; color: inherit;'> Este limpiador es una excelente opci\u00f3n para mantener el buen estado de las bater\u00edas automotrices&comma; asegurando un arranque \u00f3ptimo y minimizando la corrosi\u00f3n en los terminales. <\/p>\n<\/p><\/div>\n<p> <!-- Imagen final --> <\/p>\n<div style='margin-bottom: 30px;'> <img style='width: 100%; height: auto; border: 1px solid rgba(150&comma;150&comma;150&comma;0.3); border-radius: 8px;' src='https:\/\/ftp3.syscom.mx\/usuarios\/fotos\/SILIMPO\/160999-linkdn.png' alt=''> <\/div>\n<\/p><\/div>\n","protected":false},"excerpt":{"rendered":"<p>Limpiador para Bater?as EXI32, M?xima Limpieza y Protecci?n para una Vida ?til m?s Prolongada de Bater?as<\/p>\n","protected":false},"featured_media":98739,"comment_status":"open","ping_status":"closed","template":"","meta":[],"product_brand":[],"product_cat":[608],"product_tag":[586,25,607],"class_list":{"0":"post-98740","1":"product","2":"type-product","3":"status-publish","4":"has-post-thumbnail","6":"product_cat-herramientas-cableado-de-cobre","7":"product_tag-cableado-de-cobre","8":"product_tag-herramientas","9":"product_tag-silimex","11":"first","12":"instock","13":"sale","14":"shipping-taxable","15":"purchasable","16":"product-type-simple"},"_links":{"self":[{"href":"https:\/\/soydeaqui.ddns.net\/pachuca\/index.php\/wp-json\/wp\/v2\/product\/98740","targetHints":{"allow":["GET"]}}],"collection":[{"href":"https:\/\/soydeaqui.ddns.net\/pachuca\/index.php\/wp-json\/wp\/v2\/product"}],"about":[{"href":"https:\/\/soydeaqui.ddns.net\/pachuca\/index.php\/wp-json\/wp\/v2\/types\/product"}],"replies":[{"embeddable":true,"href":"https:\/\/soydeaqui.ddns.net\/pachuca\/index.php\/wp-json\/wp\/v2\/comments?post=98740"}],"wp:featuredmedia":[{"embeddable":true,"href":"https:\/\/soydeaqui.ddns.net\/pachuca\/index.php\/wp-json\/wp\/v2\/media\/98739"}],"wp:attachment":[{"href":"https:\/\/soydeaqui.ddns.net\/pachuca\/index.php\/wp-json\/wp\/v2\/media?parent=98740"}],"wp:term":[{"taxonomy":"product_brand","embeddable":true,"href":"https:\/\/soydeaqui.ddns.net\/pachuca\/index.php\/wp-json\/wp\/v2\/product_brand?post=98740"},{"taxonomy":"product_cat","embeddable":true,"href":"https:\/\/soydeaqui.ddns.net\/pachuca\/index.php\/wp-json\/wp\/v2\/product_cat?post=98740"},{"taxonomy":"product_tag","embeddable":true,"href":"https:\/\/soydeaqui.ddns.net\/pachuca\/index.php\/wp-json\/wp\/v2\/product_tag?post=98740"}],"curies":[{"name":"wp","href":"https:\/\/api.w.org\/{rel}","templated":true}]}}