{"id":98735,"date":"2026-03-20T09:54:50","date_gmt":"2026-03-20T09:54:50","guid":{"rendered":"https:\/\/soydeaqui.ddns.net\/pachuca\/index.php\/producto\/receptor-compatible-para-kit-tt582-kvm-4k-60hz-cat-6-6a-y-7-hasta-150-metros-transmite-el-video-y-controla-tu-dvr-via-usb-a-distancia\/"},"modified":"2026-03-20T09:55:01","modified_gmt":"2026-03-20T09:55:01","slug":"receptor-compatible-para-kit-tt582-kvm-4k-60hz-cat-6-6a-y-7-hasta-150-metros-transmite-el-video-y-controla-tu-dvr-via-usb-a-distancia","status":"publish","type":"product","link":"https:\/\/soydeaqui.ddns.net\/pachuca\/index.php\/producto\/receptor-compatible-para-kit-tt582-kvm-4k-60hz-cat-6-6a-y-7-hasta-150-metros-transmite-el-video-y-controla-tu-dvr-via-usb-a-distancia\/","title":{"rendered":"Receptor Compatible para Kit TT582-KVM |4K @60Hz | Cat 6, 6a y 7 |  hasta 150 metros | Transmite el Video y Controla tu DVR v\u00eda USB a distancia"},"content":{"rendered":"<div style='width: 100%; max-width: 1200px; margin: 0 auto; font-family: sans-serif; line-height: 1.6; color: inherit; background-color: transparent;'> <!-- Imagen 1 --> <\/p>\n<div style='width: 100%; margin-bottom: 30px;'> <img style='width: 100%; height: auto; border: 1px solid rgba(150&comma;150&comma;150&comma;0.3); border-radius: 8px;' src='https:\/\/ftp3.syscom.mx\/usuarios\/luis.vargas\/EpcomTitanium\/titaniumup.jpg' alt=''> <\/div>\n<p> <!-- Descripci\u00f3n principal --> <\/p>\n<div style='width: 100%; margin-bottom: 30px;'>\n<h1 style='font-size: 28px; font-weight: bold; text-align: center; margin: 0 0 20px 0; color: inherit;'>TT582KVM-RX<\/h1>\n<p style='text-align: center; margin: 0 70px; font-size: 14px; color: inherit;'>La principal caracter\u00edstica de este kit es su capacidad para extender la se\u00f1al HDMI 4K@60Hz hasta 120 metros utilizando cables de red de categor\u00eda 6 o superiores. Este kit admite diferentes tipos de conexiones&comma; como conexiones uno a uno o uno a muchos a trav\u00e9s de un conmutador gigabit o en cascada. Una ventaja adicional es que este kit extensor cuenta con bucle HDMI&comma; KVM y paso a trav\u00e9s de RS-232. Esto significa que se pueden conectar y controlar dispositivos adicionales&comma; como monitores&comma; teclados y mouse.<\/p>\n<\/p><\/div>\n<p> <!-- Secci\u00f3n de caracter\u00edsticas --> <\/p>\n<div style='width: 100%; margin-bottom: 30px;'>\n<h3 style='font-size: 22px; border-bottom: 2px solid currentColor; padding-bottom: 5px; margin: 0 0 20px 0; text-align: center; color: inherit; opacity: 0.8;'>Caracter\u00edsticas<\/h3>\n<div style='display: flex; flex-wrap: wrap; gap: 20px;'>\n<div style='flex: 1 1 30%; min-width: 250px;'>\n<div style='border-left: 5px double #439cc7; border-radius: 5px; padding: 5px 10px; margin-bottom: 20px; min-height: 220px;'>\n<ul style='padding-left: 20px; font-size: 14px; color: inherit; list-style-type: disc;'>\n<li style='margin-bottom: 8px;'><strong>HDMI:<\/strong> 2.0<\/li>\n<li style='margin-bottom: 8px;'><strong>HDCP:<\/strong> 2.2<\/li>\n<li style='margin-bottom: 8px;'><strong>Ancho de banda:<\/strong> 18Mbps<\/li>\n<li style='margin-bottom: 8px;'><strong>Resoluciones:<\/strong> 3840&#215;21600@24\/30\/50\/60Hz&comma; 1080p@50\/60Hz&comma; 720p@50\/60Hz&comma; 1920&#215;1200@60Hz&comma; 2560&#215;1440@60Hz&comma; 2560&#215;1600@60Hz<\/li>\n<li style='margin-bottom: 8px;'><strong>Formato de audio:<\/strong> LPCM<\/li>\n<\/ul><\/div>\n<\/p><\/div>\n<div style='flex: 1 1 30%; min-width: 250px;'>\n<div style='border-left: 5px double #439cc7; border-radius: 5px; padding: 5px 10px; margin-bottom: 20px; min-height: 220px;'>\n<ul style='padding-left: 20px; font-size: 14px; color: inherit; list-style-type: disc;'>\n<li style='margin-bottom: 8px;'><strong>Dimensiones:<\/strong> 106(L)*103(W)*20.6(H)mm<\/li>\n<li style='margin-bottom: 8px;'><strong>Peso neto:<\/strong> 242g<\/li>\n<li style='margin-bottom: 8px;'><strong>Fuente de alimentaci\u00f3n:<\/strong> 5V\/2A<\/li>\n<li style='margin-bottom: 8px;'><strong>Consumo:<\/strong> 4W<\/li>\n<\/ul><\/div>\n<\/p><\/div>\n<div style='flex: 1 1 30%; min-width: 250px;'>\n<div style='border-left: 5px double #439cc7; border-radius: 5px; padding: 5px 10px; margin-bottom: 20px; min-height: 220px;'>\n<ul style='padding-left: 20px; font-size: 14px; color: inherit; list-style-type: disc;'>\n<li style='margin-bottom: 8px;'><strong>Temperatura de operaci\u00f3n:<\/strong> 0-60\u00ba<\/li>\n<li style='margin-bottom: 8px;'><strong>Incluye:<\/strong><\/li>\n<ul style='padding-left: 30px; font-size: 14px; color: inherit; list-style-type: disc;'>\n<li style='margin-bottom: 5px;'>1x Fuente de 5V\/2A<\/li>\n<li style='margin-bottom: 5px;'>1x cable USB<\/li>\n<li style='margin-bottom: 5px;'>1x Tapa del puerto serie RS232<\/li>\n<li style='margin-bottom: 5px;'>1x Kit montaje pared<\/li>\n<li style='margin-bottom: 5px;'>1x Manual de usuario<\/li>\n<\/ul>\n<\/ul><\/div>\n<\/p><\/div>\n<\/p><\/div>\n<\/p><\/div>\n<p> <!-- Imagen 2 --> <\/p>\n<div style='width: 100%; margin-bottom: 30px;'> <img style='width: 100%; height: auto; border: 1px solid rgba(150&comma;150&comma;150&comma;0.3); border-radius: 8px;' src='https:\/\/ftp3.syscom.mx\/usuarios\/luis.vargas\/EpcomTitanium\/TT582KVM\/TT582KVM%20Poster.jpg' alt=''> <\/div>\n<p> <!-- PDF Embed --> <\/p>\n<div style='width: 100%; margin-bottom: 30px;'>\n<div style='position: relative; padding-bottom: 133.33%; height: 0; overflow: hidden;'>   <\/div>\n<\/p><\/div>\n<\/p><\/div>\n","protected":false},"excerpt":{"rendered":"<p>Receptor Compatible para Kit TT582-KVM |4K @60Hz | Cat 6, 6a y 7 |  hasta 150 metros | Transmite el Video y Controla tu DVR v\u00eda USB a distancia<\/p>\n","protected":false},"featured_media":98734,"comment_status":"open","ping_status":"closed","template":"","meta":[],"product_brand":[],"product_cat":[2073,2074,2077,2075,2072,2076],"product_tag":[417,2079,2080,2083,507,2081,2078,2082],"class_list":{"0":"post-98735","1":"product","2":"type-product","3":"status-publish","4":"has-post-thumbnail","6":"product_cat-convertidores","7":"product_cat-divisores","8":"product_cat-dvi","9":"product_cat-hdmi","10":"product_cat-kits-extensores","11":"product_cat-vga","12":"product_tag-accesorios-generales","13":"product_tag-convertidores","14":"product_tag-divisores","15":"product_tag-dvi","16":"product_tag-epcom-titanium","17":"product_tag-hdmi","18":"product_tag-kits-extensores","19":"product_tag-vga","21":"first","22":"instock","23":"sale","24":"shipping-taxable","25":"purchasable","26":"product-type-simple"},"_links":{"self":[{"href":"https:\/\/soydeaqui.ddns.net\/pachuca\/index.php\/wp-json\/wp\/v2\/product\/98735","targetHints":{"allow":["GET"]}}],"collection":[{"href":"https:\/\/soydeaqui.ddns.net\/pachuca\/index.php\/wp-json\/wp\/v2\/product"}],"about":[{"href":"https:\/\/soydeaqui.ddns.net\/pachuca\/index.php\/wp-json\/wp\/v2\/types\/product"}],"replies":[{"embeddable":true,"href":"https:\/\/soydeaqui.ddns.net\/pachuca\/index.php\/wp-json\/wp\/v2\/comments?post=98735"}],"wp:featuredmedia":[{"embeddable":true,"href":"https:\/\/soydeaqui.ddns.net\/pachuca\/index.php\/wp-json\/wp\/v2\/media\/98734"}],"wp:attachment":[{"href":"https:\/\/soydeaqui.ddns.net\/pachuca\/index.php\/wp-json\/wp\/v2\/media?parent=98735"}],"wp:term":[{"taxonomy":"product_brand","embeddable":true,"href":"https:\/\/soydeaqui.ddns.net\/pachuca\/index.php\/wp-json\/wp\/v2\/product_brand?post=98735"},{"taxonomy":"product_cat","embeddable":true,"href":"https:\/\/soydeaqui.ddns.net\/pachuca\/index.php\/wp-json\/wp\/v2\/product_cat?post=98735"},{"taxonomy":"product_tag","embeddable":true,"href":"https:\/\/soydeaqui.ddns.net\/pachuca\/index.php\/wp-json\/wp\/v2\/product_tag?post=98735"}],"curies":[{"name":"wp","href":"https:\/\/api.w.org\/{rel}","templated":true}]}}