{"id":98704,"date":"2026-03-20T09:53:20","date_gmt":"2026-03-20T09:53:20","guid":{"rendered":"https:\/\/soydeaqui.ddns.net\/pachuca\/index.php\/producto\/hik-central-professional-licencia-base-de-digital-signage-incluye-5-terminales-hikcentral-p-ds-5unit-base-promo\/"},"modified":"2026-03-20T09:53:21","modified_gmt":"2026-03-20T09:53:21","slug":"hik-central-professional-licencia-base-de-digital-signage-incluye-5-terminales-hikcentral-p-ds-5unit-base-promo","status":"publish","type":"product","link":"https:\/\/soydeaqui.ddns.net\/pachuca\/index.php\/producto\/hik-central-professional-licencia-base-de-digital-signage-incluye-5-terminales-hikcentral-p-ds-5unit-base-promo\/","title":{"rendered":"Hik-Central Professional \/ Licencia Base De Digital Signage \/ Incluye 5 Terminales (HIkCentral-P-DS-5Unit\/Base\/Promo)"},"content":{"rendered":"<div style='width: 100%; max-width: 1200px; margin: 0 auto; font-family: sans-serif; line-height: 1.6; color: inherit; background-color: transparent;'> <!-- Logo Hikvision --> <\/p>\n<div style='text-align: center; margin-bottom: 30px;'> <img style='width: 45%; height: auto; border: 1px solid rgba(150&comma;150&comma;150&comma;0.3); border-radius: 8px;' src='https:\/\/ftp3.syscom.mx\/usuarios\/jsosa\/HIKVISION\/imagenes\/logo\/hikvision%20see%20far.png' alt='Logo Hikvision'> <\/div>\n<p> <!-- Caracter\u00edsticas y Consideraciones --> <\/p>\n<div style='display: flex; flex-wrap: wrap; gap: 30px; margin-bottom: 30px;'>\n<div style='flex: 1 1 300px; min-width: 280px;'>\n<div style='border-left: 5px solid #ff0000; border-radius: 5px; padding: 15px; box-shadow: 2px 2px 10px rgba(216&comma;216&comma;216&comma;0.5);'>\n<h3 style='font-size: 18px; margin-top: 0; color: inherit; font-weight: bold;'>Caracter\u00edsticas Principales:<\/h3>\n<ul style='padding-left: 20px; font-size: 15px; color: inherit; list-style-type: disc;'>\n<li style='margin-bottom: 5px;'>Esta licencia a\u00f1ade la base para Digital Signage e incluye administraci\u00f3n para 5 terminales<\/li>\n<\/ul><\/div>\n<\/p><\/div>\n<div style='flex: 1 1 300px; min-width: 280px;'>\n<div style='border-left: 5px solid #ff0000; border-radius: 5px; padding: 15px; box-shadow: 2px 2px 10px rgba(216&comma;216&comma;216&comma;0.5);'>\n<h3 style='font-size: 18px; margin-top: 0; color: inherit; font-weight: bold;'>Consideraciones:<\/h3>\n<ul style='padding-left: 20px; font-size: 15px; color: inherit; list-style-type: disc;'>\n<li style='margin-bottom: 5px;'>Al comprar cualquier licencia de Hik-Central Profesional&comma; usted recibir\u00e1 un archivo PDF en donde obtendra un codigo para poder activar \/ a\u00f1adir la licencia a la plataforma.<\/li>\n<li style='margin-bottom: 5px;'>Todas las licencias de Hik-Central Profesional&comma; tienen un tiempo estimado de entrega de 8 a 10 dias despues de generar la compra de la licencia.<\/li>\n<li style='margin-bottom: 5px;'>No hay devoluciones o reembolso de la licencia adquirida. Tampoco aplica cancelaci\u00f3n si ya se dio un anticipo para poder procesar la compra.<\/li>\n<\/ul><\/div>\n<\/p><\/div>\n<\/p><\/div>\n<p> <!-- Imagen principal --> <\/p>\n<div style='margin-bottom: 30px;'> <img style='width: 100%; height: auto; border: 1px solid rgba(150&comma;150&comma;150&comma;0.3); border-radius: 8px;' src='http:\/\/ftp3.syscom.mx\/usuarios\/yalvarado\/hikvision\/HCP\/fotos\/HikCentral-professional-license.jpg' alt='Licencia HikCentral Professional'> <\/div>\n<p> <!-- Desaf\u00edos --> <\/p>\n<div style='margin-bottom: 30px;'>\n<div style='text-align: center; margin-bottom: 20px;'>\n<h3 style='font-size: 24px; color: inherit; font-weight: bold; border-bottom: 2px solid currentColor; padding-bottom: 5px; display: inline-block;'>Desaf\u00edos<\/h3>\n<\/p><\/div>\n<div style='display: flex; flex-wrap: wrap; gap: 20px;'>\n<div style='flex: 1 1 45%; min-width: 280px; display: flex; align-items: center; border: 1px solid rgba(150&comma;150&comma;150&comma;0.3); border-radius: 8px; padding: 15px;'> <img style='max-height: 110px; margin-right: 15px; border: 1px solid rgba(150&comma;150&comma;150&comma;0.3); border-radius: 8px;' src='http:\/\/ftp3.syscom.mx\/usuarios\/ftp\/single_page\/FOCSIGN\/[Public]-Infographic-Preview_HCF-v2_1_20240313_06.jpg' alt=''> <\/p>\n<p style='margin: 0; font-size: 16px; color: inherit;'>Altos costos para crear contenido atractivo<\/p>\n<\/p><\/div>\n<div style='flex: 1 1 45%; min-width: 280px; display: flex; align-items: center; border: 1px solid rgba(150&comma;150&comma;150&comma;0.3); border-radius: 8px; padding: 15px;'> <img style='max-height: 110px; margin-right: 15px; border: 1px solid rgba(150&comma;150&comma;150&comma;0.3); border-radius: 8px;' src='http:\/\/ftp3.syscom.mx\/usuarios\/ftp\/single_page\/FOCSIGN\/[Public]-Infographic-Preview_HCF-v2_1_20240313_13.jpg' alt=''> <\/p>\n<p style='margin: 0; font-size: 16px; color: inherit;'>Personalizaci\u00f3n espec\u00edfica para el usuario<\/p>\n<\/p><\/div>\n<div style='flex: 1 1 45%; min-width: 280px; display: flex; align-items: center; border: 1px solid rgba(150&comma;150&comma;150&comma;0.3); border-radius: 8px; padding: 15px;'> <img style='max-height: 110px; margin-right: 15px; border: 1px solid rgba(150&comma;150&comma;150&comma;0.3); border-radius: 8px;' src='http:\/\/ftp3.syscom.mx\/usuarios\/ftp\/single_page\/FOCSIGN\/[Public]-Infographic-Preview_HCF-v2_1_20240313_09.jpg' alt=''> <\/p>\n<p style='margin: 0; font-size: 16px; color: inherit;'>Gesti\u00f3n de contenido r\u00edgida y actualizaciones peri\u00f3dicas<\/p>\n<\/p><\/div>\n<div style='flex: 1 1 45%; min-width: 280px; display: flex; align-items: center; border: 1px solid rgba(150&comma;150&comma;150&comma;0.3); border-radius: 8px; padding: 15px;'> <img style='max-height: 110px; margin-right: 15px; border: 1px solid rgba(150&comma;150&comma;150&comma;0.3); border-radius: 8px;' src='http:\/\/ftp3.syscom.mx\/usuarios\/ftp\/single_page\/FOCSIGN\/[Public]-Infographic-Preview_HCF-v2_1_20240313_15.jpg' alt=''> <\/p>\n<p style='margin: 0; font-size: 16px; color: inherit;'>Actualizaci\u00f3n y gesti\u00f3n de dispositivos a distancia en m\u00faltiples ubicaciones<\/p>\n<\/p><\/div>\n<\/p><\/div>\n<\/p><\/div>\n<p> <!-- Soluci\u00f3n - Creaci\u00f3n y Lanzamiento de Contenido --> <\/p>\n<div style='margin-bottom: 30px;'>\n<div style='text-align: center; margin-bottom: 20px;'>\n<h3 style='font-size: 24px; color: inherit; font-weight: bold; border-bottom: 2px solid currentColor; padding-bottom: 5px; display: inline-block;'>Soluci\u00f3n<\/h3>\n<\/p><\/div>\n<div style='margin-bottom: 30px;'>\n<h3 style='font-size: 20px; color: inherit; font-weight: bold; text-align: center;'>1. Creaci\u00f3n y Lanzamiento de Contenido<\/h3>\n<h4 style='font-size: 18px; color: red; font-weight: bold; text-align: center;'>Dise\u00f1o de Contenido<\/h4>\n<\/p><\/div>\n<p> <!-- Creaci\u00f3n de contenido --> <\/p>\n<div style='display: flex; flex-wrap: wrap; gap: 30px; margin-bottom: 30px;'>\n<div style='flex: 1 1 45%; min-width: 280px;'>\n<h4 style='font-size: 18px; color: inherit; font-weight: bold;'>Creaci\u00f3n de contenido enriquecido<\/h4>\n<p style='font-size: 15px; color: inherit;'>Crea contenido publicitario profesional f\u00e1cilmente con varios tipos de medios<\/p>\n<\/p><\/div>\n<div style='flex: 1 1 45%; min-width: 280px;'> <img style='width: 100%; height: auto; border: 1px solid rgba(150&comma;150&comma;150&comma;0.3); border-radius: 8px;' src='http:\/\/ftp3.syscom.mx\/usuarios\/ftp\/single_page\/FOCSIGN\/[Public]-Infographic-Preview_HCF-v2_1_20240313_20.jpg' alt=''> <\/div>\n<\/p><\/div>\n<p> <!-- Galer\u00eda de plantillas --> <\/p>\n<div style='display: flex; flex-wrap: wrap; gap: 30px; margin-bottom: 30px;'>\n<div style='flex: 1 1 45%; min-width: 280px;'> <img style='width: 100%; height: auto; border: 1px solid rgba(150&comma;150&comma;150&comma;0.3); border-radius: 8px;' src='http:\/\/ftp3.syscom.mx\/usuarios\/ftp\/single_page\/FOCSIGN\/[Public]-Infographic-Preview_HCF-v2_1_20240313_23.jpg' alt=''> <\/div>\n<div style='flex: 1 1 45%; min-width: 280px;'>\n<h4 style='font-size: 18px; color: inherit; font-weight: bold;'>Galer\u00eda de plantillas diversas<\/h4>\n<p style='font-size: 15px; color: inherit;'>Plantillas espec\u00edficas de escenarios con dise\u00f1os personalizables<\/p>\n<h4 style='font-size: 18px; color: inherit; font-weight: bold;'>Herramienta de edici\u00f3n intuitiva<\/h4>\n<p style='font-size: 15px; color: inherit;'>Una interfaz amigable para el usuario&comma; manejo r\u00e1pido de medios y vista previa en tiempo real<\/p>\n<\/p><\/div>\n<\/p><\/div>\n<p> <!-- Integraci\u00f3n --> <\/p>\n<div style='display: flex; flex-wrap: wrap; gap: 30px; margin-bottom: 30px;'>\n<div style='flex: 1 1 45%; min-width: 280px;'>\n<h4 style='font-size: 18px; color: inherit; font-weight: bold;'>Integraci\u00f3n sin problemas<\/h4>\n<p style='font-size: 15px; color: inherit;'>Importa y utiliza f\u00e1cilmente plantillas externas de herramientas de dise\u00f1o y plataformas CMS<\/p>\n<\/p><\/div>\n<div style='flex: 1 1 45%; min-width: 280px;'> <img style='width: 100%; height: auto; border: 1px solid rgba(150&comma;150&comma;150&comma;0.3); border-radius: 8px;' src='http:\/\/ftp3.syscom.mx\/usuarios\/ftp\/single_page\/FOCSIGN\/[Public]-Infographic-Preview_HCF-v2_1_20240313_27.jpg' alt=''> <\/div>\n<\/p><\/div>\n<p> <!-- Lanzamiento de contenido --> <\/p>\n<div style='margin-bottom: 30px;'>\n<h4 style='font-size: 18px; color: red; font-weight: bold; text-align: center;'>Lanzamiento de Contenido<\/h4>\n<p> <img style='width: 100%; height: auto; border: 1px solid rgba(150&comma;150&comma;150&comma;0.3); border-radius: 8px; margin: 20px 0;' src='http:\/\/ftp3.syscom.mx\/usuarios\/ftp\/single_page\/FOCSIGN\/[Public]-Infographic-Preview_HCF-v2_1_20240313_31.jpg' alt=''> <\/p>\n<div style='text-align: center; margin-top: 15px;'>\n<h4 style='font-size: 18px; color: inherit; font-weight: bold;'>Entrega y verificaci\u00f3n de contenido remoto<\/h4>\n<p style='font-size: 15px; color: inherit;'>Env\u00eda y visualiza contenido en pantallas remotas desde tu escritorio<\/p>\n<\/p><\/div>\n<\/p><\/div>\n<p> <!-- Programaci\u00f3n inteligente --> <\/p>\n<div style='display: flex; flex-wrap: wrap; gap: 30px; margin-bottom: 30px;'>\n<div style='flex: 1 1 45%; min-width: 280px;'>\n<h4 style='font-size: 18px; color: inherit; font-weight: bold;'>Programaci\u00f3n inteligente<\/h4>\n<p style='font-size: 15px; color: inherit;'>Distribuye contenido din\u00e1micamente con ajuste de tiempos y frecuencias<\/p>\n<\/p><\/div>\n<div style='flex: 1 1 45%; min-width: 280px;'> <img style='width: 100%; height: auto; border: 1px solid rgba(150&comma;150&comma;150&comma;0.3); border-radius: 8px;' src='http:\/\/ftp3.syscom.mx\/usuarios\/ftp\/single_page\/FOCSIGN\/[Public]-Infographic-Preview_HCF-v2_1_20240313_34.jpg' alt=''> <\/div>\n<\/p><\/div>\n<p> <!-- Programaci\u00f3n de horarios --> <\/p>\n<div style='display: flex; flex-wrap: wrap; gap: 20px; margin-bottom: 30px;'>\n<div style='flex: 1 1 45%; min-width: 280px; display: flex; align-items: center; border: 1px solid rgba(150&comma;150&comma;150&comma;0.3); border-radius: 8px; padding: 10px;'> <img style='max-height: 50px; margin-right: 15px; border: 1px solid rgba(150&comma;150&comma;150&comma;0.3); border-radius: 8px;' src='http:\/\/ftp3.syscom.mx\/usuarios\/ftp\/single_page\/FOCSIGN\/[Public]-Infographic-Preview_HCF-v2_1_20240313_36.jpg' alt=''> <\/p>\n<p style='margin: 0; font-size: 15px; color: inherit;'>Hasta 1000 horarios<\/p>\n<\/p><\/div>\n<div style='flex: 1 1 45%; min-width: 280px; display: flex; align-items: center; border: 1px solid rgba(150&comma;150&comma;150&comma;0.3); border-radius: 8px; padding: 10px;'> <img style='max-height: 50px; margin-right: 15px; border: 1px solid rgba(150&comma;150&comma;150&comma;0.3); border-radius: 8px;' src='http:\/\/ftp3.syscom.mx\/usuarios\/ftp\/single_page\/FOCSIGN\/[Public]-Infographic-Preview_HCF-v2_1_20240313_38.jpg' alt=''> <\/p>\n<p style='margin: 0; font-size: 15px; color: inherit;'>Ajustes flexibles de programaci\u00f3n de contenido<\/p>\n<\/p><\/div>\n<\/p><\/div>\n<p> <!-- Actualizaciones din\u00e1micas --> <\/p>\n<div style='display: flex; flex-wrap: wrap; gap: 30px; margin-bottom: 30px;'>\n<div style='flex: 1 1 65%; min-width: 280px;'>\n<h4 style='font-size: 18px; color: inherit; font-weight: bold;'>Actualizaciones din\u00e1micas<\/h4>\n<p style='font-size: 15px; color: inherit;'>Ajusta el contenido basado en retroalimentaci\u00f3n y habilita horarios de emergencia para actualizaciones<\/p>\n<\/p><\/div>\n<div style='flex: 1 1 30%; min-width: 200px;'> <img style='width: 100%; height: auto; border: 1px solid rgba(150&comma;150&comma;150&comma;0.3); border-radius: 8px;' src='http:\/\/ftp3.syscom.mx\/usuarios\/ftp\/single_page\/FOCSIGN\/[Public]-Infographic-Preview_HCF-v2_1_20240313_44.jpg' alt=''> <\/div>\n<\/p><\/div>\n<p> <!-- An\u00e1lisis detallados --> <\/p>\n<div style='display: flex; flex-wrap: wrap; gap: 30px; margin-bottom: 30px;'>\n<div style='flex: 1 1 30%; min-width: 200px;'> <img style='width: 100%; height: auto; border: 1px solid rgba(150&comma;150&comma;150&comma;0.3); border-radius: 8px;' src='http:\/\/ftp3.syscom.mx\/usuarios\/ftp\/single_page\/FOCSIGN\/[Public]-Infographic-Preview_HCF-v2_1_20240313_48.jpg' alt=''> <\/div>\n<div style='flex: 1 1 65%; min-width: 280px;'>\n<h4 style='font-size: 18px; color: inherit; font-weight: bold;'>An\u00e1lisis detallados<\/h4>\n<p style='font-size: 15px; color: inherit;'>Obtenga estad\u00edsticas e informaci\u00f3n claras sobre el rendimiento del contenido<\/p>\n<\/p><\/div>\n<\/p><\/div>\n<p> <!-- Mostrar Contenido --> <\/p>\n<div style='margin-bottom: 30px;'>\n<h4 style='font-size: 18px; color: red; font-weight: bold; text-align: center;'>Mostrar Contenido<\/h4>\n<p> <img style='width: 100%; height: auto; border: 1px solid rgba(150&comma;150&comma;150&comma;0.3); border-radius: 8px; margin: 20px 0;' src='http:\/\/ftp3.syscom.mx\/usuarios\/ftp\/single_page\/FOCSIGN\/[Public]-Infographic-Preview_HCF-v2_1_20240313_51.jpg' alt=''> <\/div>\n<p> <!-- Programa de Videowall y Control de pantalla --> <\/p>\n<div style='display: flex; flex-wrap: wrap; gap: 20px; margin-bottom: 30px;'>\n<div style='flex: 1 1 45%; min-width: 280px; border: 1px solid rgba(150&comma;150&comma;150&comma;0.3); border-radius: 8px; padding: 15px;'>\n<h4 style='font-size: 18px; color: inherit; font-weight: bold;'>Programa de Videowall<\/h4>\n<p style='font-size: 15px; color: inherit;'>Crea Videowalls impresionantes con configuraciones altas o anchas&comma; adecuadas para diferentes espacios<\/p>\n<\/p><\/div>\n<div style='flex: 1 1 45%; min-width: 280px; border: 1px solid rgba(150&comma;150&comma;150&comma;0.3); border-radius: 8px; padding: 15px;'>\n<h4 style='font-size: 18px; color: inherit; font-weight: bold;'>Control de pantalla individual<\/h4>\n<p style='font-size: 15px; color: inherit;'>Actualiza y monitorea cada pantalla sin esfuerzo<\/p>\n<\/p><\/div>\n<\/p><\/div>\n<p> <!-- Conmutaci\u00f3n flexible --> <\/p>\n<div style='margin-bottom: 30px;'>\n<h4 style='font-size: 18px; color: inherit; font-weight: bold;'>Conmutaci\u00f3n flexible de visualizaci\u00f3n<\/h4>\n<p style='font-size: 15px; color: inherit;'>Cambia el contenido entre el muro de video y pantallas individuales<\/p>\n<\/p><\/div>\n<p> <!-- Gesti\u00f3n y Control de Dispositivos --> <\/p>\n<div style='margin-bottom: 30px;'>\n<h3 style='font-size: 20px; color: inherit; font-weight: bold; text-align: center;'>2. Gesti\u00f3n y Control de Dispositivos<\/h3>\n<h4 style='font-size: 18px; color: red; font-weight: bold; text-align: center;'>Configuraci\u00f3n F\u00e1cil de Dispositivos<\/h4>\n<\/p><\/div>\n<p> <!-- Ajuste Remoto --> <\/p>\n<div style='display: flex; flex-wrap: wrap; gap: 30px; margin-bottom: 30px;'>\n<div style='flex: 1 1 45%; min-width: 280px;'>\n<h4 style='font-size: 18px; color: inherit; font-weight: bold;'>Ajuste Remoto<\/h4>\n<ul style='padding-left: 20px; font-size: 15px; color: inherit; list-style-type: disc;'>\n<li style='margin-bottom: 5px;'>Ajustar brillo<\/li>\n<li style='margin-bottom: 5px;'>Contrase\u00f1as<\/li>\n<li style='margin-bottom: 5px;'>Configuraciones<\/li>\n<\/ul><\/div>\n<div style='flex: 1 1 45%; min-width: 280px;'> <img style='width: 100%; height: auto; border: 1px solid rgba(150&comma;150&comma;150&comma;0.3); border-radius: 8px;' src='http:\/\/ftp3.syscom.mx\/usuarios\/ftp\/single_page\/FOCSIGN\/[Public]-Infographic-Preview_HCF-v2_1_20240313_55.jpg' alt=''> <\/div>\n<\/p><\/div>\n<p> <!-- Gesti\u00f3n Programada de Dispositivos --> <\/p>\n<div style='display: flex; flex-wrap: wrap; gap: 30px; margin-bottom: 30px;'>\n<div style='flex: 1 1 30%; min-width: 200px;'> <img style='width: 100%; height: auto; border: 1px solid rgba(150&comma;150&comma;150&comma;0.3); border-radius: 8px;' src='http:\/\/ftp3.syscom.mx\/usuarios\/ftp\/single_page\/FOCSIGN\/[Public]-Infographic-Preview_HCF-v2_1_20240313_64.jpg' alt=''> <\/div>\n<div style='flex: 1 1 65%; min-width: 280px;'>\n<h4 style='font-size: 18px; color: inherit; font-weight: bold;'>Gesti\u00f3n Programada de Dispositivos<\/h4>\n<p style='font-size: 15px; color: inherit;'>Establece rutinas diarias o semanales para el control de energ\u00eda y volumen de los dispositivos<\/p>\n<\/p><\/div>\n<\/p><\/div>\n<p> <!-- Seguridad Mejorada --> <\/p>\n<div style='display: flex; flex-wrap: wrap; gap: 30px; margin-bottom: 30px;'>\n<div style='flex: 1 1 45%; min-width: 280px;'>\n<h4 style='font-size: 18px; color: inherit; font-weight: bold;'>Seguridad Mejorada<\/h4>\n<p style='font-size: 15px; color: inherit;'>Herramientas para bloqueo USB&comma; control de Wi-Fi&comma; protecci\u00f3n de contrase\u00f1a y restricciones de acceso remoto<\/p>\n<\/p><\/div>\n<div style='flex: 1 1 45%; min-width: 280px;'> <img style='width: 100%; height: auto; border: 1px solid rgba(150&comma;150&comma;150&comma;0.3); border-radius: 8px;' src='http:\/\/ftp3.syscom.mx\/usuarios\/ftp\/single_page\/FOCSIGN\/[Public]-Infographic-Preview_HCF-v2_1_20240313_67.jpg' alt=''> <\/div>\n<\/p><\/div>\n<p> <!-- Control Centralizado de Dispositivos --> <\/p>\n<div style='margin-bottom: 30px;'>\n<h4 style='font-size: 18px; color: red; font-weight: bold; text-align: center;'>Control Centralizado de Dispositivos<\/h4>\n<p> <img style='width: 100%; height: auto; border: 1px solid rgba(150&comma;150&comma;150&comma;0.3); border-radius: 8px; margin: 20px 0;' src='http:\/\/ftp3.syscom.mx\/usuarios\/ftp\/single_page\/FOCSIGN\/[Public]-Infographic-Preview_HCF-v2_1_20240313_69.jpg' alt=''> <\/div>\n<p> <!-- Comando de Grupo e Instalaci\u00f3n Masiva --> <\/p>\n<div style='display: flex; flex-wrap: wrap; gap: 30px; margin-bottom: 30px;'>\n<div style='flex: 1 1 45%; min-width: 280px;'>\n<h4 style='font-size: 18px; color: inherit; font-weight: bold;'>Comando de Grupo<\/h4>\n<p style='font-size: 15px; color: inherit;'>Env\u00eda y visualiza contenido en pantallas remotas desde tu escritorio<\/p>\n<\/p><\/div>\n<div style='flex: 1 1 45%; min-width: 280px;'>\n<h4 style='font-size: 18px; color: inherit; font-weight: bold;'>Instalaci\u00f3n Masiva de Aplicaciones<\/h4>\n<p style='font-size: 15px; color: inherit;'>Instala aplicaciones en m\u00faltiples dispositivos simult\u00e1neamente<\/p>\n<\/p><\/div>\n<\/p><\/div>\n<p> <!-- Imagen final --> <\/p>\n<div style='margin-bottom: 30px;'> <img style='width: 100%; height: auto; border: 1px solid rgba(150&comma;150&comma;150&comma;0.3); border-radius: 8px;' src='http:\/\/ftp3.syscom.mx\/usuarios\/ftp\/single_page\/FOCSIGN\/[Public]-Infographic-Preview_HCF-v2_1_20240313_71.jpg' alt=''> <\/div>\n<\/p><\/div>\n<\/p><\/div>\n","protected":false},"excerpt":{"rendered":"<p>Hik-Central Professional \/ Licencia Base De Digital Signage \/ Incluye 5 Terminales (HIkCentral-P-DS-5Unit\/Base\/Promo)<\/p>\n","protected":false},"featured_media":98703,"comment_status":"open","ping_status":"closed","template":"","meta":[],"product_brand":[],"product_cat":[2262],"product_tag":[54,2263],"class_list":{"0":"post-98704","1":"product","2":"type-product","3":"status-publish","4":"has-post-thumbnail","6":"product_cat-hikvision-software-vms-y-analiticas","7":"product_tag-hikvision","8":"product_tag-software-vms-y-analiticas","10":"first","11":"outofstock","12":"sale","13":"shipping-taxable","14":"purchasable","15":"product-type-simple"},"_links":{"self":[{"href":"https:\/\/soydeaqui.ddns.net\/pachuca\/index.php\/wp-json\/wp\/v2\/product\/98704","targetHints":{"allow":["GET"]}}],"collection":[{"href":"https:\/\/soydeaqui.ddns.net\/pachuca\/index.php\/wp-json\/wp\/v2\/product"}],"about":[{"href":"https:\/\/soydeaqui.ddns.net\/pachuca\/index.php\/wp-json\/wp\/v2\/types\/product"}],"replies":[{"embeddable":true,"href":"https:\/\/soydeaqui.ddns.net\/pachuca\/index.php\/wp-json\/wp\/v2\/comments?post=98704"}],"wp:featuredmedia":[{"embeddable":true,"href":"https:\/\/soydeaqui.ddns.net\/pachuca\/index.php\/wp-json\/wp\/v2\/media\/98703"}],"wp:attachment":[{"href":"https:\/\/soydeaqui.ddns.net\/pachuca\/index.php\/wp-json\/wp\/v2\/media?parent=98704"}],"wp:term":[{"taxonomy":"product_brand","embeddable":true,"href":"https:\/\/soydeaqui.ddns.net\/pachuca\/index.php\/wp-json\/wp\/v2\/product_brand?post=98704"},{"taxonomy":"product_cat","embeddable":true,"href":"https:\/\/soydeaqui.ddns.net\/pachuca\/index.php\/wp-json\/wp\/v2\/product_cat?post=98704"},{"taxonomy":"product_tag","embeddable":true,"href":"https:\/\/soydeaqui.ddns.net\/pachuca\/index.php\/wp-json\/wp\/v2\/product_tag?post=98704"}],"curies":[{"name":"wp","href":"https:\/\/api.w.org\/{rel}","templated":true}]}}