{"id":98702,"date":"2026-03-20T09:53:15","date_gmt":"2026-03-20T09:53:15","guid":{"rendered":"https:\/\/soydeaqui.ddns.net\/pachuca\/index.php\/producto\/ptz-ip-4-megapixel-42x-zoom-500-mts-ir-autoseguimiento-3-0-wdr-140-db-ois-deep-learning-exterior-ip67-ik10-rapid-focus-hi-poe-micro-sd-anticorrosivo-nema-4x-wf2\/"},"modified":"2026-03-20T09:53:17","modified_gmt":"2026-03-20T09:53:17","slug":"ptz-ip-4-megapixel-42x-zoom-500-mts-ir-autoseguimiento-3-0-wdr-140-db-ois-deep-learning-exterior-ip67-ik10-rapid-focus-hi-poe-micro-sd-anticorrosivo-nema-4x-wf2","status":"publish","type":"product","link":"https:\/\/soydeaqui.ddns.net\/pachuca\/index.php\/producto\/ptz-ip-4-megapixel-42x-zoom-500-mts-ir-autoseguimiento-3-0-wdr-140-db-ois-deep-learning-exterior-ip67-ik10-rapid-focus-hi-poe-micro-sd-anticorrosivo-nema-4x-wf2\/","title":{"rendered":"PTZ IP 4 Megapixel \/ 42X Zoom \/ 500 mts IR \/ AutoSeguimiento 3.0 \/ WDR 140 dB \/ OIS \/ Deep Learning \/ Exterior IP67 \/ IK10 \/ Rapid Focus \/ Hi-PoE  \/ Micro SD \/ Anticorrosivo \/ NEMA 4X \/ WF2"},"content":{"rendered":"<div style='width: 100%; max-width: 1200px; margin: 0 auto; font-family: sans-serif; line-height: 1.6; color: inherit; background-color: transparent;'> <!-- Logo HIKVISION --> <\/p>\n<p style='text-align: center; margin: 20px 0;'><img style='width: 100%; max-width: 400px; height: auto; border: 1px solid rgba(150&comma;150&comma;150&comma;0.3); border-radius: 8px;' src='https:\/\/ftp3.syscom.mx\/usuarios\/jsosa\/HIKVISION\/imagenes\/logo\/hikvision%20see%20far.png' alt='Logo HIKVISION'><\/p>\n<p> <!-- Videos --> <\/p>\n<div style='display: grid; grid-template-columns: repeat(auto-fill&comma; minmax(300px&comma; 1fr)); gap: 20px; margin: 30px 0;'>\n<div style='position: relative; padding-bottom: 56.25%; height: 0; overflow: hidden;'>   <\/div>\n<div style='position: relative; padding-bottom: 56.25%; height: 0; overflow: hidden;'>   <\/div>\n<div style='position: relative; padding-bottom: 56.25%; height: 0; overflow: hidden;'>   <\/div>\n<div style='position: relative; padding-bottom: 56.25%; height: 0; overflow: hidden;'>   <\/div>\n<div style='position: relative; padding-bottom: 56.25%; height: 0; overflow: hidden;'>   <\/div>\n<div style='position: relative; padding-bottom: 56.25%; height: 0; overflow: hidden;'>   <\/div>\n<\/p><\/div>\n<p> <!-- Caracter\u00edsticas principales --> <\/p>\n<div style='display: flex; flex-wrap: wrap; gap: 30px; margin: 30px 0;'>\n<div style='flex: 1 1 300px; min-width: 280px;'>\n<h3 style='font-size: 22px; border-bottom: 2px solid currentColor; padding-bottom: 5px; margin-top: 0; color: inherit; opacity: 0.8;'>Caracter\u00edsticas principales<\/h3>\n<ul style='padding-left: 20px; font-size: 15px; color: inherit;'>\n<li style='margin-bottom: 5px;'>Sensor de imagen: 1\/1.8&#8242; CMOS Scan Progresivo.<\/li>\n<li style='margin-bottom: 5px;'>Iluminaci\u00f3n m\u00ednima: Color:0.001 Lux @F1.2 AGC&comma;ON) B\/N:0.0005 Lux @(F1.2&comma; AGC ON).<\/li>\n<li style='margin-bottom: 5px;'>Distancia focal: 6 a 252 mm (42X zoom \u00f3ptico \/ 16X zoom digital).<\/li>\n<li style='margin-bottom: 5px;'>Distancia de IR: 500 m IR inteligente.<\/li>\n<li style='margin-bottom: 5px;'>Funciones: dWDR \/ 3D-DNR \/ EIS \/ HLC \/ BLC \/ Auto-Seguimiento 3.0 \/ Defog \/ Rapid Focus.<\/li>\n<\/ul><\/div>\n<p> <!-- Caracter\u00edsticas F\u00edsicas y El\u00e9ctricas --> <\/p>\n<div style='flex: 1 1 300px; min-width: 280px;'>\n<h3 style='font-size: 22px; border-bottom: 2px solid currentColor; padding-bottom: 5px; margin-top: 0; color: inherit; opacity: 0.8;'>Caracter\u00edsticas F\u00edsicas y El\u00e9ctricas<\/h3>\n<ul style='padding-left: 20px; font-size: 15px; color: inherit;'>\n<li style='margin-bottom: 5px;'>Aplicaci\u00f3n: Interior \/ Exterior.<\/li>\n<li style='margin-bottom: 5px;'>Protecci\u00f3n: IP67.<\/li>\n<li style='margin-bottom: 5px;'>Antivand\u00e1lico IK10.<\/li>\n<li style='margin-bottom: 5px;'>Temperatura de operaci\u00f3n: -40\u00b0C a 70\u00b0C.<\/li>\n<li style='margin-bottom: 5px;'>Alimentaci\u00f3n \/ Consumo: 24 Vca \/ 60 W \/ Hi-PoE.<\/li>\n<li style='margin-bottom: 5px;'>Dimensiones: 267 mm \u00d7 405 mm<\/li>\n<li style='margin-bottom: 5px;'>Peso: 8.5 kgs.<\/li>\n<li style='margin-bottom: 5px;'>El PTZ no incluye brazo de pared.<\/li>\n<li style='margin-bottom: 5px;'>No incluye fuente de alimentaci\u00f3n.<\/li>\n<li style='margin-bottom: 5px;'>Red: 1 puerto RJ45 (10 \/ 100 Mbps).<\/li>\n<li style='margin-bottom: 5px;'>7 entradas y 2 salidas de alarma.<\/li>\n<li style='margin-bottom: 5px;'>1 entrada y 1 salida de audio.<\/li>\n<li style='margin-bottom: 5px;'>1 salida en BNC&comma; resoluci\u00f3n m\u00e1xima de 4 CIF.<\/li>\n<\/ul>\n<h4 style='font-size: 18px; margin-top: 20px; margin-bottom: 10px; color: inherit; opacity: 0.8;'>Accesorios:<\/h4>\n<ul style='padding-left: 20px; font-size: 15px; color: inherit;'>\n<li style='margin-bottom: 5px;'>Montaje de pared&comma; modelo: DS-1602ZJ-AKS<\/li>\n<li style='margin-bottom: 5px;'>Montaje de pared&comma; modelo: DS-1604ZJ-BOX-Y<\/li>\n<li style='margin-bottom: 5px;'>Montaje de pared con montaje de esquina&comma; modelo: DS-1604ZJ-BOX-CORNER-Y<\/li>\n<\/ul><\/div>\n<p> <!-- Funciones de red y almacenamiento --> <\/p>\n<div style='flex: 1 1 300px; min-width: 280px;'>\n<h3 style='font-size: 22px; border-bottom: 2px solid currentColor; padding-bottom: 5px; margin-top: 0; color: inherit; opacity: 0.8;'>Funciones de red y almacenamiento<\/h3>\n<ul style='padding-left: 20px; font-size: 15px; color: inherit;'>\n<li style='margin-bottom: 5px;'>Protocolos: IPv4\/IPv6&comma; HTTP&comma; HTTPS&comma; 802.1x&comma; Qos&comma; FTP&comma; SMTP&comma; UPnP&comma; SNMP&comma; DNS&comma; DDNS&comma; NTP&comma; RTSP&comma; RTCP&comma; RTP&comma; TCP\/IP&comma; DHCP&comma; PPPoE&comma; UDP&comma; IGMP&comma; ICMP&comma; Bonjour.<\/li>\n<li style='margin-bottom: 5px;'>Soporta ONVIF (Profile S&comma; Profile G&comma; Profile T) \/ ISAPI \/ SDK.<\/li>\n<li style='margin-bottom: 5px;'>Soporta navegadores: IE 8 a 11&comma; Chrome 31.0+&comma; Firefox 30+&comma; Edge 16.16299+&comma; Safari 11+.<\/li>\n<li style='margin-bottom: 5px;'>Soporta triple streaming.<\/li>\n<li style='margin-bottom: 5px;'>Soporta 20 usuarios simult\u00e1neos.<\/li>\n<li style='margin-bottom: 5px;'>Soporta Micro SD de hasta 256GB (no incluida) \/ NAS (NPS&comma; SMB \/CIPS) \/ ANR<\/li>\n<\/ul><\/div>\n<\/p><\/div>\n<p> <!-- PAN \/ TILT --> <\/p>\n<div style='margin: 30px 0;'>\n<h3 style='font-size: 22px; border-bottom: 2px solid currentColor; padding-bottom: 5px; margin-top: 0; color: inherit; opacity: 0.8;'>PAN \/ TILT<\/h3>\n<ul style='padding-left: 20px; font-size: 15px; color: inherit;'>\n<li style='margin-bottom: 5px;'>Rango: Pan:360\u00b0endless; Tilt: -20\u00b0~90\u00b0(Auto Flip).<\/li>\n<li style='margin-bottom: 5px;'>Velocidad:Pan Manual Speed: 0.1\u00b0~210\u00b0\/s&comma; Pan Preset Speed: 280\u00b0\/s. Tilt Manual Speed: 0.1\u00b0~150\u00b0\/s&comma; Tilt Preset Speed: 250\u00b0\/s.<\/li>\n<li style='margin-bottom: 5px;'>Presets: 300<\/li>\n<li style='margin-bottom: 5px;'>patrol: 8 ( hasta 32 presets por patrol).<\/li>\n<li style='margin-bottom: 5px;'>Pattern: 4 (hasta 10 minutos por pattern).<\/li>\n<li style='margin-bottom: 5px;'>PARK ACT: Preset \/ Patrol \/ Pattern \/ Auto scan \/ Tilt scan \/ Random scan \/ Frame scan \/ Panorama scan.<\/li>\n<\/ul><\/div>\n<p> <!-- Banner final --> <\/p>\n<p style='margin: 30px 0 0;'><img style='width: 100%; height: auto; border: 1px solid rgba(150&comma;150&comma;150&comma;0.3); border-radius: 8px;' src='https:\/\/ftp3.syscom.mx\/usuarios\/jsosa\/HIKVISION\/imagenes\/banners\/solution%20complete.png' alt='Banner Soluci\u00f3n Completa'><\/p>\n<\/p><\/div>\n","protected":false},"excerpt":{"rendered":"<p>PTZ IP 4 Megapixel \/ 42X Zoom \/ 500 mts IR \/ AutoSeguimiento 3.0 \/ WDR 140 dB \/ OIS \/ Deep Learning \/ Exterior IP67 \/ IK10 \/ Rapid Focus \/ Hi-PoE  \/ Micro SD \/ Anticorrosivo \/ NEMA 4X \/ WF2<\/p>\n","protected":false},"featured_media":98701,"comment_status":"open","ping_status":"closed","template":"","meta":[],"product_brand":[],"product_cat":[1224],"product_tag":[122,54,1225],"class_list":{"0":"post-98702","1":"product","2":"type-product","3":"status-publish","4":"has-post-thumbnail","6":"product_cat-ptz","7":"product_tag-camaras-ip-y-nvrs","8":"product_tag-hikvision","9":"product_tag-ptz","11":"first","12":"outofstock","13":"sale","14":"shipping-taxable","15":"purchasable","16":"product-type-simple"},"_links":{"self":[{"href":"https:\/\/soydeaqui.ddns.net\/pachuca\/index.php\/wp-json\/wp\/v2\/product\/98702","targetHints":{"allow":["GET"]}}],"collection":[{"href":"https:\/\/soydeaqui.ddns.net\/pachuca\/index.php\/wp-json\/wp\/v2\/product"}],"about":[{"href":"https:\/\/soydeaqui.ddns.net\/pachuca\/index.php\/wp-json\/wp\/v2\/types\/product"}],"replies":[{"embeddable":true,"href":"https:\/\/soydeaqui.ddns.net\/pachuca\/index.php\/wp-json\/wp\/v2\/comments?post=98702"}],"wp:featuredmedia":[{"embeddable":true,"href":"https:\/\/soydeaqui.ddns.net\/pachuca\/index.php\/wp-json\/wp\/v2\/media\/98701"}],"wp:attachment":[{"href":"https:\/\/soydeaqui.ddns.net\/pachuca\/index.php\/wp-json\/wp\/v2\/media?parent=98702"}],"wp:term":[{"taxonomy":"product_brand","embeddable":true,"href":"https:\/\/soydeaqui.ddns.net\/pachuca\/index.php\/wp-json\/wp\/v2\/product_brand?post=98702"},{"taxonomy":"product_cat","embeddable":true,"href":"https:\/\/soydeaqui.ddns.net\/pachuca\/index.php\/wp-json\/wp\/v2\/product_cat?post=98702"},{"taxonomy":"product_tag","embeddable":true,"href":"https:\/\/soydeaqui.ddns.net\/pachuca\/index.php\/wp-json\/wp\/v2\/product_tag?post=98702"}],"curies":[{"name":"wp","href":"https:\/\/api.w.org\/{rel}","templated":true}]}}