{"id":9869,"date":"2026-03-18T07:28:02","date_gmt":"2026-03-18T07:28:02","guid":{"rendered":"https:\/\/soydeaqui.ddns.net\/pachuca\/index.php\/producto\/bobina-de-cable-utp-de-4-pares-matrix-cat6a-de-diametro-reducido-26-awg-cmr-riser-color-blanco-305m\/"},"modified":"2026-03-18T07:28:03","modified_gmt":"2026-03-18T07:28:03","slug":"bobina-de-cable-utp-de-4-pares-matrix-cat6a-de-diametro-reducido-26-awg-cmr-riser-color-blanco-305m","status":"publish","type":"product","link":"https:\/\/soydeaqui.ddns.net\/pachuca\/index.php\/producto\/bobina-de-cable-utp-de-4-pares-matrix-cat6a-de-diametro-reducido-26-awg-cmr-riser-color-blanco-305m\/","title":{"rendered":"Bobina de Cable UTP de 4 Pares MaTriX, Cat6A de Di\u00e1metro Reducido, 26 AWG, CMR (Riser), Color Blanco, 305m"},"content":{"rendered":"<div style='width: 100%; max-width: 1200px; margin: 0 auto; font-family: sans-serif; line-height: 1.6; color: inherit; background-color: transparent;'> <!-- Secci\u00f3n de descripci\u00f3n principal --> <\/p>\n<div style='margin-bottom: 30px;'>\n<p style='font-size: 15px; color: inherit; margin: 0 0 15px 0; padding: 0;'> El cable de cobre es UTP SD (CMR Riser) Categor\u00eda 6A&comma; de 4 pares con conductores de construcci\u00f3n de 26 AWG con aislamiento de PVC ign\u00edfugo. El cable es tranzado en pares&comma; separado por una cruceta central&comma; rodeado por una cinta MaTriX y protegido por una cubierta de PVC ign\u00edfugo. Es ideal para instalaciones de hasta 70 metros y es el cable UTP Categor\u00eda 6A de di\u00e1metro m\u00e1s peque\u00f1o del mercado con 0.24 (6.1 mm). <\/p>\n<\/p><\/div>\n<p> <!-- Secci\u00f3n de aplicaciones --> <\/p>\n<div style='margin-bottom: 30px;'>\n<h3 style='font-size: 22px; border-bottom: 2px solid currentColor; padding-bottom: 5px; margin-top: 0; margin-bottom: 15px; color: inherit; opacity: 0.8;'>Aplicaciones<\/h3>\n<ul style='padding-left: 20px; font-size: 15px; color: inherit; list-style-type: disc;'>\n<li style='margin-bottom: 8px;'>Redes de Voz\/Datos y V\u00eddeo de Alta Velocidad<\/li>\n<li style='margin-bottom: 8px;'>Instalaciones de CCTV IP Megapixel<\/li>\n<li style='margin-bottom: 8px;'>Redes inal\u00e1mbricas<\/li>\n<li style='margin-bottom: 8px;'>Aplicaciones Power Over Ethernet IEEE 802.3af y 802.3at<\/li>\n<li style='margin-bottom: 8px;'>Aplicaciones en 10BASE-T&comma; 100BASE-T&comma; 1000BASE-T y 10GBASE-T<\/li>\n<\/ul><\/div>\n<p> <!-- Secci\u00f3n de especificaciones --> <\/p>\n<div style='margin-bottom: 30px;'>\n<h3 style='font-size: 22px; border-bottom: 2px solid currentColor; padding-bottom: 5px; margin-top: 0; margin-bottom: 15px; color: inherit; opacity: 0.8;'>Especificaciones T\u00e9cnicas<\/h3>\n<ul style='padding-left: 20px; font-size: 15px; color: inherit; list-style-type: disc;'>\n<li style='margin-bottom: 8px;'>Rendimiento: Supera los requisitos de rendimiento electricos de diafon\u00eda exogena de las normas ANSI \/ TIA-568-C.2 Categor\u00eda 6A e ISO 11801 Clase EA para admitir la transmisi\u00f3n 10GBASE-T sobre sistemas de cableado de par trenzado en una configuraci\u00f3n de 4 conectores.<\/li>\n<li style='margin-bottom: 8px;'>Di\u00e1metro nominal: 6.1 mm<\/li>\n<li style='margin-bottom: 8px;'>Conductor: 26 AWG de cobre s\u00f3lido aislado con PVC (CMR)<\/li>\n<li style='margin-bottom: 8px;'>Clasificaci\u00f3n de flama: Riser (CMR) UL1666<\/li>\n<li style='margin-bottom: 8px;'>Cumplimiento PoE: IEEE 802.3af&comma; IEEE 802.3at y IEEE 802.3bt<\/li>\n<li style='margin-bottom: 8px;'>Tensi\u00f3n maxima: 25 lbf (110 N) maximo<\/li>\n<li style='margin-bottom: 8px;'>Temperatura de instalaci\u00f3n: 0\u00b0C a 60\u00b0C<\/li>\n<li style='margin-bottom: 8px;'>Temperatura de operaci\u00f3n: -20\u00baC a 75\u00baC<\/li>\n<\/ul><\/div>\n<\/p><\/div>\n","protected":false},"excerpt":{"rendered":"<p>Bobina de Cable UTP de 4 Pares MaTriX, Cat6A de Di\u00e1metro Reducido, 26 AWG, CMR (Riser), Color Blanco, 305m<\/p>\n","protected":false},"featured_media":9868,"comment_status":"open","ping_status":"closed","template":"","meta":[],"product_brand":[],"product_cat":[671],"product_tag":[672,669,445],"class_list":{"0":"post-9869","1":"product","2":"type-product","3":"status-publish","4":"has-post-thumbnail","6":"product_cat-categoria-6a-cable-bobinas","7":"product_tag-cable-bobinas","8":"product_tag-categoria-6a","9":"product_tag-panduit","11":"first","12":"instock","13":"sale","14":"shipping-taxable","15":"purchasable","16":"product-type-simple"},"_links":{"self":[{"href":"https:\/\/soydeaqui.ddns.net\/pachuca\/index.php\/wp-json\/wp\/v2\/product\/9869","targetHints":{"allow":["GET"]}}],"collection":[{"href":"https:\/\/soydeaqui.ddns.net\/pachuca\/index.php\/wp-json\/wp\/v2\/product"}],"about":[{"href":"https:\/\/soydeaqui.ddns.net\/pachuca\/index.php\/wp-json\/wp\/v2\/types\/product"}],"replies":[{"embeddable":true,"href":"https:\/\/soydeaqui.ddns.net\/pachuca\/index.php\/wp-json\/wp\/v2\/comments?post=9869"}],"wp:featuredmedia":[{"embeddable":true,"href":"https:\/\/soydeaqui.ddns.net\/pachuca\/index.php\/wp-json\/wp\/v2\/media\/9868"}],"wp:attachment":[{"href":"https:\/\/soydeaqui.ddns.net\/pachuca\/index.php\/wp-json\/wp\/v2\/media?parent=9869"}],"wp:term":[{"taxonomy":"product_brand","embeddable":true,"href":"https:\/\/soydeaqui.ddns.net\/pachuca\/index.php\/wp-json\/wp\/v2\/product_brand?post=9869"},{"taxonomy":"product_cat","embeddable":true,"href":"https:\/\/soydeaqui.ddns.net\/pachuca\/index.php\/wp-json\/wp\/v2\/product_cat?post=9869"},{"taxonomy":"product_tag","embeddable":true,"href":"https:\/\/soydeaqui.ddns.net\/pachuca\/index.php\/wp-json\/wp\/v2\/product_tag?post=9869"}],"curies":[{"name":"wp","href":"https:\/\/api.w.org\/{rel}","templated":true}]}}