{"id":98689,"date":"2026-03-20T09:52:38","date_gmt":"2026-03-20T09:52:38","guid":{"rendered":"https:\/\/soydeaqui.ddns.net\/pachuca\/index.php\/producto\/switch-monitoreable-48-puertos-10-100-1000-mbps-2-puertos-1000-mbps-uplink-4-puertos-sfp\/"},"modified":"2026-03-20T09:52:41","modified_gmt":"2026-03-20T09:52:41","slug":"switch-monitoreable-48-puertos-10-100-1000-mbps-2-puertos-1000-mbps-uplink-4-puertos-sfp","status":"publish","type":"product","link":"https:\/\/soydeaqui.ddns.net\/pachuca\/index.php\/producto\/switch-monitoreable-48-puertos-10-100-1000-mbps-2-puertos-1000-mbps-uplink-4-puertos-sfp\/","title":{"rendered":"Switch  \/ Monitoreable \/ 48 Puertos 10\/100\/1000 Mbps \/ 2 Puertos 1000 Mbps Uplink \/ 4 Puertos SFP"},"content":{"rendered":"<div style='width: 100%; max-width: 1200px; margin: 0 auto; font-family: sans-serif; line-height: 1.6; color: inherit; background-color: transparent;'>\n<p style='text-align: center; margin: 0; padding: 0;'><img style='width: 45%; height: auto; border: 1px solid rgba(150&comma;150&comma;150&comma;0.3); border-radius: 8px;' src='https:\/\/ftp3.syscom.mx\/usuarios\/jsosa\/HIKVISION\/imagenes\/logo\/hikvision%20see%20far.png' alt='Logo Hikvision'><\/p>\n<div style='position: relative; padding-bottom: 56.25%; height: 0; overflow: hidden; margin: 30px 0;'>   <\/div>\n<div style='display: flex; flex-wrap: wrap; gap: 20px; justify-content: center; margin: 30px 0;'>\n<div style='flex: 1 1 300px; min-width: 280px;'>\n<h4 style='font-size: 18px; border-bottom: 2px solid currentColor; padding-bottom: 5px; margin-top: 0; color: inherit; opacity: 0.8; text-align: center;'>\u00bfQu\u00e9 es Hik-Partner Pro?<\/h4>\n<div style='position: relative; padding-bottom: 56.25%; height: 0; overflow: hidden;'>   <\/div>\n<\/p><\/div>\n<div style='flex: 1 1 300px; min-width: 280px;'>\n<h4 style='font-size: 18px; border-bottom: 2px solid currentColor; padding-bottom: 5px; margin-top: 0; color: inherit; opacity: 0.8; text-align: center;'>Activa tus Equipos en 3 Pasos<\/h4>\n<div style='position: relative; padding-bottom: 56.25%; height: 0; overflow: hidden;'>   <\/div>\n<\/p><\/div>\n<div style='flex: 1 1 300px; min-width: 280px;'>\n<h4 style='font-size: 18px; border-bottom: 2px solid currentColor; padding-bottom: 5px; margin-top: 0; color: inherit; opacity: 0.8; text-align: center;'>\u00a1Vincula tus dispositivos!<\/h4>\n<div style='position: relative; padding-bottom: 56.25%; height: 0; overflow: hidden;'>   <\/div>\n<\/p><\/div>\n<\/p><\/div>\n<h1 style='font-size: 24px; text-align: center; color: #232a6f; margin: 30px 0;'>Especif\u00edcaciones<\/h1>\n<div style='display: flex; flex-wrap: wrap; gap: 20px; margin: 30px 0;'>\n<div style='flex: 1 1 300px; min-width: 280px; border: 1px solid rgba(150&comma; 150&comma; 150&comma; 0.4); border-radius: 8px; overflow: hidden; display: flex; flex-direction: column;'>\n<div style='padding: 15px; background: #df001e; border-bottom: 1px solid #a80000; font-weight: bold; font-size: 14px; color: #ffffff;'>Caracter\u00edsticas Principales:<\/div>\n<div style='padding: 15px; color: inherit;'>\n<ul style='padding-left: 20px; margin: 0; font-size: 14px; list-style-type: disc;'>\n<li style='margin-bottom: 5px;'>48 puertos BASE-T 10\/100\/1000 Mbps<\/li>\n<li style='margin-bottom: 5px;'>4 puertos BASE-X SFP+ 10G\/1G<\/li>\n<li style='margin-bottom: 5px;'>1 ranura de expansi\u00f3n&comma; 2 ranuras para ventiladores&comma; y 2 ranuras para m\u00f3dulos de alimentaci\u00f3n.<\/li>\n<li style='margin-bottom: 5px;'>1 Puerto UPLINK 10 \/ 100 Mbps.<\/li>\n<li style='margin-bottom: 5px;'>Monitoreo y control de datos en puertos importantes.<\/li>\n<li style='margin-bottom: 5px;'>Optimizacion de bufer para garantizar la transmisi\u00f3n de video.<\/li>\n<li style='margin-bottom: 5px;'>IGMP&comma; STP\/RSTP&comma; VLAN&comma; SNMP&comma; QoS<\/li>\n<\/ul><\/div>\n<\/p><\/div>\n<div style='flex: 1 1 300px; min-width: 280px; border: 1px solid rgba(150&comma; 150&comma; 150&comma; 0.4); border-radius: 8px; overflow: hidden; display: flex; flex-direction: column;'>\n<div style='padding: 15px; background: #df001e; border-bottom: 1px solid #a80000; font-weight: bold; font-size: 14px; color: #ffffff;'>Caracter\u00edsticas F\u00edsicas y El\u00e9ctricas:<\/div>\n<div style='padding: 15px; color: inherit;'>\n<ul style='padding-left: 20px; margin: 0; font-size: 14px; list-style-type: disc;'>\n<li style='margin-bottom: 5px;'>Alimentaci\u00f3n: 110-220 VAC.<\/li>\n<li style='margin-bottom: 5px;'>Dimensiones: 440mm \u00d7 360mm \u00d7 43.6mm<\/li>\n<li style='margin-bottom: 5px;'>Peso: 7.0 kg<\/li>\n<\/ul><\/div>\n<\/p><\/div>\n<\/p><\/div>\n<div style='display: flex; flex-wrap: wrap; gap: 20px; margin: 30px 0;'>\n<div style='flex: 1 1 100%; border: 1px solid rgba(150&comma; 150&comma; 150&comma; 0.4); border-radius: 8px; overflow: hidden; display: flex; flex-direction: column;'>\n<div style='padding: 15px; background: #df001e; border-bottom: 1px solid #a80000; font-weight: bold; font-size: 14px; color: #ffffff;'>Caracter\u00edsticas Avanzadas<\/div>\n<div style='padding: 15px; color: inherit;'>\n<ul style='padding-left: 20px; margin: 0; font-size: 14px; list-style-type: disc;'>\n<li style='margin-bottom: 5px;'>Puertos VIP<\/li>\n<li style='margin-bottom: 5px;'>Aislado de puertos<\/li>\n<li style='margin-bottom: 5px;'>PoE Watchdog<\/li>\n<li style='margin-bottom: 5px;'>Link Aggregation<\/li>\n<li style='margin-bottom: 5px;'>Prevencion de loop<\/li>\n<li style='margin-bottom: 5px;'>VLAN&#8217;S<\/li>\n<\/ul><\/div>\n<\/p><\/div>\n<\/p><\/div>\n<div style='display: flex; flex-wrap: wrap; gap: 20px; margin: 30px 0;'>\n<div style='flex: 1 1 100%; border: 1px solid rgba(150&comma; 150&comma; 150&comma; 0.4); border-radius: 8px; overflow: hidden; display: flex; flex-direction: column;'>\n<div style='padding: 15px; background: #df001e; border-bottom: 1px solid #a80000; font-weight: bold; font-size: 14px; color: #ffffff;'>Consideraciones<\/div>\n<div style='padding: 15px; color: inherit;'>\n<p style='margin: 0 0 15px 0;'>Los Switches PoE de Hikvision permiten al momento de utilizar un extensor PoE Hikvision modelo <a style='color: inherit; text-decoration: none;' href='https:\/\/www.syscom.mx\/producto\/DS-3E0103DP-E-R-HIKVISION-230170.html' target='_blank'>DS-3E0103DP-E\/R<\/a> o <a style='color: inherit; text-decoration: none;' href='https:\/\/www.syscom.mx\/producto\/DS-3E0503DP-E-R-HIKVISION-230171.html' target='_blank'>DS-3E0503DP-E\/R<\/a> alcanzar distancias de hasta <strong style='color: inherit;'>200 metros<\/strong>.<\/p>\n<\/p><\/div>\n<\/p><\/div>\n<\/p><\/div>\n<h3 style='font-size: 18px; text-align: center; margin: 30px 0 15px 0; color: inherit;'>Distancias Modo Extendido<\/h3>\n<p style='text-align: center; margin: 0; padding: 0;'><img style='width: 100%; height: auto; border: 1px solid rgba(150&comma;150&comma;150&comma;0.3); border-radius: 8px;' src='https:\/\/ftp3.syscom.mx\/usuarios\/jsosa\/HIKVISION\/redes\/poeextended.PNG' alt='Distancias Modo Extendido'><\/p>\n<h3 style='font-size: 18px; text-align: center; margin: 30px 0 15px 0; color: inherit;'>Funcionamiento PoE Extended<\/h3>\n<p style='text-align: center; margin: 0; padding: 0;'><img style='width: 100%; height: auto; border: 1px solid rgba(150&comma;150&comma;150&comma;0.3); border-radius: 8px;' src='https:\/\/ftp3.syscom.mx\/usuarios\/alexh\/Hikvision\/imagen\/Distancias.PNG' alt='Funcionamiento PoE Extended'><\/p>\n<\/p><\/div>\n","protected":false},"excerpt":{"rendered":"<p>Switch  \/ Monitoreable \/ 48 Puertos 10\/100\/1000 Mbps \/ 2 Puertos 1000 Mbps Uplink \/ 4 Puertos SFP<\/p>\n","protected":false},"featured_media":98688,"comment_status":"open","ping_status":"closed","template":"","meta":[],"product_brand":[],"product_cat":[1986],"product_tag":[54,664,1987],"class_list":{"0":"post-98689","1":"product","2":"type-product","3":"status-publish","4":"has-post-thumbnail","6":"product_cat-switches-poe","7":"product_tag-hikvision","8":"product_tag-networking","9":"product_tag-switches-poe","11":"first","12":"outofstock","13":"sale","14":"shipping-taxable","15":"purchasable","16":"product-type-simple"},"_links":{"self":[{"href":"https:\/\/soydeaqui.ddns.net\/pachuca\/index.php\/wp-json\/wp\/v2\/product\/98689","targetHints":{"allow":["GET"]}}],"collection":[{"href":"https:\/\/soydeaqui.ddns.net\/pachuca\/index.php\/wp-json\/wp\/v2\/product"}],"about":[{"href":"https:\/\/soydeaqui.ddns.net\/pachuca\/index.php\/wp-json\/wp\/v2\/types\/product"}],"replies":[{"embeddable":true,"href":"https:\/\/soydeaqui.ddns.net\/pachuca\/index.php\/wp-json\/wp\/v2\/comments?post=98689"}],"wp:featuredmedia":[{"embeddable":true,"href":"https:\/\/soydeaqui.ddns.net\/pachuca\/index.php\/wp-json\/wp\/v2\/media\/98688"}],"wp:attachment":[{"href":"https:\/\/soydeaqui.ddns.net\/pachuca\/index.php\/wp-json\/wp\/v2\/media?parent=98689"}],"wp:term":[{"taxonomy":"product_brand","embeddable":true,"href":"https:\/\/soydeaqui.ddns.net\/pachuca\/index.php\/wp-json\/wp\/v2\/product_brand?post=98689"},{"taxonomy":"product_cat","embeddable":true,"href":"https:\/\/soydeaqui.ddns.net\/pachuca\/index.php\/wp-json\/wp\/v2\/product_cat?post=98689"},{"taxonomy":"product_tag","embeddable":true,"href":"https:\/\/soydeaqui.ddns.net\/pachuca\/index.php\/wp-json\/wp\/v2\/product_tag?post=98689"}],"curies":[{"name":"wp","href":"https:\/\/api.w.org\/{rel}","templated":true}]}}